{"id":1930,"date":"2024-02-03T18:41:23","date_gmt":"2024-02-03T17:41:23","guid":{"rendered":"https:\/\/tourdesuisse.ch.ownb.it\/aktivitaeten\/"},"modified":"2026-02-03T10:20:23","modified_gmt":"2026-02-03T09:20:23","slug":"activites","status":"publish","type":"page","link":"https:\/\/www.tourdesuisse.ch\/fr\/visiteurs\/activites\/","title":{"rendered":"Activit\u00e9s"},"content":{"rendered":"\n<div class=\"background style-pattern\">\n\n<div class=\"intro-section page-section style-default layout-default align-default with-content\">\n\t<div class=\"section-grid grid-layout container\">\n\t\t<div style=\"--grid-layout-index: 1; --col-xs: 12; --col-sm: 12; --col-md: 12; --col-lg: 12; --col-xl: 12\" class=\"section-item layout-default layout-margin-default\">\n\t\t\t<div class=\"intro-background-title\" data-content=\"2026\">2026<\/div>\n\t\t\t<div class=\"intro-title-wrapper\">\n\t\t\t\t<h1 class=\"intro-title\">Activit\u00e9s<\/h1>\n\t\t\t<\/div>\n\t\t\t<div class=\"intro-content lead-text\">\n\t\t\t\t<div class=\"et_pb_module et_pb_text et_pb_text_1 et_pb_text_align_justified et_pb_bg_layout_light\">\n<div class=\"et_pb_text_inner\">\n<p>Le Tour de Suisse est devenu au fil du temps plus qu\u2019une simple course cycliste dans le calendrier mondial de l\u2019Union Cycliste Professionnelle (UCI). Avec le concept holistique, il devrait devenir un festival cycliste pour tout un chacun. Durant le week-end, les biens d\u00e9nomm\u00e9s HUB devraient inviter les spectateurs \u00e0 rester et \u00e0 visiter le FanZone, le Bike Expo et le Kids World qui ont beaucoup \u00e0 offrir. Avec ce qui est d\u00e9sormais l\u2019offre Hospitality, il est possible d\u2019\u00eatre encore plus proche de l\u2019action de la course. Mais tous les amateurs de cyclisme sur le bord de la route en auront aussi pour leur argent. Le FanConvoy passera avant le passage des pros et offrira quantit\u00e9 de cadeaux aux spectateurs.<\/p>\n<\/div>\n<\/div>\n<div class=\"et_pb_module et_pb_text et_pb_text_2 et_pb_text_align_justified et_pb_bg_layout_light\">\n<div class=\"et_pb_text_inner\"><\/div>\n<\/div>\n\n\t\t\t<\/div>\n\t\t<\/div>\n\t<\/div>\n<\/div>\n\n\n<div  id=\"container-images\" class=\"page-section style-default layout-default align-default\">\n\t<div class=\"section-grid grid-layout container\"><div  style=\"--grid-layout-index: 1; --col-xs: 12; --col-sm: 12; --col-md: 12; --col-lg: 12; --col-xl: 12\" class=\"section-item layout-default layout-margin-default\">\n<div class=\"image-grid grid-layout\">\n\n\n\n\n<a class=\"reveal-box image-grid-item image-grid-item-large mobile-always-hover\" href=\"https:\/\/www.tourdesuisse.ch\/besucher\/aktivitaeten\/vip-hospitality\/\"\n>\n\t\t\t\t<img loading=\"lazy\" decoding=\"async\" width=\"664\" height=\"390\" src=\"https:\/\/www.tourdesuisse.ch\/wp-content\/uploads\/TDS_IMHOF-88-von-174-664x390.jpg\" class=\"attachment-image-grid-large size-image-grid-large\" alt=\"\" srcset=\"https:\/\/www.tourdesuisse.ch\/wp-content\/uploads\/TDS_IMHOF-88-von-174-664x390.jpg 664w, https:\/\/www.tourdesuisse.ch\/wp-content\/uploads\/TDS_IMHOF-88-von-174-1328x780.jpg 1328w\" sizes=\"auto, (max-width: 664px) 100vw, 664px\" \/>\n\t\t\t\t<img loading=\"lazy\" decoding=\"async\" width=\"316\" height=\"390\" src=\"https:\/\/www.tourdesuisse.ch\/wp-content\/uploads\/TDS_IMHOF-88-von-174-316x390.jpg\" class=\"attachment-image-grid-small size-image-grid-small\" alt=\"\" srcset=\"https:\/\/www.tourdesuisse.ch\/wp-content\/uploads\/TDS_IMHOF-88-von-174-316x390.jpg 316w, https:\/\/www.tourdesuisse.ch\/wp-content\/uploads\/TDS_IMHOF-88-von-174-632x780.jpg 632w\" sizes=\"auto, (max-width: 316px) 100vw, 316px\" \/>\n\n\n\t<div class=\"reveal-box-title\">\n\t\t<div class=\"h4\">\n\t\t\t\tVIP Hospitality\n\t\t<\/div>\n\t<\/div>\n\t<div class=\"reveal-box-subtitle button style-text with-arrow\">\n\t\t\t\tEn savoir plus\n\t<\/div>\n<\/a>\n\n\n\n<a class=\"reveal-box image-grid-item image-grid-item-small mobile-always-hover\" href=\"https:\/\/www.tourdesuisse.ch\/besucher\/aktivitaeten\/village\/\"\n>\n\t\t\t\t<img loading=\"lazy\" decoding=\"async\" width=\"664\" height=\"390\" src=\"https:\/\/www.tourdesuisse.ch\/wp-content\/uploads\/TDS_IMHOF-33-von-189-2-664x390.jpg\" class=\"attachment-image-grid-large size-image-grid-large\" alt=\"\" srcset=\"https:\/\/www.tourdesuisse.ch\/wp-content\/uploads\/TDS_IMHOF-33-von-189-2-664x390.jpg 664w, https:\/\/www.tourdesuisse.ch\/wp-content\/uploads\/TDS_IMHOF-33-von-189-2-1328x780.jpg 1328w\" sizes=\"auto, (max-width: 664px) 100vw, 664px\" \/>\n\t\t\t\t<img loading=\"lazy\" decoding=\"async\" width=\"316\" height=\"390\" src=\"https:\/\/www.tourdesuisse.ch\/wp-content\/uploads\/TDS_IMHOF-33-von-189-2-316x390.jpg\" class=\"attachment-image-grid-small size-image-grid-small\" alt=\"\" srcset=\"https:\/\/www.tourdesuisse.ch\/wp-content\/uploads\/TDS_IMHOF-33-von-189-2-316x390.jpg 316w, https:\/\/www.tourdesuisse.ch\/wp-content\/uploads\/TDS_IMHOF-33-von-189-2-632x780.jpg 632w\" sizes=\"auto, (max-width: 316px) 100vw, 316px\" \/>\n\n\n\t<div class=\"reveal-box-title\">\n\t\t<div class=\"h4\">\n\t\t\t\tFanZone\n\t\t<\/div>\n\t<\/div>\n\t<div class=\"reveal-box-subtitle button style-text with-arrow\">\n\t\t\t\tEn savoir plus\n\t<\/div>\n<\/a>\n\n\n\n<a class=\"reveal-box image-grid-item image-grid-item-small mobile-always-hover\" href=\"https:\/\/www.tourdesuisse.ch\/besucher\/aktivitaeten\/kids-world\/\"\n>\n\t\t\t\t<img loading=\"lazy\" decoding=\"async\" width=\"664\" height=\"390\" src=\"https:\/\/www.tourdesuisse.ch\/wp-content\/uploads\/TDS_IMHOF-61-von-205-664x390.jpg\" class=\"attachment-image-grid-large size-image-grid-large\" alt=\"\" srcset=\"https:\/\/www.tourdesuisse.ch\/wp-content\/uploads\/TDS_IMHOF-61-von-205-664x390.jpg 664w, https:\/\/www.tourdesuisse.ch\/wp-content\/uploads\/TDS_IMHOF-61-von-205-1328x780.jpg 1328w\" sizes=\"auto, (max-width: 664px) 100vw, 664px\" \/>\n\t\t\t\t<img loading=\"lazy\" decoding=\"async\" width=\"316\" height=\"390\" src=\"https:\/\/www.tourdesuisse.ch\/wp-content\/uploads\/TDS_IMHOF-61-von-205-316x390.jpg\" class=\"attachment-image-grid-small size-image-grid-small\" alt=\"\" srcset=\"https:\/\/www.tourdesuisse.ch\/wp-content\/uploads\/TDS_IMHOF-61-von-205-316x390.jpg 316w, https:\/\/www.tourdesuisse.ch\/wp-content\/uploads\/TDS_IMHOF-61-von-205-632x780.jpg 632w\" sizes=\"auto, (max-width: 316px) 100vw, 316px\" \/>\n\n\n\t<div class=\"reveal-box-title\">\n\t\t<div class=\"h4\">\n\t\t\t\tKids World\n\t\t<\/div>\n\t<\/div>\n\t<div class=\"reveal-box-subtitle button style-text with-arrow\">\n\t\t\t\tEn savoir plus\n\t<\/div>\n<\/a>\n\n\n\n<a class=\"reveal-box image-grid-item image-grid-item-small mobile-always-hover\" href=\"https:\/\/www.tourdesuisse.ch\/besucher\/aktivitaeten\/kids-race\/\"\n>\n\t\t\t\t<img loading=\"lazy\" decoding=\"async\" width=\"664\" height=\"390\" src=\"https:\/\/www.tourdesuisse.ch\/wp-content\/uploads\/TDS_IMHOF-41-von-189-1-664x390.jpg\" class=\"attachment-image-grid-large size-image-grid-large\" alt=\"\" srcset=\"https:\/\/www.tourdesuisse.ch\/wp-content\/uploads\/TDS_IMHOF-41-von-189-1-664x390.jpg 664w, https:\/\/www.tourdesuisse.ch\/wp-content\/uploads\/TDS_IMHOF-41-von-189-1-1328x780.jpg 1328w\" sizes=\"auto, (max-width: 664px) 100vw, 664px\" \/>\n\t\t\t\t<img loading=\"lazy\" decoding=\"async\" width=\"316\" height=\"390\" src=\"https:\/\/www.tourdesuisse.ch\/wp-content\/uploads\/TDS_IMHOF-41-von-189-1-316x390.jpg\" class=\"attachment-image-grid-small size-image-grid-small\" alt=\"\" srcset=\"https:\/\/www.tourdesuisse.ch\/wp-content\/uploads\/TDS_IMHOF-41-von-189-1-316x390.jpg 316w, https:\/\/www.tourdesuisse.ch\/wp-content\/uploads\/TDS_IMHOF-41-von-189-1-632x780.jpg 632w\" sizes=\"auto, (max-width: 316px) 100vw, 316px\" \/>\n\n\n\t<div class=\"reveal-box-title\">\n\t\t<div class=\"h4\">\n\t\t\t\tKids Race\n\t\t<\/div>\n\t<\/div>\n\t<div class=\"reveal-box-subtitle button style-text with-arrow\">\n\t\t\t\tEn savoir plus\n\t<\/div>\n<\/a>\n\n\n\n<a class=\"reveal-box image-grid-item image-grid-item-small mobile-always-hover\" href=\"https:\/\/www.tourdesuisse.ch\/besucher\/aktivitaeten\/werbekolonne\/\"\n>\n\t\t\t\t<img loading=\"lazy\" decoding=\"async\" width=\"664\" height=\"390\" src=\"https:\/\/www.tourdesuisse.ch\/wp-content\/uploads\/Buchli_Fotografie_Tour-de-Suisse-2025-1.-Etappe-Gstaad-Gstaad_53323-664x390.jpg\" class=\"attachment-image-grid-large size-image-grid-large\" alt=\"\" srcset=\"https:\/\/www.tourdesuisse.ch\/wp-content\/uploads\/Buchli_Fotografie_Tour-de-Suisse-2025-1.-Etappe-Gstaad-Gstaad_53323-664x390.jpg 664w, https:\/\/www.tourdesuisse.ch\/wp-content\/uploads\/Buchli_Fotografie_Tour-de-Suisse-2025-1.-Etappe-Gstaad-Gstaad_53323-1328x780.jpg 1328w\" sizes=\"auto, (max-width: 664px) 100vw, 664px\" \/>\n\t\t\t\t<img loading=\"lazy\" decoding=\"async\" width=\"316\" height=\"390\" src=\"https:\/\/www.tourdesuisse.ch\/wp-content\/uploads\/Buchli_Fotografie_Tour-de-Suisse-2025-1.-Etappe-Gstaad-Gstaad_53323-316x390.jpg\" class=\"attachment-image-grid-small size-image-grid-small\" alt=\"\" srcset=\"https:\/\/www.tourdesuisse.ch\/wp-content\/uploads\/Buchli_Fotografie_Tour-de-Suisse-2025-1.-Etappe-Gstaad-Gstaad_53323-316x390.jpg 316w, https:\/\/www.tourdesuisse.ch\/wp-content\/uploads\/Buchli_Fotografie_Tour-de-Suisse-2025-1.-Etappe-Gstaad-Gstaad_53323-632x780.jpg 632w\" sizes=\"auto, (max-width: 316px) 100vw, 316px\" \/>\n\n\n\t<div class=\"reveal-box-title\">\n\t\t<div class=\"h4\">\n\t\t\t\tFanConvoy\n\t\t<\/div>\n\t<\/div>\n\t<div class=\"reveal-box-subtitle button style-text with-arrow\">\n\t\t\t\tEn savoir plus\n\t<\/div>\n<\/a>\n\n\n\n<a class=\"reveal-box image-grid-item image-grid-item-large mobile-always-hover\" href=\"https:\/\/www.tourdesuisse.ch\/besucher\/aktivitaeten\/bike-expo-2\/\"\n>\n\t\t\t\t<img loading=\"lazy\" decoding=\"async\" width=\"664\" height=\"390\" src=\"https:\/\/www.tourdesuisse.ch\/wp-content\/uploads\/TDS_IMHOF-5-von-189-1-664x390.jpg\" class=\"attachment-image-grid-large size-image-grid-large\" alt=\"\" srcset=\"https:\/\/www.tourdesuisse.ch\/wp-content\/uploads\/TDS_IMHOF-5-von-189-1-664x390.jpg 664w, https:\/\/www.tourdesuisse.ch\/wp-content\/uploads\/TDS_IMHOF-5-von-189-1-1328x780.jpg 1328w\" sizes=\"auto, (max-width: 664px) 100vw, 664px\" \/>\n\t\t\t\t<img loading=\"lazy\" decoding=\"async\" width=\"316\" height=\"390\" src=\"https:\/\/www.tourdesuisse.ch\/wp-content\/uploads\/TDS_IMHOF-5-von-189-1-316x390.jpg\" class=\"attachment-image-grid-small size-image-grid-small\" alt=\"\" srcset=\"https:\/\/www.tourdesuisse.ch\/wp-content\/uploads\/TDS_IMHOF-5-von-189-1-316x390.jpg 316w, https:\/\/www.tourdesuisse.ch\/wp-content\/uploads\/TDS_IMHOF-5-von-189-1-632x780.jpg 632w\" sizes=\"auto, (max-width: 316px) 100vw, 316px\" \/>\n\n\n\t<div class=\"reveal-box-title\">\n\t\t<div class=\"h4\">\n\t\t\t\tBike Expo\n\t\t<\/div>\n\t<\/div>\n\t<div class=\"reveal-box-subtitle button style-text with-arrow\">\n\t\t\t\tEn savoir plus\n\t<\/div>\n<\/a>\n\n\n\n<a class=\"reveal-box image-grid-item image-grid-item-large mobile-always-hover\" href=\"https:\/\/www.tourdesuisse.ch\/fr\/visiteurs\/activites\/presentation-des-equipes\/\"\n>\n\t\t\t\t<img loading=\"lazy\" decoding=\"async\" width=\"664\" height=\"390\" src=\"https:\/\/www.tourdesuisse.ch\/wp-content\/uploads\/Buchli_Fotografie_Tour-de-Suisse-Team-Presentation-_64851-1-664x390.jpg\" class=\"attachment-image-grid-large size-image-grid-large\" alt=\"\" srcset=\"https:\/\/www.tourdesuisse.ch\/wp-content\/uploads\/Buchli_Fotografie_Tour-de-Suisse-Team-Presentation-_64851-1-664x390.jpg 664w, https:\/\/www.tourdesuisse.ch\/wp-content\/uploads\/Buchli_Fotografie_Tour-de-Suisse-Team-Presentation-_64851-1-1328x780.jpg 1328w\" sizes=\"auto, (max-width: 664px) 100vw, 664px\" \/>\n\t\t\t\t<img loading=\"lazy\" decoding=\"async\" width=\"316\" height=\"390\" src=\"https:\/\/www.tourdesuisse.ch\/wp-content\/uploads\/Buchli_Fotografie_Tour-de-Suisse-Team-Presentation-_64851-1-316x390.jpg\" class=\"attachment-image-grid-small size-image-grid-small\" alt=\"\" srcset=\"https:\/\/www.tourdesuisse.ch\/wp-content\/uploads\/Buchli_Fotografie_Tour-de-Suisse-Team-Presentation-_64851-1-316x390.jpg 316w, https:\/\/www.tourdesuisse.ch\/wp-content\/uploads\/Buchli_Fotografie_Tour-de-Suisse-Team-Presentation-_64851-1-632x780.jpg 632w\" sizes=\"auto, (max-width: 316px) 100vw, 316px\" \/>\n\n\n\t<div class=\"reveal-box-title\">\n\t\t<div class=\"h4\">\n\t\t\t\tPr\u00e9sentation des \u00c9quipes\n\t\t<\/div>\n\t<\/div>\n\t<div class=\"reveal-box-subtitle button style-text with-arrow\">\n\t\t\t\tEn savoir plus\n\t<\/div>\n<\/a>\n\n\n\n<a class=\"reveal-box image-grid-item image-grid-item-small mobile-always-hover\" href=\"https:\/\/www.tourdesuisse.ch\/fr\/visiteurs\/activites\/lecons-a-lecole-2\/\"\n>\n\t\t\t\t<img loading=\"lazy\" decoding=\"async\" width=\"664\" height=\"390\" src=\"https:\/\/www.tourdesuisse.ch\/wp-content\/uploads\/TDS_IMHOF-33-von-205-664x390.jpg\" class=\"attachment-image-grid-large size-image-grid-large\" alt=\"\" srcset=\"https:\/\/www.tourdesuisse.ch\/wp-content\/uploads\/TDS_IMHOF-33-von-205-664x390.jpg 664w, https:\/\/www.tourdesuisse.ch\/wp-content\/uploads\/TDS_IMHOF-33-von-205-1328x780.jpg 1328w\" sizes=\"auto, (max-width: 664px) 100vw, 664px\" \/>\n\t\t\t\t<img loading=\"lazy\" decoding=\"async\" width=\"316\" height=\"390\" src=\"https:\/\/www.tourdesuisse.ch\/wp-content\/uploads\/TDS_IMHOF-33-von-205-316x390.jpg\" class=\"attachment-image-grid-small size-image-grid-small\" alt=\"\" srcset=\"https:\/\/www.tourdesuisse.ch\/wp-content\/uploads\/TDS_IMHOF-33-von-205-316x390.jpg 316w, https:\/\/www.tourdesuisse.ch\/wp-content\/uploads\/TDS_IMHOF-33-von-205-632x780.jpg 632w\" sizes=\"auto, (max-width: 316px) 100vw, 316px\" \/>\n\n\n\t<div class=\"reveal-box-title\">\n\t\t<div class=\"h4\">\n\t\t\t\tLe\u00e7ons \u00e0 l\u2019\u00e9cole\n\t\t<\/div>\n\t<\/div>\n\t<div class=\"reveal-box-subtitle button style-text with-arrow\">\n\t\t\t\tEn savoir plus\n\t<\/div>\n<\/a><\/div>\n<\/div><\/div>\n<\/div><\/div>","protected":false},"excerpt":{"rendered":"<p>2026 Activit\u00e9s Le Tour de Suisse est devenu au fil du temps plus qu\u2019une simple course cycliste dans le calendrier mondial de l\u2019Union Cycliste Professionnelle (UCI). Avec le concept holistique, il devrait devenir un festival cycliste pour tout un chacun. Durant le week-end, les biens d\u00e9nomm\u00e9s HUB devraient inviter les spectateurs \u00e0 rester et \u00e0 [&hellip;]<\/p>\n","protected":false},"author":1,"featured_media":0,"parent":70287,"menu_order":0,"comment_status":"closed","ping_status":"closed","template":"","meta":{"_acf_changed":false,"inline_featured_image":false,"footnotes":""},"class_list":["post-1930","page","type-page","status-publish","hentry"],"acf":[],"_links":{"self":[{"href":"https:\/\/www.tourdesuisse.ch\/fr\/wp-json\/wp\/v2\/pages\/1930","targetHints":{"allow":["GET"]}}],"collection":[{"href":"https:\/\/www.tourdesuisse.ch\/fr\/wp-json\/wp\/v2\/pages"}],"about":[{"href":"https:\/\/www.tourdesuisse.ch\/fr\/wp-json\/wp\/v2\/types\/page"}],"author":[{"embeddable":true,"href":"https:\/\/www.tourdesuisse.ch\/fr\/wp-json\/wp\/v2\/users\/1"}],"replies":[{"embeddable":true,"href":"https:\/\/www.tourdesuisse.ch\/fr\/wp-json\/wp\/v2\/comments?post=1930"}],"version-history":[{"count":10,"href":"https:\/\/www.tourdesuisse.ch\/fr\/wp-json\/wp\/v2\/pages\/1930\/revisions"}],"predecessor-version":[{"id":70455,"href":"https:\/\/www.tourdesuisse.ch\/fr\/wp-json\/wp\/v2\/pages\/1930\/revisions\/70455"}],"up":[{"embeddable":true,"href":"https:\/\/www.tourdesuisse.ch\/fr\/wp-json\/wp\/v2\/pages\/70287"}],"wp:attachment":[{"href":"https:\/\/www.tourdesuisse.ch\/fr\/wp-json\/wp\/v2\/media?parent=1930"}],"curies":[{"name":"wp","href":"https:\/\/api.w.org\/{rel}","templated":true}]}}