{"id":1937,"date":"2024-02-06T13:55:53","date_gmt":"2024-02-06T12:55:53","guid":{"rendered":"https:\/\/tourdesuisse.ch.ownb.it\/activites\/bergenergie-2\/"},"modified":"2024-02-26T11:06:06","modified_gmt":"2024-02-26T10:06:06","slug":"bergenergie-2","status":"publish","type":"page","link":"https:\/\/www.tourdesuisse.ch\/fr\/visiteurs\/activites\/bergenergie-2\/","title":{"rendered":"BergEnergie"},"content":{"rendered":"<link data-name=\"until-s\" rel=\"preload\" as=\"style\" href=\"https:\/\/www.tourdesuisse.ch\/wp-content\/uploads\/TdS_Stage1_Kuesnacht-Kuesnacht_Buchli_Fotografie_Sam_Buchli-7.jpg\" media=\"(max-width: 539px) and (max-height: 303.75px) and (max-resolution: 1.999dppx)\">\n<link data-name=\"until-s@2x\" rel=\"preload\" as=\"style\" href=\"https:\/\/www.tourdesuisse.ch\/wp-content\/uploads\/TdS_Stage1_Kuesnacht-Kuesnacht_Buchli_Fotografie_Sam_Buchli-7.jpg\" media=\"(max-width: 539px) and (max-height: 303.75px) and (min-resolution: 2dppx)\">\n<link data-name=\"until-sm\" rel=\"preload\" as=\"style\" href=\"https:\/\/www.tourdesuisse.ch\/wp-content\/uploads\/TdS_Stage1_Kuesnacht-Kuesnacht_Buchli_Fotografie_Sam_Buchli-7.jpg\" media=\"(max-width: 767px) and (max-height: 432px) and (max-resolution: 1.999dppx)\">\n<link data-name=\"until-sm@2x\" rel=\"preload\" as=\"style\" href=\"https:\/\/www.tourdesuisse.ch\/wp-content\/uploads\/TdS_Stage1_Kuesnacht-Kuesnacht_Buchli_Fotografie_Sam_Buchli-7.jpg\" media=\"(max-width: 767px) and (max-height: 432px) and (min-resolution: 2dppx)\">\n<link data-name=\"until-md\" rel=\"preload\" as=\"style\" href=\"https:\/\/www.tourdesuisse.ch\/wp-content\/uploads\/TdS_Stage1_Kuesnacht-Kuesnacht_Buchli_Fotografie_Sam_Buchli-7-992x558.jpg\" media=\"(max-width: 991px) and (max-height: 558px) and (max-resolution: 1.999dppx)\">\n<link data-name=\"until-md@2x\" rel=\"preload\" as=\"style\" href=\"https:\/\/www.tourdesuisse.ch\/wp-content\/uploads\/TdS_Stage1_Kuesnacht-Kuesnacht_Buchli_Fotografie_Sam_Buchli-7-1984x1116.jpg\" media=\"(max-width: 991px) and (max-height: 558px) and (min-resolution: 2dppx)\">\n<link data-name=\"until-lg\" rel=\"preload\" as=\"style\" href=\"https:\/\/www.tourdesuisse.ch\/wp-content\/uploads\/TdS_Stage1_Kuesnacht-Kuesnacht_Buchli_Fotografie_Sam_Buchli-7-1200x675.jpg\" media=\"(max-width: 1199px) and (max-height: 675px) and (max-resolution: 1.999dppx)\">\n<link data-name=\"until-lg@2x\" rel=\"preload\" as=\"style\" href=\"https:\/\/www.tourdesuisse.ch\/wp-content\/uploads\/TdS_Stage1_Kuesnacht-Kuesnacht_Buchli_Fotografie_Sam_Buchli-7-2400x1350.jpg\" media=\"(max-width: 1199px) and (max-height: 675px) and (min-resolution: 2dppx)\">\n<link data-name=\"until-xl\" rel=\"preload\" as=\"style\" href=\"https:\/\/www.tourdesuisse.ch\/wp-content\/uploads\/TdS_Stage1_Kuesnacht-Kuesnacht_Buchli_Fotografie_Sam_Buchli-7.jpg\" media=\"(max-width: 1424px) and (max-height: 801.5625px) and (max-resolution: 1.999dppx)\">\n<link data-name=\"until-xl@2x\" rel=\"preload\" as=\"style\" href=\"https:\/\/www.tourdesuisse.ch\/wp-content\/uploads\/TdS_Stage1_Kuesnacht-Kuesnacht_Buchli_Fotografie_Sam_Buchli-7.jpg\" media=\"(max-width: 1424px) and (max-height: 801.5625px) and (min-resolution: 2dppx)\">\n<link data-name=\"full\" rel=\"preload\" as=\"style\" href=\"https:\/\/www.tourdesuisse.ch\/wp-content\/uploads\/TdS_Stage1_Kuesnacht-Kuesnacht_Buchli_Fotografie_Sam_Buchli-7.jpg\" media=\"(min-width: 1425px)\">\n<div class=\"hero-section hero-is-image hero-align-end hero-size-narrow\" style=\"--hero-image-full: url('https:\/\/www.tourdesuisse.ch\/wp-content\/uploads\/TdS_Stage1_Kuesnacht-Kuesnacht_Buchli_Fotografie_Sam_Buchli-7.jpg'); --hero-image-aspect-ratio: 1.5005359056806; --hero-image-until-s: url('https:\/\/www.tourdesuisse.ch\/wp-content\/uploads\/TdS_Stage1_Kuesnacht-Kuesnacht_Buchli_Fotografie_Sam_Buchli-7.jpg'); --hero-image-until-s-2x: url('https:\/\/www.tourdesuisse.ch\/wp-content\/uploads\/TdS_Stage1_Kuesnacht-Kuesnacht_Buchli_Fotografie_Sam_Buchli-7.jpg'); --hero-image-until-sm: url('https:\/\/www.tourdesuisse.ch\/wp-content\/uploads\/TdS_Stage1_Kuesnacht-Kuesnacht_Buchli_Fotografie_Sam_Buchli-7.jpg'); --hero-image-until-sm-2x: url('https:\/\/www.tourdesuisse.ch\/wp-content\/uploads\/TdS_Stage1_Kuesnacht-Kuesnacht_Buchli_Fotografie_Sam_Buchli-7.jpg'); --hero-image-until-md: url('https:\/\/www.tourdesuisse.ch\/wp-content\/uploads\/TdS_Stage1_Kuesnacht-Kuesnacht_Buchli_Fotografie_Sam_Buchli-7-992x558.jpg'); --hero-image-until-md-2x: url('https:\/\/www.tourdesuisse.ch\/wp-content\/uploads\/TdS_Stage1_Kuesnacht-Kuesnacht_Buchli_Fotografie_Sam_Buchli-7-1984x1116.jpg'); --hero-image-until-lg: url('https:\/\/www.tourdesuisse.ch\/wp-content\/uploads\/TdS_Stage1_Kuesnacht-Kuesnacht_Buchli_Fotografie_Sam_Buchli-7-1200x675.jpg'); --hero-image-until-lg-2x: url('https:\/\/www.tourdesuisse.ch\/wp-content\/uploads\/TdS_Stage1_Kuesnacht-Kuesnacht_Buchli_Fotografie_Sam_Buchli-7-2400x1350.jpg'); --hero-image-until-xl: url('https:\/\/www.tourdesuisse.ch\/wp-content\/uploads\/TdS_Stage1_Kuesnacht-Kuesnacht_Buchli_Fotografie_Sam_Buchli-7.jpg'); --hero-image-until-xl-2x: url('https:\/\/www.tourdesuisse.ch\/wp-content\/uploads\/TdS_Stage1_Kuesnacht-Kuesnacht_Buchli_Fotografie_Sam_Buchli-7.jpg'); --hero-image-position: 50% 50%\"\n>\n\t<div class=\"hero-media\">\n\t\t<div class=\"hero-media-overlay\"><\/div>\n\t\t<div class=\"hero-content-wrapper\">\n\t\t\t<div class=\"hero-content\">\n\t\t\t\t<div class=\"overhead-line\">\n<h3>activites<\/h3>\n<\/div>\n<h1>Bergenerige<\/h1>\n\n\t\t\t<\/div>\n\t\t<\/div>\n\t<\/div>\n<\/div>\n<div class=\"background style-default\">\n<nav class=\"breadcrumb\" aria-label=\"Navigation en fil d&apos;Ariane\">\n\t<ol>\n\t\t<li>\n\t\t\t<a href=\"https:\/\/www.tourdesuisse.ch\/fr\/\" class=\"breadcrumb-link\">Page d\u2019accueil<\/a>\n\t\t<\/li>\n\t\t<li>\n\t\t\t<a href=\"https:\/\/www.tourdesuisse.ch\/fr\/visiteurs\/\" class=\"breadcrumb-link\">Visiteurs<\/a>\n\t\t<\/li>\n\t\t<li>\n\t\t\t<a href=\"https:\/\/www.tourdesuisse.ch\/fr\/visiteurs\/activites\/\" class=\"breadcrumb-link\">Activit\u00e9s<\/a>\n\t\t<\/li>\n\t\t<li>\n\t\t\t<a href=\"https:\/\/www.tourdesuisse.ch\/fr\/visiteurs\/activites\/bergenergie-2\/\" class=\"breadcrumb-link\" aria-current=\"page\">BergEnergie<\/a>\n\t\t<\/li>\n\t<\/ol>\n<\/nav>\n<div  id class=\"page-section style-default layout-default align-default\">\n\t<div class=\"section-grid grid-layout container\"><div  style=\"--grid-layout-index: 1; --col-xs: 12; --col-sm: 12; --col-md: 5; --col-lg: 5; --col-xl: 5\" class=\"section-item layout-default layout-margin-default\"><h3>Ton arr\u00eat au stand en montagne &#8211; exp\u00e9rience et \u00e9nergie, sponsoris\u00e9 par Primeo ENErgie &amp; Banque WIR !<\/h3>\n\n\n<div class=\"partner-grid-wrapper grid-layout\" data-style=\"minimal\">\n\n\t\t<div class=\"partner\">\n\t\t\t\t<div class=\"partner-category\">\n\t\t\t\t\tMain Partner\n\t\t\t\t<\/div>\n\n\n\n\t<a class=\"box partner-box can-hover \" href=\"https:\/\/www.tourdesuisse.ch\/fr\/partner\/primeo-energie\/\"\n\t>\n\t\t<div class=\"box-image\"><img loading=\"lazy\" decoding=\"async\" width=\"160\" height=\"55\" src=\"https:\/\/www.tourdesuisse.ch\/wp-content\/uploads\/partner-primeo-energie.svg\" class=\"attachment-partner-grid-logo--minimal size-partner-grid-logo--minimal wp-post-image\" alt=\"\" \/><\/div>\n\t<\/a>\n\n\t\t<\/div>\n\n\t\t<div class=\"partner\">\n\n\n\n\t<div class=\"box partner-box can-hover \"\n\t>\n\t<\/div>\n\n\t\t<\/div>\n<\/div>\n<\/div><div  style=\"--grid-layout-index: 2; --col-xs: 12; --col-sm: 12; --col-md: 7; --col-lg: 7; --col-xl: 7\" class=\"section-item layout-default layout-margin-default\"><div class=\"lead-text\">\n<p>D\u00e9couvre \u00c9nergie de montagne de pr\u00e8s \u2013 Visite notre tente de sampling sur les cols ! Notre Main Partner Primeo Energie et Premium Partner Bank WIR t\u2019invitent \u00e0 passer par les prix de montagne les plus fr\u00e9quent\u00e9s et \u00e0 venir chercher de superbes produits publicitaires. Que tu sois venu avec ton propre v\u00e9lo de course ou avec ton v\u00e9hicule, notre tente t\u2019offre l\u2019occasion parfaite de vivre de pr\u00e8s l\u2019action de la course autour du prix de la montagne et de profiter de la vue \u00e0 couper le souffle.<\/p>\n<\/div>\n<\/div><\/div>\n<\/div>\n<div  id=\"container-images\" class=\"page-section style-default layout-default align-default\">\n\t<div class=\"section-grid grid-layout container\"><div  style=\"--grid-layout-index: 1; --col-xs: 12; --col-sm: 12; --col-md: 12; --col-lg: 2; --col-xl: 2\" class=\"section-item layout-default layout-margin-default hide-at-xs hide-at-s hide-at-sm hide-at-md\"><\/div><div  style=\"--grid-layout-index: 2; --col-xs: 12; --col-sm: 8; --col-md: 8; --col-lg: 5; --col-xl: 5\" class=\"section-item layout-default layout-margin-default\">\n\n<div class=\"box-wrapper\">\n\t<div class=\"box content-box\"\n\t>\n\t\t<div class=\"box-inner\">\n<h3>Contact et informations compl\u00e9mentaires<\/h3>\n<p>Les r\u00e9servations sont possibles d\u00e8s maintenant. Nous nous ferons un plaisir de conseiller personnellement les personnes int\u00e9ress\u00e9es.<\/p>\n\t\t<\/div>\n\t<\/div>\n<\/div>\n<\/div><div  style=\"--grid-layout-index: 3; --col-xs: 12; --col-sm: 4; --col-md: 4; --col-lg: 3; --col-xl: 3\" class=\"section-item layout-default layout-margin-default\">\n\n\n\n<div class=\"box-wrapper\">\n\t<div class=\"box employee-box\"\n\t>\n\t\t<div class=\"box-image\"><img loading=\"lazy\" decoding=\"async\" width=\"395\" height=\"295\" src=\"https:\/\/www.tourdesuisse.ch\/wp-content\/uploads\/Sandro-Poltera-1-395x295.jpg\" class=\"attachment-employee-box-image size-employee-box-image wp-post-image\" alt=\"Portrait Sandro Polt\u00e9ra\" srcset=\"https:\/\/www.tourdesuisse.ch\/wp-content\/uploads\/Sandro-Poltera-1-395x295.jpg 395w, https:\/\/www.tourdesuisse.ch\/wp-content\/uploads\/Sandro-Poltera-1-790x590.jpg 790w\" sizes=\"auto, (max-width: 395px) 100vw, 395px\" \/><\/div>\n\t\t<div class=\"box-inner\">\n\t\t\t<h4 class=\"employee-name\">Sandro Polt\u00e9ra<\/h4>\n\n\t\t\t<ul class=\"employee-contact-list\">\n\t\t\t\t<li class=\"employee-email\">\n\n<a href=\"mailto:sandro@cycling-unlimited.ch\" class=\"contact-button\" style=\"--icon: url(&#039;https:\/\/www.tourdesuisse.ch\/wp-content\/themes\/tourdesuisse.ch\/elements\/contact-button\/contact-button-email.svg&#039;)\">\n\t<span class=\"sr-only\">\n\t\tAdresse \u00e9lectronique:\n\t<\/span>\n\tsandro@cycling-unlimited.ch\n<\/a>\t\t\t\t<\/li>\n\t\t\t\t<li class=\"employee-phone\">\n\n<a href=\"tel:+41786997396\" class=\"contact-button\" style=\"--icon: url(&#039;https:\/\/www.tourdesuisse.ch\/wp-content\/themes\/tourdesuisse.ch\/elements\/contact-button\/contact-button-phone.svg&#039;)\">\n\t<span class=\"sr-only\">\n\t\tNum\u00e9ro de t\u00e9l\u00e9phone:\n\t<\/span>\n\t+41 78 699 73 96\n<\/a>\t\t\t\t<\/li>\n\t\t\t<\/ul>\n\t\t<\/div>\n\t<\/div>\n<\/div>\n<\/div><div  style=\"--grid-layout-index: 4; --col-xs: 12; --col-sm: 12; --col-md: 12; --col-lg: 2; --col-xl: 2\" class=\"section-item layout-default layout-margin-default hide-at-xs hide-at-s hide-at-sm hide-at-md\"><\/div><\/div>\n<\/div><\/div>","protected":false},"excerpt":{"rendered":"<p>activites Bergenerige Page d\u2019accueil Visiteurs Activit\u00e9s BergEnergie Ton arr\u00eat au stand en montagne &#8211; exp\u00e9rience et \u00e9nergie, sponsoris\u00e9 par Primeo ENErgie &amp; Banque WIR ! Main Partner D\u00e9couvre \u00c9nergie de montagne de pr\u00e8s \u2013 Visite notre tente de sampling sur les cols ! Notre Main Partner Primeo Energie et Premium Partner Bank WIR t\u2019invitent \u00e0 [&hellip;]<\/p>\n","protected":false},"author":2,"featured_media":0,"parent":1930,"menu_order":0,"comment_status":"closed","ping_status":"closed","template":"","meta":{"_acf_changed":false,"inline_featured_image":false,"footnotes":""},"class_list":["post-1937","page","type-page","status-publish","hentry"],"acf":[],"_links":{"self":[{"href":"https:\/\/www.tourdesuisse.ch\/fr\/wp-json\/wp\/v2\/pages\/1937","targetHints":{"allow":["GET"]}}],"collection":[{"href":"https:\/\/www.tourdesuisse.ch\/fr\/wp-json\/wp\/v2\/pages"}],"about":[{"href":"https:\/\/www.tourdesuisse.ch\/fr\/wp-json\/wp\/v2\/types\/page"}],"author":[{"embeddable":true,"href":"https:\/\/www.tourdesuisse.ch\/fr\/wp-json\/wp\/v2\/users\/2"}],"replies":[{"embeddable":true,"href":"https:\/\/www.tourdesuisse.ch\/fr\/wp-json\/wp\/v2\/comments?post=1937"}],"version-history":[{"count":1,"href":"https:\/\/www.tourdesuisse.ch\/fr\/wp-json\/wp\/v2\/pages\/1937\/revisions"}],"predecessor-version":[{"id":1939,"href":"https:\/\/www.tourdesuisse.ch\/fr\/wp-json\/wp\/v2\/pages\/1937\/revisions\/1939"}],"up":[{"embeddable":true,"href":"https:\/\/www.tourdesuisse.ch\/fr\/wp-json\/wp\/v2\/pages\/1930"}],"wp:attachment":[{"href":"https:\/\/www.tourdesuisse.ch\/fr\/wp-json\/wp\/v2\/media?parent=1937"}],"curies":[{"name":"wp","href":"https:\/\/api.w.org\/{rel}","templated":true}]}}