{"id":2274,"date":"2023-12-14T11:03:50","date_gmt":"2023-12-14T10:03:50","guid":{"rendered":"https:\/\/tourdesuisse.ch.ownb.it\/etappenorte\/"},"modified":"2026-03-10T16:17:47","modified_gmt":"2026-03-10T15:17:47","slug":"lieux-detape","status":"publish","type":"page","link":"https:\/\/www.tourdesuisse.ch\/fr\/lieux-detape\/","title":{"rendered":"Lieux d&#8217;\u00e9tape"},"content":{"rendered":"\n<div class=\"background style-pattern\">\n\n<div class=\"intro-section page-section style-default layout-default align-default\">\n\t<div class=\"section-grid grid-layout container\">\n\t\t<div style=\"--grid-layout-index: 1; --col-xs: 12; --col-sm: 12; --col-md: 12; --col-lg: 12; --col-xl: 12\" class=\"section-item layout-default layout-margin-default\">\n\t\t\t<div class=\"intro-background-title\" data-content=\"2026\">2026<\/div>\n\t\t\t<div class=\"intro-title-wrapper\">\n\t\t\t\t<h1 class=\"intro-title\">Lieux d&#8217;\u00e9tape<\/h1>\n\t\t\t\t<a href=\"https:\/\/www.tourdesuisse.ch\/fr\/devenir-un-lieu-detape\/\" class=\"button style-text with-arrow\">Savoir plus<\/a>\n\t\t\t<\/div>\n\t\t\t<div class=\"intro-content lead-text\">\n\t\t\t\t<p><\/p>\n\n\t\t\t<\/div>\n\t\t<\/div>\n\t<\/div>\n<\/div>\n\n\n<div  id class=\"page-section style-default layout-default align-default\">\n\t<div class=\"section-grid grid-layout container\"><div  style=\"--grid-layout-index: 1; --col-xs: 12; --col-sm: 12; --col-md: 12; --col-lg: 12; --col-xl: 12\" class=\"section-item layout-default layout-margin-default\"><h2>Devenir un lieu d&#8217;\u00e9tape !<\/h2>\n<ul>\n<li>Vous \u00eates int\u00e9ress\u00e9(e) ? Ou vous n&#8217;\u00eates pas s\u00fbr qu&#8217;un Tour de Suisse soit possible dans votre commune ?<\/li>\n<li>Avez-vous une f\u00eate de village, un anniversaire ou une autre manifestation dans les ann\u00e9es \u00e0 venir qui pourrait \u00eatre combin\u00e9e avec le Tour de Suisse ?<\/li>\n<\/ul>\n\n\n<div class=\"buttons\">\n\t<div class=\"button-group\">\n\n\t\t\t<a\n\t\t\t\thref=\"https:\/\/www.tourdesuisse.ch\/fr\/devenir-un-lieu-detape\/\" class=\"button style-default with-arrow\"\n\t\t\t>\n\t\t\t\tSavoir plus\n\t\t\t<\/a>\n\t<\/div>\n<\/div>\n\n<div class=\"host-cities\">\n\t<div class=\"grid-layout host-cities-grid\">\n\n\n\n<a class=\"reveal-box mobile-always-hover\" href=\"https:\/\/etappenorte.tourdesuisse.ch\/fr\/villars\/\" target=\"_blank\" rel=\"noopener\"\n>\n<img loading=\"lazy\" decoding=\"async\" width=\"316\" height=\"390\" src=\"https:\/\/www.tourdesuisse.ch\/wp-content\/uploads\/Velo-Alpes-vaudoises-09543-c-A-Swiss-With-A-Pulse-316x390.jpg\" class=\"attachment-host-city-overview-small size-host-city-overview-small wp-post-image\" alt=\"\" srcset=\"https:\/\/www.tourdesuisse.ch\/wp-content\/uploads\/Velo-Alpes-vaudoises-09543-c-A-Swiss-With-A-Pulse-316x390.jpg 316w, https:\/\/www.tourdesuisse.ch\/wp-content\/uploads\/Velo-Alpes-vaudoises-09543-c-A-Swiss-With-A-Pulse-632x780.jpg 632w\" sizes=\"auto, (max-width: 316px) 100vw, 316px\" \/><img loading=\"lazy\" decoding=\"async\" width=\"520\" height=\"370\" src=\"https:\/\/www.tourdesuisse.ch\/wp-content\/uploads\/Velo-Alpes-vaudoises-09543-c-A-Swiss-With-A-Pulse-520x370.jpg\" class=\"attachment-host-city-overview-large size-host-city-overview-large wp-post-image\" alt=\"\" srcset=\"https:\/\/www.tourdesuisse.ch\/wp-content\/uploads\/Velo-Alpes-vaudoises-09543-c-A-Swiss-With-A-Pulse-520x370.jpg 520w, https:\/\/www.tourdesuisse.ch\/wp-content\/uploads\/Velo-Alpes-vaudoises-09543-c-A-Swiss-With-A-Pulse-1040x740.jpg 1040w\" sizes=\"auto, (max-width: 520px) 100vw, 520px\" \/>\n\n\t<div class=\"reveal-box-title\">\n\t\t<div class=\"h4\">\nVillars-sur-Ollon\t\t<\/div>\n\t<\/div>\n\t<div class=\"reveal-box-subtitle button style-text with-arrow\">\nVoir Lieu d&#8217;\u00c9tape\t<\/div>\n<\/a>\n<a class=\"reveal-box mobile-always-hover\" href=\"https:\/\/etappenorte.tourdesuisse.ch\/fr\/sondrio\/\" target=\"_blank\" rel=\"noopener\"\n>\n<img loading=\"lazy\" decoding=\"async\" width=\"316\" height=\"390\" src=\"https:\/\/www.tourdesuisse.ch\/wp-content\/uploads\/passerella-cassandre-316x390.jpg\" class=\"attachment-host-city-overview-small size-host-city-overview-small wp-post-image\" alt=\"\" srcset=\"https:\/\/www.tourdesuisse.ch\/wp-content\/uploads\/passerella-cassandre-316x390.jpg 316w, https:\/\/www.tourdesuisse.ch\/wp-content\/uploads\/passerella-cassandre-632x780.jpg 632w\" sizes=\"auto, (max-width: 316px) 100vw, 316px\" \/><img loading=\"lazy\" decoding=\"async\" width=\"520\" height=\"370\" src=\"https:\/\/www.tourdesuisse.ch\/wp-content\/uploads\/passerella-cassandre-520x370.jpg\" class=\"attachment-host-city-overview-large size-host-city-overview-large wp-post-image\" alt=\"\" srcset=\"https:\/\/www.tourdesuisse.ch\/wp-content\/uploads\/passerella-cassandre-520x370.jpg 520w, https:\/\/www.tourdesuisse.ch\/wp-content\/uploads\/passerella-cassandre-1040x740.jpg 1040w\" sizes=\"auto, (max-width: 520px) 100vw, 520px\" \/>\n\n\t<div class=\"reveal-box-title\">\n\t\t<div class=\"h4\">\nSondrio\t\t<\/div>\n\t<\/div>\n\t<div class=\"reveal-box-subtitle button style-text with-arrow\">\nVoir Lieu d&#8217;\u00c9tape\t<\/div>\n<\/a>\n<a class=\"reveal-box mobile-always-hover\" href=\"https:\/\/etappenorte.tourdesuisse.ch\/fr\/aarburg\/\" target=\"_blank\" rel=\"noopener\"\n>\n<img loading=\"lazy\" decoding=\"async\" width=\"316\" height=\"390\" src=\"https:\/\/www.tourdesuisse.ch\/wp-content\/uploads\/Aarburg-3-Luftbild-Kirche-nah-316x390.jpg\" class=\"attachment-host-city-overview-small size-host-city-overview-small wp-post-image\" alt=\"\" srcset=\"https:\/\/www.tourdesuisse.ch\/wp-content\/uploads\/Aarburg-3-Luftbild-Kirche-nah-316x390.jpg 316w, https:\/\/www.tourdesuisse.ch\/wp-content\/uploads\/Aarburg-3-Luftbild-Kirche-nah-632x780.jpg 632w\" sizes=\"auto, (max-width: 316px) 100vw, 316px\" \/><img loading=\"lazy\" decoding=\"async\" width=\"520\" height=\"370\" src=\"https:\/\/www.tourdesuisse.ch\/wp-content\/uploads\/Aarburg-3-Luftbild-Kirche-nah-520x370.jpg\" class=\"attachment-host-city-overview-large size-host-city-overview-large wp-post-image\" alt=\"\" srcset=\"https:\/\/www.tourdesuisse.ch\/wp-content\/uploads\/Aarburg-3-Luftbild-Kirche-nah-520x370.jpg 520w, https:\/\/www.tourdesuisse.ch\/wp-content\/uploads\/Aarburg-3-Luftbild-Kirche-nah-1040x740.jpg 1040w\" sizes=\"auto, (max-width: 520px) 100vw, 520px\" \/>\n\n\t<div class=\"reveal-box-title\">\n\t\t<div class=\"h4\">\nAarburg\t\t<\/div>\n\t<\/div>\n\t<div class=\"reveal-box-subtitle button style-text with-arrow\">\nVoir Lieu d&#8217;\u00c9tape\t<\/div>\n<\/a>\t<\/div>\n<\/div>\n<\/div><\/div>\n<\/div>\n<\/div>","protected":false},"excerpt":{"rendered":"<p>2026 Lieux d&#8217;\u00e9tape Savoir plus Devenir un lieu d&#8217;\u00e9tape ! Vous \u00eates int\u00e9ress\u00e9(e) ? Ou vous n&#8217;\u00eates pas s\u00fbr qu&#8217;un Tour de Suisse soit possible dans votre commune ? Avez-vous une f\u00eate de village, un anniversaire ou une autre manifestation dans les ann\u00e9es \u00e0 venir qui pourrait \u00eatre combin\u00e9e avec le Tour de Suisse ? [&hellip;]<\/p>\n","protected":false},"author":1,"featured_media":0,"parent":0,"menu_order":0,"comment_status":"closed","ping_status":"closed","template":"","meta":{"_acf_changed":false,"inline_featured_image":false,"footnotes":""},"class_list":["post-2274","page","type-page","status-publish","hentry"],"acf":[],"_links":{"self":[{"href":"https:\/\/www.tourdesuisse.ch\/fr\/wp-json\/wp\/v2\/pages\/2274","targetHints":{"allow":["GET"]}}],"collection":[{"href":"https:\/\/www.tourdesuisse.ch\/fr\/wp-json\/wp\/v2\/pages"}],"about":[{"href":"https:\/\/www.tourdesuisse.ch\/fr\/wp-json\/wp\/v2\/types\/page"}],"author":[{"embeddable":true,"href":"https:\/\/www.tourdesuisse.ch\/fr\/wp-json\/wp\/v2\/users\/1"}],"replies":[{"embeddable":true,"href":"https:\/\/www.tourdesuisse.ch\/fr\/wp-json\/wp\/v2\/comments?post=2274"}],"version-history":[{"count":10,"href":"https:\/\/www.tourdesuisse.ch\/fr\/wp-json\/wp\/v2\/pages\/2274\/revisions"}],"predecessor-version":[{"id":71069,"href":"https:\/\/www.tourdesuisse.ch\/fr\/wp-json\/wp\/v2\/pages\/2274\/revisions\/71069"}],"wp:attachment":[{"href":"https:\/\/www.tourdesuisse.ch\/fr\/wp-json\/wp\/v2\/media?parent=2274"}],"curies":[{"name":"wp","href":"https:\/\/api.w.org\/{rel}","templated":true}]}}