{"id":2276,"date":"2023-12-04T14:52:03","date_gmt":"2023-12-04T13:52:03","guid":{"rendered":"https:\/\/tourdesuisse.ch.ownb.it\/etappenplan\/"},"modified":"2026-04-22T22:17:51","modified_gmt":"2026-04-22T20:17:51","slug":"parcours","status":"publish","type":"page","link":"https:\/\/www.tourdesuisse.ch\/fr\/parcours\/","title":{"rendered":"Parcours Men"},"content":{"rendered":"\n<div class=\"intro-section page-section style-default layout-default align-default\">\n\t<div class=\"section-grid grid-layout container\">\n\t\t<div style=\"--grid-layout-index: 1; --col-xs: 12; --col-sm: 12; --col-md: 12; --col-lg: 12; --col-xl: 12\" class=\"section-item layout-default layout-margin-default\">\n\t\t\t<div class=\"intro-background-title\" data-content=\"2026\">2026<\/div>\n\t\t\t<div class=\"intro-title-wrapper\">\n\t\t\t\t<h1 class=\"intro-title\">Parcours<\/h1>\n\t\t\t\t<a href=\"#carte\" class=\"button style-text with-arrow\">Voir la carte<\/a>\n\t\t\t<\/div>\n\t\t\t<div class=\"intro-content lead-text\">\n\t\t\t\t<p><\/p>\n\n\t\t\t<\/div>\n\t\t<\/div>\n\t<\/div>\n<\/div>\n\n<div  id class=\"page-section style-default layout-default align-default\">\n\t<div class=\"section-grid grid-layout container\"><div  style=\"--grid-layout-index: 1; --col-xs: 12; --col-sm: 12; --col-md: 12; --col-lg: 4; --col-xl: 4\" class=\"section-item layout-default layout-margin-default\">\n<div class=\"youtube-video\">\n\t<iframe loading=\"lazy\" title=\"Tour de Suisse 2026 Route\" width=\"500\" height=\"281\" src=\"https:\/\/www.youtube.com\/embed\/-7Lx9dL6WpA?feature=oembed\" frameborder=\"0\" allow=\"accelerometer; autoplay; clipboard-write; encrypted-media; gyroscope; picture-in-picture; web-share\" referrerpolicy=\"strict-origin-when-cross-origin\" allowfullscreen><\/iframe>\n<\/div><\/div><div  style=\"--grid-layout-index: 2; --col-xs: 12; --col-sm: 12; --col-md: 12; --col-lg: 8; --col-xl: 8\" class=\"section-item layout-default layout-margin-default\"><h2>Tour de Suisse 2026 \u2013 Sans r\u00e9pit du d\u00e9but \u00e0 la fin<\/h2>\n<p>Le Directeur Sportif David Loosli a con\u00e7u un parcours qui ne laisse pratiquement aucune place \u00e0 la r\u00e9cup\u00e9ration \u2014 les \u00e9tapes de transition ont disparu du programme.<\/p>\n<p>Le d\u00e9part est donn\u00e9 dans la ville italienne de Sondrio avec un circuit techniquement exigeant, dans le style du Tour de Lombardie. La deuxi\u00e8me \u00e9tape propose un terrain explosif le long du Lac Majeur, suivie d&#8217;une \u00e9tape tactique autour de la Schw\u00e4galp pr\u00e8s de Bad Ragaz (\u00c9tape 3). Le contre-la-montre individuel d&#8217;Aarburg (23 km, rapide et technique) offre aux sp\u00e9cialistes leur chance de briller, avant que l&#8217;\u00c9tape Reine \u00e0 Villars-sur-Ollon ne d\u00e9cide de tout : un circuit avec d\u00e9part sur le Col de la Croix, plus de 4&#8217;000 m\u00e8tres de d\u00e9nivel\u00e9 pour les hommes et environ 3&#8217;000 pour les femmes \u2014 sans cesse en mont\u00e9e ou en descente, sans un m\u00e8tre plat en vue.<\/p>\n<p>Pour la premi\u00e8re fois, le Tour de Suisse pr\u00e9sente les deux courses \u2014 f\u00e9minine et masculine \u2014 avec des trac\u00e9s largement parall\u00e8les.<\/p>\n<\/div><\/div>\n<\/div><div  id class=\"page-section style-default layout-default align-default\">\n\t<div class=\"section-grid grid-layout container\"><div  style=\"--grid-layout-index: 1; --col-xs: 12; --col-sm: 12; --col-md: 12; --col-lg: 12; --col-xl: 12\" class=\"section-item layout-default layout-margin-default\"><style>\n#tdsads-wrapper-7cb34982-c355-40a7-9e53-a96e13cb5592 {\n\tcontainer: tdsads-outer \/ inline-size;\n}\n\t\n#tdsads-iframe-7cb34982-c355-40a7-9e53-a96e13cb5592 {\n\taspect-ratio: 800 \/ 800;\n\twidth: 800px;\n\theight: auto;\n\tmax-width: 100%;\n}\n\n@container tdsads-outer (min-width: 800px) {\n\t#tdsads-iframe-7cb34982-c355-40a7-9e53-a96e13cb5592 {\n\t\taspect-ratio: 1425 \/ 400;\n\t\twidth: 1425px;\n\t}\n}\n<\/style>\n<div id=\"tdsads-wrapper-7cb34982-c355-40a7-9e53-a96e13cb5592\">\n\t<iframe\n\t\tsrc=\"https:\/\/www.tourdesuisse.ch\/wp-content\/tdsads\/3937dacd-281d-4975-ba01-d383d28a210d\/index.php\"\n\t\tid=\"tdsads-iframe-7cb34982-c355-40a7-9e53-a96e13cb5592\"\n\t\twidth=\"800\"\n\t\theight=\"800\"\n\t\tframeborder=\"0\"\n\t\tloading=\"lazy\"\n\t\taria-hidden=\"true\"\n\t\tonload=\"(window.dataLayer = window.dataLayer || []).push({ event: 'tds-ad-load', ad: this.contentDocument.documentElement.dataset.ad })\"\n\t><\/iframe>\n<\/div>\n<\/div><\/div>\n<\/div><div  id class=\"page-section style-default layout-default align-default\">\n\t<div class=\"section-grid grid-layout container\"><div  style=\"--grid-layout-index: 1; --col-xs: 12; --col-sm: 12; --col-md: 12; --col-lg: 12; --col-xl: 12\" class=\"section-item layout-default layout-margin-default\">\n<div class=\"stages\">\n\n\t\t<div class=\"stage\">\n\t\t\t<div>\n\t\t\t\t<div class=\"stage-head\">\n\t<span class=\"stage-number\" data-stage=\"01\">01<\/span>\n\n\t\t\t\t<\/div>\n\n\t\t\t\t\t<div class=\"stage-date\">Mercredi, 17.06.2026<\/div>\n<div class=\"stage-title\">\n\n\t\tSondrio, IT\n<\/div>\n\n\n\t<div class=\"stage-badges badges\">\n\t\t<span class=\"badge stage-route-length\" title=\"Longueur\" x-data x-tooltip>\n\t\t\t<span class=\"badge-icon\"><\/span>\n\t\t\t<span class=\"sr-only\">Longueur:<\/span>\n\t\t\t<span class=\"badge-label\">144.0 km<\/span>\n\t\t<\/span>\n\t\t<span class=\"badge stage-elevation\" title=\"Altitude\" x-data x-tooltip>\n\t\t\t<span class=\"badge-icon\"><\/span>\n\t\t\t<span class=\"sr-only\">Altitude:<\/span>\n\t\t\t<span class=\"badge-label\">2&#8217;455 D+<\/span>\n\t\t<\/span>\n\t\t<span class=\"badge stage-category\" title=\"Cat\u00e9gorie\" x-data x-tooltip data-category=\"slightly-hilly\">\n\t\t\t<span class=\"badge-icon\"><\/span>\n\t\t\t<span class=\"sr-only\">Cat\u00e9gorie:<\/span>\n\t\t\t<span class=\"badge-label\">Vallonn\u00e9<\/span>\n\t\t<\/span>\n\t\t<span class=\"badge stage-difficulty\" title=\"Difficult\u00e9\" x-data x-tooltip style=\"--difficulty: 4\">\n\t\t\t<span class=\"stars\"><\/span>\n\t\t\t<span class=\"sr-only\">Difficult\u00e9: 4\/5<\/span>\n\t\t<\/span>\n\t<\/div>\n\n\t\t\t\t<a href=\"https:\/\/www.tourdesuisse.ch\/fr\/stage\/01\/\" class=\"stage-link button style-text with-arrow\">Voir l&#8217;\u00e9tape<\/a>\n\t\t\t<\/div>\n\n<img loading=\"lazy\" decoding=\"async\" width=\"496\" height=\"272\" src=\"https:\/\/www.tourdesuisse.ch\/wp-content\/uploads\/passerella-cassandre-496x272.jpg\" class=\"stage-image wp-post-image\" alt=\"\" srcset=\"https:\/\/www.tourdesuisse.ch\/wp-content\/uploads\/passerella-cassandre-496x272.jpg 496w, https:\/\/www.tourdesuisse.ch\/wp-content\/uploads\/passerella-cassandre-992x544.jpg 992w\" sizes=\"auto, (max-width: 496px) 100vw, 496px\" \/>\t\t<\/div>\n\n\t\t<div class=\"stage\">\n\t\t\t<div>\n\t\t\t\t<div class=\"stage-head\">\n\t<span class=\"stage-number\" data-stage=\"02\">02<\/span>\n\n\t\t\t\t<\/div>\n\n\t\t\t\t\t<div class=\"stage-date\">Jeudi, 18.06.2026<\/div>\n<div class=\"stage-title\">\n\n\t\tLocarno\n<\/div>\n\n\n\t<div class=\"stage-badges badges\">\n\t\t<span class=\"badge stage-route-length\" title=\"Longueur\" x-data x-tooltip>\n\t\t\t<span class=\"badge-icon\"><\/span>\n\t\t\t<span class=\"sr-only\">Longueur:<\/span>\n\t\t\t<span class=\"badge-label\">157.7 km<\/span>\n\t\t<\/span>\n\t\t<span class=\"badge stage-elevation\" title=\"Altitude\" x-data x-tooltip>\n\t\t\t<span class=\"badge-icon\"><\/span>\n\t\t\t<span class=\"sr-only\">Altitude:<\/span>\n\t\t\t<span class=\"badge-label\">2&#8217;110 D+<\/span>\n\t\t<\/span>\n\t\t<span class=\"badge stage-category\" title=\"Cat\u00e9gorie\" x-data x-tooltip data-category=\"slightly-hilly\">\n\t\t\t<span class=\"badge-icon\"><\/span>\n\t\t\t<span class=\"sr-only\">Cat\u00e9gorie:<\/span>\n\t\t\t<span class=\"badge-label\">Vallonn\u00e9<\/span>\n\t\t<\/span>\n\t\t<span class=\"badge stage-difficulty\" title=\"Difficult\u00e9\" x-data x-tooltip style=\"--difficulty: 2\">\n\t\t\t<span class=\"stars\"><\/span>\n\t\t\t<span class=\"sr-only\">Difficult\u00e9: 2\/5<\/span>\n\t\t<\/span>\n\t<\/div>\n\n\t\t\t\t<a href=\"https:\/\/www.tourdesuisse.ch\/fr\/stage\/02\/\" class=\"stage-link button style-text with-arrow\">Voir l&#8217;\u00e9tape<\/a>\n\t\t\t<\/div>\n\n<img loading=\"lazy\" decoding=\"async\" width=\"496\" height=\"272\" src=\"https:\/\/www.tourdesuisse.ch\/wp-content\/uploads\/9e10866-Piazza-Grande-Locarno-2-\u00a9-Ascona-Locarno-Tourism-foto-Alessio-Pizzicannella-scaled-1-496x272.jpg\" class=\"stage-image wp-post-image\" alt=\"\" srcset=\"https:\/\/www.tourdesuisse.ch\/wp-content\/uploads\/9e10866-Piazza-Grande-Locarno-2-\u00a9-Ascona-Locarno-Tourism-foto-Alessio-Pizzicannella-scaled-1-496x272.jpg 496w, https:\/\/www.tourdesuisse.ch\/wp-content\/uploads\/9e10866-Piazza-Grande-Locarno-2-\u00a9-Ascona-Locarno-Tourism-foto-Alessio-Pizzicannella-scaled-1-992x544.jpg 992w\" sizes=\"auto, (max-width: 496px) 100vw, 496px\" \/>\t\t<\/div>\n\n\t\t<div class=\"stage\">\n\t\t\t<div>\n\t\t\t\t<div class=\"stage-head\">\n\t<span class=\"stage-number\" data-stage=\"03\">03<\/span>\n\n\t\t\t\t<\/div>\n\n\t\t\t\t\t<div class=\"stage-date\">Vendredi, 19.06.2026<\/div>\n<div class=\"stage-title\">\n\n\t\tBad Ragaz\n<\/div>\n\n\n\t<div class=\"stage-badges badges\">\n\t\t<span class=\"badge stage-route-length\" title=\"Longueur\" x-data x-tooltip>\n\t\t\t<span class=\"badge-icon\"><\/span>\n\t\t\t<span class=\"sr-only\">Longueur:<\/span>\n\t\t\t<span class=\"badge-label\">157.9 km<\/span>\n\t\t<\/span>\n\t\t<span class=\"badge stage-elevation\" title=\"Altitude\" x-data x-tooltip>\n\t\t\t<span class=\"badge-icon\"><\/span>\n\t\t\t<span class=\"sr-only\">Altitude:<\/span>\n\t\t\t<span class=\"badge-label\">2&#8217;690 D+<\/span>\n\t\t<\/span>\n\t\t<span class=\"badge stage-category\" title=\"Cat\u00e9gorie\" x-data x-tooltip data-category=\"slightly-hilly\">\n\t\t\t<span class=\"badge-icon\"><\/span>\n\t\t\t<span class=\"sr-only\">Cat\u00e9gorie:<\/span>\n\t\t\t<span class=\"badge-label\">Vallonn\u00e9<\/span>\n\t\t<\/span>\n\t\t<span class=\"badge stage-difficulty\" title=\"Difficult\u00e9\" x-data x-tooltip style=\"--difficulty: 3\">\n\t\t\t<span class=\"stars\"><\/span>\n\t\t\t<span class=\"sr-only\">Difficult\u00e9: 3\/5<\/span>\n\t\t<\/span>\n\t<\/div>\n\n\t\t\t\t<a href=\"https:\/\/www.tourdesuisse.ch\/fr\/stage\/03\/\" class=\"stage-link button style-text with-arrow\">Voir l&#8217;\u00e9tape<\/a>\n\t\t\t<\/div>\n\n<img loading=\"lazy\" decoding=\"async\" width=\"496\" height=\"272\" src=\"https:\/\/www.tourdesuisse.ch\/wp-content\/uploads\/Golfclub-Bad-Ragaz_2-5n31rzg8sxdx37k-496x272.jpg\" class=\"stage-image wp-post-image\" alt=\"\" srcset=\"https:\/\/www.tourdesuisse.ch\/wp-content\/uploads\/Golfclub-Bad-Ragaz_2-5n31rzg8sxdx37k-496x272.jpg 496w, https:\/\/www.tourdesuisse.ch\/wp-content\/uploads\/Golfclub-Bad-Ragaz_2-5n31rzg8sxdx37k-992x544.jpg 992w\" sizes=\"auto, (max-width: 496px) 100vw, 496px\" \/>\t\t<\/div>\n\n\t\t<div class=\"stage\">\n\t\t\t<div>\n\t\t\t\t<div class=\"stage-head\">\n\t<span class=\"stage-number\" data-stage=\"04\">04<\/span>\n\n\t\t\t\t<\/div>\n\n\t\t\t\t\t<div class=\"stage-date\">Samedi, 20.06.2026<\/div>\n<div class=\"stage-title\">\n\n\t\tAarburg\n<\/div>\n\n\n\t<div class=\"stage-badges badges\">\n\t\t<span class=\"badge stage-route-length\" title=\"Longueur\" x-data x-tooltip>\n\t\t\t<span class=\"badge-icon\"><\/span>\n\t\t\t<span class=\"sr-only\">Longueur:<\/span>\n\t\t\t<span class=\"badge-label\">23.8 km<\/span>\n\t\t<\/span>\n\t\t<span class=\"badge stage-elevation\" title=\"Altitude\" x-data x-tooltip>\n\t\t\t<span class=\"badge-icon\"><\/span>\n\t\t\t<span class=\"sr-only\">Altitude:<\/span>\n\t\t\t<span class=\"badge-label\">270 D+<\/span>\n\t\t<\/span>\n\t\t<span class=\"badge stage-category\" title=\"Cat\u00e9gorie\" x-data x-tooltip data-category=\"time-trial\">\n\t\t\t<span class=\"badge-icon\"><\/span>\n\t\t\t<span class=\"sr-only\">Cat\u00e9gorie:<\/span>\n\t\t\t<span class=\"badge-label\">Course Contre la Montre<\/span>\n\t\t<\/span>\n\t\t<span class=\"badge stage-difficulty\" title=\"Difficult\u00e9\" x-data x-tooltip style=\"--difficulty: 2\">\n\t\t\t<span class=\"stars\"><\/span>\n\t\t\t<span class=\"sr-only\">Difficult\u00e9: 2\/5<\/span>\n\t\t<\/span>\n\t<\/div>\n\n\t\t\t\t<a href=\"https:\/\/www.tourdesuisse.ch\/fr\/stage\/04\/\" class=\"stage-link button style-text with-arrow\">Voir l&#8217;\u00e9tape<\/a>\n\t\t\t<\/div>\n\n<img loading=\"lazy\" decoding=\"async\" width=\"496\" height=\"272\" src=\"https:\/\/www.tourdesuisse.ch\/wp-content\/uploads\/Aarburg-3-Luftbild-Kirche-nah-496x272.jpg\" class=\"stage-image wp-post-image\" alt=\"\" srcset=\"https:\/\/www.tourdesuisse.ch\/wp-content\/uploads\/Aarburg-3-Luftbild-Kirche-nah-496x272.jpg 496w, https:\/\/www.tourdesuisse.ch\/wp-content\/uploads\/Aarburg-3-Luftbild-Kirche-nah-992x544.jpg 992w\" sizes=\"auto, (max-width: 496px) 100vw, 496px\" \/>\t\t<\/div>\n\n\t\t<div class=\"stage\">\n\t\t\t<div>\n\t\t\t\t<div class=\"stage-head\">\n\t<span class=\"stage-number\" data-stage=\"05\">05<\/span>\n\n\t\t\t\t<\/div>\n\n\t\t\t\t\t<div class=\"stage-date\">Dimanche, 21.06.2026<\/div>\n<div class=\"stage-title\">\n\n\t\tVillars-sur-Ollon\n<\/div>\n\n\n\t<div class=\"stage-badges badges\">\n\t\t<span class=\"badge stage-route-length\" title=\"Longueur\" x-data x-tooltip>\n\t\t\t<span class=\"badge-icon\"><\/span>\n\t\t\t<span class=\"sr-only\">Longueur:<\/span>\n\t\t\t<span class=\"badge-label\">151.1 km<\/span>\n\t\t<\/span>\n\t\t<span class=\"badge stage-elevation\" title=\"Altitude\" x-data x-tooltip>\n\t\t\t<span class=\"badge-icon\"><\/span>\n\t\t\t<span class=\"sr-only\">Altitude:<\/span>\n\t\t\t<span class=\"badge-label\">4&#8217;226 D+<\/span>\n\t\t<\/span>\n\t\t<span class=\"badge stage-category\" title=\"Cat\u00e9gorie\" x-data x-tooltip data-category=\"hilly\">\n\t\t\t<span class=\"badge-icon\"><\/span>\n\t\t\t<span class=\"sr-only\">Cat\u00e9gorie:<\/span>\n\t\t\t<span class=\"badge-label\">Montagne<\/span>\n\t\t<\/span>\n\t\t<span class=\"badge stage-difficulty\" title=\"Difficult\u00e9\" x-data x-tooltip style=\"--difficulty: 5\">\n\t\t\t<span class=\"stars\"><\/span>\n\t\t\t<span class=\"sr-only\">Difficult\u00e9: 5\/5<\/span>\n\t\t<\/span>\n\t<\/div>\n\n\t\t\t\t<a href=\"https:\/\/www.tourdesuisse.ch\/fr\/stage\/05\/\" class=\"stage-link button style-text with-arrow\">Voir l&#8217;\u00e9tape<\/a>\n\t\t\t<\/div>\n\n<img loading=\"lazy\" decoding=\"async\" width=\"496\" height=\"272\" src=\"https:\/\/www.tourdesuisse.ch\/wp-content\/uploads\/Velo-Alpes-vaudoises-09543-c-A-Swiss-With-A-Pulse-496x272.jpg\" class=\"stage-image wp-post-image\" alt=\"\" srcset=\"https:\/\/www.tourdesuisse.ch\/wp-content\/uploads\/Velo-Alpes-vaudoises-09543-c-A-Swiss-With-A-Pulse-496x272.jpg 496w, https:\/\/www.tourdesuisse.ch\/wp-content\/uploads\/Velo-Alpes-vaudoises-09543-c-A-Swiss-With-A-Pulse-992x544.jpg 992w\" sizes=\"auto, (max-width: 496px) 100vw, 496px\" \/>\t\t<\/div>\n<\/div>\n<\/div><\/div>\n<\/div><div  id=\"carte\" class=\"page-section style-default layout-default align-default\">\n\t<div class=\"section-grid grid-layout container\"><div  style=\"--grid-layout-index: 1; --col-xs: 12; --col-sm: 12; --col-md: 12; --col-lg: 12; --col-xl: 12\" class=\"section-item layout-default layout-margin-default\"><h2>D\u00e9couvrez les Lieux d&#8217;\u00e9tape 2026<\/h2>\n\n\n<div class=\"buttons\">\n\t<div class=\"button-group\">\n\n\t\t\t<a\n\t\t\t\thref=\"https:\/\/www.tourdesuisse.ch\/etappenorte-men\/\" class=\"button style-default with-arrow\"\n\t\t\t>\n\t\t\t\tVoir les lieux d&#8217;\u00e9tape\n\t\t\t<\/a>\n\t<\/div>\n<\/div>\n\n\t\t<img loading=\"lazy\" decoding=\"async\" width=\"1024\" height=\"724\" src=\"https:\/\/www.tourdesuisse.ch\/wp-content\/uploads\/TdS2026_Karte_Strecke_LY02-1024x724.png\" class=\"wpce-image\" alt=\"\" data-css-locator=\"\" srcset=\"https:\/\/www.tourdesuisse.ch\/wp-content\/uploads\/TdS2026_Karte_Strecke_LY02-1024x724.png 1024w, https:\/\/www.tourdesuisse.ch\/wp-content\/uploads\/TdS2026_Karte_Strecke_LY02-300x212.png 300w, https:\/\/www.tourdesuisse.ch\/wp-content\/uploads\/TdS2026_Karte_Strecke_LY02-768x543.png 768w, https:\/\/www.tourdesuisse.ch\/wp-content\/uploads\/TdS2026_Karte_Strecke_LY02-1536x1086.png 1536w, https:\/\/www.tourdesuisse.ch\/wp-content\/uploads\/TdS2026_Karte_Strecke_LY02-2048x1448.png 2048w, https:\/\/www.tourdesuisse.ch\/wp-content\/uploads\/TdS2026_Karte_Strecke_LY02.png 2560w\" sizes=\"auto, (max-width: 1024px) 100vw, 1024px\" \/>\n<\/div><\/div>\n<\/div>","protected":false},"excerpt":{"rendered":"<p>2026 Parcours Voir la carte Tour de Suisse 2026 \u2013 Sans r\u00e9pit du d\u00e9but \u00e0 la fin Le Directeur Sportif David Loosli a con\u00e7u un parcours qui ne laisse pratiquement aucune place \u00e0 la r\u00e9cup\u00e9ration \u2014 les \u00e9tapes de transition ont disparu du programme. Le d\u00e9part est donn\u00e9 dans la ville italienne de Sondrio avec [&hellip;]<\/p>\n","protected":false},"author":1,"featured_media":0,"parent":0,"menu_order":0,"comment_status":"closed","ping_status":"closed","template":"","meta":{"_acf_changed":false,"inline_featured_image":false,"footnotes":""},"class_list":["post-2276","page","type-page","status-publish","hentry"],"acf":[],"_links":{"self":[{"href":"https:\/\/www.tourdesuisse.ch\/fr\/wp-json\/wp\/v2\/pages\/2276","targetHints":{"allow":["GET"]}}],"collection":[{"href":"https:\/\/www.tourdesuisse.ch\/fr\/wp-json\/wp\/v2\/pages"}],"about":[{"href":"https:\/\/www.tourdesuisse.ch\/fr\/wp-json\/wp\/v2\/types\/page"}],"author":[{"embeddable":true,"href":"https:\/\/www.tourdesuisse.ch\/fr\/wp-json\/wp\/v2\/users\/1"}],"replies":[{"embeddable":true,"href":"https:\/\/www.tourdesuisse.ch\/fr\/wp-json\/wp\/v2\/comments?post=2276"}],"version-history":[{"count":10,"href":"https:\/\/www.tourdesuisse.ch\/fr\/wp-json\/wp\/v2\/pages\/2276\/revisions"}],"predecessor-version":[{"id":73330,"href":"https:\/\/www.tourdesuisse.ch\/fr\/wp-json\/wp\/v2\/pages\/2276\/revisions\/73330"}],"wp:attachment":[{"href":"https:\/\/www.tourdesuisse.ch\/fr\/wp-json\/wp\/v2\/media?parent=2276"}],"curies":[{"name":"wp","href":"https:\/\/api.w.org\/{rel}","templated":true}]}}