{"id":2278,"date":"2023-12-04T14:51:45","date_gmt":"2023-12-04T13:51:45","guid":{"rendered":"https:\/\/tourdesuisse.ch.ownb.it\/medien\/"},"modified":"2026-03-17T15:48:46","modified_gmt":"2026-03-17T14:48:46","slug":"medias","status":"publish","type":"page","link":"https:\/\/www.tourdesuisse.ch\/fr\/medias\/","title":{"rendered":"M\u00e9dias"},"content":{"rendered":"\n<div class=\"intro-section page-section style-default layout-default align-default with-content\">\n\t<div class=\"section-grid grid-layout container\">\n\t\t<div style=\"--grid-layout-index: 1; --col-xs: 12; --col-sm: 12; --col-md: 12; --col-lg: 12; --col-xl: 12\" class=\"section-item layout-default layout-margin-default\">\n\t\t\t<div class=\"intro-background-title\" data-content=\"2026\">2026<\/div>\n\t\t\t<div class=\"intro-title-wrapper\">\n\t\t\t\t<h1 class=\"intro-title\">Media<\/h1>\n\t\t\t<\/div>\n\t\t\t<div class=\"intro-content lead-text\">\n\t\t\t\t<p>Radio, presse, TV, Web: le travail journalistique prend des formes multiples. Dans le feu de l\u2019action, vous \u00eates tributaires d\u2019informations et de moyens techniques fiables. En tant qu\u2019\u00e9quipe des m\u00e9dias de TdS, nous en sommes responsables avec les responsables des m\u00e9dias sur les lieux de la sc\u00e8ne.<\/p>\n\n\t\t\t<\/div>\n\t\t<\/div>\n\t<\/div>\n<\/div>\n\n<div  class=\"page-section style-default layout-default align-default\">\n\t<div class=\"section-grid grid-layout container\"><div  style=\"--grid-layout-index: 1\" class=\"section-item layout-default layout-margin-default\"><h2>Informations<\/h2>\n\n\n<div class=\"buttons\">\n\t<div class=\"button-group\">\n\n\t\t\t<a\n\t\t\t\thref=\"https:\/\/www.tourdesuisse.ch\/medien\/dokumente\/\" class=\"button style-default with-arrow\"\n\t\t\t>\n\t\t\t\tDocuments M\u00e9dias TdS\n\t\t\t<\/a>\n\n\t\t\t<a\n\t\t\t\thref=\"https:\/\/www.tourdesuisse.ch\/medien\/bilder\/\" class=\"button style-default with-arrow\"\n\t\t\t>\n\t\t\t\tImages\n\t\t\t<\/a>\n\t<\/div>\n<\/div>\n<div class=\"accordion-wrapper\">\n\t<div class=\"accordion-group\">\n\n\n\n\n<div class=\"wpce-accordion accordion\" id=\"tour-de-suisse-media-guide\">\n\t<div class=\"accordion-heading-wrapper\" role=\"heading\" aria-level=\"3\">\n\t\t<button\n\t\t\ttype=\"button\"\n\t\t\tclass=\"accordion-heading\"\n\t\t\tid=\"accordion-header-687adf5a-36a9-4000-9ce1-22815f2b9054\"\n\t\t\taria-controls=\"accordion-content-687adf5a-36a9-4000-9ce1-22815f2b9054\"\n\t\t>\n\t\t\tTour de Suisse Media Guide\n\n\t\t\t<div class=\"accordion-icon-wrapper toggle-wrapper\">\n\t\t\t\t<svg class=\"toggle-icon\" width=\"22\" height=\"22\" viewBox=\"0 0 22 22\" xmlns=\"http:\/\/www.w3.org\/2000\/svg\">\n\t\t\t\t\t<g fill=\"currentColor\" fill-rule=\"evenodd\">\n\t\t\t\t\t\t<rect y=\"10\" width=\"22\" height=\"2\"><\/rect>\n\t\t\t\t\t\t<polygon class=\"toggle-icon-vertical\" points=\"12 0 12 22 10 22 10 0\"><\/polygon>\n\t\t\t\t\t<\/g>\n\t\t\t\t<\/svg>\n\t\t\t<\/div>\n\t\t<\/button>\n\t<\/div>\n\t<div\n\t\tclass=\"accordion-inner\"\n\t\tid=\"accordion-content-687adf5a-36a9-4000-9ce1-22815f2b9054\"\n\t\trole=\"region\"\n\t\taria-labelledby=\"accordion-header-687adf5a-36a9-4000-9ce1-22815f2b9054\"\n\t>\n<p>Au 7 Mai 2025<\/p>\n<h5>1.\u00a0Accr\u00e9ditation<\/h5>\n<p>L\u2019accr\u00e9ditation est obligatoire pour tous les professionnels des m\u00e9dias. L\u2019acc\u00e8s \u00e0 la zone de d\u00e9part\/arriv\u00e9e, \u00e0 la zone mixte, \u00e0 la m\u00e9diath\u00e8que et au parking des m\u00e9dias n\u2019est possible qu\u2019avec un badge en cours de validit\u00e9. Pour l\u2019accr\u00e9ditation des m\u00e9dias, nous travaillons avec Cycling Service.<\/p>\n<ol>\n<li>Veuillez suivre le lien vers\u00a0<a href=\"http:\/\/www.tds.ch\/media\">tds.ch\/media<\/a>\u00a0. Si vous \u00eates d\u00e9j\u00e0 inscrit sur\u00a0<strong>Cycling Service<\/strong>\u00a0, s\u00e9lectionnez le Tour de Suisse sous \u00ab\u00a0Courses\u00a0\u00bb \u2013 et c\u2019est tout. Si ce n\u2019est pas le cas, cr\u00e9ez-y d\u2019abord votre profil. Veuillez pr\u00e9parer une photo de portrait et une photo de votre carte de presse.<\/li>\n<li>Si vous accr\u00e9ditez plusieurs personnes (par exemple chauffeur, \u00e9quipe cam\u00e9ra), vous pouvez entrer votre \u00e9quipe dans la section \u00ab\u00a0Personnel\u00a0\u00bb et attribuer \u00e0 chaque personne le r\u00f4le appropri\u00e9.<\/li>\n<li>v\u00e9hicule incl. Vous pouvez entrer le num\u00e9ro de plaque d\u2019immatriculation dans le profil du conducteur. Vous pouvez ignorer l\u2019option \u00ab\u00a0Parking\u00a0\u00bb pour le Tour de Suisse.<\/li>\n<li>Les repr\u00e9sentants des m\u00e9dias accr\u00e9dit\u00e9s recevront une confirmation par e-mail. Veuillez apporter cette confirmation \u00e0 la permanence. Ici, vous recevrez votre badge personnel.<\/li>\n<li>Les vignettes d\u2019accr\u00e9ditation pour les v\u00e9hicules (voitures, motos, etc.) sont \u00e9galement disponibles \u00e0 la Permanence. Veuillez noter le point 4 \u00ab Acc\u00e8s sur route \u00bb.<\/li>\n<li>L\u2019organisateur est responsable de la d\u00e9cision de d\u00e9livrer ou non une accr\u00e9ditation. Une pi\u00e8ce d\u2019identit\u00e9 avec photo\/m\u00e9dia ne se qualifie pas automatiquement pour l\u2019accr\u00e9ditation.<\/li>\n<li>L\u2019accr\u00e9ditation doit \u00eatre port\u00e9e de mani\u00e8re visible.<\/li>\n<li>Sans accr\u00e9ditation valide, l\u2019acc\u00e8s aux zones correspondantes sera refus\u00e9 sans exception.<\/li>\n<li>Chaque personne accr\u00e9dit\u00e9e n\u2019a acc\u00e8s qu\u2019aux zones indiqu\u00e9es sur l\u2019accr\u00e9ditation.<\/li>\n<li>Chaque personne accr\u00e9dit\u00e9e doit suivre les instructions du personnel du Tour de Suisse.<\/li>\n<li>L\u2019organisation du Tour de Suisse et ses collaborateurs ont le droit de refuser \u00e0 tout repr\u00e9sentant des m\u00e9dias accr\u00e9dit\u00e9 l\u2019acc\u00e8s \u00e0 toutes les zones et\/ou de retirer son accr\u00e9ditation en cas d\u2019inconduite.<\/li>\n<li>L\u2019accr\u00e9ditation n\u2019est pas transf\u00e9rable.<\/li>\n<\/ol>\n<h5>2.\u00a0Autorisation de tournage pour la t\u00e9l\u00e9vision et en ligne<\/h5>\n<p>En tant que diffuseur h\u00f4te du Tour de Suisse, SRG SSR d\u00e9tient les droits de production exclusifs dans toutes les zones accr\u00e9dit\u00e9es et produit un signal TV conforme aux normes internationales. Il est interdit de r\u00e9aliser et de distribuer des enregistrements audiovisuels de la course et de la c\u00e9r\u00e9monie de remise des prix sans l\u2019accord \u00e9crit pr\u00e9alable du d\u00e9tenteur des droits SRG SSR. Cela s\u2019applique en particulier \u00e0 la diffusion de vid\u00e9os en direct ou non de la course et de la c\u00e9r\u00e9monie de remise des prix via des applications de m\u00e9dias sociaux telles que Periscope, Snapchat, Twitter, Facebook et d\u2019autres services en ligne.<\/p>\n<p><strong>Demandes \u00e9crites m\u00e9dias nationaux:<\/strong> Les demandes d\u2019autorisation de tournage payante doivent \u00eatre obtenues par \u00e9crit aupr\u00e8s de la SRG SSR au moins 72 heures avant le d\u00e9but de l\u2019\u00e9v\u00e9nement\/\u00e9tape (<a href=\"mailto:stefan.rohrer@bus.srg.ch\">stefan.rohrer@bus.srg.ch<\/a>).<\/p>\n<p>Les conditions convenues dans le contrat de licence sportive entre la SSR et la cha\u00eene de t\u00e9l\u00e9vision r\u00e9gionale s\u2019appliquent aux cha\u00eenes de t\u00e9l\u00e9vision r\u00e9gionales. Les m\u00e9dias en ligne peuvent utiliser le d\u00e9pliant incl. Demander les conditions directement aupr\u00e8s de la SSR (<a href=\"mailto:stefan.rohrer@bus.srg.ch\">stefan.rohrer@bus.srg.ch<\/a>).<\/p>\n<p><strong>Zone mixte :<\/strong>\u00a0Apr\u00e8s l\u2019octroi de l\u2019autorisation\/sous-licence de tournage par SRG SSR, vous ne pouvez filmer vos propres enregistrements audiovisuels (interviews) que dans la zone mixte d\u00e9sign\u00e9e (acc\u00e8s physique). Avant la fin de la c\u00e9r\u00e9monie de remise des prix, aucune photo personnelle des zones accr\u00e9dit\u00e9es ne peut \u00eatre prise.<\/p>\n<p><strong>Autre zone accr\u00e9dit\u00e9e \/ zone cible :\u00a0<\/strong>En raison des conditions de production et d\u2019espace restreintes, aucun enregistrement audiovisuel propre ne peut \u00eatre r\u00e9alis\u00e9 et publi\u00e9 \u00e0 partir des autres zones accr\u00e9dit\u00e9es\/dans la zone cible. Ces images (course, c\u00e9r\u00e9monie de remise des prix, etc.) ne peuvent \u00eatre achet\u00e9es qu\u2019aupr\u00e8s de SRG SSR (acc\u00e8s au signal \u2013 veuillez vous adresser \u00e0 <a href=\"mailto:stefan.rohrer@bus.srg.ch\">stefan.rohrer@bus.srg.ch<\/a>).\u00a0Lors de l\u2019utilisation d\u2019images SRF, la source doit \u00eatre clairement visible (logo SRF bien visible ou fondu \u00ab\u00a0images SRF\u00a0\u00bb).<\/p>\n<p><strong>Les diffuseurs TV internationaux<\/strong>\u00a0peuvent acheter des images de course TdS via un accord de licence avec Infront Sports &amp; Media AG\u00a0(\u00a0<a href=\"mailto:cycling_ops@infrontsports.com\">cycling_ops@infrontsports.com<\/a>\u00a0)\u00a0.<\/p>\n<p><strong>Acc\u00e8s sans appareil photo :<\/strong>\u00a0Sans appareil photo, une accr\u00e9ditation papier peut \u00eatre d\u00e9livr\u00e9e avec une d\u00e9claration expresse de renonciation.<\/p>\n<h5>3.\u00a0Arriv\u00e9e\/Stationnement<\/h5>\n<p>Des places de stationnement m\u00e9dia signal\u00e9es sont disponibles \u00e0 chaque \u00e9tape pour les professionnels des m\u00e9dias accr\u00e9dit\u00e9s. Le stationnement en dehors des places de stationnement attribu\u00e9es peut entra\u00eener la perte de l\u2019accr\u00e9ditation.<\/p>\n<h5>4.\u00a0All\u00e9e sur route<\/h5>\n<p>L\u2019acc\u00e8s \u00e0 l\u2019itin\u00e9raire n\u2019est possible que pour les v\u00e9hicules sp\u00e9cialement balis\u00e9s. Celle-ci doit \u00eatre demand\u00e9e avant le Tour de Suisse. Un permis n\u2019est d\u00e9livr\u00e9 que dans des cas particuliers. L\u2019acc\u00e8s \u00e0 l\u2019itin\u00e9raire est possible avec les instructions du point 1.5 autocollants d\u00e9crits n\u2019est pas possible.<\/p>\n<h5>5.\u00a0Permanence<\/h5>\n<p>La permanence est situ\u00e9e dans la zone de d\u00e9part et d\u2019arriv\u00e9e de chaque \u00e9tape. Ici, vous devez r\u00e9cup\u00e9rer votre accr\u00e9ditation. Un nombre limit\u00e9 d\u2019accr\u00e9ditations spontan\u00e9es est possible. Cependant, il n\u2019y a aucun droit; les accr\u00e9ditations signal\u00e9es au pr\u00e9alable sont toujours prioritaires. Vous trouverez le lieu exact sur le Guide Technique officiel du Tour de Suisse. Attention : la permanence est ferm\u00e9e 30 minutes avant l\u2019arriv\u00e9e et 30 minutes apr\u00e8s l\u2019arriv\u00e9e.<\/p>\n<h5>6.\u00a0Centre des m\u00e9dias<\/h5>\n<p>Il y a une m\u00e9diath\u00e8que \u00e0 destination de chaque \u00e9tape. L\u2019emplacement exact est indiqu\u00e9 par des panneaux (pr\u00e8s de Permanence). Pour les travailleurs des m\u00e9dias accr\u00e9dit\u00e9s, il y a des postes de travail avec \u00e9lectricit\u00e9 gratuite et connexion Internet (WLAN). Les prises de type J sont g\u00e9n\u00e9ralement install\u00e9es en Suisse. La prise Euro (type C) est compatible. Pour les appareils avec d\u2019autres prises, vous avez besoin d\u2019un adaptateur de voyage.<\/p>\n<p><strong>Diffusion TV :<\/strong>\u00a0Le Tour de Suisse sera retransmis sur projecteur ou t\u00e9l\u00e9vision dans la m\u00e9diath\u00e8que. Les statistiques de l\u2019\u00e9tape en cours s\u2019affichent sur un second \u00e9cran (source : Swiss Timing). Il n\u2019y a aucun droit de recevoir d\u2019autres \u00e9missions.<\/p>\n<p><strong>Conf\u00e9rence de presse :<\/strong>\u00a0Apr\u00e8s chaque \u00e9tape, la conf\u00e9rence de presse quotidienne a lieu au centre des m\u00e9dias avec le vainqueur du jour et les \u00e9ventuels autres participants. Dans des situations exceptionnelles, la conf\u00e9rence de presse se d\u00e9roulera en vid\u00e9o depuis un studio ext\u00e9rieur (\u00e9loignement de l\u2019aire d\u2019arriv\u00e9e, protection pand\u00e9mie, etc.). L\u2019heure de la conf\u00e9rence de presse sur le bilan sera communiqu\u00e9e au cours du Tour de Suisse dans le cadre du bulletin d\u2019\u00e9tape quotidien.<\/p>\n<p><strong>Horaires d\u2019ouverture :<\/strong>\u00a0Voir les informations d\u00e9taill\u00e9es sur le Guide Technique officiel du Tour de Suisse. Attention : Les horaires d\u2019ouverture de la Permanence et de la M\u00e9diath\u00e8que ne sont pas identiques.<\/p>\n<p><strong>Restauration :<\/strong>\u00a0Pendant les heures d\u2019ouverture, une offre de restauration simple est propos\u00e9e aux repr\u00e9sentants des m\u00e9dias accr\u00e9dit\u00e9s.<\/p>\n<h5>7.\u00a0Zones mixtes au d\u00e9part et \u00e0 l\u2019arriv\u00e9e<\/h5>\n<p>Les zones mixtes au d\u00e9part et \u00e0 l\u2019arriv\u00e9e de chaque \u00e9tape sont adapt\u00e9es aux conditions respectives (lieu, horaire, m\u00e9t\u00e9o). Les instructions du personnel de s\u00e9curit\u00e9 et de l\u2019organisation TdS doivent \u00eatre suivies.<\/p>\n<h5>8.\u00a0Directives pour les photographes et cam\u00e9ramen<\/h5>\n<p>Tous les photographes et cam\u00e9ramans doivent porter le\u00a0<strong>gilet photo officiel TdS<\/strong>\u00a0sur le parcours ainsi que dans les zones de d\u00e9part et d\u2019arriv\u00e9e en plus de leur badge personnel et doivent \u00eatre bien visibles. Vous le recevrez avec votre accr\u00e9ditation contre caution. Une zone photographe est mat\u00e9rialis\u00e9e derri\u00e8re la ligne d\u2019arriv\u00e9e de chaque \u00e9tape. Les photographes ne pourront rester dans cette zone qu\u2019avant et pendant l\u2019arriv\u00e9e. L\u2019organisateur est responsable de l\u2019attribution exacte de l\u2019espace.<\/p>\n<h5>9.\u00a0 VOLS DE DRONES<\/h5>\n<p>Vous trouverez <a href=\"https:\/\/www.bazl.admin.ch\/bazl\/fr\/home\/drohnen.html\" target=\"_blank\" rel=\"noopener\">ici<\/a> des informations sur les vols de drones pendant les manifestations sportives. En outre, l&#8217;Office f\u00e9d\u00e9ral de l&#8217;aviation civile (OFAC) propose un aper\u00e7u des <a href=\"https:\/\/map.geo.admin.ch\/index.html?lang=fr&amp;topic=aviation&amp;bgLayer=ch.swisstopo.pixelkarte-grau&amp;layers=ch.bazl.luftfahrthindernis-klein,ch.bazl.luftfahrthindernis,ch.bazl.einschraenkungen-drohnen&amp;layers_visibility=false,false,true&amp;layers_opacity=1,1,0.6&amp;catalogNodes=1379\" target=\"_blank\" rel=\"noopener\">zones interdites de vol<\/a>. Important : il est interdit de voler au-dessus de la foule (p. ex. dans la zone de d\u00e9part ou d&#8217;arriv\u00e9e).<\/p>\n<h5>10. Informations officielles<\/h5>\n<p><strong>Radiotour :<\/strong> Pendant toute la course, Radiotour est joignable ici: <a href=\"https:\/\/radiotour.swisscom.com\/public\/tds_radiotour\" target=\"_blank\" rel=\"noopener\">Radiotour Tour de Suisse 2025<\/a><\/p>\n<p>Liveticker<strong>:<\/strong>\u00a0Pendant la course, l\u2019\u00e9quipe m\u00e9dia diffuse un liveticker sur le site Web. Les \u00e9v\u00e9nements de course, y compris les intervalles de temps, y sont document\u00e9s en continu.<\/p>\n<p><strong>Guide technique :<\/strong>\u00a0Dans le Guide technique officiel du Tour de Suisse, vous trouverez toutes les informations sur les \u00e9tapes, les \u00e9quipes et l\u2019organisation. La publication sera disponible sur le site peu avant le Tour de Suisse.<\/p>\n<p><strong>Bulletin :<\/strong>\u00a0Le prochain bulletin d\u2019\u00e9tape sera envoy\u00e9 par courriel \u00e0 tous les participants accr\u00e9dit\u00e9s chaque soir. Vous y trouverez \u00e9galement l\u2019emplacement et l\u2019adresse de la m\u00e9diath\u00e8que pour le lendemain. Si vous avez des questions, veuillez envoyer un e-mail \u00e0 :\u00a0<a href=\"mailto:bulletin@tds.ch\">bulletin@tds.ch<\/a>\u00a0.<\/p>\n<h5>11. Sanctions<\/h5>\n<p>Si les r\u00e8gles et instructions ne sont pas respect\u00e9es, l\u2019organisateur du tour est en droit de retirer l\u2019accr\u00e9ditation des repr\u00e9sentants des m\u00e9dias fautifs et de les exclure du Tour de Suisse.<\/p>\n<h5>12. Contacter<\/h5>\n<p><strong>Business Unit Sport SSR:<\/strong> Stefan Rohrer, <a href=\"mailto:stefan.rohrer@bus.srg.ch\">stefan.rohrer@bus.srg.ch<\/a>\u00a0, +41 58 135 04 46<br \/>\n<strong>Infront Sports &amp; Media AG:<\/strong> Media Sales &amp; Operations Team, <a href=\"mailto:cycling_ops@infrontsports.com\">cycling_ops@infrontsports.com<\/a>, +41 41 723 15 15<span lang=\"DE\"><br \/>\n<\/span><strong>Chef de presse TdS:<\/strong>\u00a0Ueli Anken,\u00a0<a href=\"mailto:media@tds.ch\">media@tds.ch<\/a>, +41 79 638 18 18\u00a0<strong>(veuillez toujours mettre cc)<\/strong><\/p>\n\t<\/div>\n<\/div>\t<\/div>\n<\/div>\n\n<h2>ACCR\u00c9DITATION 2026<\/h2>\n<div class=\"et_pb_row et_pb_row_2 et_pb_gutters2\">\n<div class=\"et_pb_column et_pb_column_4_4 et_pb_column_2 et_pb_css_mix_blend_mode_passthrough et-last-child\">\n<div class=\"et_pb_module et_pb_text et_pb_text_1 et_pb_text_align_left et_pb_bg_layout_light\">\n<div class=\"et_pb_text_inner\">\n<p>L&#8217;accr\u00e9ditation des m\u00e9dias pour le Tour de Suisse 2026 est maintenant ouvert. Les deux courses Tour de Suisse Hommes et Femmes sont list\u00e9es s\u00e9par\u00e9ment sur Cycling Service. Vous n\u2019avez besoin d\u2019\u00eatre accr\u00e9dit\u00e9 qu\u2019une seule fois. Pour des demandes particuli\u00e8res merci de nous contacter par email : <a href=\"mailto:media@tds.ch\">media@tds.ch<\/a>.<\/p>\n<\/div>\n<\/div>\n<\/div>\n<\/div>\n\n\n<div class=\"buttons\">\n\t<div class=\"button-group\">\n\n\t\t\t<a\n\t\t\t\thref=\"https:\/\/app.cyclingservice.com\/account\" target=\"_blank\" rel=\"noopener\" class=\"button style-default with-arrow\"\n\t\t\t>\n\t\t\t\tAccr\u00e9ditation M\u00e9dias\n\t\t\t<\/a>\n\t<\/div>\n<\/div>\n<h2>Rendez-vous 2026<\/h2>\n<p>1er trimestre 2026 : Communication d\u00e9taill\u00e9e sur le parcours<\/p>\n<p>17 &#8211; 21 juin 2026 : Tour de Suisse<\/p>\n\n\n<h2>QUESTIONS? SOUHAITS?<\/h2>\n<p class=\"bodytext\">Veuillez nous faire part de vos pr\u00e9occupations. Nous vous soutiendrons du mieux que nous pouvons. Et si un souhait d\u00e9passe ce qui est humainement possible, nous trouverons une solution.<\/p>\n<p class=\"bodytext\"><strong>Contacter:<\/strong>\u00a0Ueli Anken | +41 79 638 18 18 |<a href=\"mailto:media@tds.ch\" target=\"_blank\" rel=\"noopener\">\u00a0media@tds.ch<\/a><\/p>\n<\/div><\/div>\n<\/div>","protected":false},"excerpt":{"rendered":"<p>2026 Media Radio, presse, TV, Web: le travail journalistique prend des formes multiples. Dans le feu de l\u2019action, vous \u00eates tributaires d\u2019informations et de moyens techniques fiables. En tant qu\u2019\u00e9quipe des m\u00e9dias de TdS, nous en sommes responsables avec les responsables des m\u00e9dias sur les lieux de la sc\u00e8ne. Informations Documents M\u00e9dias TdS Images Tour [&hellip;]<\/p>\n","protected":false},"author":1,"featured_media":0,"parent":0,"menu_order":0,"comment_status":"closed","ping_status":"closed","template":"","meta":{"_acf_changed":false,"inline_featured_image":false,"footnotes":""},"class_list":["post-2278","page","type-page","status-publish","hentry"],"acf":[],"_links":{"self":[{"href":"https:\/\/www.tourdesuisse.ch\/fr\/wp-json\/wp\/v2\/pages\/2278","targetHints":{"allow":["GET"]}}],"collection":[{"href":"https:\/\/www.tourdesuisse.ch\/fr\/wp-json\/wp\/v2\/pages"}],"about":[{"href":"https:\/\/www.tourdesuisse.ch\/fr\/wp-json\/wp\/v2\/types\/page"}],"author":[{"embeddable":true,"href":"https:\/\/www.tourdesuisse.ch\/fr\/wp-json\/wp\/v2\/users\/1"}],"replies":[{"embeddable":true,"href":"https:\/\/www.tourdesuisse.ch\/fr\/wp-json\/wp\/v2\/comments?post=2278"}],"version-history":[{"count":10,"href":"https:\/\/www.tourdesuisse.ch\/fr\/wp-json\/wp\/v2\/pages\/2278\/revisions"}],"predecessor-version":[{"id":71320,"href":"https:\/\/www.tourdesuisse.ch\/fr\/wp-json\/wp\/v2\/pages\/2278\/revisions\/71320"}],"wp:attachment":[{"href":"https:\/\/www.tourdesuisse.ch\/fr\/wp-json\/wp\/v2\/media?parent=2278"}],"curies":[{"name":"wp","href":"https:\/\/api.w.org\/{rel}","templated":true}]}}