{"id":2287,"date":"2024-01-11T13:20:20","date_gmt":"2024-01-11T12:20:20","guid":{"rendered":"https:\/\/tourdesuisse.ch.ownb.it\/news\/"},"modified":"2024-04-11T08:27:00","modified_gmt":"2024-04-11T06:27:00","slug":"news","status":"publish","type":"page","link":"https:\/\/www.tourdesuisse.ch\/fr\/news\/","title":{"rendered":"Nouvelles"},"content":{"rendered":"\n<div class=\"background style-pattern\">\n<div  class=\"page-section style-default layout-default align-default\">\n\t<div class=\"section-grid grid-layout container\"><div  style=\"--grid-layout-index: 1\" class=\"section-item layout-default layout-margin-default\">\n<div class=\"news-grid-wrapper\" x-data x-intercept=\"{&quot;guid&quot;:&quot;d9226ca1-05d4-407a-a401-3a51d7d96750&quot;}\"\n\t@after-intercept=\"\n\tif ($el.getBoundingClientRect().top < 0) $el.scrollIntoView({\n\t\tbehavior: 'smooth'\n\t})\n\t\"\n>\n\t<div class=\"news-grid-header\">\n\t\t<div>\n<nav class=\"breadcrumb\" aria-label=\"Navigation en fil d&apos;Ariane\">\n\t<ol>\n\t\t<li>\n\t\t\t<a href=\"https:\/\/www.tourdesuisse.ch\/fr\/\" class=\"breadcrumb-link\">Page d\u2019accueil<\/a>\n\t\t<\/li>\n\t\t<li>\n\t\t\t<a href=\"https:\/\/www.tourdesuisse.ch\/fr\/news\/\" class=\"breadcrumb-link\" aria-current=\"page\">Nouvelles<\/a>\n\t\t<\/li>\n\t<\/ol>\n<\/nav>\t\t\t<h1>NOUVELLES<\/h1>\n\t\t<\/div>\n\n\t\t<div class=\"news-filter-options\">\n\n<div\n\tx-data=\"{\n\t\talignment: &quot;left&quot;,\n\t\tattachment: &quot;bottom&quot;,\n\t\talignmentOffset: 0,\n\t\tattachmentOffset: 0,\n\t\tget visible() {\n\t\t\treturn $data.isVisible()\n\t\t},\n\t\t...transition({\n\t\t\tcss: () =&gt; ({\n\t\t\t\topacity: 0,\n\t\t\t\ttransform: ($data.attachment === 'top' ? 'translateY(1rem)' : 'translateY(-1rem)') + ' scale(0.98)',\n\t\t\t}),\n\t\t\tduration: 125,\n\t\t})\n\t}\" class=\"popover-container news-filter-popover-category\"\n\t:class=\"['align-' + alignment, 'attach-' + attachment]\"\n\t:style=\"{\n\t\t'--alignment-offset': alignmentOffset + 'px',\n\t\t'--attachment-offset': attachmentOffset + 'px'\n\t}\"\n\t@click.outside=\"hide()\"\n\t@keydown.escape=\"hide()\"\n\t@before-intercept.document=\"hide()\"\n>\n\t<button\n\t\tx-init=\"\n\t\t$watch('$data.visible', value =&gt; {\n\t\t\tif (!value) return\n\n\t\t\tlet rect = $el.getBoundingClientRect()\n\t\t\tlet offsetLeft = rect.left\n\t\t\tlet offsetRight = window.innerWidth - rect.right\n\t\t\tlet offsetTop = rect.top\n\t\t\tlet offsetBottom = window.innerHeight - rect.bottom\n\n\t\t\tif (&quot;auto&quot; === 'auto') {\n\t\t\t\t$data.alignment = offsetLeft &gt; offsetRight ? 'right' : 'left'\n\t\t\t\t$data.alignmentOffset = offsetLeft &gt; offsetRight ? offsetRight : offsetLeft\n\t\t\t}\n\n\t\t\tif (&quot;auto&quot; === 'auto') {\n\t\t\t\t$data.attachment = offsetTop &gt; offsetBottom ? 'top' : 'bottom'\n\t\t\t\t$data.attachmentOffset = offsetTop &gt; offsetBottom ? offsetBottom : offsetTop\n\t\t\t}\n\t\t})\n\t\t\" class=\"news-filter-popover-trigger box can-hover\"\n\t\ttype=\"button\"\n\t\taria-controls=\"popover-69d03250426ad\"\n\t\t:aria-expanded=\"String(isVisible())\"\n\t\t@click=\"toggle()\"\n\t\tdisabled\n\t\t:disabled=\"false\"\n\t>Toutes les nouvelles<\/button>\n\t<div class=\"popover-panel\" id=\"popover-69d03250426ad\" x-bind=\"target\" style=\"display: none\">\n\t\t<div class=\"popover-panel-content\">\n\t\t\t\t\t<ul class=\"news-filter-list\">\n\t\t\t\t\t\t<li>\n\t\t\t\t\t\t\t<a\n\t\t\t\t\t\t\t\thref=\"https:\/\/www.tourdesuisse.ch\/fr\/news\/\" aria-current=\"page\"\n\t\t\t\t\t\t\t>\n\t\t\t\t\t\t\t\tToutes\n\t\t\t\t\t\t\t<\/a>\n\t\t\t\t\t\t<\/li>\n\t\t\t\t\t\t\t<li>\n\t\t\t\t\t\t\t\t<a\n\t\t\t\t\t\t\t\t\thref=\"https:\/\/www.tourdesuisse.ch\/fr\/news\/?c=messages-des-partenaires\"\n\t\t\t\t\t\t\t\t>\n\t\t\t\t\t\t\t\t\tmessages des partenaires\n\t\t\t\t\t\t\t\t<\/a>\n\t\t\t\t\t\t\t<\/li>\n\t\t\t\t\t\t\t<li>\n\t\t\t\t\t\t\t\t<a\n\t\t\t\t\t\t\t\t\thref=\"https:\/\/www.tourdesuisse.ch\/fr\/news\/?c=nachhaltigkeit-2-fr\"\n\t\t\t\t\t\t\t\t>\n\t\t\t\t\t\t\t\t\tNachhaltigkeit\n\t\t\t\t\t\t\t\t<\/a>\n\t\t\t\t\t\t\t<\/li>\n\t\t\t\t\t\t\t<li>\n\t\t\t\t\t\t\t\t<a\n\t\t\t\t\t\t\t\t\thref=\"https:\/\/www.tourdesuisse.ch\/fr\/news\/?c=nachhaltigkeit-fr\"\n\t\t\t\t\t\t\t\t>\n\t\t\t\t\t\t\t\t\tNachhaltigkeit\n\t\t\t\t\t\t\t\t<\/a>\n\t\t\t\t\t\t\t<\/li>\n\t\t\t\t\t\t\t<li>\n\t\t\t\t\t\t\t\t<a\n\t\t\t\t\t\t\t\t\thref=\"https:\/\/www.tourdesuisse.ch\/fr\/news\/?c=news-fr\"\n\t\t\t\t\t\t\t\t>\n\t\t\t\t\t\t\t\t\tNews\n\t\t\t\t\t\t\t\t<\/a>\n\t\t\t\t\t\t\t<\/li>\n\t\t\t\t\t\t\t<li>\n\t\t\t\t\t\t\t\t<a\n\t\t\t\t\t\t\t\t\thref=\"https:\/\/www.tourdesuisse.ch\/fr\/news\/?c=partner-beitraege-2-fr\"\n\t\t\t\t\t\t\t\t>\n\t\t\t\t\t\t\t\t\tPartner-Beitr\u00e4ge\n\t\t\t\t\t\t\t\t<\/a>\n\t\t\t\t\t\t\t<\/li>\n\t\t\t\t\t\t\t<li>\n\t\t\t\t\t\t\t\t<a\n\t\t\t\t\t\t\t\t\thref=\"https:\/\/www.tourdesuisse.ch\/fr\/news\/?c=women-news-fr\"\n\t\t\t\t\t\t\t\t>\n\t\t\t\t\t\t\t\t\tWomen News\n\t\t\t\t\t\t\t\t<\/a>\n\t\t\t\t\t\t\t<\/li>\n\t\t\t\t\t<\/ul>\n\t\t<\/div>\n\t<\/div>\n<\/div>\t\t<\/div>\n\t<\/div>\n\n\t<div class=\"grid-layout news-grid\">\n\n\n\n\n\n\n\n\n\n\t<a class=\"box news-box can-hover\" href=\"https:\/\/www.tourdesuisse.ch\/fr\/tour-de-suisse-un-plateau-de-classe-mondiale-et-de-nouveaux-partenariats-solides\/\"\n\t>\n\t\t<div class=\"box-image\"><img loading=\"lazy\" decoding=\"async\" width=\"382\" height=\"310\" src=\"https:\/\/www.tourdesuisse.ch\/wp-content\/uploads\/TDS_IMHOF-98-von-205-382x310.jpg\" class=\"attachment-news-box-image size-news-box-image wp-post-image\" alt=\"\" srcset=\"https:\/\/www.tourdesuisse.ch\/wp-content\/uploads\/TDS_IMHOF-98-von-205-382x310.jpg 382w, https:\/\/www.tourdesuisse.ch\/wp-content\/uploads\/TDS_IMHOF-98-von-205-764x620.jpg 764w\" sizes=\"auto, (max-width: 382px) 100vw, 382px\" \/><\/div>\n\t\t<div class=\"box-inner\">\n\t\t\t\t\t<time class=\"news-time h6\" datetime=\"2026-03-30T13:59:43+02:00\">\n\t\t\t\t\t\t30. Mar\n\t\t\t\t\t<\/time>\n\t\t\t\t\t<h4 class=\"news-title\">Tour de Suisse : un plateau de classe mondiale et de nouveaux partenariats solides<\/h4>\n\n\t\t\t\t\t<span class=\"news-more button style-text with-arrow\">\n\t\t\t\t\t\tEn savoir plus\n\t\t\t\t\t<\/span>\n\t\t<\/div>\n\t<\/a>\n\n\n\n\n\n\n\t<a class=\"box news-box can-hover\" href=\"https:\/\/www.tourdesuisse.ch\/fr\/villes-detape-partenariats-et-vedettes-du-cyclisme\/\"\n\t>\n\t\t<div class=\"box-image\"><img loading=\"lazy\" decoding=\"async\" width=\"382\" height=\"310\" src=\"https:\/\/www.tourdesuisse.ch\/wp-content\/uploads\/Buchli_Fotografie_Tour-de-Suisse-Men-2025-3.-Etappe-Aarau-Heiden_80729-1-382x310.jpg\" class=\"attachment-news-box-image size-news-box-image wp-post-image\" alt=\"Fahrer hintereinander. An der Seite Zuschauer mit Schweizer Fahnen\" srcset=\"https:\/\/www.tourdesuisse.ch\/wp-content\/uploads\/Buchli_Fotografie_Tour-de-Suisse-Men-2025-3.-Etappe-Aarau-Heiden_80729-1-382x310.jpg 382w, https:\/\/www.tourdesuisse.ch\/wp-content\/uploads\/Buchli_Fotografie_Tour-de-Suisse-Men-2025-3.-Etappe-Aarau-Heiden_80729-1-764x620.jpg 764w\" sizes=\"auto, (max-width: 382px) 100vw, 382px\" \/><\/div>\n\t\t<div class=\"box-inner\">\n\t\t\t\t\t<time class=\"news-time h6\" datetime=\"2026-03-05T11:00:18+01:00\">\n\t\t\t\t\t\t05. Mar\n\t\t\t\t\t<\/time>\n\t\t\t\t\t<h4 class=\"news-title\">Villes d\u2019\u00e9tape, partenariats et vedettes du cyclisme<\/h4>\n\n\t\t\t\t\t<span class=\"news-more button style-text with-arrow\">\n\t\t\t\t\t\tEn savoir plus\n\t\t\t\t\t<\/span>\n\t\t<\/div>\n\t<\/a>\n\n\n\n\n\n\n\t<a class=\"box news-box can-hover\" href=\"https:\/\/www.tourdesuisse.ch\/fr\/un-nouveau-depart-et-les-villes-etapes-2026\/\"\n\t>\n\t\t<div class=\"box-image\"><img loading=\"lazy\" decoding=\"async\" width=\"382\" height=\"310\" src=\"https:\/\/www.tourdesuisse.ch\/wp-content\/uploads\/Buchli_Fotografie_Tour-de-Suisse-Team-Presentation-_64530-382x310.jpg\" class=\"attachment-news-box-image size-news-box-image wp-post-image\" alt=\"Dorfplatz voller Menschen, sammeln sich um eine B\u00fchne, auf der die Fahrer sich pr\u00e4sentieren\" srcset=\"https:\/\/www.tourdesuisse.ch\/wp-content\/uploads\/Buchli_Fotografie_Tour-de-Suisse-Team-Presentation-_64530-382x310.jpg 382w, https:\/\/www.tourdesuisse.ch\/wp-content\/uploads\/Buchli_Fotografie_Tour-de-Suisse-Team-Presentation-_64530-764x620.jpg 764w\" sizes=\"auto, (max-width: 382px) 100vw, 382px\" \/><\/div>\n\t\t<div class=\"box-inner\">\n\t\t\t\t\t<time class=\"news-time h6\" datetime=\"2026-02-03T08:59:55+01:00\">\n\t\t\t\t\t\t03. F\u00e9v\n\t\t\t\t\t<\/time>\n\t\t\t\t\t<h4 class=\"news-title\">Un nouveau d\u00e9part et les villes-\u00e9tapes 2026<\/h4>\n\n\t\t\t\t\t<span class=\"news-more button style-text with-arrow\">\n\t\t\t\t\t\tEn savoir plus\n\t\t\t\t\t<\/span>\n\t\t<\/div>\n\t<\/a>\n\n\n\n\n\n\n\t<a class=\"box news-box can-hover\" href=\"https:\/\/www.tourdesuisse.ch\/fr\/primeo-energie-reste-partenaire-principal-du-tour-de-suisse\/\"\n\t>\n\t\t<div class=\"box-image\"><img loading=\"lazy\" decoding=\"async\" width=\"382\" height=\"310\" src=\"https:\/\/www.tourdesuisse.ch\/wp-content\/uploads\/TDS_IMHOF-39-von-130-382x310.jpg\" class=\"attachment-news-box-image size-news-box-image wp-post-image\" alt=\"\" srcset=\"https:\/\/www.tourdesuisse.ch\/wp-content\/uploads\/TDS_IMHOF-39-von-130-382x310.jpg 382w, https:\/\/www.tourdesuisse.ch\/wp-content\/uploads\/TDS_IMHOF-39-von-130-764x620.jpg 764w\" sizes=\"auto, (max-width: 382px) 100vw, 382px\" \/><\/div>\n\t\t<div class=\"box-inner\">\n\t\t\t\t\t<time class=\"news-time h6\" datetime=\"2025-11-13T11:10:58+01:00\">\n\t\t\t\t\t\t13. Nov 2025\n\t\t\t\t\t<\/time>\n\t\t\t\t\t<h4 class=\"news-title\">Primeo Energie reste partenaire principal du Tour de Suisse<\/h4>\n\n\t\t\t\t\t<span class=\"news-more button style-text with-arrow\">\n\t\t\t\t\t\tEn savoir plus\n\t\t\t\t\t<\/span>\n\t\t<\/div>\n\t<\/a>\n\n\n\n\n\n\n\t<a class=\"box news-box can-hover\" href=\"https:\/\/www.tourdesuisse.ch\/fr\/le-tour-de-suisse-se-reinvente\/\"\n\t>\n\t\t<div class=\"box-image\"><img loading=\"lazy\" decoding=\"async\" width=\"382\" height=\"310\" src=\"https:\/\/www.tourdesuisse.ch\/wp-content\/uploads\/Buchli_Fotografie_Tour-de-Suisse-Men-2025-3.-Etappe-Aarau-Heiden_80729-382x310.jpg\" class=\"attachment-news-box-image size-news-box-image wp-post-image\" alt=\"\" srcset=\"https:\/\/www.tourdesuisse.ch\/wp-content\/uploads\/Buchli_Fotografie_Tour-de-Suisse-Men-2025-3.-Etappe-Aarau-Heiden_80729-382x310.jpg 382w, https:\/\/www.tourdesuisse.ch\/wp-content\/uploads\/Buchli_Fotografie_Tour-de-Suisse-Men-2025-3.-Etappe-Aarau-Heiden_80729-764x620.jpg 764w\" sizes=\"auto, (max-width: 382px) 100vw, 382px\" \/><\/div>\n\t\t<div class=\"box-inner\">\n\t\t\t\t\t<time class=\"news-time h6\" datetime=\"2025-09-25T10:58:02+02:00\">\n\t\t\t\t\t\t25. Sep 2025\n\t\t\t\t\t<\/time>\n\t\t\t\t\t<h4 class=\"news-title\">Le Tour de Suisse se r\u00e9invente<\/h4>\n\n\t\t\t\t\t<span class=\"news-more button style-text with-arrow\">\n\t\t\t\t\t\tEn savoir plus\n\t\t\t\t\t<\/span>\n\t\t<\/div>\n\t<\/a>\n\n\n\n\n\n\n\t<a class=\"box news-box can-hover\" href=\"https:\/\/www.tourdesuisse.ch\/fr\/week-end-de-la-finale-a-vaduz-repousse-a-2027\/\"\n\t>\n\t\t<div class=\"box-image\"><img loading=\"lazy\" decoding=\"async\" width=\"382\" height=\"310\" src=\"https:\/\/www.tourdesuisse.ch\/wp-content\/uploads\/53779754826_3d075ddfcb_b-382x310.jpg\" class=\"attachment-news-box-image size-news-box-image wp-post-image\" alt=\"\" srcset=\"https:\/\/www.tourdesuisse.ch\/wp-content\/uploads\/53779754826_3d075ddfcb_b-382x310.jpg 382w, https:\/\/www.tourdesuisse.ch\/wp-content\/uploads\/53779754826_3d075ddfcb_b-764x620.jpg 764w\" sizes=\"auto, (max-width: 382px) 100vw, 382px\" \/><\/div>\n\t\t<div class=\"box-inner\">\n\t\t\t\t\t<time class=\"news-time h6\" datetime=\"2025-07-22T13:17:56+02:00\">\n\t\t\t\t\t\t22. Juil 2025\n\t\t\t\t\t<\/time>\n\t\t\t\t\t<h4 class=\"news-title\">Week-end de la finale \u00e0 Vaduz repouss\u00e9 \u00e0 2027<\/h4>\n\n\t\t\t\t\t<span class=\"news-more button style-text with-arrow\">\n\t\t\t\t\t\tEn savoir plus\n\t\t\t\t\t<\/span>\n\t\t<\/div>\n\t<\/a>\n\n\n\n\n\n\n\t<a class=\"box news-box can-hover\" href=\"https:\/\/www.tourdesuisse.ch\/fr\/joao-almeida-remporte-le-tour-de-suisse-2025\/\"\n\t>\n\t\t<div class=\"box-image\"><img loading=\"lazy\" decoding=\"async\" width=\"382\" height=\"310\" src=\"https:\/\/www.tourdesuisse.ch\/wp-content\/uploads\/TDS_IMHOF-5-von-5-1-382x310.jpg\" class=\"attachment-news-box-image size-news-box-image wp-post-image\" alt=\"\" srcset=\"https:\/\/www.tourdesuisse.ch\/wp-content\/uploads\/TDS_IMHOF-5-von-5-1-382x310.jpg 382w, https:\/\/www.tourdesuisse.ch\/wp-content\/uploads\/TDS_IMHOF-5-von-5-1-764x620.jpg 764w\" sizes=\"auto, (max-width: 382px) 100vw, 382px\" \/><\/div>\n\t\t<div class=\"box-inner\">\n\t\t\t\t\t<time class=\"news-time h6\" datetime=\"2025-06-22T18:29:53+02:00\">\n\t\t\t\t\t\t22. Juin 2025\n\t\t\t\t\t<\/time>\n\t\t\t\t\t<h4 class=\"news-title\">Joao Almeida remporte le Tour de Suisse 2025<\/h4>\n\n\t\t\t\t\t<span class=\"news-more button style-text with-arrow\">\n\t\t\t\t\t\tEn savoir plus\n\t\t\t\t\t<\/span>\n\t\t<\/div>\n\t<\/a>\n\n\n\n\n\n\n\t<a class=\"box news-box can-hover\" href=\"https:\/\/www.tourdesuisse.ch\/fr\/almeida-simpose-au-sprint-et-grappille-des-secondes-precieuses\/\"\n\t>\n\t\t<div class=\"box-image\"><img loading=\"lazy\" decoding=\"async\" width=\"382\" height=\"310\" src=\"https:\/\/www.tourdesuisse.ch\/wp-content\/uploads\/TDS_IMHOF-1-von-8-1-382x310.jpg\" class=\"attachment-news-box-image size-news-box-image wp-post-image\" alt=\"\" srcset=\"https:\/\/www.tourdesuisse.ch\/wp-content\/uploads\/TDS_IMHOF-1-von-8-1-382x310.jpg 382w, https:\/\/www.tourdesuisse.ch\/wp-content\/uploads\/TDS_IMHOF-1-von-8-1-764x620.jpg 764w\" sizes=\"auto, (max-width: 382px) 100vw, 382px\" \/><\/div>\n\t\t<div class=\"box-inner\">\n\t\t\t\t\t<time class=\"news-time h6\" datetime=\"2025-06-21T17:59:40+02:00\">\n\t\t\t\t\t\t21. Juin 2025\n\t\t\t\t\t<\/time>\n\t\t\t\t\t<h4 class=\"news-title\">Almeida s\u2019impose au sprint et grappille des secondes pr\u00e9cieuses<\/h4>\n\n\t\t\t\t\t<span class=\"news-more button style-text with-arrow\">\n\t\t\t\t\t\tEn savoir plus\n\t\t\t\t\t<\/span>\n\t\t<\/div>\n\t<\/a>\n\n\n\n\n\n\n\t<a class=\"box news-box can-hover\" href=\"https:\/\/www.tourdesuisse.ch\/fr\/meeus-prive-les-suisses-de-victoire-detape\/\"\n\t>\n\t\t<div class=\"box-image\"><img loading=\"lazy\" decoding=\"async\" width=\"382\" height=\"310\" src=\"https:\/\/www.tourdesuisse.ch\/wp-content\/uploads\/Buchli_Fotografie_Tour-de-Suisse-Men-2025-5.-Etappe-Chur-Neuhausen-am-Rheinfall_99073-1-382x310.jpg\" class=\"attachment-news-box-image size-news-box-image wp-post-image\" alt=\"\" srcset=\"https:\/\/www.tourdesuisse.ch\/wp-content\/uploads\/Buchli_Fotografie_Tour-de-Suisse-Men-2025-5.-Etappe-Chur-Neuhausen-am-Rheinfall_99073-1-382x310.jpg 382w, https:\/\/www.tourdesuisse.ch\/wp-content\/uploads\/Buchli_Fotografie_Tour-de-Suisse-Men-2025-5.-Etappe-Chur-Neuhausen-am-Rheinfall_99073-1-764x620.jpg 764w\" sizes=\"auto, (max-width: 382px) 100vw, 382px\" \/><\/div>\n\t\t<div class=\"box-inner\">\n\t\t\t\t\t<time class=\"news-time h6\" datetime=\"2025-06-20T17:45:49+02:00\">\n\t\t\t\t\t\t20. Juin 2025\n\t\t\t\t\t<\/time>\n\t\t\t\t\t<h4 class=\"news-title\">Meeus prive les Suisses de victoire d\u2019\u00e9tape<\/h4>\n\n\t\t\t\t\t<span class=\"news-more button style-text with-arrow\">\n\t\t\t\t\t\tEn savoir plus\n\t\t\t\t\t<\/span>\n\t\t<\/div>\n\t<\/a>\n\n\t<\/div>\n\n\t<div class=\"news-grid-controls\">\n<div class=\"page-nav\"><span aria-current=\"page\" class=\"page-numbers current\">1<\/span>\n<a class=\"page-numbers\" href=\"https:\/\/www.tourdesuisse.ch\/fr\/wp-json\/wp\/v2\/pages\/2287\/page\/2\/\">2<\/a>\n<a class=\"page-numbers\" href=\"https:\/\/www.tourdesuisse.ch\/fr\/wp-json\/wp\/v2\/pages\/2287\/page\/3\/\">3<\/a>\n<span class=\"page-numbers dots\">\u2026<\/span>\n<a class=\"page-numbers\" href=\"https:\/\/www.tourdesuisse.ch\/fr\/wp-json\/wp\/v2\/pages\/2287\/page\/13\/\">13<\/a><\/div>\t<\/div>\n<\/div>\n<\/div><\/div>\n<\/div><\/div>","protected":false},"excerpt":{"rendered":"<p>Page d\u2019accueil Nouvelles NOUVELLES Toutes les nouvelles Toutes messages des partenaires Nachhaltigkeit Nachhaltigkeit News Partner-Beitr\u00e4ge Women News 30. Mar Tour de Suisse : un plateau de classe mondiale et de nouveaux partenariats solides En savoir plus 05. Mar Villes d\u2019\u00e9tape, partenariats et vedettes du cyclisme En savoir plus 03. F\u00e9v Un nouveau d\u00e9part et les [&hellip;]<\/p>\n","protected":false},"author":1,"featured_media":0,"parent":0,"menu_order":0,"comment_status":"closed","ping_status":"closed","template":"","meta":{"_acf_changed":false,"inline_featured_image":false,"footnotes":""},"class_list":["post-2287","page","type-page","status-publish","hentry"],"acf":[],"_links":{"self":[{"href":"https:\/\/www.tourdesuisse.ch\/fr\/wp-json\/wp\/v2\/pages\/2287","targetHints":{"allow":["GET"]}}],"collection":[{"href":"https:\/\/www.tourdesuisse.ch\/fr\/wp-json\/wp\/v2\/pages"}],"about":[{"href":"https:\/\/www.tourdesuisse.ch\/fr\/wp-json\/wp\/v2\/types\/page"}],"author":[{"embeddable":true,"href":"https:\/\/www.tourdesuisse.ch\/fr\/wp-json\/wp\/v2\/users\/1"}],"replies":[{"embeddable":true,"href":"https:\/\/www.tourdesuisse.ch\/fr\/wp-json\/wp\/v2\/comments?post=2287"}],"version-history":[{"count":10,"href":"https:\/\/www.tourdesuisse.ch\/fr\/wp-json\/wp\/v2\/pages\/2287\/revisions"}],"predecessor-version":[{"id":4837,"href":"https:\/\/www.tourdesuisse.ch\/fr\/wp-json\/wp\/v2\/pages\/2287\/revisions\/4837"}],"wp:attachment":[{"href":"https:\/\/www.tourdesuisse.ch\/fr\/wp-json\/wp\/v2\/media?parent=2287"}],"curies":[{"name":"wp","href":"https:\/\/api.w.org\/{rel}","templated":true}]}}