{"id":2291,"date":"2024-01-11T13:19:15","date_gmt":"2024-01-11T12:19:15","guid":{"rendered":"https:\/\/tourdesuisse.ch.ownb.it\/teams\/"},"modified":"2025-06-14T21:23:49","modified_gmt":"2025-06-14T19:23:49","slug":"equipes","status":"publish","type":"page","link":"https:\/\/www.tourdesuisse.ch\/fr\/equipes\/","title":{"rendered":"\u00c9quipes"},"content":{"rendered":"\n<div class=\"background style-pattern\">\n\n<div class=\"intro-section page-section style-default layout-default align-default with-content\">\n\t<div class=\"section-grid grid-layout container\">\n\t\t<div style=\"--grid-layout-index: 1; --col-xs: 12; --col-sm: 12; --col-md: 12; --col-lg: 12; --col-xl: 12\" class=\"section-item layout-default layout-margin-default\">\n\t\t\t<div class=\"intro-background-title\" data-content=\"2025\">2025<\/div>\n\t\t\t<div class=\"intro-title-wrapper\">\n\t\t\t\t<h1 class=\"intro-title\">\u00c9QUIPES ET LISTE DE D\u00c9PART<\/h1>\n\t\t\t<\/div>\n\t\t\t<div class=\"intro-content lead-text\">\n\t\t\t\t<p>Du 15 au 22 juin 2025, les meilleures \u00e9quipes du monde s&#8217;affronteront \u00e0 nouveau sur les routes de la Suisse. Lors de la quatri\u00e8me plus grande course par \u00e9tapes du monde, toutes les \u00e9quipes UCI WorldTeams seront \u00e0 nouveau au d\u00e9part chez les hommes.<\/p>\n\n\t\t\t<\/div>\n\t\t<\/div>\n\t<\/div>\n<\/div>\n\n\n<div  class=\"page-section style-default layout-default align-default\">\n\t<div class=\"section-grid grid-layout container\"><div  style=\"--grid-layout-index: 1\" class=\"section-item layout-default layout-margin-default\"><iframe loading=\"lazy\" src=\"https:\/\/secure.cyclingprodata.com\/widgets\/latest\/widgets.html?type=teams&#038;tour_id=853&#038;accent_color=a61b2a\" style=\"border:0px #ffffff none;\" name=\"myiFrame\" scrolling=\"yes\" frameborder=\"0\" marginheight=\"0px\" marginwidth=\"0px\" height=\"600px\" width=\"100%\" allowfullscreen><\/iframe><\/div><\/div>\n<\/div><\/div>","protected":false},"excerpt":{"rendered":"<p>2025 \u00c9QUIPES ET LISTE DE D\u00c9PART Du 15 au 22 juin 2025, les meilleures \u00e9quipes du monde s&#8217;affronteront \u00e0 nouveau sur les routes de la Suisse. Lors de la quatri\u00e8me plus grande course par \u00e9tapes du monde, toutes les \u00e9quipes UCI WorldTeams seront \u00e0 nouveau au d\u00e9part chez les hommes.<\/p>\n","protected":false},"author":1,"featured_media":0,"parent":0,"menu_order":0,"comment_status":"closed","ping_status":"closed","template":"","meta":{"_acf_changed":false,"inline_featured_image":false,"footnotes":""},"class_list":["post-2291","page","type-page","status-publish","hentry"],"acf":[],"_links":{"self":[{"href":"https:\/\/www.tourdesuisse.ch\/fr\/wp-json\/wp\/v2\/pages\/2291","targetHints":{"allow":["GET"]}}],"collection":[{"href":"https:\/\/www.tourdesuisse.ch\/fr\/wp-json\/wp\/v2\/pages"}],"about":[{"href":"https:\/\/www.tourdesuisse.ch\/fr\/wp-json\/wp\/v2\/types\/page"}],"author":[{"embeddable":true,"href":"https:\/\/www.tourdesuisse.ch\/fr\/wp-json\/wp\/v2\/users\/1"}],"replies":[{"embeddable":true,"href":"https:\/\/www.tourdesuisse.ch\/fr\/wp-json\/wp\/v2\/comments?post=2291"}],"version-history":[{"count":10,"href":"https:\/\/www.tourdesuisse.ch\/fr\/wp-json\/wp\/v2\/pages\/2291\/revisions"}],"predecessor-version":[{"id":32958,"href":"https:\/\/www.tourdesuisse.ch\/fr\/wp-json\/wp\/v2\/pages\/2291\/revisions\/32958"}],"wp:attachment":[{"href":"https:\/\/www.tourdesuisse.ch\/fr\/wp-json\/wp\/v2\/media?parent=2291"}],"curies":[{"name":"wp","href":"https:\/\/api.w.org\/{rel}","templated":true}]}}