{"id":2363,"date":"2024-02-28T14:50:36","date_gmt":"2024-02-28T13:50:36","guid":{"rendered":"https:\/\/tourdesuisse.ch.ownb.it\/tv-uebertragung\/"},"modified":"2025-05-23T09:30:26","modified_gmt":"2025-05-23T07:30:26","slug":"broadcast","status":"publish","type":"page","link":"https:\/\/www.tourdesuisse.ch\/fr\/broadcast\/","title":{"rendered":"TV Broadcast"},"content":{"rendered":"\n<div class=\"background style-pattern\">\n\n<div class=\"intro-section page-section style-default layout-default align-default with-content\">\n\t<div class=\"section-grid grid-layout container\">\n\t\t<div style=\"--grid-layout-index: 1; --col-xs: 12; --col-sm: 12; --col-md: 12; --col-lg: 12; --col-xl: 12\" class=\"section-item layout-default layout-margin-default\">\n\t\t\t<div class=\"intro-background-title\" data-content=\"2025\">2025<\/div>\n\t\t\t<div class=\"intro-title-wrapper\">\n\t\t\t\t<h1 class=\"intro-title\">Broadcast<\/h1>\n\t\t\t<\/div>\n\t\t\t<div class=\"intro-content lead-text\">\n\t\t\t\t<h2>O\u00f9 puis-je regarder le Tour de Suisse ?<\/h2>\n<p>Le Tour de Suisse est retransmis en direct dans le monde entier. Les heures de diffusion pour la Suisse sont indiqu\u00e9es ci-dessous. Pour plus d\u2019informations sur les horaires de diffusion de ta cha\u00eene locale \u00e0 l\u2019\u00e9tranger, consulte le site web de ton d\u00e9tenteur de droits local.<\/p>\n\n\t\t\t<\/div>\n\t\t<\/div>\n\t<\/div>\n<\/div>\n\n<\/div><div  class=\"page-section style-default layout-default align-default\">\n\t<div class=\"section-grid grid-layout container\"><div  style=\"--grid-layout-index: 1\" class=\"section-item layout-default layout-margin-default\"><div class=\"accordion-wrapper\">\n\t<div class=\"accordion-group\">\n\n\n\n\n<div class=\"wpce-accordion accordion\" id=\"broadcasters-tour-de-suisse-men\">\n\t<div class=\"accordion-heading-wrapper\" role=\"heading\" aria-level=\"3\">\n\t\t<button\n\t\t\ttype=\"button\"\n\t\t\tclass=\"accordion-heading\"\n\t\t\tid=\"accordion-header-a8635675-8007-4f09-a7fe-bb3cef14472b\"\n\t\t\taria-controls=\"accordion-content-a8635675-8007-4f09-a7fe-bb3cef14472b\"\n\t\t>\n\t\t\tBroadcasters Tour de Suisse Men\n\n\t\t\t<div class=\"accordion-icon-wrapper toggle-wrapper\">\n\t\t\t\t<svg class=\"toggle-icon\" width=\"22\" height=\"22\" viewBox=\"0 0 22 22\" xmlns=\"http:\/\/www.w3.org\/2000\/svg\">\n\t\t\t\t\t<g fill=\"currentColor\" fill-rule=\"evenodd\">\n\t\t\t\t\t\t<rect y=\"10\" width=\"22\" height=\"2\"><\/rect>\n\t\t\t\t\t\t<polygon class=\"toggle-icon-vertical\" points=\"12 0 12 22 10 22 10 0\"><\/polygon>\n\t\t\t\t\t<\/g>\n\t\t\t\t<\/svg>\n\t\t\t<\/div>\n\t\t<\/button>\n\t<\/div>\n\t<div\n\t\tclass=\"accordion-inner\"\n\t\tid=\"accordion-content-a8635675-8007-4f09-a7fe-bb3cef14472b\"\n\t\trole=\"region\"\n\t\taria-labelledby=\"accordion-header-a8635675-8007-4f09-a7fe-bb3cef14472b\"\n\t>\n<h2><span lang=\"en-GB\">Swiss Broadcasters<\/span><\/h2>\n<p><span lang=\"en-GB\">SRF 2 &amp; Livestream SRF Sport App et\u00a0<a href=\"https:\/\/www.srf.ch\/sport\" target=\"_blank\" rel=\"noopener\">srf.ch\/sport<\/a> (Suisse allemande)<br \/>\n<\/span>RTS 2 &amp; Livestream RTS Sport App et\u00a0<a href=\"https:\/\/www.rts.ch\/sport\" target=\"_blank\" rel=\"noopener\">rts.ch\/sport<\/a>\u00a0(Suisse Romande)<br \/>\nRSI LA2 &amp; Livestream RSI Sport App et\u00a0<a href=\"https:\/\/www.rsi.ch\/sport\/\" target=\"_blank\" rel=\"noopener\">rsi.ch\/sport<\/a>\u00a0(Suisse italienne)<\/p>\n<h4><strong><span lang=\"en-GB\">Heures de Transmission t\u00e9l\u00e9vis\u00e9e du Tour de Suisse Hommes en Suisse<\/span><\/strong><\/h4>\n\n\n<div class=\"table-container\">\n\t<table class=\"table\">\n\t\t<tbody>\n\t\t\t<tr>\n\t\t\t\t\t<td><h6>Date<\/h6><\/td>\n\t\t\t\t\t<td><h6>Temps<\/h6><\/td>\n\t\t\t<\/tr>\n\t\t\t<tr>\n\t\t\t\t\t<td><p>Dimanche, 15.06.2025<\/p><\/td>\n\t\t\t\t\t<td><p>RTS 2 d\u00e8s 15h00<\/p><\/td>\n\t\t\t<\/tr>\n\t\t\t<tr>\n\t\t\t\t\t<td><p>Lundi, 16.06.2025<\/p><\/td>\n\t\t\t\t\t<td><p>RTS 2 d\u00e8s 15h00<\/p><\/td>\n\t\t\t<\/tr>\n\t\t\t<tr>\n\t\t\t\t\t<td><p>Mardi, 17.06.2025<\/p><\/td>\n\t\t\t\t\t<td><p>RTS 2 d\u00e8s 15h00<\/p><\/td>\n\t\t\t<\/tr>\n\t\t\t<tr>\n\t\t\t\t\t<td><p>Mercredi, 18.06.2025<\/p><\/td>\n\t\t\t\t\t<td><p>RTS 2 d\u00e8s 15h00<\/p><\/td>\n\t\t\t<\/tr>\n\t\t\t<tr>\n\t\t\t\t\t<td><p>Jeudi, 19.06.2025<\/p><\/td>\n\t\t\t\t\t<td><p>RTS 2 d\u00e8s 15h00<\/p><\/td>\n\t\t\t<\/tr>\n\t\t\t<tr>\n\t\t\t\t\t<td><p>Vendredi, 20.06.2025<\/p><\/td>\n\t\t\t\t\t<td><p>RTS 2 d\u00e8s 15h00<\/p><\/td>\n\t\t\t<\/tr>\n\t\t\t<tr>\n\t\t\t\t\t<td><p>Samedi, 21.06.2025<\/p><\/td>\n\t\t\t\t\t<td><p>RTS 2 d\u00e8s 15h00<\/p><\/td>\n\t\t\t<\/tr>\n\t\t\t<tr>\n\t\t\t\t\t<td><p>Dimanche, 22.06.2025<\/p><\/td>\n\t\t\t\t\t<td><p>RTS 2 d\u00e8s 15h00<\/p><\/td>\n\t\t\t<\/tr>\n\t\t<\/tbody>\n\t<\/table>\n<\/div>\n<h2><span lang=\"en-GB\">INTERNATIONAL BROADCASTERS<\/span><\/h2>\n\n\n<div class=\"table-container\">\n\t<table class=\"table\">\n\t\t<tbody>\n\t\t\t<tr>\n\t\t\t\t\t<td><h5><strong>Broadcast Partner<\/strong><\/h5><\/td>\n\t\t\t\t\t<td><h5><strong>Countries<\/strong><\/h5><\/td>\n\t\t\t<\/tr>\n\t\t\t<tr>\n\t\t\t\t\t<td><p style=\"text-align: left;\">Eurosport<\/p><\/td>\n\t\t\t\t\t<td><p><strong>Europe:<\/strong><br \/>Albania, Andorra, Armenia, Austria, Azerbaijan, Belgium, Bosnia and Herzegovina, Bulgaria, Croatia, Cyprus, Czechia, Denmark, Estonia, Finland, France, Georgia, Germany, Greece, Hungary, Iceland, Ireland, Italy, Kazakhstan, Kosovo, Latvia, Liechtenstein, Lithuania, Luxembourg, Malta, Moldova, Monaco, Montenegro, Netherlands, North Macedonia, Norway, Poland, Portugal, Romania, San Marino, Serbia, Slovakia, Slovenia, Spain, Sweden, Switzerland, Turkey, Ukraine, United Kingdom, Vatican City<\/p><p><strong>Pan-Asia:<\/strong><br \/>Indonesia, Malaysia, Macau, Mongolia, Papua New Guinea, Philippines, Singapore, South Korea, Taiwan, Thailand, Bangladesh, Bhutan, India, Maldives, Nepal, Pakistan &amp; Sri Lanka<\/p><\/td>\n\t\t\t<\/tr>\n\t\t\t<tr>\n\t\t\t\t\t<td><p>FloSports<\/p><\/td>\n\t\t\t\t\t<td><p>USA, Canada, American Samoa, Guam, Puerto Rico, US Virgin Islands &amp; Northern Mariana<\/p><\/td>\n\t\t\t<\/tr>\n\t\t\t<tr>\n\t\t\t\t\t<td><p>TV2<\/p><\/td>\n\t\t\t\t\t<td><p>Denmark<\/p><\/td>\n\t\t\t<\/tr>\n\t\t\t<tr>\n\t\t\t\t\t<td><p>L&#8217;Equipe<\/p><\/td>\n\t\t\t\t\t<td><p>France, Andorra, Monaco &amp; French Overseas Territories<\/p><\/td>\n\t\t\t<\/tr>\n\t\t\t<tr>\n\t\t\t\t\t<td><p>ORF (News only)<\/p><\/td>\n\t\t\t\t\t<td><p>Austria<\/p><\/td>\n\t\t\t<\/tr>\n\t\t\t<tr>\n\t\t\t\t\t<td><p>RTL<\/p><\/td>\n\t\t\t\t\t<td><p>Belgium<\/p><\/td>\n\t\t\t<\/tr>\n\t\t\t<tr>\n\t\t\t\t\t<td><p>Supersport<\/p><\/td>\n\t\t\t\t\t<td><p>Angola, Burundi, Benin, Botswana, Burkina Faso, Cameroon, Central African Republic, Chad, Congo, Cape Verde, Cote d&#8217;lvoire, Comoros, Democratic Republic of Congo, Djibouti, Equatorial Guinea, Eritrea, Ethiopia, Gabon, Gambia, Ghana, Guinea, Guinea Bissau, Kenya, Lesotho, Liberia, Madagascar, Malawi, Mauritius, Mayotte, Mozambique, Mali, Mauritania, Namibia, Nigeria, Niger, Reunion, Rwanda, South Africa, Eswatini, S\u00e3o Tome and Principe, St Helena and Ascension, Senegal, Sierra Leone, Seychelles, Socotra, Tanzania, Togo, Uganda, Zimbabwe, Zambia.<\/p><\/td>\n\t\t\t<\/tr>\n\t\t\t<tr>\n\t\t\t\t\t<td><p>EBU (News only)<\/p><\/td>\n\t\t\t\t\t<td><p>Pan-Europe<\/p><\/td>\n\t\t\t<\/tr>\n\t\t\t<tr>\n\t\t\t\t\t<td><p>AMC<\/p><\/td>\n\t\t\t\t\t<td><p>Hungary<\/p><\/td>\n\t\t\t<\/tr>\n\t\t\t<tr>\n\t\t\t\t\t<td><p>CzechTV<\/p><\/td>\n\t\t\t\t\t<td><p>Czechia<\/p><\/td>\n\t\t\t<\/tr>\n\t\t\t<tr>\n\t\t\t\t\t<td><p>JOJ<\/p><\/td>\n\t\t\t\t\t<td><p>Slovakia<\/p><\/td>\n\t\t\t<\/tr>\n\t\t\t<tr>\n\t\t\t\t\t<td><p>Arena Sport<\/p><\/td>\n\t\t\t\t\t<td><p>Serbia, Kosovo, North Macedonia, Slovenia, Croatia, Montenegro<\/p><\/td>\n\t\t\t<\/tr>\n\t\t<\/tbody>\n\t<\/table>\n<\/div>\n<p>Pour plus d\u2019informations sur les horaires de diffusion de ta cha\u00eene locale \u00e0 l\u2019\u00e9tranger, consulte le site web de ton d\u00e9tenteur de droits local.<\/p>\n\t<\/div>\n<\/div>\n\n\n\n\n<div class=\"wpce-accordion accordion\" id=\"broadcasters-tour-de-suisse-women\">\n\t<div class=\"accordion-heading-wrapper\" role=\"heading\" aria-level=\"3\">\n\t\t<button\n\t\t\ttype=\"button\"\n\t\t\tclass=\"accordion-heading\"\n\t\t\tid=\"accordion-header-610ecfe0-8b21-418b-8de0-e43bdf284328\"\n\t\t\taria-controls=\"accordion-content-610ecfe0-8b21-418b-8de0-e43bdf284328\"\n\t\t>\n\t\t\tBroadcasters Tour de Suisse Women\n\n\t\t\t<div class=\"accordion-icon-wrapper toggle-wrapper\">\n\t\t\t\t<svg class=\"toggle-icon\" width=\"22\" height=\"22\" viewBox=\"0 0 22 22\" xmlns=\"http:\/\/www.w3.org\/2000\/svg\">\n\t\t\t\t\t<g fill=\"currentColor\" fill-rule=\"evenodd\">\n\t\t\t\t\t\t<rect y=\"10\" width=\"22\" height=\"2\"><\/rect>\n\t\t\t\t\t\t<polygon class=\"toggle-icon-vertical\" points=\"12 0 12 22 10 22 10 0\"><\/polygon>\n\t\t\t\t\t<\/g>\n\t\t\t\t<\/svg>\n\t\t\t<\/div>\n\t\t<\/button>\n\t<\/div>\n\t<div\n\t\tclass=\"accordion-inner\"\n\t\tid=\"accordion-content-610ecfe0-8b21-418b-8de0-e43bdf284328\"\n\t\trole=\"region\"\n\t\taria-labelledby=\"accordion-header-610ecfe0-8b21-418b-8de0-e43bdf284328\"\n\t>\n<h2><span lang=\"en-GB\">Swiss Broadcasters<\/span><\/h2>\n<p><span lang=\"en-GB\">SRF 2 &amp; Livestream SRF Sport App et\u00a0<a href=\"https:\/\/www.srf.ch\/sport\" target=\"_blank\" rel=\"noopener\">srf.ch\/sport<\/a> (Suisse allemande)<br \/>\n<\/span>RTS 2 &amp; Livestream RTS Sport App et\u00a0<a href=\"https:\/\/www.rts.ch\/sport\" target=\"_blank\" rel=\"noopener\">rts.ch\/sport<\/a>\u00a0(Suisse Romande)<br \/>\nRSI LA2 &amp; Livestream RSI Sport App et\u00a0<a href=\"https:\/\/www.rsi.ch\/sport\/\" target=\"_blank\" rel=\"noopener\">rsi.ch\/sport<\/a>\u00a0(Suisse italienne)<\/p>\n<h4><strong><span lang=\"en-GB\">Heures de Transmission t\u00e9l\u00e9vis\u00e9e du Tour de Suisse f\u00e9minin en Suisse<\/span><\/strong><\/h4>\n\n\n<div class=\"table-container\">\n\t<table class=\"table\">\n\t\t<tbody>\n\t\t\t<tr>\n\t\t\t\t\t<td><h6>Datum<\/h6><\/td>\n\t\t\t\t\t<td><h6>Zeit<\/h6><\/td>\n\t\t\t<\/tr>\n\t\t\t<tr>\n\t\t\t\t\t<td><p>Jeudi, 12.06.2025<\/p><\/td>\n\t\t\t\t\t<td><p>RTS 2 d\u00e8s 15h00<\/p><\/td>\n\t\t\t<\/tr>\n\t\t\t<tr>\n\t\t\t\t\t<td><p>Vendredi, 13.06.2025<\/p><\/td>\n\t\t\t\t\t<td><p>RTS 2 d\u00e8s 15h00<\/p><\/td>\n\t\t\t<\/tr>\n\t\t\t<tr>\n\t\t\t\t\t<td><p>Samedi, 14.06.2025<\/p><\/td>\n\t\t\t\t\t<td><p>RTS 2 d\u00e8s 14h00<\/p><\/td>\n\t\t\t<\/tr>\n\t\t\t<tr>\n\t\t\t\t\t<td><p>Dimanche, 15.06.2025<\/p><\/td>\n\t\t\t\t\t<td><p>RTS 2 d\u00e8s 11h00<\/p><\/td>\n\t\t\t<\/tr>\n\t\t<\/tbody>\n\t<\/table>\n<\/div>\n<h2><span lang=\"en-GB\">INTERNATIONAL BROADCASTERS<\/span><\/h2>\n\n\n<div class=\"table-container\">\n\t<table class=\"table\">\n\t\t<tbody>\n\t\t\t<tr>\n\t\t\t\t\t<td><h6><strong>Broadcast Partner<\/strong><\/h6><\/td>\n\t\t\t\t\t<td><h6><strong>Countries<\/strong><\/h6><\/td>\n\t\t\t<\/tr>\n\t\t\t<tr>\n\t\t\t\t\t<td><p style=\"text-align: left;\">Eurosport<\/p><\/td>\n\t\t\t\t\t<td><p><strong>Europe:<\/strong><br \/>Albania, Andorra, Armenia, Austria, Azerbaijan, Belgium, Bosnia and Herzegovina, Bulgaria, Croatia, Cyprus, Czechia, Denmark, Estonia, Finland, France, Georgia, Germany, Greece, Hungary, Iceland, Ireland, Italy, Kazakhstan, Kosovo, Latvia, Liechtenstein, Lithuania, Luxembourg, Malta, Moldova, Monaco, Montenegro, Netherlands, North Macedonia, Norway, Poland, Portugal, Romania, San Marino, Serbia, Slovakia, Slovenia, Spain, Sweden, Switzerland, Turkey, Ukraine, United Kingdom, Vatican City<\/p><p><strong>Pan-Asia:<\/strong><br \/>Indonesia, Malaysia, Macau, Mongolia, Papua New Guinea, Philippines, Singapore, South Korea, Taiwan, Thailand, Bangladesh, Bhutan, India, Maldives, Nepal, Pakistan &amp; Sri Lanka<\/p><\/td>\n\t\t\t<\/tr>\n\t\t\t<tr>\n\t\t\t\t\t<td><p>FloSports<\/p><\/td>\n\t\t\t\t\t<td><p>USA, Canada, American Samoa, Guam, Puerto Rico, US Virgin Islands &amp; Northern Mariana<\/p><\/td>\n\t\t\t<\/tr>\n\t\t\t<tr>\n\t\t\t\t\t<td><p>L&#8217;Equipe<\/p><\/td>\n\t\t\t\t\t<td><p>France &amp; French Overseas Territories<\/p><\/td>\n\t\t\t<\/tr>\n\t\t\t<tr>\n\t\t\t\t\t<td><p>ORF (News only)<\/p><\/td>\n\t\t\t\t\t<td><p>Austria<\/p><\/td>\n\t\t\t<\/tr>\n\t\t\t<tr>\n\t\t\t\t\t<td><p>RTL<\/p><\/td>\n\t\t\t\t\t<td><p>Belgium<\/p><\/td>\n\t\t\t<\/tr>\n\t\t\t<tr>\n\t\t\t\t\t<td><p>EBU (News only)<\/p><\/td>\n\t\t\t\t\t<td><p>Pan-Europe<\/p><\/td>\n\t\t\t<\/tr>\n\t\t<\/tbody>\n\t<\/table>\n<\/div>\n<p>Pour plus d\u2019informations sur les horaires de diffusion de ta cha\u00eene locale \u00e0 l\u2019\u00e9tranger, consulte le site web de ton d\u00e9tenteur de droits local.<\/p>\n\t<\/div>\n<\/div>\t<\/div>\n<\/div>\n<\/div><\/div>\n<\/div>","protected":false},"excerpt":{"rendered":"<p>2025 Broadcast O\u00f9 puis-je regarder le Tour de Suisse ? Le Tour de Suisse est retransmis en direct dans le monde entier. Les heures de diffusion pour la Suisse sont indiqu\u00e9es ci-dessous. Pour plus d\u2019informations sur les horaires de diffusion de ta cha\u00eene locale \u00e0 l\u2019\u00e9tranger, consulte le site web de ton d\u00e9tenteur de droits [&hellip;]<\/p>\n","protected":false},"author":2,"featured_media":8152,"parent":0,"menu_order":0,"comment_status":"closed","ping_status":"closed","template":"","meta":{"_acf_changed":false,"inline_featured_image":false,"footnotes":""},"class_list":["post-2363","page","type-page","status-publish","has-post-thumbnail","hentry"],"acf":[],"_links":{"self":[{"href":"https:\/\/www.tourdesuisse.ch\/fr\/wp-json\/wp\/v2\/pages\/2363","targetHints":{"allow":["GET"]}}],"collection":[{"href":"https:\/\/www.tourdesuisse.ch\/fr\/wp-json\/wp\/v2\/pages"}],"about":[{"href":"https:\/\/www.tourdesuisse.ch\/fr\/wp-json\/wp\/v2\/types\/page"}],"author":[{"embeddable":true,"href":"https:\/\/www.tourdesuisse.ch\/fr\/wp-json\/wp\/v2\/users\/2"}],"replies":[{"embeddable":true,"href":"https:\/\/www.tourdesuisse.ch\/fr\/wp-json\/wp\/v2\/comments?post=2363"}],"version-history":[{"count":10,"href":"https:\/\/www.tourdesuisse.ch\/fr\/wp-json\/wp\/v2\/pages\/2363\/revisions"}],"predecessor-version":[{"id":13708,"href":"https:\/\/www.tourdesuisse.ch\/fr\/wp-json\/wp\/v2\/pages\/2363\/revisions\/13708"}],"wp:featuredmedia":[{"embeddable":true,"href":"https:\/\/www.tourdesuisse.ch\/fr\/wp-json\/wp\/v2\/media\/8152"}],"wp:attachment":[{"href":"https:\/\/www.tourdesuisse.ch\/fr\/wp-json\/wp\/v2\/media?parent=2363"}],"curies":[{"name":"wp","href":"https:\/\/api.w.org\/{rel}","templated":true}]}}