{"id":2980,"date":"2024-02-05T15:07:26","date_gmt":"2024-02-05T14:07:26","guid":{"rendered":"https:\/\/tourdesuisse.ch.ownb.it\/medias\/bilder\/"},"modified":"2024-04-10T17:25:05","modified_gmt":"2024-04-10T15:25:05","slug":"images","status":"publish","type":"page","link":"https:\/\/www.tourdesuisse.ch\/fr\/medias\/images\/","title":{"rendered":"Images"},"content":{"rendered":"<link data-name=\"until-s\" rel=\"preload\" as=\"style\" href=\"https:\/\/www.tourdesuisse.ch\/wp-content\/uploads\/Design-ohne-Titel-22.jpg\" media=\"(max-width: 539px) and (max-height: 303.75px) and (max-resolution: 1.999dppx)\">\n<link data-name=\"until-s@2x\" rel=\"preload\" as=\"style\" href=\"https:\/\/www.tourdesuisse.ch\/wp-content\/uploads\/Design-ohne-Titel-22.jpg\" media=\"(max-width: 539px) and (max-height: 303.75px) and (min-resolution: 2dppx)\">\n<link data-name=\"until-sm\" rel=\"preload\" as=\"style\" href=\"https:\/\/www.tourdesuisse.ch\/wp-content\/uploads\/Design-ohne-Titel-22.jpg\" media=\"(max-width: 767px) and (max-height: 432px) and (max-resolution: 1.999dppx)\">\n<link data-name=\"until-sm@2x\" rel=\"preload\" as=\"style\" href=\"https:\/\/www.tourdesuisse.ch\/wp-content\/uploads\/Design-ohne-Titel-22.jpg\" media=\"(max-width: 767px) and (max-height: 432px) and (min-resolution: 2dppx)\">\n<link data-name=\"until-md\" rel=\"preload\" as=\"style\" href=\"https:\/\/www.tourdesuisse.ch\/wp-content\/uploads\/Design-ohne-Titel-22-992x558.jpg\" media=\"(max-width: 991px) and (max-height: 558px) and (max-resolution: 1.999dppx)\">\n<link data-name=\"until-md@2x\" rel=\"preload\" as=\"style\" href=\"https:\/\/www.tourdesuisse.ch\/wp-content\/uploads\/Design-ohne-Titel-22-1984x1116.jpg\" media=\"(max-width: 991px) and (max-height: 558px) and (min-resolution: 2dppx)\">\n<link data-name=\"until-lg\" rel=\"preload\" as=\"style\" href=\"https:\/\/www.tourdesuisse.ch\/wp-content\/uploads\/Design-ohne-Titel-22-1200x675.jpg\" media=\"(max-width: 1199px) and (max-height: 675px) and (max-resolution: 1.999dppx)\">\n<link data-name=\"until-lg@2x\" rel=\"preload\" as=\"style\" href=\"https:\/\/www.tourdesuisse.ch\/wp-content\/uploads\/Design-ohne-Titel-22-2400x1350.jpg\" media=\"(max-width: 1199px) and (max-height: 675px) and (min-resolution: 2dppx)\">\n<link data-name=\"until-xl\" rel=\"preload\" as=\"style\" href=\"https:\/\/www.tourdesuisse.ch\/wp-content\/uploads\/Design-ohne-Titel-22-1425x802.jpg\" media=\"(max-width: 1424px) and (max-height: 801.5625px) and (max-resolution: 1.999dppx)\">\n<link data-name=\"until-xl@2x\" rel=\"preload\" as=\"style\" href=\"https:\/\/www.tourdesuisse.ch\/wp-content\/uploads\/Design-ohne-Titel-22-2850x1604.jpg\" media=\"(max-width: 1424px) and (max-height: 801.5625px) and (min-resolution: 2dppx)\">\n<link data-name=\"full\" rel=\"preload\" as=\"style\" href=\"https:\/\/www.tourdesuisse.ch\/wp-content\/uploads\/Design-ohne-Titel-22.jpg\" media=\"(min-width: 1425px)\">\n<div class=\"hero-section hero-is-image hero-align-end hero-size-narrow\" style=\"--hero-image-full: url('https:\/\/www.tourdesuisse.ch\/wp-content\/uploads\/Design-ohne-Titel-22.jpg'); --hero-image-aspect-ratio: 2; --hero-image-until-s: url('https:\/\/www.tourdesuisse.ch\/wp-content\/uploads\/Design-ohne-Titel-22.jpg'); --hero-image-until-s-2x: url('https:\/\/www.tourdesuisse.ch\/wp-content\/uploads\/Design-ohne-Titel-22.jpg'); --hero-image-until-sm: url('https:\/\/www.tourdesuisse.ch\/wp-content\/uploads\/Design-ohne-Titel-22.jpg'); --hero-image-until-sm-2x: url('https:\/\/www.tourdesuisse.ch\/wp-content\/uploads\/Design-ohne-Titel-22.jpg'); --hero-image-until-md: url('https:\/\/www.tourdesuisse.ch\/wp-content\/uploads\/Design-ohne-Titel-22-992x558.jpg'); --hero-image-until-md-2x: url('https:\/\/www.tourdesuisse.ch\/wp-content\/uploads\/Design-ohne-Titel-22-1984x1116.jpg'); --hero-image-until-lg: url('https:\/\/www.tourdesuisse.ch\/wp-content\/uploads\/Design-ohne-Titel-22-1200x675.jpg'); --hero-image-until-lg-2x: url('https:\/\/www.tourdesuisse.ch\/wp-content\/uploads\/Design-ohne-Titel-22-2400x1350.jpg'); --hero-image-until-xl: url('https:\/\/www.tourdesuisse.ch\/wp-content\/uploads\/Design-ohne-Titel-22-1425x802.jpg'); --hero-image-until-xl-2x: url('https:\/\/www.tourdesuisse.ch\/wp-content\/uploads\/Design-ohne-Titel-22-2850x1604.jpg'); --hero-image-position: 50% 50%\"\n>\n\t<div class=\"hero-media\">\n\t\t<div class=\"hero-media-overlay\"><\/div>\n\t\t<div class=\"hero-content-wrapper\">\n\t\t\t<div class=\"hero-content\">\n\t\t\t\t<h2>Images<\/h2>\n<p>Pendant le Tour de Suisse, tu trouveras chaque jour sur Flickr une s\u00e9lection de photos de l&#8217;\u00e9tape correspondante. Tu trouveras \u00e9galement une s\u00e9lection de photos des \u00e9ditions pr\u00e9c\u00e9dentes.<\/p>\n\n\t\t\t<\/div>\n\t\t<\/div>\n\t<\/div>\n<\/div><div  class=\"page-section style-default layout-default align-default\">\n\t<div class=\"section-grid grid-layout container\"><div  style=\"--grid-layout-index: 1\" class=\"section-item layout-default layout-margin-default\"><p><strong>IMPORTANT :<\/strong>\u00a0Toutes les images ne peuvent \u00eatre r\u00e9utilis\u00e9es qu\u2019\u00e0 des fins non commerciales. L\u2019auteur l\u00e9gitime doit toujours \u00eatre nomm\u00e9. Des informations sur le \u00ab\u00a0cr\u00e9dit photo\u00a0\u00bb peuvent \u00eatre trouv\u00e9es dans la galerie correspondante sur l\u2019image respective.<\/p>\n\n\n<div class=\"buttons\">\n\t<div class=\"button-group\">\n\n\t\t\t<a\n\t\t\t\thref=\"https:\/\/www.flickr.com\/photos\/192850131@N02\/albums\/\" target=\"_blank\" rel=\"noopener\" class=\"button style-default with-arrow\"\n\t\t\t>\n\t\t\t\tVers Flickr\n\t\t\t<\/a>\n\t<\/div>\n<\/div><\/div><\/div>\n<\/div>","protected":false},"excerpt":{"rendered":"<p>Images Pendant le Tour de Suisse, tu trouveras chaque jour sur Flickr une s\u00e9lection de photos de l&#8217;\u00e9tape correspondante. Tu trouveras \u00e9galement une s\u00e9lection de photos des \u00e9ditions pr\u00e9c\u00e9dentes. IMPORTANT :\u00a0Toutes les images ne peuvent \u00eatre r\u00e9utilis\u00e9es qu\u2019\u00e0 des fins non commerciales. L\u2019auteur l\u00e9gitime doit toujours \u00eatre nomm\u00e9. Des informations sur le \u00ab\u00a0cr\u00e9dit photo\u00a0\u00bb peuvent [&hellip;]<\/p>\n","protected":false},"author":2,"featured_media":0,"parent":2278,"menu_order":0,"comment_status":"closed","ping_status":"closed","template":"","meta":{"_acf_changed":false,"inline_featured_image":false,"footnotes":""},"class_list":["post-2980","page","type-page","status-publish","hentry"],"acf":[],"_links":{"self":[{"href":"https:\/\/www.tourdesuisse.ch\/fr\/wp-json\/wp\/v2\/pages\/2980","targetHints":{"allow":["GET"]}}],"collection":[{"href":"https:\/\/www.tourdesuisse.ch\/fr\/wp-json\/wp\/v2\/pages"}],"about":[{"href":"https:\/\/www.tourdesuisse.ch\/fr\/wp-json\/wp\/v2\/types\/page"}],"author":[{"embeddable":true,"href":"https:\/\/www.tourdesuisse.ch\/fr\/wp-json\/wp\/v2\/users\/2"}],"replies":[{"embeddable":true,"href":"https:\/\/www.tourdesuisse.ch\/fr\/wp-json\/wp\/v2\/comments?post=2980"}],"version-history":[{"count":2,"href":"https:\/\/www.tourdesuisse.ch\/fr\/wp-json\/wp\/v2\/pages\/2980\/revisions"}],"predecessor-version":[{"id":4844,"href":"https:\/\/www.tourdesuisse.ch\/fr\/wp-json\/wp\/v2\/pages\/2980\/revisions\/4844"}],"up":[{"embeddable":true,"href":"https:\/\/www.tourdesuisse.ch\/fr\/wp-json\/wp\/v2\/pages\/2278"}],"wp:attachment":[{"href":"https:\/\/www.tourdesuisse.ch\/fr\/wp-json\/wp\/v2\/media?parent=2980"}],"curies":[{"name":"wp","href":"https:\/\/api.w.org\/{rel}","templated":true}]}}