{"id":3242,"date":"2024-03-22T08:32:05","date_gmt":"2024-03-22T07:32:05","guid":{"rendered":"https:\/\/tourdesuisse.ch.ownb.it\/lieux-detape\/"},"modified":"2026-03-05T11:21:08","modified_gmt":"2026-03-05T10:21:08","slug":"lieux-detape","status":"publish","type":"page","link":"https:\/\/www.tourdesuisse.ch\/fr\/woman\/lieux-detape\/","title":{"rendered":"Lieux d&#8217;\u00e9tape"},"content":{"rendered":"\n<div class=\"background style-pattern\">\n\n<div class=\"intro-section page-section style-default layout-default align-default\">\n\t<div class=\"section-grid grid-layout container\">\n\t\t<div style=\"--grid-layout-index: 1; --col-xs: 12; --col-sm: 12; --col-md: 12; --col-lg: 12; --col-xl: 12\" class=\"section-item layout-default layout-margin-default\">\n\t\t\t<div class=\"intro-background-title\" data-content=\"2025\">2025<\/div>\n\t\t\t<div class=\"intro-title-wrapper\">\n\t\t\t\t<h1 class=\"intro-title\">Lieux d&#8217;\u00e9tapes<\/h1>\n\t\t\t<\/div>\n\t\t\t<div class=\"intro-content lead-text\">\n\t\t\t\t<p><\/p>\n\n\t\t\t<\/div>\n\t\t<\/div>\n\t<\/div>\n<\/div>\n\n\n<div  id class=\"page-section style-default layout-default align-default\">\n\t<div class=\"section-grid grid-layout container\"><div  style=\"--grid-layout-index: 1; --col-xs: 12; --col-sm: 12; --col-md: 12; --col-lg: 12; --col-xl: 12\" class=\"section-item layout-default layout-margin-default\">\n<div class=\"host-cities\">\n\t<div class=\"grid-layout host-cities-grid\">\n\n\n\n<a class=\"reveal-box mobile-always-hover\" href=\"https:\/\/etappenorte.tourdesuisse.ch\/fr\/locarno\/\" target=\"_blank\" rel=\"noopener\"\n>\n<img loading=\"lazy\" decoding=\"async\" width=\"316\" height=\"390\" src=\"https:\/\/www.tourdesuisse.ch\/wp-content\/uploads\/imageye___-_imgi_68_9e10866-Piazza-Grande-Locarno-2-\u00a9-Ascona-Locarno-Tourism-foto-Alessio-Pizzicannella-scaled-1-2850x1604-1-316x390.jpeg\" class=\"attachment-host-city-overview-small size-host-city-overview-small wp-post-image\" alt=\"\" srcset=\"https:\/\/www.tourdesuisse.ch\/wp-content\/uploads\/imageye___-_imgi_68_9e10866-Piazza-Grande-Locarno-2-\u00a9-Ascona-Locarno-Tourism-foto-Alessio-Pizzicannella-scaled-1-2850x1604-1-316x390.jpeg 316w, https:\/\/www.tourdesuisse.ch\/wp-content\/uploads\/imageye___-_imgi_68_9e10866-Piazza-Grande-Locarno-2-\u00a9-Ascona-Locarno-Tourism-foto-Alessio-Pizzicannella-scaled-1-2850x1604-1-632x780.jpeg 632w\" sizes=\"auto, (max-width: 316px) 100vw, 316px\" \/><img loading=\"lazy\" decoding=\"async\" width=\"520\" height=\"370\" src=\"https:\/\/www.tourdesuisse.ch\/wp-content\/uploads\/imageye___-_imgi_68_9e10866-Piazza-Grande-Locarno-2-\u00a9-Ascona-Locarno-Tourism-foto-Alessio-Pizzicannella-scaled-1-2850x1604-1-520x370.jpeg\" class=\"attachment-host-city-overview-large size-host-city-overview-large wp-post-image\" alt=\"\" srcset=\"https:\/\/www.tourdesuisse.ch\/wp-content\/uploads\/imageye___-_imgi_68_9e10866-Piazza-Grande-Locarno-2-\u00a9-Ascona-Locarno-Tourism-foto-Alessio-Pizzicannella-scaled-1-2850x1604-1-520x370.jpeg 520w, https:\/\/www.tourdesuisse.ch\/wp-content\/uploads\/imageye___-_imgi_68_9e10866-Piazza-Grande-Locarno-2-\u00a9-Ascona-Locarno-Tourism-foto-Alessio-Pizzicannella-scaled-1-2850x1604-1-1040x740.jpeg 1040w\" sizes=\"auto, (max-width: 520px) 100vw, 520px\" \/>\n\n\t<div class=\"reveal-box-title\">\n\t\t<div class=\"h4\">\nLocarno\t\t<\/div>\n\t<\/div>\n\t<div class=\"reveal-box-subtitle button style-text with-arrow\">\nVoir Lieu d&#8217;\u00c9tape\t<\/div>\n<\/a>\n<a class=\"reveal-box mobile-always-hover\" href=\"https:\/\/etappenorte.tourdesuisse.ch\/fr\/bad-ragaz\/\" target=\"_blank\" rel=\"noopener\"\n>\n<img loading=\"lazy\" decoding=\"async\" width=\"316\" height=\"390\" src=\"https:\/\/www.tourdesuisse.ch\/wp-content\/uploads\/Heidiland-Tourismus_Dolores-Rupa_2-316x390.jpg\" class=\"attachment-host-city-overview-small size-host-city-overview-small wp-post-image\" alt=\"\" srcset=\"https:\/\/www.tourdesuisse.ch\/wp-content\/uploads\/Heidiland-Tourismus_Dolores-Rupa_2-316x390.jpg 316w, https:\/\/www.tourdesuisse.ch\/wp-content\/uploads\/Heidiland-Tourismus_Dolores-Rupa_2-632x780.jpg 632w\" sizes=\"auto, (max-width: 316px) 100vw, 316px\" \/><img loading=\"lazy\" decoding=\"async\" width=\"520\" height=\"370\" src=\"https:\/\/www.tourdesuisse.ch\/wp-content\/uploads\/Heidiland-Tourismus_Dolores-Rupa_2-520x370.jpg\" class=\"attachment-host-city-overview-large size-host-city-overview-large wp-post-image\" alt=\"\" srcset=\"https:\/\/www.tourdesuisse.ch\/wp-content\/uploads\/Heidiland-Tourismus_Dolores-Rupa_2-520x370.jpg 520w, https:\/\/www.tourdesuisse.ch\/wp-content\/uploads\/Heidiland-Tourismus_Dolores-Rupa_2-1040x740.jpg 1040w\" sizes=\"auto, (max-width: 520px) 100vw, 520px\" \/>\n\n\t<div class=\"reveal-box-title\">\n\t\t<div class=\"h4\">\nBad Ragaz\t\t<\/div>\n\t<\/div>\n\t<div class=\"reveal-box-subtitle button style-text with-arrow\">\nVoir Lieu d&#8217;\u00c9tape\t<\/div>\n<\/a>\n<a class=\"reveal-box mobile-always-hover\" href=\"https:\/\/etappenorte.tourdesuisse.ch\/fr\/villars\/\" target=\"_blank\" rel=\"noopener\"\n>\n<img loading=\"lazy\" decoding=\"async\" width=\"316\" height=\"390\" src=\"https:\/\/www.tourdesuisse.ch\/wp-content\/uploads\/Velo-Alpes-vaudoises-09543-c-A-Swiss-With-A-Pulse-316x390.jpg\" class=\"attachment-host-city-overview-small size-host-city-overview-small wp-post-image\" alt=\"\" srcset=\"https:\/\/www.tourdesuisse.ch\/wp-content\/uploads\/Velo-Alpes-vaudoises-09543-c-A-Swiss-With-A-Pulse-316x390.jpg 316w, https:\/\/www.tourdesuisse.ch\/wp-content\/uploads\/Velo-Alpes-vaudoises-09543-c-A-Swiss-With-A-Pulse-632x780.jpg 632w\" sizes=\"auto, (max-width: 316px) 100vw, 316px\" \/><img loading=\"lazy\" decoding=\"async\" width=\"520\" height=\"370\" src=\"https:\/\/www.tourdesuisse.ch\/wp-content\/uploads\/Velo-Alpes-vaudoises-09543-c-A-Swiss-With-A-Pulse-520x370.jpg\" class=\"attachment-host-city-overview-large size-host-city-overview-large wp-post-image\" alt=\"\" srcset=\"https:\/\/www.tourdesuisse.ch\/wp-content\/uploads\/Velo-Alpes-vaudoises-09543-c-A-Swiss-With-A-Pulse-520x370.jpg 520w, https:\/\/www.tourdesuisse.ch\/wp-content\/uploads\/Velo-Alpes-vaudoises-09543-c-A-Swiss-With-A-Pulse-1040x740.jpg 1040w\" sizes=\"auto, (max-width: 520px) 100vw, 520px\" \/>\n\n\t<div class=\"reveal-box-title\">\n\t\t<div class=\"h4\">\nVillars-sur-Ollon\t\t<\/div>\n\t<\/div>\n\t<div class=\"reveal-box-subtitle button style-text with-arrow\">\nVoir Lieu d&#8217;\u00c9tape\t<\/div>\n<\/a>\n<a class=\"reveal-box mobile-always-hover\" href=\"https:\/\/etappenorte.tourdesuisse.ch\/fr\/sondrio\/\" target=\"_blank\" rel=\"noopener\"\n>\n<img loading=\"lazy\" decoding=\"async\" width=\"316\" height=\"390\" src=\"https:\/\/www.tourdesuisse.ch\/wp-content\/uploads\/passerella-cassandre-316x390.jpg\" class=\"attachment-host-city-overview-small size-host-city-overview-small wp-post-image\" alt=\"\" srcset=\"https:\/\/www.tourdesuisse.ch\/wp-content\/uploads\/passerella-cassandre-316x390.jpg 316w, https:\/\/www.tourdesuisse.ch\/wp-content\/uploads\/passerella-cassandre-632x780.jpg 632w\" sizes=\"auto, (max-width: 316px) 100vw, 316px\" \/><img loading=\"lazy\" decoding=\"async\" width=\"520\" height=\"370\" src=\"https:\/\/www.tourdesuisse.ch\/wp-content\/uploads\/passerella-cassandre-520x370.jpg\" class=\"attachment-host-city-overview-large size-host-city-overview-large wp-post-image\" alt=\"\" srcset=\"https:\/\/www.tourdesuisse.ch\/wp-content\/uploads\/passerella-cassandre-520x370.jpg 520w, https:\/\/www.tourdesuisse.ch\/wp-content\/uploads\/passerella-cassandre-1040x740.jpg 1040w\" sizes=\"auto, (max-width: 520px) 100vw, 520px\" \/>\n\n\t<div class=\"reveal-box-title\">\n\t\t<div class=\"h4\">\nSondrio\t\t<\/div>\n\t<\/div>\n\t<div class=\"reveal-box-subtitle button style-text with-arrow\">\nVoir Lieu d&#8217;\u00c9tape\t<\/div>\n<\/a>\n<a class=\"reveal-box mobile-always-hover\" href=\"https:\/\/etappenorte.tourdesuisse.ch\/fr\/aarburg\/\" target=\"_blank\" rel=\"noopener\"\n>\n<img loading=\"lazy\" decoding=\"async\" width=\"316\" height=\"390\" src=\"https:\/\/www.tourdesuisse.ch\/wp-content\/uploads\/Aarburg-3-Luftbild-Kirche-nah-316x390.jpg\" class=\"attachment-host-city-overview-small size-host-city-overview-small wp-post-image\" alt=\"\" srcset=\"https:\/\/www.tourdesuisse.ch\/wp-content\/uploads\/Aarburg-3-Luftbild-Kirche-nah-316x390.jpg 316w, https:\/\/www.tourdesuisse.ch\/wp-content\/uploads\/Aarburg-3-Luftbild-Kirche-nah-632x780.jpg 632w\" sizes=\"auto, (max-width: 316px) 100vw, 316px\" \/><img loading=\"lazy\" decoding=\"async\" width=\"520\" height=\"370\" src=\"https:\/\/www.tourdesuisse.ch\/wp-content\/uploads\/Aarburg-3-Luftbild-Kirche-nah-520x370.jpg\" class=\"attachment-host-city-overview-large size-host-city-overview-large wp-post-image\" alt=\"\" srcset=\"https:\/\/www.tourdesuisse.ch\/wp-content\/uploads\/Aarburg-3-Luftbild-Kirche-nah-520x370.jpg 520w, https:\/\/www.tourdesuisse.ch\/wp-content\/uploads\/Aarburg-3-Luftbild-Kirche-nah-1040x740.jpg 1040w\" sizes=\"auto, (max-width: 520px) 100vw, 520px\" \/>\n\n\t<div class=\"reveal-box-title\">\n\t\t<div class=\"h4\">\nAarburg\t\t<\/div>\n\t<\/div>\n\t<div class=\"reveal-box-subtitle button style-text with-arrow\">\nVoir Lieu d&#8217;\u00c9tape\t<\/div>\n<\/a>\t<\/div>\n<\/div>\n<\/div><\/div>\n<\/div><\/div>","protected":false},"excerpt":{"rendered":"<p>2025 Lieux d&#8217;\u00e9tapes Locarno Voir Lieu d&#8217;\u00c9tape Bad Ragaz Voir Lieu d&#8217;\u00c9tape Villars-sur-Ollon Voir Lieu d&#8217;\u00c9tape Sondrio Voir Lieu d&#8217;\u00c9tape Aarburg Voir Lieu d&#8217;\u00c9tape<\/p>\n","protected":false},"author":2,"featured_media":0,"parent":70275,"menu_order":0,"comment_status":"closed","ping_status":"closed","template":"","meta":{"_acf_changed":false,"inline_featured_image":false,"footnotes":""},"class_list":["post-3242","page","type-page","status-publish","hentry"],"acf":[],"_links":{"self":[{"href":"https:\/\/www.tourdesuisse.ch\/fr\/wp-json\/wp\/v2\/pages\/3242","targetHints":{"allow":["GET"]}}],"collection":[{"href":"https:\/\/www.tourdesuisse.ch\/fr\/wp-json\/wp\/v2\/pages"}],"about":[{"href":"https:\/\/www.tourdesuisse.ch\/fr\/wp-json\/wp\/v2\/types\/page"}],"author":[{"embeddable":true,"href":"https:\/\/www.tourdesuisse.ch\/fr\/wp-json\/wp\/v2\/users\/2"}],"replies":[{"embeddable":true,"href":"https:\/\/www.tourdesuisse.ch\/fr\/wp-json\/wp\/v2\/comments?post=3242"}],"version-history":[{"count":4,"href":"https:\/\/www.tourdesuisse.ch\/fr\/wp-json\/wp\/v2\/pages\/3242\/revisions"}],"predecessor-version":[{"id":71040,"href":"https:\/\/www.tourdesuisse.ch\/fr\/wp-json\/wp\/v2\/pages\/3242\/revisions\/71040"}],"up":[{"embeddable":true,"href":"https:\/\/www.tourdesuisse.ch\/fr\/wp-json\/wp\/v2\/pages\/70275"}],"wp:attachment":[{"href":"https:\/\/www.tourdesuisse.ch\/fr\/wp-json\/wp\/v2\/media?parent=3242"}],"curies":[{"name":"wp","href":"https:\/\/api.w.org\/{rel}","templated":true}]}}