{"id":3295,"date":"2023-12-04T14:50:38","date_gmt":"2023-12-04T13:50:38","guid":{"rendered":"https:\/\/tourdesuisse.ch.ownb.it\/startseite-3\/news\/"},"modified":"2024-04-10T18:28:23","modified_gmt":"2024-04-10T16:28:23","slug":"nouvelles","status":"publish","type":"page","link":"https:\/\/www.tourdesuisse.ch\/fr\/woman\/nouvelles\/","title":{"rendered":"Nouvelles"},"content":{"rendered":"\n<div class=\"background style-pattern\">\n<div  class=\"page-section style-default layout-default align-default\">\n\t<div class=\"section-grid grid-layout container\"><div  style=\"--grid-layout-index: 1\" class=\"section-item layout-default layout-margin-default\">\n<div class=\"news-grid-wrapper\" x-data x-intercept=\"{&quot;guid&quot;:&quot;6c86ee17-0a64-4637-b304-324908389878&quot;}\"\n\t@after-intercept=\"\n\tif ($el.getBoundingClientRect().top < 0) $el.scrollIntoView({\n\t\tbehavior: 'smooth'\n\t})\n\t\"\n>\n\t<div class=\"news-grid-header\">\n\t\t<div>\n<nav class=\"breadcrumb\" aria-label=\"Navigation en fil d&apos;Ariane\">\n\t<ol>\n\t\t<li>\n\t\t\t<a href=\"https:\/\/www.tourdesuisse.ch\/fr\/woman\/\" class=\"breadcrumb-link\">Page d\u2019accueil Woman<\/a>\n\t\t<\/li>\n\t\t<li>\n\t\t\t<a href=\"https:\/\/www.tourdesuisse.ch\/fr\/woman\/nouvelles\/\" class=\"breadcrumb-link\" aria-current=\"page\">Nouvelles<\/a>\n\t\t<\/li>\n\t<\/ol>\n<\/nav>\t\t\t<h1>Nouvelles<\/h1>\n\t\t<\/div>\n\n\t\t<div class=\"news-filter-options\">\n\n<div\n\tx-data=\"{\n\t\talignment: &quot;left&quot;,\n\t\tattachment: &quot;bottom&quot;,\n\t\talignmentOffset: 0,\n\t\tattachmentOffset: 0,\n\t\tget visible() {\n\t\t\treturn $data.isVisible()\n\t\t},\n\t\t...transition({\n\t\t\tcss: () =&gt; ({\n\t\t\t\topacity: 0,\n\t\t\t\ttransform: ($data.attachment === 'top' ? 'translateY(1rem)' : 'translateY(-1rem)') + ' scale(0.98)',\n\t\t\t}),\n\t\t\tduration: 125,\n\t\t})\n\t}\" class=\"popover-container news-filter-popover-category\"\n\t:class=\"['align-' + alignment, 'attach-' + attachment]\"\n\t:style=\"{\n\t\t'--alignment-offset': alignmentOffset + 'px',\n\t\t'--attachment-offset': attachmentOffset + 'px'\n\t}\"\n\t@click.outside=\"hide()\"\n\t@keydown.escape=\"hide()\"\n\t@before-intercept.document=\"hide()\"\n>\n\t<button\n\t\tx-init=\"\n\t\t$watch('$data.visible', value =&gt; {\n\t\t\tif (!value) return\n\n\t\t\tlet rect = $el.getBoundingClientRect()\n\t\t\tlet offsetLeft = rect.left\n\t\t\tlet offsetRight = window.innerWidth - rect.right\n\t\t\tlet offsetTop = rect.top\n\t\t\tlet offsetBottom = window.innerHeight - rect.bottom\n\n\t\t\tif (&quot;auto&quot; === 'auto') {\n\t\t\t\t$data.alignment = offsetLeft &gt; offsetRight ? 'right' : 'left'\n\t\t\t\t$data.alignmentOffset = offsetLeft &gt; offsetRight ? offsetRight : offsetLeft\n\t\t\t}\n\n\t\t\tif (&quot;auto&quot; === 'auto') {\n\t\t\t\t$data.attachment = offsetTop &gt; offsetBottom ? 'top' : 'bottom'\n\t\t\t\t$data.attachmentOffset = offsetTop &gt; offsetBottom ? offsetBottom : offsetTop\n\t\t\t}\n\t\t})\n\t\t\" class=\"news-filter-popover-trigger box can-hover\"\n\t\ttype=\"button\"\n\t\taria-controls=\"popover-69e770d92d921\"\n\t\t:aria-expanded=\"String(isVisible())\"\n\t\t@click=\"toggle()\"\n\t\tdisabled\n\t\t:disabled=\"false\"\n\t>Toutes les nouvelles<\/button>\n\t<div class=\"popover-panel\" id=\"popover-69e770d92d921\" x-bind=\"target\" style=\"display: none\">\n\t\t<div class=\"popover-panel-content\">\n\t\t\t\t\t<ul class=\"news-filter-list\">\n\t\t\t\t\t\t<li>\n\t\t\t\t\t\t\t<a\n\t\t\t\t\t\t\t\thref=\"https:\/\/www.tourdesuisse.ch\/fr\/woman\/nouvelles\/\" aria-current=\"page\"\n\t\t\t\t\t\t\t>\n\t\t\t\t\t\t\t\tToutes\n\t\t\t\t\t\t\t<\/a>\n\t\t\t\t\t\t<\/li>\n\t\t\t\t\t\t\t<li>\n\t\t\t\t\t\t\t\t<a\n\t\t\t\t\t\t\t\t\thref=\"https:\/\/www.tourdesuisse.ch\/fr\/woman\/nouvelles\/?c=women-news-fr\"\n\t\t\t\t\t\t\t\t>\n\t\t\t\t\t\t\t\t\tWomen News\n\t\t\t\t\t\t\t\t<\/a>\n\t\t\t\t\t\t\t<\/li>\n\t\t\t\t\t\t\t<li>\n\t\t\t\t\t\t\t\t<a\n\t\t\t\t\t\t\t\t\thref=\"https:\/\/www.tourdesuisse.ch\/fr\/woman\/nouvelles\/?c=nachhaltigkeit-2-fr\"\n\t\t\t\t\t\t\t\t>\n\t\t\t\t\t\t\t\t\tNachhaltigkeit\n\t\t\t\t\t\t\t\t<\/a>\n\t\t\t\t\t\t\t<\/li>\n\t\t\t\t\t\t\t<li>\n\t\t\t\t\t\t\t\t<a\n\t\t\t\t\t\t\t\t\thref=\"https:\/\/www.tourdesuisse.ch\/fr\/woman\/nouvelles\/?c=partner-beitraege-2-fr\"\n\t\t\t\t\t\t\t\t>\n\t\t\t\t\t\t\t\t\tPartner-Beitr\u00e4ge\n\t\t\t\t\t\t\t\t<\/a>\n\t\t\t\t\t\t\t<\/li>\n\t\t\t\t\t<\/ul>\n\t\t<\/div>\n\t<\/div>\n<\/div>\t\t<\/div>\n\t<\/div>\n\n\t<div class=\"grid-layout news-grid\">\n\n\n\n\n\n\n\n\n\n\t<a class=\"box news-box can-hover\" href=\"https:\/\/www.tourdesuisse.ch\/fr\/women\/post\/s\/le-tour-de-suisse-se-reinvente\/\"\n\t>\n\t\t<div class=\"box-image\"><img loading=\"lazy\" decoding=\"async\" width=\"382\" height=\"310\" src=\"https:\/\/www.tourdesuisse.ch\/wp-content\/uploads\/Buchli_Fotografie_Tour-de-Suisse-Men-2025-3.-Etappe-Aarau-Heiden_80729-382x310.jpg\" class=\"attachment-news-box-image size-news-box-image wp-post-image\" alt=\"\" srcset=\"https:\/\/www.tourdesuisse.ch\/wp-content\/uploads\/Buchli_Fotografie_Tour-de-Suisse-Men-2025-3.-Etappe-Aarau-Heiden_80729-382x310.jpg 382w, https:\/\/www.tourdesuisse.ch\/wp-content\/uploads\/Buchli_Fotografie_Tour-de-Suisse-Men-2025-3.-Etappe-Aarau-Heiden_80729-764x620.jpg 764w\" sizes=\"auto, (max-width: 382px) 100vw, 382px\" \/><\/div>\n\t\t<div class=\"box-inner\">\n\t\t\t\t\t<time class=\"news-time h6\" datetime=\"2025-09-25T10:58:02+02:00\">\n\t\t\t\t\t\t25. Sep 2025\n\t\t\t\t\t<\/time>\n\t\t\t\t\t<h4 class=\"news-title\">Le Tour de Suisse se r\u00e9invente<\/h4>\n\n\t\t\t\t\t<span class=\"news-more button style-text with-arrow\">\n\t\t\t\t\t\tEn savoir plus\n\t\t\t\t\t<\/span>\n\t\t<\/div>\n\t<\/a>\n\n\n\n\n\n\n\t<a class=\"box news-box can-hover\" href=\"https:\/\/www.tourdesuisse.ch\/fr\/women\/post\/s\/week-end-de-la-finale-a-vaduz-repousse-a-2027\/\"\n\t>\n\t\t<div class=\"box-image\"><img loading=\"lazy\" decoding=\"async\" width=\"382\" height=\"310\" src=\"https:\/\/www.tourdesuisse.ch\/wp-content\/uploads\/53779754826_3d075ddfcb_b-382x310.jpg\" class=\"attachment-news-box-image size-news-box-image wp-post-image\" alt=\"\" srcset=\"https:\/\/www.tourdesuisse.ch\/wp-content\/uploads\/53779754826_3d075ddfcb_b-382x310.jpg 382w, https:\/\/www.tourdesuisse.ch\/wp-content\/uploads\/53779754826_3d075ddfcb_b-764x620.jpg 764w\" sizes=\"auto, (max-width: 382px) 100vw, 382px\" \/><\/div>\n\t\t<div class=\"box-inner\">\n\t\t\t\t\t<time class=\"news-time h6\" datetime=\"2025-07-22T13:17:56+02:00\">\n\t\t\t\t\t\t22. Juil 2025\n\t\t\t\t\t<\/time>\n\t\t\t\t\t<h4 class=\"news-title\">Week-end de la finale \u00e0 Vaduz repouss\u00e9 \u00e0 2027<\/h4>\n\n\t\t\t\t\t<span class=\"news-more button style-text with-arrow\">\n\t\t\t\t\t\tEn savoir plus\n\t\t\t\t\t<\/span>\n\t\t<\/div>\n\t<\/a>\n\n\n\n\n\n\n\t<a class=\"box news-box can-hover\" href=\"https:\/\/www.tourdesuisse.ch\/fr\/women\/post\/s\/les-plus-grands-mythes-sur-lenergie-a-velo\/\"\n\t>\n\t\t<div class=\"box-image\"><img loading=\"lazy\" decoding=\"async\" width=\"382\" height=\"310\" src=\"https:\/\/www.tourdesuisse.ch\/wp-content\/uploads\/4-9-382x310.png\" class=\"attachment-news-box-image size-news-box-image wp-post-image\" alt=\"\" srcset=\"https:\/\/www.tourdesuisse.ch\/wp-content\/uploads\/4-9-382x310.png 382w, https:\/\/www.tourdesuisse.ch\/wp-content\/uploads\/4-9-764x620.png 764w\" sizes=\"auto, (max-width: 382px) 100vw, 382px\" \/><\/div>\n\t\t<div class=\"box-inner\">\n\t\t\t\t\t<time class=\"news-time h6\" datetime=\"2025-06-17T08:23:25+02:00\">\n\t\t\t\t\t\t17. Juin 2025\n\t\t\t\t\t<\/time>\n\t\t\t\t\t<h4 class=\"news-title\">Les plus grands mythes sur l\u2019\u00e9nergie \u00e0 v\u00e9lo<\/h4>\n\n\t\t\t\t\t<span class=\"news-more button style-text with-arrow\">\n\t\t\t\t\t\tEn savoir plus\n\t\t\t\t\t<\/span>\n\t\t<\/div>\n\t<\/a>\n\n\n\n\n\n\n\t<a class=\"box news-box can-hover\" href=\"https:\/\/www.tourdesuisse.ch\/fr\/women\/post\/s\/marlen-reusser-remporte-le-tour-de-suisse-women-pour-la-deuxieme-fois\/\"\n\t>\n\t\t<div class=\"box-image\"><img loading=\"lazy\" decoding=\"async\" width=\"382\" height=\"310\" src=\"https:\/\/www.tourdesuisse.ch\/wp-content\/uploads\/Buchli_Fotografie_Tour-de-Suisse-Women-2025-4.-Etappe-Kuessnacht-Kuessnacht_64948-1-382x310.jpg\" class=\"attachment-news-box-image size-news-box-image wp-post-image\" alt=\"\" srcset=\"https:\/\/www.tourdesuisse.ch\/wp-content\/uploads\/Buchli_Fotografie_Tour-de-Suisse-Women-2025-4.-Etappe-Kuessnacht-Kuessnacht_64948-1-382x310.jpg 382w, https:\/\/www.tourdesuisse.ch\/wp-content\/uploads\/Buchli_Fotografie_Tour-de-Suisse-Women-2025-4.-Etappe-Kuessnacht-Kuessnacht_64948-1-764x620.jpg 764w\" sizes=\"auto, (max-width: 382px) 100vw, 382px\" \/><\/div>\n\t\t<div class=\"box-inner\">\n\t\t\t\t\t<time class=\"news-time h6\" datetime=\"2025-06-15T15:19:11+02:00\">\n\t\t\t\t\t\t15. Juin 2025\n\t\t\t\t\t<\/time>\n\t\t\t\t\t<h4 class=\"news-title\">Marlen Reusser remporte le Tour de Suisse Women pour la deuxi\u00e8me fois<\/h4>\n\n\t\t\t\t\t<span class=\"news-more button style-text with-arrow\">\n\t\t\t\t\t\tEn savoir plus\n\t\t\t\t\t<\/span>\n\t\t<\/div>\n\t<\/a>\n\n\n\n\n\n\n\t<a class=\"box news-box can-hover\" href=\"https:\/\/www.tourdesuisse.ch\/fr\/women\/post\/s\/balsamo-simpose-au-sprint-a-la-photo-finish\/\"\n\t>\n\t\t<div class=\"box-image\"><img loading=\"lazy\" decoding=\"async\" width=\"382\" height=\"310\" src=\"https:\/\/www.tourdesuisse.ch\/wp-content\/uploads\/TDS_IMHOF-2-von-8-1-382x310.jpg\" class=\"attachment-news-box-image size-news-box-image wp-post-image\" alt=\"\" srcset=\"https:\/\/www.tourdesuisse.ch\/wp-content\/uploads\/TDS_IMHOF-2-von-8-1-382x310.jpg 382w, https:\/\/www.tourdesuisse.ch\/wp-content\/uploads\/TDS_IMHOF-2-von-8-1-764x620.jpg 764w\" sizes=\"auto, (max-width: 382px) 100vw, 382px\" \/><\/div>\n\t\t<div class=\"box-inner\">\n\t\t\t\t\t<time class=\"news-time h6\" datetime=\"2025-06-14T16:59:27+02:00\">\n\t\t\t\t\t\t14. Juin 2025\n\t\t\t\t\t<\/time>\n\t\t\t\t\t<h4 class=\"news-title\">Balsamo s\u2019impose au sprint \u00e0 la photo-finish<\/h4>\n\n\t\t\t\t\t<span class=\"news-more button style-text with-arrow\">\n\t\t\t\t\t\tEn savoir plus\n\t\t\t\t\t<\/span>\n\t\t<\/div>\n\t<\/a>\n\n\n\n\n\n\n\t<a class=\"box news-box can-hover\" href=\"https:\/\/www.tourdesuisse.ch\/fr\/women\/post\/s\/kraak-simpose-en-solitaire-reusser-reste-en-jaune\/\"\n\t>\n\t\t<div class=\"box-image\"><img loading=\"lazy\" decoding=\"async\" width=\"382\" height=\"310\" src=\"https:\/\/www.tourdesuisse.ch\/wp-content\/uploads\/Buchli_Fotografie_Tour-de-Suisse-2025-2.-Etappe-Gstaad-Sursee_54876-382x310.jpg\" class=\"attachment-news-box-image size-news-box-image wp-post-image\" alt=\"\" srcset=\"https:\/\/www.tourdesuisse.ch\/wp-content\/uploads\/Buchli_Fotografie_Tour-de-Suisse-2025-2.-Etappe-Gstaad-Sursee_54876-382x310.jpg 382w, https:\/\/www.tourdesuisse.ch\/wp-content\/uploads\/Buchli_Fotografie_Tour-de-Suisse-2025-2.-Etappe-Gstaad-Sursee_54876-764x620.jpg 764w\" sizes=\"auto, (max-width: 382px) 100vw, 382px\" \/><\/div>\n\t\t<div class=\"box-inner\">\n\t\t\t\t\t<time class=\"news-time h6\" datetime=\"2025-06-13T17:52:23+02:00\">\n\t\t\t\t\t\t13. Juin 2025\n\t\t\t\t\t<\/time>\n\t\t\t\t\t<h4 class=\"news-title\">Kraak s\u2019impose en solitaire, Reusser reste en jaune<\/h4>\n\n\t\t\t\t\t<span class=\"news-more button style-text with-arrow\">\n\t\t\t\t\t\tEn savoir plus\n\t\t\t\t\t<\/span>\n\t\t<\/div>\n\t<\/a>\n\n\n\n\n\n\n\t<a class=\"box news-box can-hover\" href=\"https:\/\/www.tourdesuisse.ch\/fr\/women\/post\/s\/victoire-helvetique-en-ouverture-du-tour-de-suisse\/\"\n\t>\n\t\t<div class=\"box-image\"><img loading=\"lazy\" decoding=\"async\" width=\"382\" height=\"310\" src=\"https:\/\/www.tourdesuisse.ch\/wp-content\/uploads\/Buchli_Fotografie_Tour-de-Suisse-2025-1.-Etappe-Gstaad-Gstaad_51041-1-382x310.jpg\" class=\"attachment-news-box-image size-news-box-image wp-post-image\" alt=\"\" srcset=\"https:\/\/www.tourdesuisse.ch\/wp-content\/uploads\/Buchli_Fotografie_Tour-de-Suisse-2025-1.-Etappe-Gstaad-Gstaad_51041-1-382x310.jpg 382w, https:\/\/www.tourdesuisse.ch\/wp-content\/uploads\/Buchli_Fotografie_Tour-de-Suisse-2025-1.-Etappe-Gstaad-Gstaad_51041-1-764x620.jpg 764w\" sizes=\"auto, (max-width: 382px) 100vw, 382px\" \/><\/div>\n\t\t<div class=\"box-inner\">\n\t\t\t\t\t<time class=\"news-time h6\" datetime=\"2025-06-12T17:39:50+02:00\">\n\t\t\t\t\t\t12. Juin 2025\n\t\t\t\t\t<\/time>\n\t\t\t\t\t<h4 class=\"news-title\">Victoire helv\u00e9tique en ouverture du Tour de Suisse<\/h4>\n\n\t\t\t\t\t<span class=\"news-more button style-text with-arrow\">\n\t\t\t\t\t\tEn savoir plus\n\t\t\t\t\t<\/span>\n\t\t<\/div>\n\t<\/a>\n\n\n\n\n\n\n\t<a class=\"box news-box can-hover\" href=\"https:\/\/www.tourdesuisse.ch\/fr\/women\/post\/s\/les-meilleures-coureuses-au-tour-de-suisse-women\/\"\n\t>\n\t\t<div class=\"box-image\"><img loading=\"lazy\" decoding=\"async\" width=\"382\" height=\"310\" src=\"https:\/\/www.tourdesuisse.ch\/wp-content\/uploads\/TDS_2024_Etappe-2-D-Champagne-1-von-3-1-382x310.jpg\" class=\"attachment-news-box-image size-news-box-image wp-post-image\" alt=\"\" srcset=\"https:\/\/www.tourdesuisse.ch\/wp-content\/uploads\/TDS_2024_Etappe-2-D-Champagne-1-von-3-1-382x310.jpg 382w, https:\/\/www.tourdesuisse.ch\/wp-content\/uploads\/TDS_2024_Etappe-2-D-Champagne-1-von-3-1-764x620.jpg 764w\" sizes=\"auto, (max-width: 382px) 100vw, 382px\" \/><\/div>\n\t\t<div class=\"box-inner\">\n\t\t\t\t\t<time class=\"news-time h6\" datetime=\"2025-06-09T11:10:34+02:00\">\n\t\t\t\t\t\t09. Juin 2025\n\t\t\t\t\t<\/time>\n\t\t\t\t\t<h4 class=\"news-title\">Les meilleures coureuses au Tour de Suisse Women<\/h4>\n\n\t\t\t\t\t<span class=\"news-more button style-text with-arrow\">\n\t\t\t\t\t\tEn savoir plus\n\t\t\t\t\t<\/span>\n\t\t<\/div>\n\t<\/a>\n\n\n\n\n\n\n\t<a class=\"box news-box can-hover\" href=\"https:\/\/www.tourdesuisse.ch\/fr\/women\/post\/s\/tour-de-suisse-2025-divertissement-pour-tous\/\"\n\t>\n\t\t<div class=\"box-image\"><img loading=\"lazy\" decoding=\"async\" width=\"382\" height=\"310\" src=\"https:\/\/www.tourdesuisse.ch\/wp-content\/uploads\/TdS-Kidsrace-382x310.jpg\" class=\"attachment-news-box-image size-news-box-image wp-post-image\" alt=\"\" srcset=\"https:\/\/www.tourdesuisse.ch\/wp-content\/uploads\/TdS-Kidsrace-382x310.jpg 382w, https:\/\/www.tourdesuisse.ch\/wp-content\/uploads\/TdS-Kidsrace-764x620.jpg 764w\" sizes=\"auto, (max-width: 382px) 100vw, 382px\" \/><\/div>\n\t\t<div class=\"box-inner\">\n\t\t\t\t\t<time class=\"news-time h6\" datetime=\"2025-06-07T07:55:39+02:00\">\n\t\t\t\t\t\t07. Juin 2025\n\t\t\t\t\t<\/time>\n\t\t\t\t\t<h4 class=\"news-title\">Tour de Suisse 2025  &#8211; divertissement pour tous<\/h4>\n\n\t\t\t\t\t<span class=\"news-more button style-text with-arrow\">\n\t\t\t\t\t\tEn savoir plus\n\t\t\t\t\t<\/span>\n\t\t<\/div>\n\t<\/a>\n\n\t<\/div>\n\n\t<div class=\"news-grid-controls\">\n<div class=\"page-nav\"><span aria-current=\"page\" class=\"page-numbers current\">1<\/span>\n<a class=\"page-numbers\" href=\"https:\/\/www.tourdesuisse.ch\/fr\/wp-json\/wp\/v2\/pages\/3295\/page\/2\/\">2<\/a>\n<a class=\"page-numbers\" href=\"https:\/\/www.tourdesuisse.ch\/fr\/wp-json\/wp\/v2\/pages\/3295\/page\/3\/\">3<\/a>\n<span class=\"page-numbers dots\">\u2026<\/span>\n<a class=\"page-numbers\" href=\"https:\/\/www.tourdesuisse.ch\/fr\/wp-json\/wp\/v2\/pages\/3295\/page\/5\/\">5<\/a><\/div>\t<\/div>\n<\/div>\n<\/div><\/div>\n<\/div><\/div>","protected":false},"excerpt":{"rendered":"<p>Page d\u2019accueil Woman Nouvelles Nouvelles Toutes les nouvelles Toutes Women News Nachhaltigkeit Partner-Beitr\u00e4ge 25. Sep 2025 Le Tour de Suisse se r\u00e9invente En savoir plus 22. Juil 2025 Week-end de la finale \u00e0 Vaduz repouss\u00e9 \u00e0 2027 En savoir plus 17. Juin 2025 Les plus grands mythes sur l\u2019\u00e9nergie \u00e0 v\u00e9lo En savoir plus 15. [&hellip;]<\/p>\n","protected":false},"author":1,"featured_media":0,"parent":70275,"menu_order":0,"comment_status":"closed","ping_status":"closed","template":"","meta":{"_acf_changed":false,"inline_featured_image":false,"footnotes":""},"class_list":["post-3295","page","type-page","status-publish","hentry"],"acf":[],"_links":{"self":[{"href":"https:\/\/www.tourdesuisse.ch\/fr\/wp-json\/wp\/v2\/pages\/3295","targetHints":{"allow":["GET"]}}],"collection":[{"href":"https:\/\/www.tourdesuisse.ch\/fr\/wp-json\/wp\/v2\/pages"}],"about":[{"href":"https:\/\/www.tourdesuisse.ch\/fr\/wp-json\/wp\/v2\/types\/page"}],"author":[{"embeddable":true,"href":"https:\/\/www.tourdesuisse.ch\/fr\/wp-json\/wp\/v2\/users\/1"}],"replies":[{"embeddable":true,"href":"https:\/\/www.tourdesuisse.ch\/fr\/wp-json\/wp\/v2\/comments?post=3295"}],"version-history":[{"count":3,"href":"https:\/\/www.tourdesuisse.ch\/fr\/wp-json\/wp\/v2\/pages\/3295\/revisions"}],"predecessor-version":[{"id":70234,"href":"https:\/\/www.tourdesuisse.ch\/fr\/wp-json\/wp\/v2\/pages\/3295\/revisions\/70234"}],"up":[{"embeddable":true,"href":"https:\/\/www.tourdesuisse.ch\/fr\/wp-json\/wp\/v2\/pages\/70275"}],"wp:attachment":[{"href":"https:\/\/www.tourdesuisse.ch\/fr\/wp-json\/wp\/v2\/media?parent=3295"}],"curies":[{"name":"wp","href":"https:\/\/api.w.org\/{rel}","templated":true}]}}