{"id":3313,"date":"2024-03-25T11:44:35","date_gmt":"2024-03-25T10:44:35","guid":{"rendered":"https:\/\/tourdesuisse.ch.ownb.it\/aktivitaeten\/vip-hospitality\/"},"modified":"2024-12-11T15:59:26","modified_gmt":"2024-12-11T14:59:26","slug":"vip-hospitality","status":"publish","type":"page","link":"https:\/\/www.tourdesuisse.ch\/fr\/woman\/visiteurs\/activites\/vip-hospitality\/","title":{"rendered":"Hospitality"},"content":{"rendered":"<link data-name=\"until-s\" rel=\"preload\" as=\"style\" href=\"https:\/\/www.tourdesuisse.ch\/wp-content\/uploads\/TDS_IMHOF-88-von-174-540x960.jpg\" media=\"(max-width: 539px) and (max-height: 303.75px) and (max-resolution: 1.999dppx)\">\n<link data-name=\"until-s@2x\" rel=\"preload\" as=\"style\" href=\"https:\/\/www.tourdesuisse.ch\/wp-content\/uploads\/TDS_IMHOF-88-von-174-1080x1920.jpg\" media=\"(max-width: 539px) and (max-height: 303.75px) and (min-resolution: 2dppx)\">\n<link data-name=\"until-sm\" rel=\"preload\" as=\"style\" href=\"https:\/\/www.tourdesuisse.ch\/wp-content\/uploads\/TDS_IMHOF-88-von-174.jpg\" media=\"(max-width: 767px) and (max-height: 432px) and (max-resolution: 1.999dppx)\">\n<link data-name=\"until-sm@2x\" rel=\"preload\" as=\"style\" href=\"https:\/\/www.tourdesuisse.ch\/wp-content\/uploads\/TDS_IMHOF-88-von-174.jpg\" media=\"(max-width: 767px) and (max-height: 432px) and (min-resolution: 2dppx)\">\n<link data-name=\"until-md\" rel=\"preload\" as=\"style\" href=\"https:\/\/www.tourdesuisse.ch\/wp-content\/uploads\/TDS_IMHOF-88-von-174-992x558.jpg\" media=\"(max-width: 991px) and (max-height: 558px) and (max-resolution: 1.999dppx)\">\n<link data-name=\"until-md@2x\" rel=\"preload\" as=\"style\" href=\"https:\/\/www.tourdesuisse.ch\/wp-content\/uploads\/TDS_IMHOF-88-von-174-1984x1116.jpg\" media=\"(max-width: 991px) and (max-height: 558px) and (min-resolution: 2dppx)\">\n<link data-name=\"until-lg\" rel=\"preload\" as=\"style\" href=\"https:\/\/www.tourdesuisse.ch\/wp-content\/uploads\/TDS_IMHOF-88-von-174-1200x675.jpg\" media=\"(max-width: 1199px) and (max-height: 675px) and (max-resolution: 1.999dppx)\">\n<link data-name=\"until-lg@2x\" rel=\"preload\" as=\"style\" href=\"https:\/\/www.tourdesuisse.ch\/wp-content\/uploads\/TDS_IMHOF-88-von-174-2400x1350.jpg\" media=\"(max-width: 1199px) and (max-height: 675px) and (min-resolution: 2dppx)\">\n<link data-name=\"until-xl\" rel=\"preload\" as=\"style\" href=\"https:\/\/www.tourdesuisse.ch\/wp-content\/uploads\/TDS_IMHOF-88-von-174-1425x802.jpg\" media=\"(max-width: 1424px) and (max-height: 801.5625px) and (max-resolution: 1.999dppx)\">\n<link data-name=\"until-xl@2x\" rel=\"preload\" as=\"style\" href=\"https:\/\/www.tourdesuisse.ch\/wp-content\/uploads\/TDS_IMHOF-88-von-174-2850x1604.jpg\" media=\"(max-width: 1424px) and (max-height: 801.5625px) and (min-resolution: 2dppx)\">\n<link data-name=\"full\" rel=\"preload\" as=\"style\" href=\"https:\/\/www.tourdesuisse.ch\/wp-content\/uploads\/TDS_IMHOF-88-von-174.jpg\" media=\"(min-width: 1425px)\">\n<div class=\"hero-section hero-is-image hero-align-end hero-size-default\" style=\"--hero-image-full: url('https:\/\/www.tourdesuisse.ch\/wp-content\/uploads\/TDS_IMHOF-88-von-174.jpg'); --hero-image-aspect-ratio: 1.4991708126036; --hero-image-until-s: url('https:\/\/www.tourdesuisse.ch\/wp-content\/uploads\/TDS_IMHOF-88-von-174-540x960.jpg'); --hero-image-until-s-2x: url('https:\/\/www.tourdesuisse.ch\/wp-content\/uploads\/TDS_IMHOF-88-von-174-1080x1920.jpg'); --hero-image-until-sm: url('https:\/\/www.tourdesuisse.ch\/wp-content\/uploads\/TDS_IMHOF-88-von-174.jpg'); --hero-image-until-sm-2x: url('https:\/\/www.tourdesuisse.ch\/wp-content\/uploads\/TDS_IMHOF-88-von-174.jpg'); --hero-image-until-md: url('https:\/\/www.tourdesuisse.ch\/wp-content\/uploads\/TDS_IMHOF-88-von-174-992x558.jpg'); --hero-image-until-md-2x: url('https:\/\/www.tourdesuisse.ch\/wp-content\/uploads\/TDS_IMHOF-88-von-174-1984x1116.jpg'); --hero-image-until-lg: url('https:\/\/www.tourdesuisse.ch\/wp-content\/uploads\/TDS_IMHOF-88-von-174-1200x675.jpg'); --hero-image-until-lg-2x: url('https:\/\/www.tourdesuisse.ch\/wp-content\/uploads\/TDS_IMHOF-88-von-174-2400x1350.jpg'); --hero-image-until-xl: url('https:\/\/www.tourdesuisse.ch\/wp-content\/uploads\/TDS_IMHOF-88-von-174-1425x802.jpg'); --hero-image-until-xl-2x: url('https:\/\/www.tourdesuisse.ch\/wp-content\/uploads\/TDS_IMHOF-88-von-174-2850x1604.jpg'); --hero-image-position: 50% 50%\"\n>\n\t<div class=\"hero-media\">\n\t\t<div class=\"hero-media-overlay\"><\/div>\n\t\t<div class=\"hero-content-wrapper\">\n\t\t\t<div class=\"hero-content\">\n\t\t\t\t<div class=\"overhead-line\">\n<p>Activit\u00e9s<\/p>\n<\/div>\n<h1>Hospitality<\/h1>\n\n\t\t\t<\/div>\n\t\t<\/div>\n\t<\/div>\n<\/div>\n<div class=\"background style-gradient\">\n<nav class=\"breadcrumb\" aria-label=\"Navigation en fil d&apos;Ariane\">\n\t<ol>\n\t\t<li>\n\t\t\t<a href=\"https:\/\/www.tourdesuisse.ch\/fr\/woman\/\" class=\"breadcrumb-link\">Page d\u2019accueil Woman<\/a>\n\t\t<\/li>\n\t\t<li>\n\t\t\t<a href=\"https:\/\/www.tourdesuisse.ch\/fr\/woman\/visiteurs\/\" class=\"breadcrumb-link\">Visiteurs<\/a>\n\t\t<\/li>\n\t\t<li>\n\t\t\t<a href=\"https:\/\/www.tourdesuisse.ch\/fr\/woman\/visiteurs\/activites\/\" class=\"breadcrumb-link\">Activit\u00e9s<\/a>\n\t\t<\/li>\n\t\t<li>\n\t\t\t<a href=\"https:\/\/www.tourdesuisse.ch\/fr\/woman\/visiteurs\/activites\/vip-hospitality\/\" class=\"breadcrumb-link\" aria-current=\"page\">Hospitality<\/a>\n\t\t<\/li>\n\t<\/ol>\n<\/nav>\n<div  id class=\"page-section style-default layout-default align-default\">\n\t<div class=\"section-grid grid-layout container\"><div  style=\"--grid-layout-index: 1\" class=\"section-item layout-default layout-margin-default\"><h3>D\u00e9couvrez l\u2019\u00e9v\u00e9nement sportif le plus populaire de Suisse sous un nouveau jour.<\/h3>\n<p>En plus d\u2019une restauration de toute premi\u00e8re classe et de la meilleure vue possible sur la course, notre hospitalit\u00e9 offre des moments inoubliables. Que ce soit au d\u00e9part, \u00e0 l\u2019arriv\u00e9e, en voiture VIP au c\u0153ur de la course : des moments captivants et uniques vous sont garantis. Vous trouverez ici un aper\u00e7u de nos diff\u00e9rentes offres d\u2019hospitalit\u00e9.<\/p>\n<\/div><\/div>\n<\/div>\n<div  id class=\"page-section style-default layout-default align-default\">\n\t<div class=\"section-grid grid-layout container\"><div  style=\"--grid-layout-index: 1; --col-xs: 12; --col-sm: 12; --col-md: 6; --col-lg: 6; --col-xl: 6\" class=\"section-item layout-default layout-margin-default\">\n\n<div class=\"box-wrapper\">\n\t<div class=\"box content-box\"\n\t>\n\t\t<div class=\"box-inner\">\n\n<div class=\"buttons\">\n\t<div class=\"button-group\">\n\n\t\t\t<a\n\t\t\t\thref=\"https:\/\/www.tourdesuisse.ch\/fr\/woman\/visiteurs\/activites\/vip-hospitality\/pour-les-particuliers\/\" class=\"button style-text with-arrow\"\n\t\t\t>\n\t\t\t\tPour les fans\n\t\t\t<\/a>\n\t<\/div>\n<\/div>\n<p>En plus d\u2019une restauration de toute premi\u00e8re classe et de la meilleure vue possible sur la course, notre hospitalit\u00e9 offre des moments inoubliables.<\/p>\n\n<a href=\"https:\/\/www.tourdesuisse.ch\/fr\/woman\/visiteurs\/activites\/vip-hospitality\/pour-les-particuliers\/\">\n\t\t<img loading=\"lazy\" decoding=\"async\" width=\"768\" height=\"512\" src=\"https:\/\/www.tourdesuisse.ch\/wp-content\/uploads\/TDS_IMHOF-6-von-9-768x512.jpg\" class=\"wpce-image\" alt=\"\" data-css-locator=\"\" srcset=\"https:\/\/www.tourdesuisse.ch\/wp-content\/uploads\/TDS_IMHOF-6-von-9-768x512.jpg 768w, https:\/\/www.tourdesuisse.ch\/wp-content\/uploads\/TDS_IMHOF-6-von-9-300x200.jpg 300w, https:\/\/www.tourdesuisse.ch\/wp-content\/uploads\/TDS_IMHOF-6-von-9-1024x683.jpg 1024w, https:\/\/www.tourdesuisse.ch\/wp-content\/uploads\/TDS_IMHOF-6-von-9-1536x1024.jpg 1536w, https:\/\/www.tourdesuisse.ch\/wp-content\/uploads\/TDS_IMHOF-6-von-9.jpg 1714w\" sizes=\"auto, (max-width: 768px) 100vw, 768px\" \/>\n<\/a>\t\t<\/div>\n\t<\/div>\n<\/div>\n<\/div><div  style=\"--grid-layout-index: 2; --col-xs: 12; --col-sm: 12; --col-md: 6; --col-lg: 6; --col-xl: 6\" class=\"section-item layout-default layout-margin-default\">\n\n<div class=\"box-wrapper\">\n\t<div class=\"box content-box\"\n\t>\n\t\t<div class=\"box-inner\">\n\n<div class=\"buttons\">\n\t<div class=\"button-group\">\n\n\t\t\t<a\n\t\t\t\thref=\"https:\/\/www.tourdesuisse.ch\/fr\/woman\/visiteurs\/activites\/vip-hospitality\/vip-hospitality-fuer-unternehmen\/\" class=\"button style-text with-arrow\"\n\t\t\t>\n\t\t\t\tPour les entreprises\n\t\t\t<\/a>\n\t<\/div>\n<\/div>\n<p>Dans un environnement d\u00e9tendu mais exclusif, entretenez vos relations avec vos clients ou renforcez la coh\u00e9sion de votre \u00e9quipe.<\/p>\n\n<a href=\"https:\/\/www.tourdesuisse.ch\/fr\/woman\/visiteurs\/activites\/vip-hospitality\/vip-hospitality-fuer-unternehmen\/\">\n\t\t<img loading=\"lazy\" decoding=\"async\" width=\"768\" height=\"512\" src=\"https:\/\/www.tourdesuisse.ch\/wp-content\/uploads\/TDS_IMHOF-51-von-80-1-1-768x512.jpg\" class=\"wpce-image\" alt=\"\" data-css-locator=\"\" srcset=\"https:\/\/www.tourdesuisse.ch\/wp-content\/uploads\/TDS_IMHOF-51-von-80-1-1-768x512.jpg 768w, https:\/\/www.tourdesuisse.ch\/wp-content\/uploads\/TDS_IMHOF-51-von-80-1-1-300x200.jpg 300w, https:\/\/www.tourdesuisse.ch\/wp-content\/uploads\/TDS_IMHOF-51-von-80-1-1-1024x683.jpg 1024w, https:\/\/www.tourdesuisse.ch\/wp-content\/uploads\/TDS_IMHOF-51-von-80-1-1-1536x1024.jpg 1536w, https:\/\/www.tourdesuisse.ch\/wp-content\/uploads\/TDS_IMHOF-51-von-80-1-1.jpg 2008w\" sizes=\"auto, (max-width: 768px) 100vw, 768px\" \/>\n<\/a>\t\t<\/div>\n\t<\/div>\n<\/div>\n<\/div><\/div>\n<\/div>\n<div  id=\"container-images\" class=\"page-section style-default layout-default align-default\">\n\t<div class=\"section-grid grid-layout container\"><div  style=\"--grid-layout-index: 1; --col-xs: 12; --col-sm: 8; --col-md: 8; --col-lg: 5; --col-xl: 5\" class=\"section-item layout-default layout-margin-default\">\n\n<div class=\"box-wrapper\">\n\t<div class=\"box content-box\"\n\t>\n\t\t<div class=\"box-inner\">\n<h3>Contact et informations compl\u00e9mentaires<\/h3>\n<p>Contactez-nous pour de plus amples informations et des offres de groupe sur mesure.<\/p>\n\t\t<\/div>\n\t<\/div>\n<\/div>\n<\/div><div  style=\"--grid-layout-index: 2; --col-xs: 12; --col-sm: 4; --col-md: 4; --col-lg: 3; --col-xl: 3\" class=\"section-item layout-default layout-margin-default\">\n\n\n\n<div class=\"box-wrapper\">\n\t<div class=\"box employee-box\"\n\t>\n\t\t<div class=\"box-image\"><img loading=\"lazy\" decoding=\"async\" width=\"395\" height=\"295\" src=\"https:\/\/www.tourdesuisse.ch\/wp-content\/uploads\/Anne-Stahel-2-395x295.jpg\" class=\"attachment-employee-box-image size-employee-box-image wp-post-image\" alt=\"Portrait Anne Stahel\" srcset=\"https:\/\/www.tourdesuisse.ch\/wp-content\/uploads\/Anne-Stahel-2-395x295.jpg 395w, https:\/\/www.tourdesuisse.ch\/wp-content\/uploads\/Anne-Stahel-2-790x590.jpg 790w\" sizes=\"auto, (max-width: 395px) 100vw, 395px\" \/><\/div>\n\t\t<div class=\"box-inner\">\n\t\t\t<h4 class=\"employee-name\">Anne Stahel<\/h4>\n\n\t\t\t<ul class=\"employee-contact-list\">\n\t\t\t\t<li class=\"employee-email\">\n\n<a href=\"mailto:anne@cycling-unlimited.ch\" class=\"contact-button\" style=\"--icon: url(&#039;https:\/\/www.tourdesuisse.ch\/wp-content\/themes\/tourdesuisse.ch\/elements\/contact-button\/contact-button-email.svg&#039;)\">\n\t<span class=\"sr-only\">\n\t\tAdresse \u00e9lectronique:\n\t<\/span>\n\tanne@cycling-unlimited.ch\n<\/a>\t\t\t\t<\/li>\n\t\t\t\t<li class=\"employee-phone\">\n\n<a href=\"tel:+41792874870\" class=\"contact-button\" style=\"--icon: url(&#039;https:\/\/www.tourdesuisse.ch\/wp-content\/themes\/tourdesuisse.ch\/elements\/contact-button\/contact-button-phone.svg&#039;)\">\n\t<span class=\"sr-only\">\n\t\tNum\u00e9ro de t\u00e9l\u00e9phone:\n\t<\/span>\n\t+41 79 287 48 70\n<\/a>\t\t\t\t<\/li>\n\t\t\t<\/ul>\n\t\t<\/div>\n\t<\/div>\n<\/div>\n<\/div><div  style=\"--grid-layout-index: 3; --col-xs: 12; --col-sm: 12; --col-md: 12; --col-lg: 2; --col-xl: 2\" class=\"section-item layout-default layout-margin-default hide-at-xs hide-at-s hide-at-sm hide-at-md\"><\/div><div  style=\"--grid-layout-index: 4; --col-xs: 12; --col-sm: 12; --col-md: 12; --col-lg: 2; --col-xl: 2\" class=\"section-item layout-default layout-margin-default hide-at-xs hide-at-s hide-at-sm hide-at-md\"><\/div><\/div>\n<\/div><\/div>","protected":false},"excerpt":{"rendered":"<p>Activit\u00e9s Hospitality Page d\u2019accueil Woman Visiteurs Activit\u00e9s Hospitality D\u00e9couvrez l\u2019\u00e9v\u00e9nement sportif le plus populaire de Suisse sous un nouveau jour. En plus d\u2019une restauration de toute premi\u00e8re classe et de la meilleure vue possible sur la course, notre hospitalit\u00e9 offre des moments inoubliables. Que ce soit au d\u00e9part, \u00e0 l\u2019arriv\u00e9e, en voiture VIP au c\u0153ur [&hellip;]<\/p>\n","protected":false},"author":2,"featured_media":0,"parent":3300,"menu_order":0,"comment_status":"closed","ping_status":"closed","template":"","meta":{"_acf_changed":false,"inline_featured_image":false,"footnotes":""},"class_list":["post-3313","page","type-page","status-publish","hentry"],"acf":[],"_links":{"self":[{"href":"https:\/\/www.tourdesuisse.ch\/fr\/wp-json\/wp\/v2\/pages\/3313","targetHints":{"allow":["GET"]}}],"collection":[{"href":"https:\/\/www.tourdesuisse.ch\/fr\/wp-json\/wp\/v2\/pages"}],"about":[{"href":"https:\/\/www.tourdesuisse.ch\/fr\/wp-json\/wp\/v2\/types\/page"}],"author":[{"embeddable":true,"href":"https:\/\/www.tourdesuisse.ch\/fr\/wp-json\/wp\/v2\/users\/2"}],"replies":[{"embeddable":true,"href":"https:\/\/www.tourdesuisse.ch\/fr\/wp-json\/wp\/v2\/comments?post=3313"}],"version-history":[{"count":0,"href":"https:\/\/www.tourdesuisse.ch\/fr\/wp-json\/wp\/v2\/pages\/3313\/revisions"}],"up":[{"embeddable":true,"href":"https:\/\/www.tourdesuisse.ch\/fr\/wp-json\/wp\/v2\/pages\/3300"}],"wp:attachment":[{"href":"https:\/\/www.tourdesuisse.ch\/fr\/wp-json\/wp\/v2\/media?parent=3313"}],"curies":[{"name":"wp","href":"https:\/\/api.w.org\/{rel}","templated":true}]}}