{"id":3326,"date":"2024-03-25T11:54:51","date_gmt":"2024-03-25T10:54:51","guid":{"rendered":"https:\/\/tourdesuisse.ch.ownb.it\/etappenplan-3\/"},"modified":"2026-03-10T16:21:15","modified_gmt":"2026-03-10T15:21:15","slug":"parcours","status":"publish","type":"page","link":"https:\/\/www.tourdesuisse.ch\/fr\/woman\/parcours\/","title":{"rendered":"Parcours Women"},"content":{"rendered":"\n<div class=\"intro-section page-section style-default layout-default align-default\">\n\t<div class=\"section-grid grid-layout container\">\n\t\t<div style=\"--grid-layout-index: 1; --col-xs: 12; --col-sm: 12; --col-md: 12; --col-lg: 12; --col-xl: 12\" class=\"section-item layout-default layout-margin-default\">\n\t\t\t<div class=\"intro-background-title\" data-content=\"2026\">2026<\/div>\n\t\t\t<div class=\"intro-title-wrapper\">\n\t\t\t\t<h1 class=\"intro-title\">Parcours<\/h1>\n\t\t\t\t<a href=\"#carte\" class=\"button style-text with-arrow\">Voir la carte<\/a>\n\t\t\t<\/div>\n\t\t\t<div class=\"intro-content lead-text\">\n\t\t\t\t<p><\/p>\n\n\t\t\t<\/div>\n\t\t<\/div>\n\t<\/div>\n<\/div>\n\n<div  id class=\"page-section style-default layout-default align-default\">\n\t<div class=\"section-grid grid-layout container\"><div  style=\"--grid-layout-index: 1; --col-xs: 12; --col-sm: 12; --col-md: 12; --col-lg: 4; --col-xl: 4\" class=\"section-item layout-default layout-margin-default hide-at-xs hide-at-s hide-at-sm hide-at-md\"><\/div><div  style=\"--grid-layout-index: 2; --col-xs: 12; --col-sm: 12; --col-md: 12; --col-lg: 8; --col-xl: 8\" class=\"section-item layout-default layout-margin-default hide-at-xs hide-at-s hide-at-sm hide-at-md\"><\/div><\/div>\n<\/div><div  id class=\"page-section style-default layout-default align-default\">\n\t<div class=\"section-grid grid-layout container\"><div  style=\"--grid-layout-index: 1; --col-xs: 12; --col-sm: 12; --col-md: 12; --col-lg: 12; --col-xl: 12\" class=\"section-item layout-default layout-margin-default\">\n<div class=\"stages\">\n\n\t\t<div class=\"stage\">\n\t\t\t<div>\n\t\t\t\t<div class=\"stage-head\">\n\t<span class=\"stage-number\" data-stage=\"01\">01<\/span>\n\n\t\t\t\t<\/div>\n\n\t\t\t\t\t<div class=\"stage-date\">Mercredi, 17.06.2026<\/div>\n<div class=\"stage-title\">\n\n\t\tSondrio\n<\/div>\n\n\n\n\t\t\t\t<a href=\"https:\/\/www.tourdesuisse.ch\/fr\/women\/stage\/s\/women-01\/\" class=\"stage-link button style-text with-arrow\">Voir l&#8217;\u00e9tape<\/a>\n\t\t\t<\/div>\n\n<img loading=\"lazy\" decoding=\"async\" width=\"496\" height=\"272\" src=\"https:\/\/www.tourdesuisse.ch\/wp-content\/uploads\/passerella-cassandre-496x272.jpg\" class=\"stage-image wp-post-image\" alt=\"\" srcset=\"https:\/\/www.tourdesuisse.ch\/wp-content\/uploads\/passerella-cassandre-496x272.jpg 496w, https:\/\/www.tourdesuisse.ch\/wp-content\/uploads\/passerella-cassandre-992x544.jpg 992w\" sizes=\"auto, (max-width: 496px) 100vw, 496px\" \/>\t\t<\/div>\n\n\t\t<div class=\"stage\">\n\t\t\t<div>\n\t\t\t\t<div class=\"stage-head\">\n\t<span class=\"stage-number\" data-stage=\"02\">02<\/span>\n\n\t\t\t\t<\/div>\n\n\t\t\t\t\t<div class=\"stage-date\">Jeudi, 18.06.2026<\/div>\n<div class=\"stage-title\">\n\n\t\tLocarno\n<\/div>\n\n\n\n\t\t\t\t<a href=\"https:\/\/www.tourdesuisse.ch\/fr\/women\/stage\/s\/women-02\/\" class=\"stage-link button style-text with-arrow\">Voir l&#8217;\u00e9tape<\/a>\n\t\t\t<\/div>\n\n<img loading=\"lazy\" decoding=\"async\" width=\"496\" height=\"272\" src=\"https:\/\/www.tourdesuisse.ch\/wp-content\/uploads\/9e10866-Piazza-Grande-Locarno-2-\u00a9-Ascona-Locarno-Tourism-foto-Alessio-Pizzicannella-scaled-1-496x272.jpg\" class=\"stage-image wp-post-image\" alt=\"\" srcset=\"https:\/\/www.tourdesuisse.ch\/wp-content\/uploads\/9e10866-Piazza-Grande-Locarno-2-\u00a9-Ascona-Locarno-Tourism-foto-Alessio-Pizzicannella-scaled-1-496x272.jpg 496w, https:\/\/www.tourdesuisse.ch\/wp-content\/uploads\/9e10866-Piazza-Grande-Locarno-2-\u00a9-Ascona-Locarno-Tourism-foto-Alessio-Pizzicannella-scaled-1-992x544.jpg 992w\" sizes=\"auto, (max-width: 496px) 100vw, 496px\" \/>\t\t<\/div>\n\n\t\t<div class=\"stage\">\n\t\t\t<div>\n\t\t\t\t<div class=\"stage-head\">\n\t<span class=\"stage-number\" data-stage=\"03\">03<\/span>\n\n\t\t\t\t<\/div>\n\n\t\t\t\t\t<div class=\"stage-date\">Vendredi, 19.06.2026<\/div>\n<div class=\"stage-title\">\n\n\t\tBad Ragaz\n<\/div>\n\n\n\n\t\t\t\t<a href=\"https:\/\/www.tourdesuisse.ch\/fr\/women\/stage\/s\/women-03\/\" class=\"stage-link button style-text with-arrow\">Voir l&#8217;\u00e9tape<\/a>\n\t\t\t<\/div>\n\n<img loading=\"lazy\" decoding=\"async\" width=\"496\" height=\"272\" src=\"https:\/\/www.tourdesuisse.ch\/wp-content\/uploads\/Golfclub-Bad-Ragaz_2-5n31rzg8sxdx37k-496x272.jpg\" class=\"stage-image wp-post-image\" alt=\"\" srcset=\"https:\/\/www.tourdesuisse.ch\/wp-content\/uploads\/Golfclub-Bad-Ragaz_2-5n31rzg8sxdx37k-496x272.jpg 496w, https:\/\/www.tourdesuisse.ch\/wp-content\/uploads\/Golfclub-Bad-Ragaz_2-5n31rzg8sxdx37k-992x544.jpg 992w\" sizes=\"auto, (max-width: 496px) 100vw, 496px\" \/>\t\t<\/div>\n\n\t\t<div class=\"stage\">\n\t\t\t<div>\n\t\t\t\t<div class=\"stage-head\">\n\t<span class=\"stage-number\" data-stage=\"04\">04<\/span>\n\n\t\t\t\t<\/div>\n\n\t\t\t\t\t<div class=\"stage-date\">Samedi, 20.06.2026<\/div>\n<div class=\"stage-title\">\n\n\t\tAarburg\n<\/div>\n\n\n\n\t\t\t\t<a href=\"https:\/\/www.tourdesuisse.ch\/fr\/women\/stage\/s\/women-04\/\" class=\"stage-link button style-text with-arrow\">Voir l&#8217;\u00e9tape<\/a>\n\t\t\t<\/div>\n\n<img loading=\"lazy\" decoding=\"async\" width=\"496\" height=\"272\" src=\"https:\/\/www.tourdesuisse.ch\/wp-content\/uploads\/Aarburg-3-Luftbild-Kirche-nah-496x272.jpg\" class=\"stage-image wp-post-image\" alt=\"\" srcset=\"https:\/\/www.tourdesuisse.ch\/wp-content\/uploads\/Aarburg-3-Luftbild-Kirche-nah-496x272.jpg 496w, https:\/\/www.tourdesuisse.ch\/wp-content\/uploads\/Aarburg-3-Luftbild-Kirche-nah-992x544.jpg 992w\" sizes=\"auto, (max-width: 496px) 100vw, 496px\" \/>\t\t<\/div>\n\n\t\t<div class=\"stage\">\n\t\t\t<div>\n\t\t\t\t<div class=\"stage-head\">\n\t<span class=\"stage-number\" data-stage=\"05\">05<\/span>\n\n\t\t\t\t<\/div>\n\n\t\t\t\t\t<div class=\"stage-date\">Dimanche, 21.06.2026<\/div>\n<div class=\"stage-title\">\n\n\t\tVillars-sur-Ollon\n<\/div>\n\n\n\n\t\t\t\t<a href=\"https:\/\/www.tourdesuisse.ch\/fr\/women\/stage\/s\/etape-4\/\" class=\"stage-link button style-text with-arrow\">Voir l&#8217;\u00e9tape<\/a>\n\t\t\t<\/div>\n\n<img loading=\"lazy\" decoding=\"async\" width=\"496\" height=\"272\" src=\"https:\/\/www.tourdesuisse.ch\/wp-content\/uploads\/Velo-Alpes-vaudoises-09543-c-A-Swiss-With-A-Pulse-496x272.jpg\" class=\"stage-image wp-post-image\" alt=\"\" srcset=\"https:\/\/www.tourdesuisse.ch\/wp-content\/uploads\/Velo-Alpes-vaudoises-09543-c-A-Swiss-With-A-Pulse-496x272.jpg 496w, https:\/\/www.tourdesuisse.ch\/wp-content\/uploads\/Velo-Alpes-vaudoises-09543-c-A-Swiss-With-A-Pulse-992x544.jpg 992w\" sizes=\"auto, (max-width: 496px) 100vw, 496px\" \/>\t\t<\/div>\n<\/div>\n<\/div><\/div>\n<\/div><div  id=\"carte\" class=\"page-section style-default layout-default align-default\">\n\t<div class=\"section-grid grid-layout container\"><div  style=\"--grid-layout-index: 1; --col-xs: 12; --col-sm: 12; --col-md: 12; --col-lg: 12; --col-xl: 12\" class=\"section-item layout-default layout-margin-default\"><h2>D\u00c9COUVREZ LE PARCOURS 2026<\/h2>\n\n\n<div class=\"buttons\">\n\t<div class=\"button-group\">\n\n\t\t\t<a\n\t\t\t\thref=\"https:\/\/www.tourdesuisse.ch\/fr\/woman\/lieux-detape\/\" class=\"button style-default with-arrow\"\n\t\t\t>\n\t\t\t\tVoir les lieux d&#8217;\u00e9tape\n\t\t\t<\/a>\n\t<\/div>\n<\/div>\n\n\t\t<img loading=\"lazy\" decoding=\"async\" width=\"1024\" height=\"724\" src=\"https:\/\/www.tourdesuisse.ch\/wp-content\/uploads\/TdS2026_Karte_Strecke_LY02-1024x724.png\" class=\"wpce-image\" alt=\"\" data-css-locator=\"\" srcset=\"https:\/\/www.tourdesuisse.ch\/wp-content\/uploads\/TdS2026_Karte_Strecke_LY02-1024x724.png 1024w, https:\/\/www.tourdesuisse.ch\/wp-content\/uploads\/TdS2026_Karte_Strecke_LY02-300x212.png 300w, https:\/\/www.tourdesuisse.ch\/wp-content\/uploads\/TdS2026_Karte_Strecke_LY02-768x543.png 768w, https:\/\/www.tourdesuisse.ch\/wp-content\/uploads\/TdS2026_Karte_Strecke_LY02-1536x1086.png 1536w, https:\/\/www.tourdesuisse.ch\/wp-content\/uploads\/TdS2026_Karte_Strecke_LY02-2048x1448.png 2048w, https:\/\/www.tourdesuisse.ch\/wp-content\/uploads\/TdS2026_Karte_Strecke_LY02.png 2560w\" sizes=\"auto, (max-width: 1024px) 100vw, 1024px\" \/>\n<\/div><\/div>\n<\/div>","protected":false},"excerpt":{"rendered":"<p>2026 Parcours Voir la carte 01 Mercredi, 17.06.2026 Sondrio Voir l&#8217;\u00e9tape 02 Jeudi, 18.06.2026 Locarno Voir l&#8217;\u00e9tape 03 Vendredi, 19.06.2026 Bad Ragaz Voir l&#8217;\u00e9tape 04 Samedi, 20.06.2026 Aarburg Voir l&#8217;\u00e9tape 05 Dimanche, 21.06.2026 Villars-sur-Ollon Voir l&#8217;\u00e9tape D\u00c9COUVREZ LE PARCOURS 2026 Voir les lieux d&#8217;\u00e9tape<\/p>\n","protected":false},"author":2,"featured_media":0,"parent":70275,"menu_order":0,"comment_status":"closed","ping_status":"closed","template":"","meta":{"_acf_changed":false,"inline_featured_image":false,"footnotes":""},"class_list":["post-3326","page","type-page","status-publish","hentry"],"acf":[],"_links":{"self":[{"href":"https:\/\/www.tourdesuisse.ch\/fr\/wp-json\/wp\/v2\/pages\/3326","targetHints":{"allow":["GET"]}}],"collection":[{"href":"https:\/\/www.tourdesuisse.ch\/fr\/wp-json\/wp\/v2\/pages"}],"about":[{"href":"https:\/\/www.tourdesuisse.ch\/fr\/wp-json\/wp\/v2\/types\/page"}],"author":[{"embeddable":true,"href":"https:\/\/www.tourdesuisse.ch\/fr\/wp-json\/wp\/v2\/users\/2"}],"replies":[{"embeddable":true,"href":"https:\/\/www.tourdesuisse.ch\/fr\/wp-json\/wp\/v2\/comments?post=3326"}],"version-history":[{"count":10,"href":"https:\/\/www.tourdesuisse.ch\/fr\/wp-json\/wp\/v2\/pages\/3326\/revisions"}],"predecessor-version":[{"id":71078,"href":"https:\/\/www.tourdesuisse.ch\/fr\/wp-json\/wp\/v2\/pages\/3326\/revisions\/71078"}],"up":[{"embeddable":true,"href":"https:\/\/www.tourdesuisse.ch\/fr\/wp-json\/wp\/v2\/pages\/70275"}],"wp:attachment":[{"href":"https:\/\/www.tourdesuisse.ch\/fr\/wp-json\/wp\/v2\/media?parent=3326"}],"curies":[{"name":"wp","href":"https:\/\/api.w.org\/{rel}","templated":true}]}}