{"id":3400,"date":"2024-03-25T11:48:59","date_gmt":"2024-03-25T10:48:59","guid":{"rendered":"https:\/\/tourdesuisse.ch.ownb.it\/women-2\/visiteurs\/activites\/werbekolonne\/"},"modified":"2024-03-25T15:26:18","modified_gmt":"2024-03-25T14:26:18","slug":"caravanne-publicitaire","status":"publish","type":"page","link":"https:\/\/www.tourdesuisse.ch\/fr\/woman\/visiteurs\/activites\/caravanne-publicitaire\/","title":{"rendered":"Caravanne publicitaire"},"content":{"rendered":"<link data-name=\"until-s\" rel=\"preload\" as=\"style\" href=\"https:\/\/www.tourdesuisse.ch\/wp-content\/uploads\/TDS_IMHOF-16-von-80-540x960.jpg\" media=\"(max-width: 539px) and (max-height: 303.75px) and (max-resolution: 1.999dppx)\">\n<link data-name=\"until-s@2x\" rel=\"preload\" as=\"style\" href=\"https:\/\/www.tourdesuisse.ch\/wp-content\/uploads\/TDS_IMHOF-16-von-80-1080x1920.jpg\" media=\"(max-width: 539px) and (max-height: 303.75px) and (min-resolution: 2dppx)\">\n<link data-name=\"until-sm\" rel=\"preload\" as=\"style\" href=\"https:\/\/www.tourdesuisse.ch\/wp-content\/uploads\/TDS_IMHOF-16-von-80.jpg\" media=\"(max-width: 767px) and (max-height: 432px) and (max-resolution: 1.999dppx)\">\n<link data-name=\"until-sm@2x\" rel=\"preload\" as=\"style\" href=\"https:\/\/www.tourdesuisse.ch\/wp-content\/uploads\/TDS_IMHOF-16-von-80.jpg\" media=\"(max-width: 767px) and (max-height: 432px) and (min-resolution: 2dppx)\">\n<link data-name=\"until-md\" rel=\"preload\" as=\"style\" href=\"https:\/\/www.tourdesuisse.ch\/wp-content\/uploads\/TDS_IMHOF-16-von-80-992x558.jpg\" media=\"(max-width: 991px) and (max-height: 558px) and (max-resolution: 1.999dppx)\">\n<link data-name=\"until-md@2x\" rel=\"preload\" as=\"style\" href=\"https:\/\/www.tourdesuisse.ch\/wp-content\/uploads\/TDS_IMHOF-16-von-80-1984x1116.jpg\" media=\"(max-width: 991px) and (max-height: 558px) and (min-resolution: 2dppx)\">\n<link data-name=\"until-lg\" rel=\"preload\" as=\"style\" href=\"https:\/\/www.tourdesuisse.ch\/wp-content\/uploads\/TDS_IMHOF-16-von-80-1200x675.jpg\" media=\"(max-width: 1199px) and (max-height: 675px) and (max-resolution: 1.999dppx)\">\n<link data-name=\"until-lg@2x\" rel=\"preload\" as=\"style\" href=\"https:\/\/www.tourdesuisse.ch\/wp-content\/uploads\/TDS_IMHOF-16-von-80-2400x1350.jpg\" media=\"(max-width: 1199px) and (max-height: 675px) and (min-resolution: 2dppx)\">\n<link data-name=\"until-xl\" rel=\"preload\" as=\"style\" href=\"https:\/\/www.tourdesuisse.ch\/wp-content\/uploads\/TDS_IMHOF-16-von-80-1425x802.jpg\" media=\"(max-width: 1424px) and (max-height: 801.5625px) and (max-resolution: 1.999dppx)\">\n<link data-name=\"until-xl@2x\" rel=\"preload\" as=\"style\" href=\"https:\/\/www.tourdesuisse.ch\/wp-content\/uploads\/TDS_IMHOF-16-von-80-2850x1604.jpg\" media=\"(max-width: 1424px) and (max-height: 801.5625px) and (min-resolution: 2dppx)\">\n<link data-name=\"full\" rel=\"preload\" as=\"style\" href=\"https:\/\/www.tourdesuisse.ch\/wp-content\/uploads\/TDS_IMHOF-16-von-80.jpg\" media=\"(min-width: 1425px)\">\n<div class=\"hero-section hero-is-image hero-align-end hero-size-narrow\" style=\"--hero-image-full: url('https:\/\/www.tourdesuisse.ch\/wp-content\/uploads\/TDS_IMHOF-16-von-80.jpg'); --hero-image-aspect-ratio: 1.5007961783439; --hero-image-until-s: url('https:\/\/www.tourdesuisse.ch\/wp-content\/uploads\/TDS_IMHOF-16-von-80-540x960.jpg'); --hero-image-until-s-2x: url('https:\/\/www.tourdesuisse.ch\/wp-content\/uploads\/TDS_IMHOF-16-von-80-1080x1920.jpg'); --hero-image-until-sm: url('https:\/\/www.tourdesuisse.ch\/wp-content\/uploads\/TDS_IMHOF-16-von-80.jpg'); --hero-image-until-sm-2x: url('https:\/\/www.tourdesuisse.ch\/wp-content\/uploads\/TDS_IMHOF-16-von-80.jpg'); --hero-image-until-md: url('https:\/\/www.tourdesuisse.ch\/wp-content\/uploads\/TDS_IMHOF-16-von-80-992x558.jpg'); --hero-image-until-md-2x: url('https:\/\/www.tourdesuisse.ch\/wp-content\/uploads\/TDS_IMHOF-16-von-80-1984x1116.jpg'); --hero-image-until-lg: url('https:\/\/www.tourdesuisse.ch\/wp-content\/uploads\/TDS_IMHOF-16-von-80-1200x675.jpg'); --hero-image-until-lg-2x: url('https:\/\/www.tourdesuisse.ch\/wp-content\/uploads\/TDS_IMHOF-16-von-80-2400x1350.jpg'); --hero-image-until-xl: url('https:\/\/www.tourdesuisse.ch\/wp-content\/uploads\/TDS_IMHOF-16-von-80-1425x802.jpg'); --hero-image-until-xl-2x: url('https:\/\/www.tourdesuisse.ch\/wp-content\/uploads\/TDS_IMHOF-16-von-80-2850x1604.jpg'); --hero-image-position: 50% 50%\"\n>\n\t<div class=\"hero-media\">\n\t\t<div class=\"hero-media-overlay\"><\/div>\n\t\t<div class=\"hero-content-wrapper\">\n\t\t\t<div class=\"hero-content\">\n\t\t\t\t<div class=\"overhead-line\">\n<h3>Activit\u00e9s<\/h3>\n<\/div>\n<h1>FanConvoy<\/h1>\n\n\t\t\t<\/div>\n\t\t<\/div>\n\t<\/div>\n<\/div>\n<div class=\"background style-gradient\">\n<nav class=\"breadcrumb\" aria-label=\"Navigation en fil d&apos;Ariane\">\n\t<ol>\n\t\t<li>\n\t\t\t<a href=\"https:\/\/www.tourdesuisse.ch\/fr\/woman\/\" class=\"breadcrumb-link\">Page d\u2019accueil Woman<\/a>\n\t\t<\/li>\n\t\t<li>\n\t\t\t<a href=\"https:\/\/www.tourdesuisse.ch\/fr\/woman\/visiteurs\/\" class=\"breadcrumb-link\">Visiteurs<\/a>\n\t\t<\/li>\n\t\t<li>\n\t\t\t<a href=\"https:\/\/www.tourdesuisse.ch\/fr\/woman\/visiteurs\/activites\/\" class=\"breadcrumb-link\">Activit\u00e9s<\/a>\n\t\t<\/li>\n\t\t<li>\n\t\t\t<a href=\"https:\/\/www.tourdesuisse.ch\/fr\/woman\/visiteurs\/activites\/caravanne-publicitaire\/\" class=\"breadcrumb-link\" aria-current=\"page\">Caravanne publicitaire<\/a>\n\t\t<\/li>\n\t<\/ol>\n<\/nav>\n<div  id class=\"page-section style-default layout-default align-default\">\n\t<div class=\"section-grid grid-layout container\"><div  style=\"--grid-layout-index: 1; --col-xs: 12; --col-sm: 12; --col-md: 4; --col-lg: 4; --col-xl: 4\" class=\"section-item layout-default layout-margin-default\"><h3>Du d\u00e9part \u00e0 l&#8217;arriv\u00e9e &#8211; Le fanconvoy t&#8217;apporte les moments forts du tour !<\/h3>\n<\/div><div  style=\"--grid-layout-index: 2; --col-xs: 12; --col-sm: 12; --col-md: 8; --col-lg: 8; --col-xl: 8\" class=\"section-item layout-default layout-margin-default\"><div class=\"lead-text\">\n<p>Notre FanConvoy fait presque autant partie du Tour de Suisse que le peloton et constitue un point d\u2019orgue absolu pour tous les spectateurs le long du parcours. Environ une heure avant les cyclistes professionnels, le FanConvoy suit le parcours original et les partenaires y participant distribuent des cadeaux, des \u00e9chantillons de produits ou des prospectus aux fans qui attendent avec impatience.<\/p>\n<p>Vous trouverez les heures de passage dans les horaires de chaque \u00e9tape \u00e0 t\u00e9l\u00e9charger.<\/p>\n<\/div>\n\n<div><div style=\"width: 640px;\" class=\"wp-video\"><video class=\"wp-video-shortcode\" id=\"video-3400-1\" width=\"640\" height=\"360\" preload=\"metadata\" controls=\"controls\"><source type=\"video\/mp4\" src=\"https:\/\/www.tourdesuisse.ch\/wp-content\/uploads\/Werbekolonne-16x9-1.mp4?_=1\" \/><a href=\"https:\/\/www.tourdesuisse.ch\/wp-content\/uploads\/Werbekolonne-16x9-1.mp4\">https:\/\/www.tourdesuisse.ch\/wp-content\/uploads\/Werbekolonne-16x9-1.mp4<\/a><\/video><\/div><\/div>\n<\/div><\/div>\n<\/div><\/div><div  id=\"container-images\" class=\"page-section style-default layout-default align-default\">\n\t<div class=\"section-grid grid-layout container\"><div  style=\"--grid-layout-index: 1; --col-xs: 12; --col-sm: 12; --col-md: 12; --col-lg: 12; --col-xl: 12\" class=\"section-item layout-default layout-margin-default\"><h2>Impressions<\/h2>\n\n<div\n\tclass=\"wpce-gallery\"\n\tx-data=\"{\n\t\tuid: &quot;gallery-45f11eab-569d-4ad5-8fbf-2e1e83d2bd2c&quot;,\n\t\t_previewEl: null,\n\t\tloading: false,\n\t\tnoPush: false,\n\t\trefs: null,\n\t\tinit() {\n\t\t\tconst refs = this.$refs\n\t\t\tthis.refs = {\n\t\t\t\tget grid() { return refs.grid },\n\t\t\t\tget image() { return refs.image },\n\t\t\t\tget content() { return refs.content },\n\t\t\t}\n\n\t\t\t\/\/ Update from Hash\n\t\t\tlet evaluateHash = () =&gt; {\n\t\t\t\tthis.noPush = true\n\n\t\t\t\tif (!this.$hash.startsWith('\/' + this.uid + '\/')) {\n\t\t\t\t\tthis.previewEl = null\n\t\t\t\t\tthis.noPush = false\n\t\t\t\t\treturn\n\t\t\t\t}\n\n\t\t\t\tlet index = Number(this.$hash.slice(this.uid.length + 2))\n\t\t\t\tif (isNaN(index)) {\n\t\t\t\t\tthis.previewEl = null\n\t\t\t\t\tthis.noPush = false\n\t\t\t\t\treturn\n\t\t\t\t}\n\n\t\t\t\tlet element = this.refs.grid.children[index - 1]\n\t\t\t\tif (!element) {\n\t\t\t\t\tthis.previewEl = null\n\t\t\t\t\tthis.noPush = false\n\t\t\t\t\treturn\n\t\t\t\t}\n\n\t\t\t\tif (element === this._previewEl) {\n\t\t\t\t\tthis.noPush = false\n\t\t\t\t\treturn\n\t\t\t\t}\n\n\t\t\t\tthis.previewEl = element\n\t\t\t\tthis.noPush = false\n\t\t\t}\n\n\t\t\tthis.$watch('$hash', evaluateHash)\n\t\t\tsetTimeout(evaluateHash, 0)\n\t\t},\n\t\tonKeydown(event) {\n\t\t\tif (!this.previewEl) return\n\t\t\tif (event.metaKey || event.altKey || event.ctrlKey || event.shiftKey) return\n\n\t\t\tswitch (event.key) {\n\t\t\t\tcase 'ArrowLeft':\n\t\t\t\t\tthis.previous()\n\t\t\t\t\tbreak\n\n\t\t\t\tcase 'ArrowRight':\n\t\t\t\t\tthis.next()\n\t\t\t\t\tbreak\n\n\t\t\t\tcase 'Escape':\n\t\t\t\t\tthis.close()\n\t\t\t\t\tbreak\n\t\t\t}\n\t\t},\n\t\tget previewEl() {\n\t\t\treturn this._previewEl\n\t\t},\n\t\tset previewEl(el) {\n\t\t\tthis.loading = true\n\n\t\t\tif (!this.noPush) {\n\t\t\t\tlet index = [...this.refs.grid.children].indexOf(el) + 1\n\t\t\t\tlet hash = el ? `#\/${ this.uid }\/${ index }` : ''\n\t\t\t\tlet url = location.pathname + hash\n\t\t\t\thistory.pushState(null, null, url)\n\t\t\t\twindow.dispatchEvent(new HashChangeEvent('hashchange'))\n\t\t\t}\n\n\t\t\tthis._previewEl = el\n\n\t\t\t\n\t\t\tsetTimeout(() =&gt; {\n\t\t\t\tif (el &#038;&#038; this.refs.image.naturalWidth &gt; 0) {\n\t\t\t\t\tthis.loading = false\n\t\t\t\t}\n\t\t\t})\n\t\t},\n\t\tget caption() {\n\t\t\t\n\t\t\treturn this.previewEl\n\t\t\t\t&#038;&#038; (\n\t\t\t\t\tthis.previewEl.dataset.caption\n\t\t\t\t)\n\t\t\t\t|| undefined\n\t\t},\n\t\tpreloadPrevious() {\n\t\t\tlet img = new Image()\n\t\t\timg.src = this.refs.grid.children[this.previewEl.dataset.prevIndex]\n\t\t},\n\t\tpreloadNext() {\n\t\t\tlet img = new Image()\n\t\t\timg.src = this.refs.grid.children[this.previewEl.dataset.nextIndex]\n\t\t},\n\t\tprevious() {\n\t\t\tif (this.previewEl) {\n\t\t\t\tthis.previewEl = this.refs.grid.children[this.previewEl.dataset.prevIndex]\n\t\t\t}\n\t\t},\n\t\tnext() {\n\t\t\tif (this.previewEl) {\n\t\t\t\tthis.previewEl = this.refs.grid.children[this.previewEl.dataset.nextIndex]\n\t\t\t}\n\t\t},\n\t\tclose() {\n\t\t\t\n\t\t\tthis.hide()\n\t\t\tsetTimeout(() =&gt; {\n\t\t\t\tthis.previewEl = null\n\t\t\t}, 400)\n\t\t},\n\n\t\t\n\t\t...transition({\n\t\t\tcss: {\n\t\t\t\topacity: 0,\n\t\t\t\ttransform: 'scale(1.05)',\n\t\t\t},\n\t\t\tduration: 400,\n\t\t}),\n\t}\"\n\tx-effect=\"toggle(previewEl !== null)\"\n\t:class=\"{ active: previewEl !== null }\"\n\t@keydown.document=\"onKeydown\"\n>\n\t<template x-teleport=\"body\">\n\t\t<div\n\t\t\trole=\"dialog\"\n\t\t\tclass=\"gallery-overlay\"\n\t\t\tstyle=\"display: none\"\n\t\t\tx-bind=\"target\"\n\t\t\tx-trap=\"previewEl !== null\"\n\t\t>\n\t\t\t<p class=\"sr-only\">Bienvenue dans la galerie. Appuyez sur Echap pour fermer ou sur les fl\u00e8ches gauche\/droite pour naviguer.<\/p>\n\t\t\t<button type=\"button\" class=\"gallery-control icon-button control-close\" @click=\"close\">\n\t\t\t\t<svg aria-hidden=\"true\" focusable=\"false\" width=\"10\" height=\"10\" viewBox=\"0 0 10 10\" xmlns=\"http:\/\/www.w3.org\/2000\/svg\"><path d=\"M8.75 0 10 1.25 6.25 5 10 8.75 8.75 10 5 6.25 1.25 10 0 8.75 3.75 5 0 1.25 1.25 0 5 3.75z\" fill=\"currentColor\" fill-rule=\"nonzero\"><\/path><\/svg>\n\t\t\t\t<span class=\"sr-only\">Fermer la galerie<\/span>\n\t\t\t<\/button>\n\t\t\t<button type=\"button\" class=\"gallery-control icon-button control-prev\" @click=\"previous\">\n\t\t\t\t<svg aria-hidden=\"true\" focusable=\"false\" width=\"6\" height=\"10\" viewBox=\"0 0 6 10\" xmlns=\"http:\/\/www.w3.org\/2000\/svg\"><path d=\"M4.667 10 6 8.571 2.667 5 6 1.429 4.667 0 0 5z\" fill=\"currentColor\" fill-rule=\"evenodd\"><\/path><\/svg>\n\t\t\t\t<span class=\"sr-only\">Image pr\u00e9c\u00e9dente<\/span>\n\t\t\t<\/button>\n\t\t\t<button type=\"button\" class=\"gallery-control icon-button control-next\" @click=\"next\">\n\t\t\t\t<svg aria-hidden=\"true\" focusable=\"false\" width=\"6\" height=\"10\" viewBox=\"0 0 6 10\" xmlns=\"http:\/\/www.w3.org\/2000\/svg\"><path d=\"M1.333 10 0 8.571 3.333 5 0 1.429 1.333 0 6 5z\" fill=\"currentColor\" fill-rule=\"evenodd\"><\/path><\/svg>\n\t\t\t\t<span class=\"sr-only\">Image suivante<\/span>\n\t\t\t<\/button>\n\t\t\t<div class=\"caption-container\" :class=\"{ active: !loading &#038;&#038; caption }\">\n\t\t\t\t<div id=\"gallery-45f11eab-569d-4ad5-8fbf-2e1e83d2bd2c-caption\" class=\"control-caption\" x-text=\"caption\"><\/div>\n\t\t\t<\/div>\n\t\t\t<figure class=\"content\" x-ref=\"content\" :aria-labelledby=\"previewEl &#038;&#038; previewEl.dataset.alt ? &quot;gallery-45f11eab-569d-4ad5-8fbf-2e1e83d2bd2c-caption&quot; : null\">\n\t\t\t\t<img\n\t\t\t\t\tx-ref=\"image\"\n\t\t\t\t\t:alt=\"previewEl &#038;&#038; previewEl.dataset.alt\"\n\t\t\t\t\t:src=\"previewEl &#038;&#038; previewEl.dataset.fullSrc\"\n\t\t\t\t\t:class=\"{ 'with-caption': !loading &#038;&#038; caption }\"\n\t\t\t\t\t:style=\"{ opacity: loading ? 0 : 1 }\"\n\t\t\t\t\t@load=\"loading = false; preloadNext(); preloadPrevious()\"\n\t\t\t\t>\n\t\t\t<\/figure>\n\t\t<\/div>\n\t<\/template>\n\t<div class=\"gallery-grid grid-layout\" x-ref=\"grid\">\n\t\t\t<a\n\t\t\t\thref=\"https:\/\/www.tourdesuisse.ch\/wp-content\/uploads\/TDS_IMHOF-66-von-134-1350x900.jpg\"\n\t\t\t\t@click.prevent=\"previewEl = $el\"\n\t\t\t\tdata-alt=\"\"\n\t\t\t\tdata-caption=\"\"\n\t\t\t\tdata-next-index=\"1\"\n\t\t\t\tdata-prev-index=\"3\"\n\t\t\t\tdata-full-src=\"https:\/\/www.tourdesuisse.ch\/wp-content\/uploads\/TDS_IMHOF-66-von-134-1350x900.jpg\"\n\t\t\t>\n\t\t\t\t<img loading=\"lazy\" decoding=\"async\" width=\"316\" height=\"316\" src=\"https:\/\/www.tourdesuisse.ch\/wp-content\/uploads\/TDS_IMHOF-66-von-134-316x316.jpg\" class=\"gallery-image tile\" alt=\"\" srcset=\"https:\/\/www.tourdesuisse.ch\/wp-content\/uploads\/TDS_IMHOF-66-von-134-316x316.jpg 316w, https:\/\/www.tourdesuisse.ch\/wp-content\/uploads\/TDS_IMHOF-66-von-134-150x150.jpg 150w, https:\/\/www.tourdesuisse.ch\/wp-content\/uploads\/TDS_IMHOF-66-von-134-632x632.jpg 632w\" sizes=\"auto, (max-width: 316px) 100vw, 316px\" \/>\n\t\t\t<\/a>\n\t\t\t<a\n\t\t\t\thref=\"https:\/\/www.tourdesuisse.ch\/wp-content\/uploads\/Buchli_Fotografie_Tour-de-Suisse-2025-1.-Etappe-Gstaad-Gstaad_53323-1-1350x900.jpg\"\n\t\t\t\t@click.prevent=\"previewEl = $el\"\n\t\t\t\tdata-alt=\"\"\n\t\t\t\tdata-caption=\"\"\n\t\t\t\tdata-next-index=\"2\"\n\t\t\t\tdata-prev-index=\"0\"\n\t\t\t\tdata-full-src=\"https:\/\/www.tourdesuisse.ch\/wp-content\/uploads\/Buchli_Fotografie_Tour-de-Suisse-2025-1.-Etappe-Gstaad-Gstaad_53323-1-1350x900.jpg\"\n\t\t\t>\n\t\t\t\t<img loading=\"lazy\" decoding=\"async\" width=\"316\" height=\"316\" src=\"https:\/\/www.tourdesuisse.ch\/wp-content\/uploads\/Buchli_Fotografie_Tour-de-Suisse-2025-1.-Etappe-Gstaad-Gstaad_53323-1-316x316.jpg\" class=\"gallery-image tile\" alt=\"\" srcset=\"https:\/\/www.tourdesuisse.ch\/wp-content\/uploads\/Buchli_Fotografie_Tour-de-Suisse-2025-1.-Etappe-Gstaad-Gstaad_53323-1-316x316.jpg 316w, https:\/\/www.tourdesuisse.ch\/wp-content\/uploads\/Buchli_Fotografie_Tour-de-Suisse-2025-1.-Etappe-Gstaad-Gstaad_53323-1-150x150.jpg 150w, https:\/\/www.tourdesuisse.ch\/wp-content\/uploads\/Buchli_Fotografie_Tour-de-Suisse-2025-1.-Etappe-Gstaad-Gstaad_53323-1-632x632.jpg 632w\" sizes=\"auto, (max-width: 316px) 100vw, 316px\" \/>\n\t\t\t<\/a>\n\t\t\t<a\n\t\t\t\thref=\"https:\/\/www.tourdesuisse.ch\/wp-content\/uploads\/TDS_IMHOF-54-von-174-1349x900.jpg\"\n\t\t\t\t@click.prevent=\"previewEl = $el\"\n\t\t\t\tdata-alt=\"\"\n\t\t\t\tdata-caption=\"\"\n\t\t\t\tdata-next-index=\"3\"\n\t\t\t\tdata-prev-index=\"1\"\n\t\t\t\tdata-full-src=\"https:\/\/www.tourdesuisse.ch\/wp-content\/uploads\/TDS_IMHOF-54-von-174-1349x900.jpg\"\n\t\t\t>\n\t\t\t\t<img loading=\"lazy\" decoding=\"async\" width=\"316\" height=\"316\" src=\"https:\/\/www.tourdesuisse.ch\/wp-content\/uploads\/TDS_IMHOF-54-von-174-316x316.jpg\" class=\"gallery-image tile\" alt=\"\" srcset=\"https:\/\/www.tourdesuisse.ch\/wp-content\/uploads\/TDS_IMHOF-54-von-174-316x316.jpg 316w, https:\/\/www.tourdesuisse.ch\/wp-content\/uploads\/TDS_IMHOF-54-von-174-150x150.jpg 150w, https:\/\/www.tourdesuisse.ch\/wp-content\/uploads\/TDS_IMHOF-54-von-174-632x632.jpg 632w\" sizes=\"auto, (max-width: 316px) 100vw, 316px\" \/>\n\t\t\t<\/a>\n\t\t\t<a\n\t\t\t\thref=\"https:\/\/www.tourdesuisse.ch\/wp-content\/uploads\/TDS_IMHOF-27-von-95-1351x900.jpg\"\n\t\t\t\t@click.prevent=\"previewEl = $el\"\n\t\t\t\tdata-alt=\"\"\n\t\t\t\tdata-caption=\"\"\n\t\t\t\tdata-next-index=\"0\"\n\t\t\t\tdata-prev-index=\"2\"\n\t\t\t\tdata-full-src=\"https:\/\/www.tourdesuisse.ch\/wp-content\/uploads\/TDS_IMHOF-27-von-95-1351x900.jpg\"\n\t\t\t>\n\t\t\t\t<img loading=\"lazy\" decoding=\"async\" width=\"316\" height=\"316\" src=\"https:\/\/www.tourdesuisse.ch\/wp-content\/uploads\/TDS_IMHOF-27-von-95-316x316.jpg\" class=\"gallery-image tile\" alt=\"\" srcset=\"https:\/\/www.tourdesuisse.ch\/wp-content\/uploads\/TDS_IMHOF-27-von-95-316x316.jpg 316w, https:\/\/www.tourdesuisse.ch\/wp-content\/uploads\/TDS_IMHOF-27-von-95-150x150.jpg 150w, https:\/\/www.tourdesuisse.ch\/wp-content\/uploads\/TDS_IMHOF-27-von-95-632x632.jpg 632w\" sizes=\"auto, (max-width: 316px) 100vw, 316px\" \/>\n\t\t\t<\/a>\n\t<\/div>\n<\/div><\/div><\/div>\n<\/div>","protected":false},"excerpt":{"rendered":"<p>Activit\u00e9s FanConvoy Page d\u2019accueil Woman Visiteurs Activit\u00e9s Caravanne publicitaire Du d\u00e9part \u00e0 l&#8217;arriv\u00e9e &#8211; Le fanconvoy t&#8217;apporte les moments forts du tour ! Notre FanConvoy fait presque autant partie du Tour de Suisse que le peloton et constitue un point d\u2019orgue absolu pour tous les spectateurs le long du parcours. Environ une heure avant les [&hellip;]<\/p>\n","protected":false},"author":2,"featured_media":0,"parent":3300,"menu_order":0,"comment_status":"closed","ping_status":"closed","template":"","meta":{"_acf_changed":false,"inline_featured_image":false,"footnotes":""},"class_list":["post-3400","page","type-page","status-publish","hentry"],"acf":[],"_links":{"self":[{"href":"https:\/\/www.tourdesuisse.ch\/fr\/wp-json\/wp\/v2\/pages\/3400","targetHints":{"allow":["GET"]}}],"collection":[{"href":"https:\/\/www.tourdesuisse.ch\/fr\/wp-json\/wp\/v2\/pages"}],"about":[{"href":"https:\/\/www.tourdesuisse.ch\/fr\/wp-json\/wp\/v2\/types\/page"}],"author":[{"embeddable":true,"href":"https:\/\/www.tourdesuisse.ch\/fr\/wp-json\/wp\/v2\/users\/2"}],"replies":[{"embeddable":true,"href":"https:\/\/www.tourdesuisse.ch\/fr\/wp-json\/wp\/v2\/comments?post=3400"}],"version-history":[{"count":1,"href":"https:\/\/www.tourdesuisse.ch\/fr\/wp-json\/wp\/v2\/pages\/3400\/revisions"}],"predecessor-version":[{"id":3413,"href":"https:\/\/www.tourdesuisse.ch\/fr\/wp-json\/wp\/v2\/pages\/3400\/revisions\/3413"}],"up":[{"embeddable":true,"href":"https:\/\/www.tourdesuisse.ch\/fr\/wp-json\/wp\/v2\/pages\/3300"}],"wp:attachment":[{"href":"https:\/\/www.tourdesuisse.ch\/fr\/wp-json\/wp\/v2\/media?parent=3400"}],"curies":[{"name":"wp","href":"https:\/\/api.w.org\/{rel}","templated":true}]}}