{"id":3627,"date":"2024-02-06T11:28:33","date_gmt":"2024-02-06T10:28:33","guid":{"rendered":"https:\/\/tourdesuisse.ch.ownb.it\/?page_id=3627"},"modified":"2025-07-31T11:45:40","modified_gmt":"2025-07-31T09:45:40","slug":"lecons-a-lecole-2","status":"publish","type":"page","link":"https:\/\/www.tourdesuisse.ch\/fr\/visiteurs\/activites\/lecons-a-lecole-2\/","title":{"rendered":"LE\u00c7ONS \u00c0 L\u2019\u00c9COLE"},"content":{"rendered":"<link data-name=\"until-s\" rel=\"preload\" as=\"style\" href=\"https:\/\/www.tourdesuisse.ch\/wp-content\/uploads\/Buchli_Fotografie_Tour-de-Suisse-Men-2025-7.-Etappe-Neuhausen-am-Rheinfall-Emmetten_102177-1-540x960.jpg\" media=\"(max-width: 539px) and (max-height: 303.75px) and (max-resolution: 1.999dppx)\">\n<link data-name=\"until-s@2x\" rel=\"preload\" as=\"style\" href=\"https:\/\/www.tourdesuisse.ch\/wp-content\/uploads\/Buchli_Fotografie_Tour-de-Suisse-Men-2025-7.-Etappe-Neuhausen-am-Rheinfall-Emmetten_102177-1-1080x1920.jpg\" media=\"(max-width: 539px) and (max-height: 303.75px) and (min-resolution: 2dppx)\">\n<link data-name=\"until-sm\" rel=\"preload\" as=\"style\" href=\"https:\/\/www.tourdesuisse.ch\/wp-content\/uploads\/Buchli_Fotografie_Tour-de-Suisse-Men-2025-7.-Etappe-Neuhausen-am-Rheinfall-Emmetten_102177-1.jpg\" media=\"(max-width: 767px) and (max-height: 432px) and (max-resolution: 1.999dppx)\">\n<link data-name=\"until-sm@2x\" rel=\"preload\" as=\"style\" href=\"https:\/\/www.tourdesuisse.ch\/wp-content\/uploads\/Buchli_Fotografie_Tour-de-Suisse-Men-2025-7.-Etappe-Neuhausen-am-Rheinfall-Emmetten_102177-1.jpg\" media=\"(max-width: 767px) and (max-height: 432px) and (min-resolution: 2dppx)\">\n<link data-name=\"until-md\" rel=\"preload\" as=\"style\" href=\"https:\/\/www.tourdesuisse.ch\/wp-content\/uploads\/Buchli_Fotografie_Tour-de-Suisse-Men-2025-7.-Etappe-Neuhausen-am-Rheinfall-Emmetten_102177-1-992x558.jpg\" media=\"(max-width: 991px) and (max-height: 558px) and (max-resolution: 1.999dppx)\">\n<link data-name=\"until-md@2x\" rel=\"preload\" as=\"style\" href=\"https:\/\/www.tourdesuisse.ch\/wp-content\/uploads\/Buchli_Fotografie_Tour-de-Suisse-Men-2025-7.-Etappe-Neuhausen-am-Rheinfall-Emmetten_102177-1-1984x1116.jpg\" media=\"(max-width: 991px) and (max-height: 558px) and (min-resolution: 2dppx)\">\n<link data-name=\"until-lg\" rel=\"preload\" as=\"style\" href=\"https:\/\/www.tourdesuisse.ch\/wp-content\/uploads\/Buchli_Fotografie_Tour-de-Suisse-Men-2025-7.-Etappe-Neuhausen-am-Rheinfall-Emmetten_102177-1-1200x675.jpg\" media=\"(max-width: 1199px) and (max-height: 675px) and (max-resolution: 1.999dppx)\">\n<link data-name=\"until-lg@2x\" rel=\"preload\" as=\"style\" href=\"https:\/\/www.tourdesuisse.ch\/wp-content\/uploads\/Buchli_Fotografie_Tour-de-Suisse-Men-2025-7.-Etappe-Neuhausen-am-Rheinfall-Emmetten_102177-1-2400x1350.jpg\" media=\"(max-width: 1199px) and (max-height: 675px) and (min-resolution: 2dppx)\">\n<link data-name=\"until-xl\" rel=\"preload\" as=\"style\" href=\"https:\/\/www.tourdesuisse.ch\/wp-content\/uploads\/Buchli_Fotografie_Tour-de-Suisse-Men-2025-7.-Etappe-Neuhausen-am-Rheinfall-Emmetten_102177-1-1425x802.jpg\" media=\"(max-width: 1424px) and (max-height: 801.5625px) and (max-resolution: 1.999dppx)\">\n<link data-name=\"until-xl@2x\" rel=\"preload\" as=\"style\" href=\"https:\/\/www.tourdesuisse.ch\/wp-content\/uploads\/Buchli_Fotografie_Tour-de-Suisse-Men-2025-7.-Etappe-Neuhausen-am-Rheinfall-Emmetten_102177-1-2850x1604.jpg\" media=\"(max-width: 1424px) and (max-height: 801.5625px) and (min-resolution: 2dppx)\">\n<link data-name=\"full\" rel=\"preload\" as=\"style\" href=\"https:\/\/www.tourdesuisse.ch\/wp-content\/uploads\/Buchli_Fotografie_Tour-de-Suisse-Men-2025-7.-Etappe-Neuhausen-am-Rheinfall-Emmetten_102177-1.jpg\" media=\"(min-width: 1425px)\">\n<div class=\"hero-section hero-is-image hero-align-end hero-size-narrow\" style=\"--hero-image-full: url('https:\/\/www.tourdesuisse.ch\/wp-content\/uploads\/Buchli_Fotografie_Tour-de-Suisse-Men-2025-7.-Etappe-Neuhausen-am-Rheinfall-Emmetten_102177-1.jpg'); --hero-image-aspect-ratio: 1.500442086649; --hero-image-until-s: url('https:\/\/www.tourdesuisse.ch\/wp-content\/uploads\/Buchli_Fotografie_Tour-de-Suisse-Men-2025-7.-Etappe-Neuhausen-am-Rheinfall-Emmetten_102177-1-540x960.jpg'); --hero-image-until-s-2x: url('https:\/\/www.tourdesuisse.ch\/wp-content\/uploads\/Buchli_Fotografie_Tour-de-Suisse-Men-2025-7.-Etappe-Neuhausen-am-Rheinfall-Emmetten_102177-1-1080x1920.jpg'); --hero-image-until-sm: url('https:\/\/www.tourdesuisse.ch\/wp-content\/uploads\/Buchli_Fotografie_Tour-de-Suisse-Men-2025-7.-Etappe-Neuhausen-am-Rheinfall-Emmetten_102177-1.jpg'); --hero-image-until-sm-2x: url('https:\/\/www.tourdesuisse.ch\/wp-content\/uploads\/Buchli_Fotografie_Tour-de-Suisse-Men-2025-7.-Etappe-Neuhausen-am-Rheinfall-Emmetten_102177-1.jpg'); --hero-image-until-md: url('https:\/\/www.tourdesuisse.ch\/wp-content\/uploads\/Buchli_Fotografie_Tour-de-Suisse-Men-2025-7.-Etappe-Neuhausen-am-Rheinfall-Emmetten_102177-1-992x558.jpg'); --hero-image-until-md-2x: url('https:\/\/www.tourdesuisse.ch\/wp-content\/uploads\/Buchli_Fotografie_Tour-de-Suisse-Men-2025-7.-Etappe-Neuhausen-am-Rheinfall-Emmetten_102177-1-1984x1116.jpg'); --hero-image-until-lg: url('https:\/\/www.tourdesuisse.ch\/wp-content\/uploads\/Buchli_Fotografie_Tour-de-Suisse-Men-2025-7.-Etappe-Neuhausen-am-Rheinfall-Emmetten_102177-1-1200x675.jpg'); --hero-image-until-lg-2x: url('https:\/\/www.tourdesuisse.ch\/wp-content\/uploads\/Buchli_Fotografie_Tour-de-Suisse-Men-2025-7.-Etappe-Neuhausen-am-Rheinfall-Emmetten_102177-1-2400x1350.jpg'); --hero-image-until-xl: url('https:\/\/www.tourdesuisse.ch\/wp-content\/uploads\/Buchli_Fotografie_Tour-de-Suisse-Men-2025-7.-Etappe-Neuhausen-am-Rheinfall-Emmetten_102177-1-1425x802.jpg'); --hero-image-until-xl-2x: url('https:\/\/www.tourdesuisse.ch\/wp-content\/uploads\/Buchli_Fotografie_Tour-de-Suisse-Men-2025-7.-Etappe-Neuhausen-am-Rheinfall-Emmetten_102177-1-2850x1604.jpg'); --hero-image-position: 50% 50%\"\n>\n\t<div class=\"hero-media\">\n\t\t<div class=\"hero-media-overlay\"><\/div>\n\t\t<div class=\"hero-content-wrapper\">\n\t\t\t<div class=\"hero-content\">\n\t\t\t\t<div class=\"overhead-line\">\n<h3>ACTIVIT\u00c9S<\/h3>\n<\/div>\n<h1>LE\u00e7ONS \u00c0 L&#8217;\u00c9COLE<\/h1>\n\n\t\t\t<\/div>\n\t\t<\/div>\n\t<\/div>\n<\/div>\n<div class=\"background style-gradient\">\n<nav class=\"breadcrumb\" aria-label=\"Navigation en fil d&apos;Ariane\">\n\t<ol>\n\t\t<li>\n\t\t\t<a href=\"https:\/\/www.tourdesuisse.ch\/fr\/\" class=\"breadcrumb-link\">Page d\u2019accueil<\/a>\n\t\t<\/li>\n\t\t<li>\n\t\t\t<a href=\"https:\/\/www.tourdesuisse.ch\/fr\/visiteurs\/\" class=\"breadcrumb-link\">Visiteurs<\/a>\n\t\t<\/li>\n\t\t<li>\n\t\t\t<a href=\"https:\/\/www.tourdesuisse.ch\/fr\/visiteurs\/activites\/\" class=\"breadcrumb-link\">Activit\u00e9s<\/a>\n\t\t<\/li>\n\t\t<li>\n\t\t\t<a href=\"https:\/\/www.tourdesuisse.ch\/fr\/visiteurs\/activites\/lecons-a-lecole-2\/\" class=\"breadcrumb-link\" aria-current=\"page\">LE\u00c7ONS \u00c0 L\u2019\u00c9COLE<\/a>\n\t\t<\/li>\n\t<\/ol>\n<\/nav>\n<div  id class=\"page-section style-default layout-default align-default\">\n\t<div class=\"section-grid grid-layout container\"><div  style=\"--grid-layout-index: 1; --col-xs: 12; --col-sm: 12; --col-md: 4; --col-lg: 4; --col-xl: 4\" class=\"section-item layout-default layout-margin-default\"><h3>Plus intelligent \u00e0 chaque coup de p\u00e9dale &#8211; le monde du cyclisme t&#8217;attend !<\/h3>\n<\/div><div  style=\"--grid-layout-index: 2; --col-xs: 12; --col-sm: 12; --col-md: 8; --col-lg: 8; --col-xl: 8\" class=\"section-item layout-default layout-margin-default\"><p>Chers enseignants<\/p>\n<p>Partez \u00e0 la d\u00e9couverte du monde du cyclisme avec vos \u00e9l\u00e8ves.<\/p>\n<p>L\u2019objet actuel du Tour de Suisse ne permet pas seulement aux \u00e9l\u00e8ves d\u2019en apprendre davantage dans le domaine sportif, des comp\u00e9tences conformes au programme scolaire 21 sont \u00e9galement requises dans les domaines NMG, allemand et MI.<\/p>\n<p>Les travaux de groupe sont pr\u00e9vus pour les 5e\/6e ann\u00e9es. Les cours sont con\u00e7us pour les classes de 4e et de 3e, mais peuvent \u00eatre adapt\u00e9s aux classes de 3e et de 4e. Les \u00e9l\u00e8ves peuvent \u00e9galement travailler ensemble en classe, dans le contexte de la classe.<\/p>\n<p>Acc\u00e9dez ici aux le\u00e7ons d\u2019\u00e9cole en PDF. Vous trouverez \u00e9galement ci-dessous les diff\u00e9rents modules.<\/p>\n\n\n<div class=\"buttons\">\n\t<div class=\"button-group\">\n\n\t\t\t<a\n\t\t\t\thref=\"https:\/\/www.tourdesuisse.ch\/wp-content\/uploads\/TdS_course-ecole_2024_FR-1.pdf\" target=\"_blank\" rel=\"noopener\" class=\"button style-text with-arrow\"\n\t\t\t>\n\t\t\t\tVers les le\u00e7ons d&#8217;\u00e9cole\n\t\t\t<\/a>\n\t<\/div>\n<\/div><\/div><\/div>\n<\/div>\n<div  id class=\"page-section style-default layout-default align-default\">\n\t<div class=\"section-grid grid-layout container\"><div  style=\"--grid-layout-index: 1\" class=\"section-item layout-default layout-margin-default\"><h3>Gagnez maintenant une visite guid\u00e9e du Tour de Suisse 2026 pour votre classe.<\/h3>\n<\/div><div  style=\"--grid-layout-index: 2; --col-xs: 12; --col-sm: 12; --col-md: 4; --col-lg: 4; --col-xl: 4\" class=\"section-item layout-default layout-margin-default\">\n\t\t<img loading=\"lazy\" decoding=\"async\" width=\"768\" height=\"512\" src=\"https:\/\/www.tourdesuisse.ch\/wp-content\/uploads\/TDS_2024_Etappe-6-Blatten-12-von-153-1-768x512.jpg\" class=\"wpce-image\" alt=\"\" data-css-locator=\"\" srcset=\"https:\/\/www.tourdesuisse.ch\/wp-content\/uploads\/TDS_2024_Etappe-6-Blatten-12-von-153-1-768x512.jpg 768w, https:\/\/www.tourdesuisse.ch\/wp-content\/uploads\/TDS_2024_Etappe-6-Blatten-12-von-153-1-300x200.jpg 300w, https:\/\/www.tourdesuisse.ch\/wp-content\/uploads\/TDS_2024_Etappe-6-Blatten-12-von-153-1-1024x683.jpg 1024w, https:\/\/www.tourdesuisse.ch\/wp-content\/uploads\/TDS_2024_Etappe-6-Blatten-12-von-153-1-1536x1024.jpg 1536w, https:\/\/www.tourdesuisse.ch\/wp-content\/uploads\/TDS_2024_Etappe-6-Blatten-12-von-153-1-2048x1365.jpg 2048w, https:\/\/www.tourdesuisse.ch\/wp-content\/uploads\/TDS_2024_Etappe-6-Blatten-12-von-153-1.jpg 2051w\" sizes=\"auto, (max-width: 768px) 100vw, 768px\" \/>\n<\/div><div  style=\"--grid-layout-index: 3; --col-xs: 12; --col-sm: 12; --col-md: 8; --col-lg: 8; --col-xl: 8\" class=\"section-item layout-default layout-margin-default\"><p>Planifiez votre propre \u00e9tape du Tour de Suisse ou une randonn\u00e9e \u00e0 v\u00e9lo et gagnez avec un peu de chance une visite guid\u00e9e du Tour de Suisse !<\/p>\n<p>De quel \u00e9quipement a-t-on besoin pour un tour \u00e0 v\u00e9lo afin d&#8217;\u00eatre en s\u00e9curit\u00e9 ?<br \/>\nD&#8217;o\u00f9 \u00e0 quel endroit se trouve le parcours de vos r\u00eaves ?<br \/>\nQuelles provisions (nourriture et boissons) emportez-vous pour la route ?<\/p>\n<p>Il y a beaucoup de choses \u00e0 prendre en compte lorsque l&#8217;on planifie une randonn\u00e9e \u00e0 v\u00e9lo. R\u00e9fl\u00e9chissez aux questions ci-dessus et cr\u00e9ez votre propre \u00e9tape. <strong>R\u00e9alisez-le sous forme d&#8217;affiche, de collage photo ou de vid\u00e9o et soumettez-le avant le 30 avril 2026.<\/strong><\/p>\n<p>Parmi tous les projets soumis, nous tirerons au sort une visite guid\u00e9e des coulisses du Tour de Suisse 2025. Le lieu de l&#8217;\u00e9tape peut \u00eatre choisi librement.<\/p>\n<p>Le concours s&#8217;adresse \u00e0 toutes les classes de 1 \u00e0 6 et s&#8217;inspire de notre le\u00e7on d&#8217;\u00e9cole 8 \u00ab Notre propre \u00e9tape \u00bb. Selon le niveau scolaire, une \u00e9tape compl\u00e8te peut \u00eatre planifi\u00e9e, comme dans la le\u00e7on, mais un tour \u00e0 v\u00e9lo simplifi\u00e9 est \u00e9galement admissible pour le concours.<\/p>\n<p>Nous nous r\u00e9jouissons de votre participation !<\/p>\n\n\n<div class=\"buttons\">\n\t<div class=\"button-group\">\n\n\t\t\t<a\n\t\t\t\thref=\"mailto:info@tds.ch\" target=\"_blank\" rel=\"noopener\" class=\"button style-text with-arrow\"\n\t\t\t>\n\t\t\t\tE-mail pour questions et participation\n\t\t\t<\/a>\n\t<\/div>\n<\/div><\/div><\/div>\n<\/div><\/div><div  id class=\"page-section style-default layout-default align-default\">\n\t<div class=\"section-grid grid-layout container\"><div  style=\"--grid-layout-index: 1; --col-xs: 12; --col-sm: 6; --col-md: 6; --col-lg: 3; --col-xl: 3\" class=\"section-item layout-default layout-margin-default\"><a href=\"https:\/\/www.tourdesuisse.ch\/wp-content\/uploads\/TdS_course-ecole_2024_FR_1.pdf\" target=\"_blank\" rel=\"noopener\">\n\t\t<img loading=\"lazy\" decoding=\"async\" width=\"768\" height=\"768\" src=\"https:\/\/www.tourdesuisse.ch\/wp-content\/uploads\/Lecon_1_2024-768x768.jpg\" class=\"wpce-image\" alt=\"\" data-css-locator=\"\" srcset=\"https:\/\/www.tourdesuisse.ch\/wp-content\/uploads\/Lecon_1_2024-768x768.jpg 768w, https:\/\/www.tourdesuisse.ch\/wp-content\/uploads\/Lecon_1_2024-300x300.jpg 300w, https:\/\/www.tourdesuisse.ch\/wp-content\/uploads\/Lecon_1_2024-1024x1024.jpg 1024w, https:\/\/www.tourdesuisse.ch\/wp-content\/uploads\/Lecon_1_2024-150x150.jpg 150w, https:\/\/www.tourdesuisse.ch\/wp-content\/uploads\/Lecon_1_2024.jpg 1080w\" sizes=\"auto, (max-width: 768px) 100vw, 768px\" \/>\n<\/a><\/div><div  style=\"--grid-layout-index: 2; --col-xs: 12; --col-sm: 6; --col-md: 6; --col-lg: 3; --col-xl: 3\" class=\"section-item layout-default layout-margin-default\"><a href=\"https:\/\/www.tourdesuisse.ch\/wp-content\/uploads\/TdS_course-ecole_2024_FR_2.pdf\" target=\"_blank\" rel=\"noopener\">\n\t\t<img loading=\"lazy\" decoding=\"async\" width=\"768\" height=\"768\" src=\"https:\/\/www.tourdesuisse.ch\/wp-content\/uploads\/Lecon_2_2024-768x768.jpg\" class=\"wpce-image\" alt=\"\" data-css-locator=\"\" srcset=\"https:\/\/www.tourdesuisse.ch\/wp-content\/uploads\/Lecon_2_2024-768x768.jpg 768w, https:\/\/www.tourdesuisse.ch\/wp-content\/uploads\/Lecon_2_2024-300x300.jpg 300w, https:\/\/www.tourdesuisse.ch\/wp-content\/uploads\/Lecon_2_2024-1024x1024.jpg 1024w, https:\/\/www.tourdesuisse.ch\/wp-content\/uploads\/Lecon_2_2024-150x150.jpg 150w, https:\/\/www.tourdesuisse.ch\/wp-content\/uploads\/Lecon_2_2024.jpg 1080w\" sizes=\"auto, (max-width: 768px) 100vw, 768px\" \/>\n<\/a><\/div><div  style=\"--grid-layout-index: 3; --col-xs: 12; --col-sm: 6; --col-md: 6; --col-lg: 3; --col-xl: 3\" class=\"section-item layout-default layout-margin-default\"><a href=\"https:\/\/www.tourdesuisse.ch\/wp-content\/uploads\/TdS_course-ecole_2024_FR_cyclistes-suisse.pdf\" target=\"_blank\" rel=\"noopener\">\n\t\t<img loading=\"lazy\" decoding=\"async\" width=\"768\" height=\"768\" src=\"https:\/\/www.tourdesuisse.ch\/wp-content\/uploads\/Lecon_3_2024-768x768.jpg\" class=\"wpce-image\" alt=\"\" data-css-locator=\"\" srcset=\"https:\/\/www.tourdesuisse.ch\/wp-content\/uploads\/Lecon_3_2024-768x768.jpg 768w, https:\/\/www.tourdesuisse.ch\/wp-content\/uploads\/Lecon_3_2024-300x300.jpg 300w, https:\/\/www.tourdesuisse.ch\/wp-content\/uploads\/Lecon_3_2024-1024x1024.jpg 1024w, https:\/\/www.tourdesuisse.ch\/wp-content\/uploads\/Lecon_3_2024-150x150.jpg 150w, https:\/\/www.tourdesuisse.ch\/wp-content\/uploads\/Lecon_3_2024.jpg 1080w\" sizes=\"auto, (max-width: 768px) 100vw, 768px\" \/>\n<\/a><\/div><div  style=\"--grid-layout-index: 4; --col-xs: 12; --col-sm: 6; --col-md: 6; --col-lg: 3; --col-xl: 3\" class=\"section-item layout-default layout-margin-default\"><a href=\"https:\/\/www.tourdesuisse.ch\/wp-content\/uploads\/TdS_course-ecole_2024_FR_4.pdf\" target=\"_blank\" rel=\"noopener\">\n\t\t<img loading=\"lazy\" decoding=\"async\" width=\"768\" height=\"768\" src=\"https:\/\/www.tourdesuisse.ch\/wp-content\/uploads\/Lecon_4_2024-768x768.jpg\" class=\"wpce-image\" alt=\"\" data-css-locator=\"\" srcset=\"https:\/\/www.tourdesuisse.ch\/wp-content\/uploads\/Lecon_4_2024-768x768.jpg 768w, https:\/\/www.tourdesuisse.ch\/wp-content\/uploads\/Lecon_4_2024-300x300.jpg 300w, https:\/\/www.tourdesuisse.ch\/wp-content\/uploads\/Lecon_4_2024-1024x1024.jpg 1024w, https:\/\/www.tourdesuisse.ch\/wp-content\/uploads\/Lecon_4_2024-150x150.jpg 150w, https:\/\/www.tourdesuisse.ch\/wp-content\/uploads\/Lecon_4_2024.jpg 1080w\" sizes=\"auto, (max-width: 768px) 100vw, 768px\" \/>\n<\/a><\/div><\/div>\n<\/div><div  id class=\"page-section style-default layout-default align-default\">\n\t<div class=\"section-grid grid-layout container\"><div  style=\"--grid-layout-index: 1; --col-xs: 12; --col-sm: 6; --col-md: 6; --col-lg: 3; --col-xl: 3\" class=\"section-item layout-default layout-margin-default\"><a href=\"https:\/\/www.tourdesuisse.ch\/wp-content\/uploads\/TdS_course-ecole_2024_FR_5.pdf\" target=\"_blank\" rel=\"noopener\">\n\t\t<img loading=\"lazy\" decoding=\"async\" width=\"768\" height=\"768\" src=\"https:\/\/www.tourdesuisse.ch\/wp-content\/uploads\/Lecon_5_2024-768x768.jpg\" class=\"wpce-image\" alt=\"\" data-css-locator=\"\" srcset=\"https:\/\/www.tourdesuisse.ch\/wp-content\/uploads\/Lecon_5_2024-768x768.jpg 768w, https:\/\/www.tourdesuisse.ch\/wp-content\/uploads\/Lecon_5_2024-300x300.jpg 300w, https:\/\/www.tourdesuisse.ch\/wp-content\/uploads\/Lecon_5_2024-1024x1024.jpg 1024w, https:\/\/www.tourdesuisse.ch\/wp-content\/uploads\/Lecon_5_2024-150x150.jpg 150w, https:\/\/www.tourdesuisse.ch\/wp-content\/uploads\/Lecon_5_2024.jpg 1080w\" sizes=\"auto, (max-width: 768px) 100vw, 768px\" \/>\n<\/a><\/div><div  style=\"--grid-layout-index: 2; --col-xs: 12; --col-sm: 6; --col-md: 6; --col-lg: 3; --col-xl: 3\" class=\"section-item layout-default layout-margin-default\"><a href=\"https:\/\/www.tourdesuisse.ch\/wp-content\/uploads\/TdS_course-ecole_2024_FR_6.pdf\" target=\"_blank\" rel=\"noopener\">\n\t\t<img loading=\"lazy\" decoding=\"async\" width=\"768\" height=\"768\" src=\"https:\/\/www.tourdesuisse.ch\/wp-content\/uploads\/Lecon_6_2024-768x768.jpg\" class=\"wpce-image\" alt=\"\" data-css-locator=\"\" srcset=\"https:\/\/www.tourdesuisse.ch\/wp-content\/uploads\/Lecon_6_2024-768x768.jpg 768w, https:\/\/www.tourdesuisse.ch\/wp-content\/uploads\/Lecon_6_2024-300x300.jpg 300w, https:\/\/www.tourdesuisse.ch\/wp-content\/uploads\/Lecon_6_2024-1024x1024.jpg 1024w, https:\/\/www.tourdesuisse.ch\/wp-content\/uploads\/Lecon_6_2024-150x150.jpg 150w, https:\/\/www.tourdesuisse.ch\/wp-content\/uploads\/Lecon_6_2024.jpg 1080w\" sizes=\"auto, (max-width: 768px) 100vw, 768px\" \/>\n<\/a><\/div><div  style=\"--grid-layout-index: 3; --col-xs: 12; --col-sm: 6; --col-md: 6; --col-lg: 3; --col-xl: 3\" class=\"section-item layout-default layout-margin-default\"><a href=\"https:\/\/www.tourdesuisse.ch\/wp-content\/uploads\/TdS_course-ecole_2024_FR_7.pdf\" target=\"_blank\" rel=\"noopener\">\n\t\t<img loading=\"lazy\" decoding=\"async\" width=\"768\" height=\"768\" src=\"https:\/\/www.tourdesuisse.ch\/wp-content\/uploads\/Lecon_7_2024-768x768.jpg\" class=\"wpce-image\" alt=\"\" data-css-locator=\"\" srcset=\"https:\/\/www.tourdesuisse.ch\/wp-content\/uploads\/Lecon_7_2024-768x768.jpg 768w, https:\/\/www.tourdesuisse.ch\/wp-content\/uploads\/Lecon_7_2024-300x300.jpg 300w, https:\/\/www.tourdesuisse.ch\/wp-content\/uploads\/Lecon_7_2024-1024x1024.jpg 1024w, https:\/\/www.tourdesuisse.ch\/wp-content\/uploads\/Lecon_7_2024-150x150.jpg 150w, https:\/\/www.tourdesuisse.ch\/wp-content\/uploads\/Lecon_7_2024.jpg 1080w\" sizes=\"auto, (max-width: 768px) 100vw, 768px\" \/>\n<\/a><\/div><div  style=\"--grid-layout-index: 4; --col-xs: 12; --col-sm: 6; --col-md: 6; --col-lg: 3; --col-xl: 3\" class=\"section-item layout-default layout-margin-default\"><a href=\"https:\/\/www.tourdesuisse.ch\/wp-content\/uploads\/TdS_course-ecole_2024_FR_8.pdf\" target=\"_blank\" rel=\"noopener\">\n\t\t<img loading=\"lazy\" decoding=\"async\" width=\"768\" height=\"768\" src=\"https:\/\/www.tourdesuisse.ch\/wp-content\/uploads\/Lecon_8_2024-768x768.jpg\" class=\"wpce-image\" alt=\"\" data-css-locator=\"\" srcset=\"https:\/\/www.tourdesuisse.ch\/wp-content\/uploads\/Lecon_8_2024-768x768.jpg 768w, https:\/\/www.tourdesuisse.ch\/wp-content\/uploads\/Lecon_8_2024-300x300.jpg 300w, https:\/\/www.tourdesuisse.ch\/wp-content\/uploads\/Lecon_8_2024-1024x1024.jpg 1024w, https:\/\/www.tourdesuisse.ch\/wp-content\/uploads\/Lecon_8_2024-150x150.jpg 150w, https:\/\/www.tourdesuisse.ch\/wp-content\/uploads\/Lecon_8_2024.jpg 1080w\" sizes=\"auto, (max-width: 768px) 100vw, 768px\" \/>\n<\/a><\/div><\/div>\n<\/div><div  id=\"container-images\" class=\"page-section style-default layout-default align-default\">\n\t<div class=\"section-grid grid-layout container\"><div  style=\"--grid-layout-index: 1; --col-xs: 12; --col-sm: 12; --col-md: 10; --col-lg: 8; --col-xl: 8\" class=\"section-item layout-default layout-margin-default\"><h2>Le\u00e7ons d&#8217;\u00e9cole en italien <a href=\"https:\/\/www.tourdesuisse.ch\/wp-content\/uploads\/TdS_Schullektionen_2024_IT-1.pdf\">ici<\/a><\/h2>\n\n\n<div class=\"youtube-video\">\n\t<iframe loading=\"lazy\" title=\"TdS Schullektion mit der 5. Klasse aus Rudolfstetten\" width=\"500\" height=\"281\" src=\"https:\/\/www.youtube.com\/embed\/ePdc2LEP8h8?feature=oembed\" frameborder=\"0\" allow=\"accelerometer; autoplay; clipboard-write; encrypted-media; gyroscope; picture-in-picture; web-share\" referrerpolicy=\"strict-origin-when-cross-origin\" allowfullscreen><\/iframe>\n<\/div><\/div><\/div>\n<\/div>","protected":false},"excerpt":{"rendered":"<p>ACTIVIT\u00c9S LE\u00e7ONS \u00c0 L&#8217;\u00c9COLE Page d\u2019accueil Visiteurs Activit\u00e9s LE\u00c7ONS \u00c0 L\u2019\u00c9COLE Plus intelligent \u00e0 chaque coup de p\u00e9dale &#8211; le monde du cyclisme t&#8217;attend ! Chers enseignants Partez \u00e0 la d\u00e9couverte du monde du cyclisme avec vos \u00e9l\u00e8ves. L\u2019objet actuel du Tour de Suisse ne permet pas seulement aux \u00e9l\u00e8ves d\u2019en apprendre davantage dans le [&hellip;]<\/p>\n","protected":false},"author":2,"featured_media":0,"parent":1930,"menu_order":0,"comment_status":"closed","ping_status":"closed","template":"","meta":{"_acf_changed":false,"inline_featured_image":false,"footnotes":""},"class_list":["post-3627","page","type-page","status-publish","hentry"],"acf":[],"_links":{"self":[{"href":"https:\/\/www.tourdesuisse.ch\/fr\/wp-json\/wp\/v2\/pages\/3627","targetHints":{"allow":["GET"]}}],"collection":[{"href":"https:\/\/www.tourdesuisse.ch\/fr\/wp-json\/wp\/v2\/pages"}],"about":[{"href":"https:\/\/www.tourdesuisse.ch\/fr\/wp-json\/wp\/v2\/types\/page"}],"author":[{"embeddable":true,"href":"https:\/\/www.tourdesuisse.ch\/fr\/wp-json\/wp\/v2\/users\/2"}],"replies":[{"embeddable":true,"href":"https:\/\/www.tourdesuisse.ch\/fr\/wp-json\/wp\/v2\/comments?post=3627"}],"version-history":[{"count":9,"href":"https:\/\/www.tourdesuisse.ch\/fr\/wp-json\/wp\/v2\/pages\/3627\/revisions"}],"predecessor-version":[{"id":69114,"href":"https:\/\/www.tourdesuisse.ch\/fr\/wp-json\/wp\/v2\/pages\/3627\/revisions\/69114"}],"up":[{"embeddable":true,"href":"https:\/\/www.tourdesuisse.ch\/fr\/wp-json\/wp\/v2\/pages\/1930"}],"wp:attachment":[{"href":"https:\/\/www.tourdesuisse.ch\/fr\/wp-json\/wp\/v2\/media?parent=3627"}],"curies":[{"name":"wp","href":"https:\/\/api.w.org\/{rel}","templated":true}]}}