{"id":4856,"date":"2022-08-02T14:31:27","date_gmt":"2022-08-02T12:31:27","guid":{"rendered":"https:\/\/tourdesuisse.ch.ownb.it\/impressum\/"},"modified":"2024-06-06T14:58:55","modified_gmt":"2024-06-06T12:58:55","slug":"impressum","status":"publish","type":"page","link":"https:\/\/www.tourdesuisse.ch\/fr\/impressum\/","title":{"rendered":"Impressum"},"content":{"rendered":"<div  class=\"page-section style-default layout-default align-default\">\n\t<div class=\"section-grid grid-layout container\"><div  style=\"--grid-layout-index: 1; --col-xs: 12; --col-sm: 12; --col-md: 12; --col-lg: 12; --col-xl: 12\" class=\"section-item layout-default layout-margin-default\"><h1>Impressum<\/h1>\n<h2>Propri\u00e9taire<\/h2>\n<p>Verein Tour de Suisse Verein<br \/>\nRotbuchstrasse 46, 8037 Z\u00fcrich<br \/>\nSuisse<br \/>\nE-mail: <a href=\"mailto:info@cycling-unlimited.ch\">info@cycling-unlimited.ch<\/a><br \/>\nNum\u00e9ro de t\u00e9l\u00e9phone: <a href=\"tel:+41793802554\">+41 79 380 25 54<\/a><br \/>\nID TVA: CHE-108.368.912<\/p>\n\n<h2>Impl\u00e9mentation<\/h2>\n\n<a href=\"https:\/\/ownbit.agency\/\" target=\"_blank\" rel=\"noopener\">\n\t\t<img loading=\"lazy\" decoding=\"async\" width=\"300\" height=\"73\" src=\"https:\/\/www.tourdesuisse.ch\/wp-content\/uploads\/ownbit-webdesign.svg\" class=\"wpce-image\" alt=\"\" data-css-locator=\"\" \/>\n<\/a>\n<p><a href=\"https:\/\/ownbit.agency\/\" target=\"_blank\" rel=\"noopener\">Conception et d\u00e9veloppement de sites web par OWNBIT GmbH<\/a><\/p>\n\n<h3>Exclusion de Responsabilit\u00e9<\/h3>\n<p>Le Tour de Suisse Verein d\u00e9cline toute responsabilit\u00e9 quant \u00e0 l&#8217;exactitude, la pr\u00e9cision, l&#8217;actualit\u00e9, la fiabilit\u00e9 et l&#8217;exhaustivit\u00e9 des informations. Les pr\u00e9tentions en responsabilit\u00e9 \u00e0 l&#8217;encontre du Tour de Suisse Verein pour des dommages mat\u00e9riels ou immat\u00e9riels r\u00e9sultant de l&#8217;acc\u00e8s, de l&#8217;utilisation ou de la non-utilisation des informations publi\u00e9es, d&#8217;un usage abusif de la connexion ou de d\u00e9faillances techniques sont exclues. Toutes les offres sont sans engagement. L&#8217;auteur se r\u00e9serve express\u00e9ment le droit de modifier, de compl\u00e9ter ou de supprimer des parties de pages ou l&#8217;ensemble de l&#8217;offre, ou de cesser temporairement ou d\u00e9finitivement la publication sans pr\u00e9avis.<\/p>\n\n<h3>Responsabilit\u00e9 pour les liens<\/h3>\n<p>Les r\u00e9f\u00e9rences et les liens vers des sites web de tiers ne rel\u00e8vent pas de notre domaine de responsabilit\u00e9. Nous d\u00e9clinons toute responsabilit\u00e9 pour ces sites web. L&#8217;acc\u00e8s \u00e0 ces sites et leur utilisation se font aux risques et p\u00e9rils de l&#8217;utilisateur.<\/p>\n<h3>Droits d&#8217;auter<\/h3>\n<p>Les droits d&#8217;auteur et tous les autres droits relatifs au contenu, aux images, aux photos ou aux autres fichiers du site Internet appartiennent au Tour de Suisse Verein ou aux d\u00e9tenteurs des droits respectifs. La reproduction de tout \u00e9l\u00e9ment doit faire l&#8217;objet d&#8217;une autorisation \u00e9crite pr\u00e9alable du d\u00e9tenteur des droits d&#8217;auteur.<\/p>\n<\/div><\/div>\n<\/div>","protected":false},"excerpt":{"rendered":"<p>Impressum Propri\u00e9taire Verein Tour de Suisse Verein Rotbuchstrasse 46, 8037 Z\u00fcrich Suisse E-mail: info@cycling-unlimited.ch Num\u00e9ro de t\u00e9l\u00e9phone: +41 79 380 25 54 ID TVA: CHE-108.368.912 Impl\u00e9mentation Conception et d\u00e9veloppement de sites web par OWNBIT GmbH Exclusion de Responsabilit\u00e9 Le Tour de Suisse Verein d\u00e9cline toute responsabilit\u00e9 quant \u00e0 l&#8217;exactitude, la pr\u00e9cision, l&#8217;actualit\u00e9, la fiabilit\u00e9 et [&hellip;]<\/p>\n","protected":false},"author":1,"featured_media":0,"parent":0,"menu_order":0,"comment_status":"closed","ping_status":"closed","template":"","meta":{"_acf_changed":false,"inline_featured_image":false,"footnotes":""},"class_list":["post-4856","page","type-page","status-publish","hentry"],"acf":[],"_links":{"self":[{"href":"https:\/\/www.tourdesuisse.ch\/fr\/wp-json\/wp\/v2\/pages\/4856","targetHints":{"allow":["GET"]}}],"collection":[{"href":"https:\/\/www.tourdesuisse.ch\/fr\/wp-json\/wp\/v2\/pages"}],"about":[{"href":"https:\/\/www.tourdesuisse.ch\/fr\/wp-json\/wp\/v2\/types\/page"}],"author":[{"embeddable":true,"href":"https:\/\/www.tourdesuisse.ch\/fr\/wp-json\/wp\/v2\/users\/1"}],"replies":[{"embeddable":true,"href":"https:\/\/www.tourdesuisse.ch\/fr\/wp-json\/wp\/v2\/comments?post=4856"}],"version-history":[{"count":2,"href":"https:\/\/www.tourdesuisse.ch\/fr\/wp-json\/wp\/v2\/pages\/4856\/revisions"}],"predecessor-version":[{"id":8241,"href":"https:\/\/www.tourdesuisse.ch\/fr\/wp-json\/wp\/v2\/pages\/4856\/revisions\/8241"}],"wp:attachment":[{"href":"https:\/\/www.tourdesuisse.ch\/fr\/wp-json\/wp\/v2\/media?parent=4856"}],"curies":[{"name":"wp","href":"https:\/\/api.w.org\/{rel}","templated":true}]}}