{"id":70629,"date":"2025-02-12T13:27:37","date_gmt":"2025-02-12T12:27:37","guid":{"rendered":"https:\/\/www.tourdesuisse.ch\/?page_id=70629"},"modified":"2026-04-01T10:30:08","modified_gmt":"2026-04-01T08:30:08","slug":"ranking","status":"publish","type":"page","link":"https:\/\/www.tourdesuisse.ch\/fr\/explorer\/ranking\/","title":{"rendered":"Ranking"},"content":{"rendered":"\n<div class=\"background style-pattern\">\n\n<div class=\"intro-section page-section style-default layout-default align-default with-content\">\n\t<div class=\"section-grid grid-layout container\">\n\t\t<div style=\"--grid-layout-index: 1; --col-xs: 12; --col-sm: 12; --col-md: 12; --col-lg: 12; --col-xl: 12\" class=\"section-item layout-default layout-margin-default\">\n\t\t\t<div class=\"intro-background-title\" data-content=\"2026\">2026<\/div>\n\t\t\t<div class=\"intro-title-wrapper\">\n\t\t\t\t<h1 class=\"intro-title\">Classement<\/h1>\n\t\t\t\t<a href=\"https:\/\/www.tourdesuisse.ch\/explorer\/startliste\/\" class=\"button style-text with-arrow\">Liste de d\u00e9part<\/a>\n\t\t\t<\/div>\n\t\t\t<div class=\"intro-content lead-text\">\n\t\t\t\t<p>Visite les villes-\u00e9tapes et retrouve-toi ci-dessous avec les badges correspondant aux checkpoints que tu as valid\u00e9s ainsi que ton statut actuel.<\/p>\n\n\t\t\t<\/div>\n\t\t<\/div>\n\t<\/div>\n<\/div>\n\n\n<div  class=\"page-section style-default layout-default align-default\">\n\t<div class=\"section-grid grid-layout container\"><div  style=\"--grid-layout-index: 1\" class=\"section-item layout-default layout-margin-default\">\n<iframe src=\"https:\/\/laceup.io\/tour\/tds-explorer-2026\/ranking?embed=1\" frameborder=\"0\" style=\"width: 100%; max-width: 1200px; margin-left: auto; margin-right: auto;\" scrolling=\"no\"><\/iframe>\n<script>\nwindow.addEventListener(\"message\", (event) => {\n    if (event.data.type === \"resize\") {\n        const iframe = document.querySelector(\"iframe\");\n        iframe.height = event.data.value + \"px\";\n    }\n}, false);\n<\/script><\/div><\/div>\n<\/div><\/div>","protected":false},"excerpt":{"rendered":"<p>2026 Classement Liste de d\u00e9part Visite les villes-\u00e9tapes et retrouve-toi ci-dessous avec les badges correspondant aux checkpoints que tu as valid\u00e9s ainsi que ton statut actuel.<\/p>\n","protected":false},"author":8,"featured_media":0,"parent":70557,"menu_order":0,"comment_status":"closed","ping_status":"closed","template":"","meta":{"_acf_changed":false,"inline_featured_image":false,"footnotes":""},"class_list":["post-70629","page","type-page","status-publish","hentry"],"acf":[],"_links":{"self":[{"href":"https:\/\/www.tourdesuisse.ch\/fr\/wp-json\/wp\/v2\/pages\/70629","targetHints":{"allow":["GET"]}}],"collection":[{"href":"https:\/\/www.tourdesuisse.ch\/fr\/wp-json\/wp\/v2\/pages"}],"about":[{"href":"https:\/\/www.tourdesuisse.ch\/fr\/wp-json\/wp\/v2\/types\/page"}],"author":[{"embeddable":true,"href":"https:\/\/www.tourdesuisse.ch\/fr\/wp-json\/wp\/v2\/users\/8"}],"replies":[{"embeddable":true,"href":"https:\/\/www.tourdesuisse.ch\/fr\/wp-json\/wp\/v2\/comments?post=70629"}],"version-history":[{"count":2,"href":"https:\/\/www.tourdesuisse.ch\/fr\/wp-json\/wp\/v2\/pages\/70629\/revisions"}],"predecessor-version":[{"id":71792,"href":"https:\/\/www.tourdesuisse.ch\/fr\/wp-json\/wp\/v2\/pages\/70629\/revisions\/71792"}],"up":[{"embeddable":true,"href":"https:\/\/www.tourdesuisse.ch\/fr\/wp-json\/wp\/v2\/pages\/70557"}],"wp:attachment":[{"href":"https:\/\/www.tourdesuisse.ch\/fr\/wp-json\/wp\/v2\/media?parent=70629"}],"curies":[{"name":"wp","href":"https:\/\/api.w.org\/{rel}","templated":true}]}}