{"id":70631,"date":"2025-02-12T13:28:09","date_gmt":"2025-02-12T12:28:09","guid":{"rendered":"https:\/\/www.tourdesuisse.ch\/?page_id=70631"},"modified":"2026-03-30T13:18:22","modified_gmt":"2026-03-30T11:18:22","slug":"rewards","status":"publish","type":"page","link":"https:\/\/www.tourdesuisse.ch\/fr\/explorer\/rewards\/","title":{"rendered":"Rewards"},"content":{"rendered":"\n<div class=\"background style-pattern\">\n\n<div class=\"intro-section page-section style-default layout-default align-default with-content\">\n\t<div class=\"section-grid grid-layout container\">\n\t\t<div style=\"--grid-layout-index: 1; --col-xs: 12; --col-sm: 12; --col-md: 12; --col-lg: 12; --col-xl: 12\" class=\"section-item layout-default layout-margin-default\">\n\t\t\t<div class=\"intro-background-title\" data-content=\"2026\">2026<\/div>\n\t\t\t<div class=\"intro-title-wrapper\">\n\t\t\t\t<h1 class=\"intro-title\">Rewards<\/h1>\n\t\t\t<\/div>\n\t\t\t<div class=\"intro-content lead-text\">\n\t\t\t\t<p>Tes performances sportives \u00e0 v\u00e9lo constituent ton gros lot au Tour de Suisse Explorer. Tu peux \u00e9galement te r\u00e9jouir des r\u00e9compenses suivantes.<\/p>\n\n\t\t\t<\/div>\n\t\t<\/div>\n\t<\/div>\n<\/div>\n\n\n<div  id class=\"page-section style-default layout-default align-default\">\n\t<div class=\"section-grid grid-layout container\"><div  style=\"--grid-layout-index: 1; --col-xs: 12; --col-sm: 12; --col-md: 6; --col-lg: 8; --col-xl: 8\" class=\"section-item layout-default layout-margin-default\"><h2>\u00c0 partir de 2 checkpoints \u2013 30 % de r\u00e9duction chez Kernser Pasta<\/h2>\n<p>Apr\u00e8s avoir visit\u00e9 2 points de contr\u00f4le, tu recevras un code de r\u00e9duction de 30 % sur la gamme de p\u00e2tes \u00e0 l&#8217;\u00e9peautre pur de Kernser Pasta.<\/p>\n\n\n<div class=\"buttons\">\n\t<div class=\"button-group\">\n\n\t\t\t<a\n\t\t\t\thref=\"https:\/\/shop.kernser-pasta.ch\/de\/kernser-pasta\/urdinkel-pasta\" target=\"_blank\" rel=\"noopener\" class=\"button style-default with-arrow\"\n\t\t\t>\n\t\t\t\tEn savoir plus\n\t\t\t<\/a>\n\t<\/div>\n<\/div>\n<\/div><div  style=\"--grid-layout-index: 2; --col-xs: 12; --col-sm: 12; --col-md: 6; --col-lg: 4; --col-xl: 4\" class=\"section-item layout-default layout-margin-default\">\n\t\t<img loading=\"lazy\" decoding=\"async\" width=\"300\" height=\"142\" src=\"https:\/\/www.tourdesuisse.ch\/wp-content\/uploads\/kernser_logo_freistehend_cmyk-300x142.png\" class=\"wpce-image\" alt=\"\" data-css-locator=\"34a09a98-872c-4070-a770-dbf26949c9c2\" srcset=\"https:\/\/www.tourdesuisse.ch\/wp-content\/uploads\/kernser_logo_freistehend_cmyk-300x142.png 300w, https:\/\/www.tourdesuisse.ch\/wp-content\/uploads\/kernser_logo_freistehend_cmyk.png 607w\" sizes=\"auto, (max-width: 300px) 100vw, 300px\" \/>\n<\/div><\/div>\n<\/div>\n<div  id class=\"page-section style-default layout-default align-default\">\n\t<div class=\"section-grid grid-layout container\"><div  style=\"--grid-layout-index: 1; --col-xs: 12; --col-sm: 12; --col-md: 6; --col-lg: 6; --col-xl: 6\" class=\"section-item layout-default layout-margin-default\"><h2>\u00c0 PARTIR DE 3 checkpoints \u2013 PARTICIPATION AU TIRAGE AU SORT<\/h2>\n\n<p><strong>Chaque point de contr\u00f4le te donne droit \u00e0 1 ticket de participation : plus tu accumules de points de contr\u00f4le, plus tes chances de gagner sont \u00e9lev\u00e9es.<\/strong><\/p>\n<p><strong>1er prix :<\/strong> 1 MacBook Neo offert par <a href=\"https:\/\/www.dq-solutions.ch\" target=\"_blank\" rel=\"noopener\"><strong>DQ Solutions<\/strong><\/a><\/p>\n<p><strong>2e prix :<\/strong> Bon d&#8217;achat pour le <a href=\"https:\/\/de.royalp.ch\/\" target=\"_blank\" rel=\"noopener\"><strong>Chalet RoyAlp H\u00f4tel &amp; Spa<\/strong><\/a> \u2013 1 nuit pour 2 personnes, spa et parking compris<\/p>\n<p><strong>3e prix :<\/strong> 1 journ\u00e9e de d\u00e9tente au spa <a href=\"https:\/\/www.taminatherme.ch\" target=\"_blank\" rel=\"noopener\"><strong>Tamina Therme<\/strong><\/a><\/p>\n<p><strong>4e prix :<\/strong> S\u00e9jour \u00e0 l&#8217;<a href=\"https:\/\/www.hotelchur.ch\/\" target=\"_blank\" rel=\"noopener\"> <strong>H\u00f4tel Chur<\/strong><\/a> \u2013 2 personnes, petit-d\u00e9jeuner compris<\/p>\n<p><strong>5e prix :<\/strong> Bon d&#8217;achat de 150 CHF pour le <a href=\"https:\/\/www.landquartfashionoutlet.ch\/\" target=\"_blank\" rel=\"noopener\"><strong>Landquart Fashion Outlet<\/strong><\/a><\/p>\n<p><strong>6e prix :<\/strong> Abonnement aux p\u00e2tes Kernser UrDinkel de <a href=\"https:\/\/shop.kernser-pasta.ch\/de\/kernser-pasta\/urdinkel-pasta\" target=\"_blank\" rel=\"noopener\"><strong>Kernser Pasta<\/strong><\/a> \u2013 3 livraisons r\u00e9parties sur l&#8217;ann\u00e9e<\/p>\n<p><strong>7e prix :<\/strong> 2 billets journaliers pour les <a href=\"https:\/\/pizol.com\/\" target=\"_blank\" rel=\"noopener\"><strong>remont\u00e9es m\u00e9caniques du Pizol<\/strong><\/a><\/p>\n<p><strong>8e prix :<\/strong> Bon pour un massage th\u00e9rapeutique au <a href=\"https:\/\/www.taminatherme.ch\" target=\"_blank\" rel=\"noopener\"><strong>Tamina Health Center<\/strong><\/a><\/p>\n<\/div><div  style=\"--grid-layout-index: 2; --col-xs: 12; --col-sm: 12; --col-md: 6; --col-lg: 6; --col-xl: 6\" class=\"section-item layout-default layout-margin-default\">\n\t\t<img loading=\"lazy\" decoding=\"async\" width=\"768\" height=\"664\" src=\"https:\/\/www.tourdesuisse.ch\/wp-content\/uploads\/Rewards-768x664.png\" class=\"wpce-image\" alt=\"\" data-css-locator=\"\" srcset=\"https:\/\/www.tourdesuisse.ch\/wp-content\/uploads\/Rewards-768x664.png 768w, https:\/\/www.tourdesuisse.ch\/wp-content\/uploads\/Rewards-300x259.png 300w, https:\/\/www.tourdesuisse.ch\/wp-content\/uploads\/Rewards-1024x885.png 1024w, https:\/\/www.tourdesuisse.ch\/wp-content\/uploads\/Rewards.png 1374w\" sizes=\"auto, (max-width: 768px) 100vw, 768px\" \/>\n<\/div><\/div>\n<\/div>\n\n<div  id class=\"page-section style-default layout-default align-default\">\n\t<div class=\"section-grid grid-layout container\"><div  style=\"--grid-layout-index: 1; --col-xs: 12; --col-sm: 12; --col-md: 6; --col-lg: 8; --col-xl: 8\" class=\"section-item layout-default layout-margin-default\"><h2>\u00c0 partir de 8 checkpoints \u2013 Vainqueurs du classement g\u00e9n\u00e9ral du TdS<\/h2>\n<p>Si tu as visit\u00e9 les 8 checkpoints, tu fais partie des vainqueurs du classement g\u00e9n\u00e9ral du TdS.<\/p>\n<p>En souvenir, tu recevras un dossard exclusif du Tour de Suisse, ainsi qu\u2019une place pour suivre une \u00e9tape du Tour de Suisse 2027.<\/p>\n<\/div><div  style=\"--grid-layout-index: 2; --col-xs: 12; --col-sm: 12; --col-md: 6; --col-lg: 4; --col-xl: 4\" class=\"section-item layout-default layout-margin-default\">\n\t\t<img loading=\"lazy\" decoding=\"async\" width=\"768\" height=\"960\" src=\"https:\/\/www.tourdesuisse.ch\/wp-content\/uploads\/Startnummer-768x960.png\" class=\"wpce-image\" alt=\"\" data-css-locator=\"687345b1-e021-41df-aebc-5906eff0d2c9\" srcset=\"https:\/\/www.tourdesuisse.ch\/wp-content\/uploads\/Startnummer-768x960.png 768w, https:\/\/www.tourdesuisse.ch\/wp-content\/uploads\/Startnummer-240x300.png 240w, https:\/\/www.tourdesuisse.ch\/wp-content\/uploads\/Startnummer-819x1024.png 819w, https:\/\/www.tourdesuisse.ch\/wp-content\/uploads\/Startnummer.png 1080w\" sizes=\"auto, (max-width: 768px) 100vw, 768px\" \/>\n<\/div><\/div>\n<\/div><\/div>","protected":false},"excerpt":{"rendered":"<p>2026 Rewards Tes performances sportives \u00e0 v\u00e9lo constituent ton gros lot au Tour de Suisse Explorer. Tu peux \u00e9galement te r\u00e9jouir des r\u00e9compenses suivantes. \u00c0 partir de 2 checkpoints \u2013 30 % de r\u00e9duction chez Kernser Pasta Apr\u00e8s avoir visit\u00e9 2 points de contr\u00f4le, tu recevras un code de r\u00e9duction de 30 % sur la [&hellip;]<\/p>\n","protected":false},"author":8,"featured_media":0,"parent":70557,"menu_order":0,"comment_status":"closed","ping_status":"closed","template":"","meta":{"_acf_changed":false,"inline_featured_image":false,"footnotes":""},"class_list":["post-70631","page","type-page","status-publish","hentry"],"acf":[],"_links":{"self":[{"href":"https:\/\/www.tourdesuisse.ch\/fr\/wp-json\/wp\/v2\/pages\/70631","targetHints":{"allow":["GET"]}}],"collection":[{"href":"https:\/\/www.tourdesuisse.ch\/fr\/wp-json\/wp\/v2\/pages"}],"about":[{"href":"https:\/\/www.tourdesuisse.ch\/fr\/wp-json\/wp\/v2\/types\/page"}],"author":[{"embeddable":true,"href":"https:\/\/www.tourdesuisse.ch\/fr\/wp-json\/wp\/v2\/users\/8"}],"replies":[{"embeddable":true,"href":"https:\/\/www.tourdesuisse.ch\/fr\/wp-json\/wp\/v2\/comments?post=70631"}],"version-history":[{"count":8,"href":"https:\/\/www.tourdesuisse.ch\/fr\/wp-json\/wp\/v2\/pages\/70631\/revisions"}],"predecessor-version":[{"id":71705,"href":"https:\/\/www.tourdesuisse.ch\/fr\/wp-json\/wp\/v2\/pages\/70631\/revisions\/71705"}],"up":[{"embeddable":true,"href":"https:\/\/www.tourdesuisse.ch\/fr\/wp-json\/wp\/v2\/pages\/70557"}],"wp:attachment":[{"href":"https:\/\/www.tourdesuisse.ch\/fr\/wp-json\/wp\/v2\/media?parent=70631"}],"curies":[{"name":"wp","href":"https:\/\/api.w.org\/{rel}","templated":true}]}}