{"id":70638,"date":"2025-02-12T13:28:29","date_gmt":"2025-02-12T12:28:29","guid":{"rendered":"https:\/\/www.tourdesuisse.ch\/?page_id=70638"},"modified":"2026-04-01T10:31:30","modified_gmt":"2026-04-01T08:31:30","slug":"liste-de-depart","status":"publish","type":"page","link":"https:\/\/www.tourdesuisse.ch\/fr\/explorer\/liste-de-depart\/","title":{"rendered":"Liste de d\u00e9part"},"content":{"rendered":"\n<div class=\"background style-pattern\">\n\n<div class=\"intro-section page-section style-default layout-default align-default with-content\">\n\t<div class=\"section-grid grid-layout container\">\n\t\t<div style=\"--grid-layout-index: 1; --col-xs: 12; --col-sm: 12; --col-md: 12; --col-lg: 12; --col-xl: 12\" class=\"section-item layout-default layout-margin-default\">\n\t\t\t<div class=\"intro-background-title\" data-content=\"2026\">2026<\/div>\n\t\t\t<div class=\"intro-title-wrapper\">\n\t\t\t\t<h1 class=\"intro-title\">Liste de d\u00e9part<\/h1>\n\t\t\t\t<a href=\"https:\/\/www.tourdesuisse.ch\/explorer\/ranking\/\" class=\"button style-text with-arrow\">Classement<\/a>\n\t\t\t<\/div>\n\t\t\t<div class=\"intro-content lead-text\">\n\t\t\t\t<p>D\u00e8s que tu es inscrit(e), tu appara\u00eetras sur cette liste. D\u00e8s que tu auras parcouru ton premier checkpoint et t\u00e9l\u00e9charg\u00e9 l\u2019activit\u00e9 sur Garmin\/Strava, tu appara\u00eetras \u00e9galement dans le classement.<\/p>\n\n\t\t\t<\/div>\n\t\t<\/div>\n\t<\/div>\n<\/div>\n\n\n<div  class=\"page-section style-default layout-default align-default\">\n\t<div class=\"section-grid grid-layout container\"><div  style=\"--grid-layout-index: 1\" class=\"section-item layout-default layout-margin-default\"><iframe src=\"https:\/\/laceup.io\/tour\/tds-explorer-2026\/starter?embed=1\" frameborder=\"0\" style=\"width: 100%; max-width: 1200px; margin-left: auto; margin-right: auto;\" scrolling=\"no\"><\/iframe>\n<script>\nwindow.addEventListener(\"message\", (event) => {\n    if (event.data.type === \"resize\") {\n        const iframe = document.querySelector(\"iframe\");\n        iframe.height = event.data.value + \"px\";\n    }\n}, false);\n<\/script><\/div><\/div>\n<\/div><\/div>","protected":false},"excerpt":{"rendered":"<p>2026 Liste de d\u00e9part Classement D\u00e8s que tu es inscrit(e), tu appara\u00eetras sur cette liste. D\u00e8s que tu auras parcouru ton premier checkpoint et t\u00e9l\u00e9charg\u00e9 l\u2019activit\u00e9 sur Garmin\/Strava, tu appara\u00eetras \u00e9galement dans le classement.<\/p>\n","protected":false},"author":8,"featured_media":0,"parent":70557,"menu_order":0,"comment_status":"closed","ping_status":"closed","template":"","meta":{"_acf_changed":false,"inline_featured_image":false,"footnotes":""},"class_list":["post-70638","page","type-page","status-publish","hentry"],"acf":[],"_links":{"self":[{"href":"https:\/\/www.tourdesuisse.ch\/fr\/wp-json\/wp\/v2\/pages\/70638","targetHints":{"allow":["GET"]}}],"collection":[{"href":"https:\/\/www.tourdesuisse.ch\/fr\/wp-json\/wp\/v2\/pages"}],"about":[{"href":"https:\/\/www.tourdesuisse.ch\/fr\/wp-json\/wp\/v2\/types\/page"}],"author":[{"embeddable":true,"href":"https:\/\/www.tourdesuisse.ch\/fr\/wp-json\/wp\/v2\/users\/8"}],"replies":[{"embeddable":true,"href":"https:\/\/www.tourdesuisse.ch\/fr\/wp-json\/wp\/v2\/comments?post=70638"}],"version-history":[{"count":3,"href":"https:\/\/www.tourdesuisse.ch\/fr\/wp-json\/wp\/v2\/pages\/70638\/revisions"}],"predecessor-version":[{"id":71795,"href":"https:\/\/www.tourdesuisse.ch\/fr\/wp-json\/wp\/v2\/pages\/70638\/revisions\/71795"}],"up":[{"embeddable":true,"href":"https:\/\/www.tourdesuisse.ch\/fr\/wp-json\/wp\/v2\/pages\/70557"}],"wp:attachment":[{"href":"https:\/\/www.tourdesuisse.ch\/fr\/wp-json\/wp\/v2\/media?parent=70638"}],"curies":[{"name":"wp","href":"https:\/\/api.w.org\/{rel}","templated":true}]}}