{"id":7095,"date":"2024-05-08T08:22:26","date_gmt":"2024-05-08T06:22:26","guid":{"rendered":"https:\/\/www.tourdesuisse.ch\/ride-for-gino\/"},"modified":"2024-05-17T13:54:23","modified_gmt":"2024-05-17T11:54:23","slug":"ride-for-gino","status":"publish","type":"page","link":"https:\/\/www.tourdesuisse.ch\/fr\/visiteurs\/activites\/ride-for-gino\/","title":{"rendered":"Ride for Gino"},"content":{"rendered":"<link data-name=\"until-s\" rel=\"preload\" as=\"style\" href=\"https:\/\/www.tourdesuisse.ch\/wp-content\/uploads\/55ea7760-0e5e-adaa-00d6-83746210c33f-1073550-1072448-scaled-1-540x960.jpeg\" media=\"(max-width: 539px) and (max-height: 303.75px) and (max-resolution: 1.999dppx)\">\n<link data-name=\"until-s@2x\" rel=\"preload\" as=\"style\" href=\"https:\/\/www.tourdesuisse.ch\/wp-content\/uploads\/55ea7760-0e5e-adaa-00d6-83746210c33f-1073550-1072448-scaled-1-1080x1920.jpeg\" media=\"(max-width: 539px) and (max-height: 303.75px) and (min-resolution: 2dppx)\">\n<link data-name=\"until-sm\" rel=\"preload\" as=\"style\" href=\"https:\/\/www.tourdesuisse.ch\/wp-content\/uploads\/55ea7760-0e5e-adaa-00d6-83746210c33f-1073550-1072448-scaled-1-768x1365.jpeg\" media=\"(max-width: 767px) and (max-height: 432px) and (max-resolution: 1.999dppx)\">\n<link data-name=\"until-sm@2x\" rel=\"preload\" as=\"style\" href=\"https:\/\/www.tourdesuisse.ch\/wp-content\/uploads\/55ea7760-0e5e-adaa-00d6-83746210c33f-1073550-1072448-scaled-1-1536x2730.jpeg\" media=\"(max-width: 767px) and (max-height: 432px) and (min-resolution: 2dppx)\">\n<link data-name=\"until-md\" rel=\"preload\" as=\"style\" href=\"https:\/\/www.tourdesuisse.ch\/wp-content\/uploads\/55ea7760-0e5e-adaa-00d6-83746210c33f-1073550-1072448-scaled-1-992x558.jpeg\" media=\"(max-width: 991px) and (max-height: 558px) and (max-resolution: 1.999dppx)\">\n<link data-name=\"until-md@2x\" rel=\"preload\" as=\"style\" href=\"https:\/\/www.tourdesuisse.ch\/wp-content\/uploads\/55ea7760-0e5e-adaa-00d6-83746210c33f-1073550-1072448-scaled-1-1984x1116.jpeg\" media=\"(max-width: 991px) and (max-height: 558px) and (min-resolution: 2dppx)\">\n<link data-name=\"until-lg\" rel=\"preload\" as=\"style\" href=\"https:\/\/www.tourdesuisse.ch\/wp-content\/uploads\/55ea7760-0e5e-adaa-00d6-83746210c33f-1073550-1072448-scaled-1-1200x675.jpeg\" media=\"(max-width: 1199px) and (max-height: 675px) and (max-resolution: 1.999dppx)\">\n<link data-name=\"until-lg@2x\" rel=\"preload\" as=\"style\" href=\"https:\/\/www.tourdesuisse.ch\/wp-content\/uploads\/55ea7760-0e5e-adaa-00d6-83746210c33f-1073550-1072448-scaled-1-2400x1350.jpeg\" media=\"(max-width: 1199px) and (max-height: 675px) and (min-resolution: 2dppx)\">\n<link data-name=\"until-xl\" rel=\"preload\" as=\"style\" href=\"https:\/\/www.tourdesuisse.ch\/wp-content\/uploads\/55ea7760-0e5e-adaa-00d6-83746210c33f-1073550-1072448-scaled-1-1425x802.jpeg\" media=\"(max-width: 1424px) and (max-height: 801.5625px) and (max-resolution: 1.999dppx)\">\n<link data-name=\"until-xl@2x\" rel=\"preload\" as=\"style\" href=\"https:\/\/www.tourdesuisse.ch\/wp-content\/uploads\/55ea7760-0e5e-adaa-00d6-83746210c33f-1073550-1072448-scaled-1-2850x1604.jpeg\" media=\"(max-width: 1424px) and (max-height: 801.5625px) and (min-resolution: 2dppx)\">\n<link data-name=\"full\" rel=\"preload\" as=\"style\" href=\"https:\/\/www.tourdesuisse.ch\/wp-content\/uploads\/55ea7760-0e5e-adaa-00d6-83746210c33f-1073550-1072448-scaled-1.jpeg\" media=\"(min-width: 1425px)\">\n<div class=\"hero-section hero-is-image hero-align-end hero-size-narrow\" style=\"--hero-image-full: url('https:\/\/www.tourdesuisse.ch\/wp-content\/uploads\/55ea7760-0e5e-adaa-00d6-83746210c33f-1073550-1072448-scaled-1.jpeg'); --hero-image-aspect-ratio: 1.4988290398126; --hero-image-until-s: url('https:\/\/www.tourdesuisse.ch\/wp-content\/uploads\/55ea7760-0e5e-adaa-00d6-83746210c33f-1073550-1072448-scaled-1-540x960.jpeg'); --hero-image-until-s-2x: url('https:\/\/www.tourdesuisse.ch\/wp-content\/uploads\/55ea7760-0e5e-adaa-00d6-83746210c33f-1073550-1072448-scaled-1-1080x1920.jpeg'); --hero-image-until-sm: url('https:\/\/www.tourdesuisse.ch\/wp-content\/uploads\/55ea7760-0e5e-adaa-00d6-83746210c33f-1073550-1072448-scaled-1-768x1365.jpeg'); --hero-image-until-sm-2x: url('https:\/\/www.tourdesuisse.ch\/wp-content\/uploads\/55ea7760-0e5e-adaa-00d6-83746210c33f-1073550-1072448-scaled-1-1536x2730.jpeg'); --hero-image-until-md: url('https:\/\/www.tourdesuisse.ch\/wp-content\/uploads\/55ea7760-0e5e-adaa-00d6-83746210c33f-1073550-1072448-scaled-1-992x558.jpeg'); --hero-image-until-md-2x: url('https:\/\/www.tourdesuisse.ch\/wp-content\/uploads\/55ea7760-0e5e-adaa-00d6-83746210c33f-1073550-1072448-scaled-1-1984x1116.jpeg'); --hero-image-until-lg: url('https:\/\/www.tourdesuisse.ch\/wp-content\/uploads\/55ea7760-0e5e-adaa-00d6-83746210c33f-1073550-1072448-scaled-1-1200x675.jpeg'); --hero-image-until-lg-2x: url('https:\/\/www.tourdesuisse.ch\/wp-content\/uploads\/55ea7760-0e5e-adaa-00d6-83746210c33f-1073550-1072448-scaled-1-2400x1350.jpeg'); --hero-image-until-xl: url('https:\/\/www.tourdesuisse.ch\/wp-content\/uploads\/55ea7760-0e5e-adaa-00d6-83746210c33f-1073550-1072448-scaled-1-1425x802.jpeg'); --hero-image-until-xl-2x: url('https:\/\/www.tourdesuisse.ch\/wp-content\/uploads\/55ea7760-0e5e-adaa-00d6-83746210c33f-1073550-1072448-scaled-1-2850x1604.jpeg'); --hero-image-position: 50% 50%\"\n>\n\t<div class=\"hero-media\">\n\t\t<div class=\"hero-media-overlay\"><\/div>\n\t\t<div class=\"hero-content-wrapper\">\n\t\t\t<div class=\"hero-content\">\n\t\t\t\t<div class=\"overhead-line\">\n<h3>Activit\u00e9s<\/h3>\n<\/div>\n<h1>Ride for Gino<\/h1>\n\n\t\t\t<\/div>\n\t\t<\/div>\n\t<\/div>\n<\/div>\n<div class=\"background style-default\">\n<nav class=\"breadcrumb\" aria-label=\"Navigation en fil d&apos;Ariane\">\n\t<ol>\n\t\t<li>\n\t\t\t<a href=\"https:\/\/www.tourdesuisse.ch\/fr\/\" class=\"breadcrumb-link\">Page d\u2019accueil<\/a>\n\t\t<\/li>\n\t\t<li>\n\t\t\t<a href=\"https:\/\/www.tourdesuisse.ch\/fr\/visiteurs\/\" class=\"breadcrumb-link\">Visiteurs<\/a>\n\t\t<\/li>\n\t\t<li>\n\t\t\t<a href=\"https:\/\/www.tourdesuisse.ch\/fr\/visiteurs\/activites\/\" class=\"breadcrumb-link\">Activit\u00e9s<\/a>\n\t\t<\/li>\n\t\t<li>\n\t\t\t<a href=\"https:\/\/www.tourdesuisse.ch\/fr\/visiteurs\/activites\/ride-for-gino\/\" class=\"breadcrumb-link\" aria-current=\"page\">Ride for Gino<\/a>\n\t\t<\/li>\n\t<\/ol>\n<\/nav>\n<div  id class=\"page-section style-default layout-default align-default\">\n\t<div class=\"section-grid grid-layout container\"><div  style=\"--grid-layout-index: 1; --col-xs: 12; --col-sm: 12; --col-md: 4; --col-lg: 4; --col-xl: 4\" class=\"section-item layout-default layout-margin-default\"><h3>Course comm\u00e9morative pour Gino M\u00e4der \u2013 Dimanche, 16 juin 2024<\/h3>\n<p><strong>O\u00f9<\/strong> : D\u00e9part \u00e0 Aigle, arriv\u00e9e \u00e0 Villars-sur-Ollon<br \/>\n<strong>Quand<\/strong> : D\u00e9part \u00e0 12h00<\/p>\n\n\n<div class=\"buttons\">\n\t<div class=\"button-group\">\n\n\t\t\t<a\n\t\t\t\thref=\"https:\/\/stcycling.ch\/content\/32-ride-for-gino\" class=\"button style-default with-arrow\"\n\t\t\t>\n\t\t\t\tInscription &amp; commande maillot\n\t\t\t<\/a>\n\t<\/div>\n<\/div><\/div><div  style=\"--grid-layout-index: 2; --col-xs: 12; --col-sm: 12; --col-md: 8; --col-lg: 8; --col-xl: 8\" class=\"section-item layout-default layout-margin-default\"><h3>\u00c0 propos de l&#8217;\u00e9v\u00e9nement<\/h3>\n<p>Rends hommage \u00e0 Gino M\u00e4der et participe \u00e0 une course unique le long du parcours pittoresque de la 8\u00e8me \u00e9tape du Tour de Suisse. Cet \u00e9v\u00e9nement sp\u00e9cial r\u00e9unit les cyclistes pour c\u00e9l\u00e9brer l&#8217;esprit de communaut\u00e9 et l&#8217;ambition sportive sur un parcours exigeant.<\/p>\n<h3>Programme<\/h3>\n<ul>\n<li><strong>12h00<\/strong> : Rendez-vous et d\u00e9part \u00e0 Aigle. Nous commen\u00e7ons ensemble sur le plat avant de relever l&#8217;ascension vers Villars-sur-Ollon, chacun \u00e0 son propre rythme.<\/li>\n<\/ul>\n<h3>Participation<\/h3>\n<ul>\n<li><strong>Co\u00fbt<\/strong> : CHF 75.-<\/li>\n<li><strong>Inclus<\/strong> : Un maillot Q36.5 exclusif en souvenir de notre course.<\/li>\n<\/ul>\n<p><img loading=\"lazy\" decoding=\"async\" class=\"alignnone wp-image-7100 \" src=\"https:\/\/www.tourdesuisse.ch\/wp-content\/uploads\/Ride-for-Gino-Jersey-1024x602.png\" alt=\"\" width=\"503\" height=\"296\" srcset=\"https:\/\/www.tourdesuisse.ch\/wp-content\/uploads\/Ride-for-Gino-Jersey-1024x602.png 1024w, https:\/\/www.tourdesuisse.ch\/wp-content\/uploads\/Ride-for-Gino-Jersey-300x176.png 300w, https:\/\/www.tourdesuisse.ch\/wp-content\/uploads\/Ride-for-Gino-Jersey-768x452.png 768w, https:\/\/www.tourdesuisse.ch\/wp-content\/uploads\/Ride-for-Gino-Jersey.png 1500w\" sizes=\"auto, (max-width: 503px) 100vw, 503px\" \/><\/p>\n<h3>Inscription<\/h3>\n<p>Inscris-toi maintenant ! Les places et les maillots sont limit\u00e9s et disponibles via notre boutique ST Cycling. Ton inscription ne sera confirm\u00e9e qu&#8217;au moment de l&#8217;achat du maillot.<\/p>\n<p><strong>Date limite d&#8217;inscription : dimanche 9 juin 2024<\/strong><\/p>\n<p><a href=\"https:\/\/www.tourdesuisse.ch\/wp-content\/uploads\/Teilnahmebedingungen-Ride-16.06.2024-Aigle-Villars.pdf\" target=\"_blank\" rel=\"noopener\">Conditions de participation<\/a><\/p>\n<h4>\u00c0 noter<\/h4>\n<ul>\n<li>Merci de noter qu&#8217;aucun ravitaillement ni autre support ne seront fournis.<\/li>\n<li>Nous recommandons d&#8217;apporter ton propre ravitaillement et suffisamment d&#8217;eau.<\/li>\n<\/ul>\n<\/div><\/div>\n<\/div><\/div>","protected":false},"excerpt":{"rendered":"<p>Activit\u00e9s Ride for Gino Page d\u2019accueil Visiteurs Activit\u00e9s Ride for Gino Course comm\u00e9morative pour Gino M\u00e4der \u2013 Dimanche, 16 juin 2024 O\u00f9 : D\u00e9part \u00e0 Aigle, arriv\u00e9e \u00e0 Villars-sur-Ollon Quand : D\u00e9part \u00e0 12h00 Inscription &amp; commande maillot \u00c0 propos de l&#8217;\u00e9v\u00e9nement Rends hommage \u00e0 Gino M\u00e4der et participe \u00e0 une course unique le long [&hellip;]<\/p>\n","protected":false},"author":2,"featured_media":7091,"parent":1930,"menu_order":0,"comment_status":"closed","ping_status":"closed","template":"","meta":{"_acf_changed":false,"inline_featured_image":false,"footnotes":""},"class_list":["post-7095","page","type-page","status-publish","has-post-thumbnail","hentry"],"acf":[],"_links":{"self":[{"href":"https:\/\/www.tourdesuisse.ch\/fr\/wp-json\/wp\/v2\/pages\/7095","targetHints":{"allow":["GET"]}}],"collection":[{"href":"https:\/\/www.tourdesuisse.ch\/fr\/wp-json\/wp\/v2\/pages"}],"about":[{"href":"https:\/\/www.tourdesuisse.ch\/fr\/wp-json\/wp\/v2\/types\/page"}],"author":[{"embeddable":true,"href":"https:\/\/www.tourdesuisse.ch\/fr\/wp-json\/wp\/v2\/users\/2"}],"replies":[{"embeddable":true,"href":"https:\/\/www.tourdesuisse.ch\/fr\/wp-json\/wp\/v2\/comments?post=7095"}],"version-history":[{"count":9,"href":"https:\/\/www.tourdesuisse.ch\/fr\/wp-json\/wp\/v2\/pages\/7095\/revisions"}],"predecessor-version":[{"id":7424,"href":"https:\/\/www.tourdesuisse.ch\/fr\/wp-json\/wp\/v2\/pages\/7095\/revisions\/7424"}],"up":[{"embeddable":true,"href":"https:\/\/www.tourdesuisse.ch\/fr\/wp-json\/wp\/v2\/pages\/1930"}],"wp:featuredmedia":[{"embeddable":true,"href":"https:\/\/www.tourdesuisse.ch\/fr\/wp-json\/wp\/v2\/media\/7091"}],"wp:attachment":[{"href":"https:\/\/www.tourdesuisse.ch\/fr\/wp-json\/wp\/v2\/media?parent=7095"}],"curies":[{"name":"wp","href":"https:\/\/api.w.org\/{rel}","templated":true}]}}