{"id":9905,"date":"2024-12-19T09:58:26","date_gmt":"2024-12-19T08:58:26","guid":{"rendered":"https:\/\/www.tourdesuisse.ch\/etappenort-werden\/"},"modified":"2025-09-25T11:13:45","modified_gmt":"2025-09-25T09:13:45","slug":"devenir-un-lieu-detape","status":"publish","type":"page","link":"https:\/\/www.tourdesuisse.ch\/fr\/devenir-un-lieu-detape\/","title":{"rendered":"Devenir un lieu d&#8217;\u00e9tape"},"content":{"rendered":"\n<div class=\"background style-pattern\">\n\n<div class=\"intro-section page-section style-default layout-default align-default with-content\">\n\t<div class=\"section-grid grid-layout container\">\n\t\t<div style=\"--grid-layout-index: 1; --col-xs: 12; --col-sm: 12; --col-md: 12; --col-lg: 12; --col-xl: 12\" class=\"section-item layout-default layout-margin-default\">\n\t\t\t<div class=\"intro-background-title\" data-content=\"TDS\">TDS<\/div>\n\t\t\t<div class=\"intro-title-wrapper\">\n\t\t\t\t<h1 class=\"intro-title\">Devenir un lieu d&#8217;\u00e9tape<\/h1>\n\t\t\t<\/div>\n\t\t\t<div class=\"intro-content lead-text\">\n\t\t\t\t<p>Le Tour de Suisse est le plus grand \u00e9v\u00e9nement cycliste de Suisse et donc<br \/>\nun \u00e9v\u00e9nement phare d&#8217;une grande port\u00e9e nationale et internationale.<\/p>\n\n\t\t\t<\/div>\n\t\t<\/div>\n\t<\/div>\n<\/div>\n\n\n<div  id class=\"page-section style-default layout-default align-default\">\n\t<div class=\"section-grid grid-layout container\"><div  style=\"--grid-layout-index: 1; --col-xs: 12; --col-sm: 12; --col-md: 6; --col-lg: 6; --col-xl: 6\" class=\"section-item layout-default layout-margin-default\"><h3>Mettez fi\u00e8rement votre commune, votre ville et votre r\u00e9gion sous les feux de la rampe<\/h3>\n<ul class=\"styled-list\">\n<li>Proposez une f\u00eate enthousiasmante et f\u00e9d\u00e9ratrice pour tous.<\/li>\n<li>R\u00e9coltez de l&#8217;enthousiasme, des \u00e9motions et des cris de joie.<\/li>\n<li>Positionnez-vous comme la capitale suisse du sport<\/li>\n<li>Devenez l&#8217;h\u00f4te de la sc\u00e8ne cycliste internationale<\/li>\n<li>Profitez d&#8217;une couverture m\u00e9diatique nationale et internationale<\/li>\n<\/ul>\n\n<\/div><div  style=\"--grid-layout-index: 2; --col-xs: 12; --col-sm: 12; --col-md: 6; --col-lg: 6; --col-xl: 6\" class=\"section-item layout-default layout-margin-default\">\n<div class=\"youtube-video\">\n\t<iframe loading=\"lazy\" title=\"Highlights der Tour de Suisse 2024\" width=\"500\" height=\"281\" src=\"https:\/\/www.youtube.com\/embed\/TIV6w98ccZg?feature=oembed\" frameborder=\"0\" allow=\"accelerometer; autoplay; clipboard-write; encrypted-media; gyroscope; picture-in-picture; web-share\" referrerpolicy=\"strict-origin-when-cross-origin\" allowfullscreen><\/iframe>\n<\/div><\/div><\/div>\n<\/div>\n<div  id class=\"page-section style-default layout-default align-default\" data-css-locator=\"aab13660-0f0a-4bc5-a7f7-3c623ae03b21\">\n\t<div class=\"section-grid grid-layout container\"><div  style=\"--grid-layout-index: 1; --col-xs: 12; --col-sm: 12; --col-md: 12; --col-lg: 12; --col-xl: 12\" class=\"section-item layout-default layout-margin-default\"><h3>&#8220;Totalement d\u00e9contract\u00e9, passionnant, int\u00e9ressant &#8211; je le referais sans h\u00e9siter&#8221;, \u201c2&#8217;000 nuit\u00e9es pour la r\u00e9gion\u201d.<\/h3>\n<\/div><\/div>\n<\/div>\n<div  id class=\"page-section style-default layout-default align-default\">\n\t<div class=\"section-grid grid-layout container\"><div  style=\"--grid-layout-index: 1; --col-xs: 12; --col-sm: 12; --col-md: 6; --col-lg: 4; --col-xl: 4\" class=\"section-item layout-default layout-margin-default\"><div><div style=\"width: 640px;\" class=\"wp-video\"><video class=\"wp-video-shortcode\" id=\"video-9905-1\" width=\"640\" height=\"360\" preload=\"metadata\" controls=\"controls\"><source type=\"video\/mp4\" src=\"https:\/\/www.tourdesuisse.ch\/wp-content\/uploads\/C0272.MP4_1_V1.mp4?_=1\" \/><a href=\"https:\/\/www.tourdesuisse.ch\/wp-content\/uploads\/C0272.MP4_1_V1.mp4\">https:\/\/www.tourdesuisse.ch\/wp-content\/uploads\/C0272.MP4_1_V1.mp4<\/a><\/video><\/div><\/div>\n\n<p><strong>Harry Huwyler<\/strong>, pr\u00e9sident du comit\u00e9 d&#8217;organisation de l&#8217;\u00e9tape Commune de Regensdorf<\/p>\n<\/div><div  style=\"--grid-layout-index: 2; --col-xs: 12; --col-sm: 12; --col-md: 6; --col-lg: 4; --col-xl: 4\" class=\"section-item layout-default layout-margin-default\"><div><div style=\"width: 640px;\" class=\"wp-video\"><video class=\"wp-video-shortcode\" id=\"video-9905-2\" width=\"640\" height=\"360\" preload=\"metadata\" controls=\"controls\"><source type=\"video\/mp4\" src=\"https:\/\/www.tourdesuisse.ch\/wp-content\/uploads\/C0277_MP4_1_V2.mp4?_=2\" \/><a href=\"https:\/\/www.tourdesuisse.ch\/wp-content\/uploads\/C0277_MP4_1_V2.mp4\">https:\/\/www.tourdesuisse.ch\/wp-content\/uploads\/C0277_MP4_1_V2.mp4<\/a><\/video><\/div><\/div>\n\n<p><strong>Stefan N\u00e4f<\/strong>, responsable du Project Management Office Einsiedeln-Ybrig-Z\u00fcrichsee AG<\/p>\n<\/div><\/div>\n<\/div>\n<div  id class=\"page-section style-default layout-default align-default\">\n\t<div class=\"section-grid grid-layout container\"><div  style=\"--grid-layout-index: 1; --col-xs: 12; --col-sm: 12; --col-md: 6; --col-lg: 6; --col-xl: 6\" class=\"section-item layout-default layout-margin-default\"><h3>Nous vous conseillons volontiers !<\/h3>\n<ul class=\"styled-list\">\n<li>Vous \u00eates int\u00e9ress\u00e9(e) ? Ou vous n&#8217;\u00eates pas s\u00fbr qu&#8217;un Tour de Suisse soit possible dans votre commune ?<\/li>\n<li>Avez-vous une f\u00eate de village, un anniversaire ou une autre manifestation dans les ann\u00e9es \u00e0 venir qui pourrait \u00eatre combin\u00e9e avec le Tour de Suisse ?<\/li>\n<\/ul>\n<p>N&#8217;h\u00e9sitez pas \u00e0 nous contacter sans engagement pour nous faire part de vos questions ou de votre int\u00e9r\u00eat. Nous vous enverrons imm\u00e9diatement des informations compl\u00e9mentaires et prendrons directement contact avec vous.<\/p>\n<\/div><div  style=\"--grid-layout-index: 2; --col-xs: 12; --col-sm: 12; --col-md: 6; --col-lg: 6; --col-xl: 6\" class=\"section-item layout-default layout-margin-default\">\n\n\n\n<div class=\"box-wrapper\">\n\t<div class=\"box employee-box\"\n\t>\n\t\t<div class=\"box-image\"><img loading=\"lazy\" decoding=\"async\" width=\"395\" height=\"295\" src=\"https:\/\/www.tourdesuisse.ch\/wp-content\/uploads\/Olivier-Senn-1-395x295.jpg\" class=\"attachment-employee-box-image size-employee-box-image wp-post-image\" alt=\"Portrait Olivier Senn\" srcset=\"https:\/\/www.tourdesuisse.ch\/wp-content\/uploads\/Olivier-Senn-1-395x295.jpg 395w, https:\/\/www.tourdesuisse.ch\/wp-content\/uploads\/Olivier-Senn-1-790x590.jpg 790w\" sizes=\"auto, (max-width: 395px) 100vw, 395px\" \/><\/div>\n\t\t<div class=\"box-inner\">\n\t\t\t<h4 class=\"employee-name\">Olivier Senn<\/h4>\n\n\t\t\t<ul class=\"employee-contact-list\">\n\t\t\t\t<li class=\"employee-email\">\n\n<a href=\"mailto:olivier@cycling-unlimited.ch\" class=\"contact-button\" style=\"--icon: url(&#039;https:\/\/www.tourdesuisse.ch\/wp-content\/themes\/tourdesuisse.ch\/elements\/contact-button\/contact-button-email.svg&#039;)\">\n\t<span class=\"sr-only\">\n\t\tAdresse \u00e9lectronique:\n\t<\/span>\n\tolivier@cycling-unlimited.ch\n<\/a>\t\t\t\t<\/li>\n\t\t\t\t<li class=\"employee-phone\">\n\n<a href=\"tel:+41795284160\" class=\"contact-button\" style=\"--icon: url(&#039;https:\/\/www.tourdesuisse.ch\/wp-content\/themes\/tourdesuisse.ch\/elements\/contact-button\/contact-button-phone.svg&#039;)\">\n\t<span class=\"sr-only\">\n\t\tNum\u00e9ro de t\u00e9l\u00e9phone:\n\t<\/span>\n\t+41 79 528 41 60\n<\/a>\t\t\t\t<\/li>\n\t\t\t<\/ul>\n\t\t<\/div>\n\t<\/div>\n<\/div>\n<\/div><\/div>\n<\/div>\n<div  class=\"page-section style-default layout-default align-default\">\n\t<div class=\"section-grid grid-layout container\"><div  style=\"--grid-layout-index: 1\" class=\"section-item layout-default layout-margin-default\"><h1>Formulaire de demande pour les \u00e9tapes<\/h1>\n<p>Nous nous r\u00e9jouissons de votre demande et vous r\u00e9pondrons dans les plus brefs d\u00e9lais.<\/p>\n<p>&nbsp;<\/p>\n\n\t<div>\n\t\t<div class=\"wpforms-container \" id=\"wpforms-14610\"><form id=\"wpforms-form-14610\" class=\"wpforms-validate wpforms-form wpforms-ajax-form\" data-formid=\"14610\" method=\"post\" enctype=\"multipart\/form-data\" action=\"\/fr\/wp-json\/wp\/v2\/pages\/9905\" data-token=\"28d4eed1cec2edc62e6c9c2627505e6f\" data-token-time=\"1775802786\"><noscript class=\"wpforms-error-noscript\">Veuillez activer JavaScript dans votre navigateur pour remplir ce formulaire.<\/noscript><div class=\"wpforms-field-container\">\t\t<div id=\"wpforms-14610-field_8-container\"\n\t\t\tclass=\"wpforms-field wpforms-field-text\"\n\t\t\tdata-field-type=\"text\"\n\t\t\tdata-field-id=\"8\"\n\t\t\t>\n\t\t\t<label class=\"wpforms-field-label\" for=\"wpforms-14610-field_8\" >Gew\u00fcnschte f\u00fcr Funktion<\/label>\n\t\t\t<input type=\"text\" id=\"wpforms-14610-field_8\" class=\"wpforms-field-medium\" name=\"wpforms[fields][8]\" >\n\t\t<\/div>\n\t\t<div id=\"wpforms-14610-field_3-container\" class=\"wpforms-field wpforms-field-name\" data-field-id=\"3\"><label class=\"wpforms-field-label\">Name <span class=\"wpforms-required-label\">*<\/span><\/label><div class=\"wpforms-field-row wpforms-field-large\"><div class=\"wpforms-field-row-block wpforms-first wpforms-one-half\"><input type=\"text\" id=\"wpforms-14610-field_3\" class=\"wpforms-field-name-first wpforms-field-required\" name=\"wpforms[fields][3][first]\" required><label for=\"wpforms-14610-field_3\" class=\"wpforms-field-sublabel after\">Pr\u00e9nom<\/label><\/div><div class=\"wpforms-field-row-block wpforms-one-half\"><input type=\"text\" id=\"wpforms-14610-field_3-last\" class=\"wpforms-field-name-last wpforms-field-required\" name=\"wpforms[fields][3][last]\" required><label for=\"wpforms-14610-field_3-last\" class=\"wpforms-field-sublabel after\">Nom<\/label><\/div><\/div><\/div><div id=\"wpforms-14610-field_7-container\" class=\"wpforms-field wpforms-field-text\" data-field-id=\"7\"><label class=\"wpforms-field-label\" for=\"wpforms-14610-field_7\">Gew\u00fcnschte Gemeinde\/Stadt <span class=\"wpforms-required-label\">*<\/span><\/label><input type=\"text\" id=\"wpforms-14610-field_7\" class=\"wpforms-field-large wpforms-field-required\" name=\"wpforms[fields][7]\" required><\/div><div id=\"wpforms-14610-field_4-container\" class=\"wpforms-field wpforms-field-text\" data-field-id=\"4\"><label class=\"wpforms-field-label\" for=\"wpforms-14610-field_4\">Funktion <span class=\"wpforms-required-label\">*<\/span><\/label><input type=\"text\" id=\"wpforms-14610-field_4\" class=\"wpforms-field-large wpforms-field-required\" name=\"wpforms[fields][4]\" required><\/div><div id=\"wpforms-14610-field_5-container\" class=\"wpforms-field wpforms-field-email\" data-field-id=\"5\"><label class=\"wpforms-field-label\" for=\"wpforms-14610-field_5\">E-Mail <span class=\"wpforms-required-label\">*<\/span><\/label><input type=\"email\" id=\"wpforms-14610-field_5\" class=\"wpforms-field-large wpforms-field-required\" name=\"wpforms[fields][5]\" spellcheck=\"false\" required><\/div><div id=\"wpforms-14610-field_6-container\" class=\"wpforms-field wpforms-field-phone\" data-field-id=\"6\"><label class=\"wpforms-field-label\" for=\"wpforms-14610-field_6\">Telefonnummer<\/label><input type=\"tel\" id=\"wpforms-14610-field_6\" class=\"wpforms-field-large wpforms-smart-phone-field\" data-rule-smart-phone-field=\"true\" name=\"wpforms[fields][6]\" placeholder=\"123 456 7890\" aria-label=\"Telefonnummer\" ><\/div><div id=\"wpforms-14610-field_1-container\" class=\"wpforms-field wpforms-field-radio\" data-field-id=\"1\"><label class=\"wpforms-field-label\">Interesse an TdS-Etappe in den kommenden Jahren<\/label><ul id=\"wpforms-14610-field_1\"><li class=\"choice-1 depth-1\"><input type=\"radio\" id=\"wpforms-14610-field_1_1\" name=\"wpforms[fields][1]\" value=\"Ja\"  ><label class=\"wpforms-field-label-inline\" for=\"wpforms-14610-field_1_1\">Ja<\/label><\/li><li class=\"choice-2 depth-1\"><input type=\"radio\" id=\"wpforms-14610-field_1_2\" name=\"wpforms[fields][1]\" value=\"Nein\"  ><label class=\"wpforms-field-label-inline\" for=\"wpforms-14610-field_1_2\">Nein<\/label><\/li><\/ul><\/div><div id=\"wpforms-14610-field_2-container\" class=\"wpforms-field wpforms-field-checkbox\" data-field-id=\"2\"><label class=\"wpforms-field-label\">Interesse f\u00fcr folgendes Jahr<\/label><ul id=\"wpforms-14610-field_2\"><li class=\"choice-1 depth-1\"><input type=\"checkbox\" id=\"wpforms-14610-field_2_1\" name=\"wpforms[fields][2][]\" value=\"2027\"  ><label class=\"wpforms-field-label-inline\" for=\"wpforms-14610-field_2_1\">2027<\/label><\/li><li class=\"choice-2 depth-1\"><input type=\"checkbox\" id=\"wpforms-14610-field_2_2\" name=\"wpforms[fields][2][]\" value=\"2028\"  ><label class=\"wpforms-field-label-inline\" for=\"wpforms-14610-field_2_2\">2028<\/label><\/li><li class=\"choice-3 depth-1\"><input type=\"checkbox\" id=\"wpforms-14610-field_2_3\" name=\"wpforms[fields][2][]\" value=\"2029\"  ><label class=\"wpforms-field-label-inline\" for=\"wpforms-14610-field_2_3\">2029<\/label><\/li><li class=\"choice-4 depth-1\"><input type=\"checkbox\" id=\"wpforms-14610-field_2_4\" name=\"wpforms[fields][2][]\" value=\"2030\"  ><label class=\"wpforms-field-label-inline\" for=\"wpforms-14610-field_2_4\">2030<\/label><\/li><li class=\"choice-5 depth-1\"><input type=\"checkbox\" id=\"wpforms-14610-field_2_5\" name=\"wpforms[fields][2][]\" value=\"sp\u00e4ter\"  ><label class=\"wpforms-field-label-inline\" for=\"wpforms-14610-field_2_5\">sp\u00e4ter<\/label><\/li><\/ul><\/div><script>\n\t\t\t\t( function() {\n\t\t\t\t\tconst style = document.createElement( 'style' );\n\t\t\t\t\tstyle.appendChild( document.createTextNode( '#wpforms-14610-field_8-container { position: absolute !important; overflow: hidden !important; display: inline !important; height: 1px !important; width: 1px !important; z-index: -1000 !important; padding: 0 !important; } #wpforms-14610-field_8-container input { visibility: hidden; } #wpforms-conversational-form-page #wpforms-14610-field_8-container label { counter-increment: none; }' ) );\n\t\t\t\t\tdocument.head.appendChild( style );\n\t\t\t\t\tdocument.currentScript?.remove();\n\t\t\t\t} )();\n\t\t\t<\/script><\/div><!-- .wpforms-field-container --><div class=\"wpforms-submit-container\" ><input type=\"hidden\" name=\"wpforms[id]\" value=\"14610\"><input type=\"hidden\" name=\"page_title\" value=\"\"><input type=\"hidden\" name=\"page_url\" value=\"https:\/\/www.tourdesuisse.ch\/fr\/wp-json\/wp\/v2\/pages\/9905\"><input type=\"hidden\" name=\"url_referer\" value=\"\"><button type=\"submit\" name=\"wpforms[submit]\" id=\"wpforms-submit-14610\" class=\"wpforms-submit\" data-alt-text=\"Wird gesendet\u00a0\u2026\" data-submit-text=\"Absenden\" aria-live=\"assertive\" value=\"wpforms-submit\">Absenden<\/button><img loading=\"lazy\" decoding=\"async\" src=\"https:\/\/www.tourdesuisse.ch\/wp-content\/plugins\/wpforms\/assets\/images\/submit-spin.svg\" class=\"wpforms-submit-spinner\" style=\"display: none;\" width=\"26\" height=\"26\" alt=\"Chargement en cours\"><\/div><\/form><\/div>  <!-- .wpforms-container -->\n\t<\/div>\n<\/div><\/div>\n<\/div><\/div>","protected":false},"excerpt":{"rendered":"<p>TDS Devenir un lieu d&#8217;\u00e9tape Le Tour de Suisse est le plus grand \u00e9v\u00e9nement cycliste de Suisse et donc un \u00e9v\u00e9nement phare d&#8217;une grande port\u00e9e nationale et internationale. Mettez fi\u00e8rement votre commune, votre ville et votre r\u00e9gion sous les feux de la rampe Proposez une f\u00eate enthousiasmante et f\u00e9d\u00e9ratrice pour tous. R\u00e9coltez de l&#8217;enthousiasme, des [&hellip;]<\/p>\n","protected":false},"author":2,"featured_media":0,"parent":0,"menu_order":0,"comment_status":"closed","ping_status":"closed","template":"","meta":{"_acf_changed":false,"inline_featured_image":false,"footnotes":""},"class_list":["post-9905","page","type-page","status-publish","hentry"],"acf":[],"_links":{"self":[{"href":"https:\/\/www.tourdesuisse.ch\/fr\/wp-json\/wp\/v2\/pages\/9905","targetHints":{"allow":["GET"]}}],"collection":[{"href":"https:\/\/www.tourdesuisse.ch\/fr\/wp-json\/wp\/v2\/pages"}],"about":[{"href":"https:\/\/www.tourdesuisse.ch\/fr\/wp-json\/wp\/v2\/types\/page"}],"author":[{"embeddable":true,"href":"https:\/\/www.tourdesuisse.ch\/fr\/wp-json\/wp\/v2\/users\/2"}],"replies":[{"embeddable":true,"href":"https:\/\/www.tourdesuisse.ch\/fr\/wp-json\/wp\/v2\/comments?post=9905"}],"version-history":[{"count":7,"href":"https:\/\/www.tourdesuisse.ch\/fr\/wp-json\/wp\/v2\/pages\/9905\/revisions"}],"predecessor-version":[{"id":69289,"href":"https:\/\/www.tourdesuisse.ch\/fr\/wp-json\/wp\/v2\/pages\/9905\/revisions\/69289"}],"wp:attachment":[{"href":"https:\/\/www.tourdesuisse.ch\/fr\/wp-json\/wp\/v2\/media?parent=9905"}],"curies":[{"name":"wp","href":"https:\/\/api.w.org\/{rel}","templated":true}]}}