{"id":70043,"date":"2024-01-11T13:20:20","date_gmt":"2024-01-11T12:20:20","guid":{"rendered":"https:\/\/www.tourdesuisse.ch\/?page_id=70043"},"modified":"2026-01-30T10:32:53","modified_gmt":"2026-01-30T09:32:53","slug":"news","status":"publish","type":"page","link":"https:\/\/www.tourdesuisse.ch\/it\/news\/","title":{"rendered":"News"},"content":{"rendered":"\n<div class=\"background style-pattern\">\n<div  class=\"page-section style-default layout-default align-default\">\n\t<div class=\"section-grid grid-layout container\"><div  style=\"--grid-layout-index: 1\" class=\"section-item layout-default layout-margin-default\">\n<div class=\"news-grid-wrapper\" x-data x-intercept=\"{&quot;guid&quot;:&quot;56d9996f-fd06-4a2f-887d-8039915ec374&quot;}\"\n\t@after-intercept=\"\n\tif ($el.getBoundingClientRect().top < 0) $el.scrollIntoView({\n\t\tbehavior: 'smooth'\n\t})\n\t\"\n>\n\t<div class=\"news-grid-header\">\n\t\t<div>\n<nav class=\"breadcrumb\" aria-label=\"Percorso di navigazione\">\n\t<ol>\n\t\t<li>\n\t\t\t<a href=\"https:\/\/www.tourdesuisse.ch\/it\/\" class=\"breadcrumb-link\">Pagina iniziale<\/a>\n\t\t<\/li>\n\t\t<li>\n\t\t\t<a href=\"https:\/\/www.tourdesuisse.ch\/it\/news\/\" class=\"breadcrumb-link\" aria-current=\"page\">News<\/a>\n\t\t<\/li>\n\t<\/ol>\n<\/nav>\t\t\t<h1>Novit\u00e0<\/h1>\n\t\t<\/div>\n\n\t\t<div class=\"news-filter-options\">\n\n<div\n\tx-data=\"{\n\t\talignment: &quot;left&quot;,\n\t\tattachment: &quot;bottom&quot;,\n\t\talignmentOffset: 0,\n\t\tattachmentOffset: 0,\n\t\tget visible() {\n\t\t\treturn $data.isVisible()\n\t\t},\n\t\t...transition({\n\t\t\tcss: () =&gt; ({\n\t\t\t\topacity: 0,\n\t\t\t\ttransform: ($data.attachment === 'top' ? 'translateY(1rem)' : 'translateY(-1rem)') + ' scale(0.98)',\n\t\t\t}),\n\t\t\tduration: 125,\n\t\t})\n\t}\" class=\"popover-container news-filter-popover-category\"\n\t:class=\"['align-' + alignment, 'attach-' + attachment]\"\n\t:style=\"{\n\t\t'--alignment-offset': alignmentOffset + 'px',\n\t\t'--attachment-offset': attachmentOffset + 'px'\n\t}\"\n\t@click.outside=\"hide()\"\n\t@keydown.escape=\"hide()\"\n\t@before-intercept.document=\"hide()\"\n>\n\t<button\n\t\tx-init=\"\n\t\t$watch('$data.visible', value =&gt; {\n\t\t\tif (!value) return\n\n\t\t\tlet rect = $el.getBoundingClientRect()\n\t\t\tlet offsetLeft = rect.left\n\t\t\tlet offsetRight = window.innerWidth - rect.right\n\t\t\tlet offsetTop = rect.top\n\t\t\tlet offsetBottom = window.innerHeight - rect.bottom\n\n\t\t\tif (&quot;auto&quot; === 'auto') {\n\t\t\t\t$data.alignment = offsetLeft &gt; offsetRight ? 'right' : 'left'\n\t\t\t\t$data.alignmentOffset = offsetLeft &gt; offsetRight ? offsetRight : offsetLeft\n\t\t\t}\n\n\t\t\tif (&quot;auto&quot; === 'auto') {\n\t\t\t\t$data.attachment = offsetTop &gt; offsetBottom ? 'top' : 'bottom'\n\t\t\t\t$data.attachmentOffset = offsetTop &gt; offsetBottom ? offsetBottom : offsetTop\n\t\t\t}\n\t\t})\n\t\t\" class=\"news-filter-popover-trigger box can-hover\"\n\t\ttype=\"button\"\n\t\taria-controls=\"popover-69de6dc8d6077\"\n\t\t:aria-expanded=\"String(isVisible())\"\n\t\t@click=\"toggle()\"\n\t\tdisabled\n\t\t:disabled=\"false\"\n\t>Filtra notizie<\/button>\n\t<div class=\"popover-panel\" id=\"popover-69de6dc8d6077\" x-bind=\"target\" style=\"display: none\">\n\t\t<div class=\"popover-panel-content\">\n\t\t\t\t\t<ul class=\"news-filter-list\">\n\t\t\t\t\t\t<li>\n\t\t\t\t\t\t\t<a\n\t\t\t\t\t\t\t\thref=\"https:\/\/www.tourdesuisse.ch\/it\/news\/\" aria-current=\"page\"\n\t\t\t\t\t\t\t>\n\t\t\t\t\t\t\t\tTutto\n\t\t\t\t\t\t\t<\/a>\n\t\t\t\t\t\t<\/li>\n\t\t\t\t\t\t\t<li>\n\t\t\t\t\t\t\t\t<a\n\t\t\t\t\t\t\t\t\thref=\"https:\/\/www.tourdesuisse.ch\/it\/news\/?c=contributi-dei-partner\"\n\t\t\t\t\t\t\t\t>\n\t\t\t\t\t\t\t\t\tContributi dei partner\n\t\t\t\t\t\t\t\t<\/a>\n\t\t\t\t\t\t\t<\/li>\n\t\t\t\t\t\t\t<li>\n\t\t\t\t\t\t\t\t<a\n\t\t\t\t\t\t\t\t\thref=\"https:\/\/www.tourdesuisse.ch\/it\/news\/?c=news\"\n\t\t\t\t\t\t\t\t>\n\t\t\t\t\t\t\t\t\tNews\n\t\t\t\t\t\t\t\t<\/a>\n\t\t\t\t\t\t\t<\/li>\n\t\t\t\t\t\t\t<li>\n\t\t\t\t\t\t\t\t<a\n\t\t\t\t\t\t\t\t\thref=\"https:\/\/www.tourdesuisse.ch\/it\/news\/?c=women-news-it\"\n\t\t\t\t\t\t\t\t>\n\t\t\t\t\t\t\t\t\tWomen-News\n\t\t\t\t\t\t\t\t<\/a>\n\t\t\t\t\t\t\t<\/li>\n\t\t\t\t\t<\/ul>\n\t\t<\/div>\n\t<\/div>\n<\/div>\t\t<\/div>\n\t<\/div>\n\n\t<div class=\"grid-layout news-grid\">\n\n\n\n\n\n\n\n\n\n\t<a class=\"box news-box can-hover\" href=\"https:\/\/www.tourdesuisse.ch\/it\/tour-de-suisse-classe-mondiale-al-via-e-nuove-solide-partnership\/\"\n\t>\n\t\t<div class=\"box-image\"><img loading=\"lazy\" decoding=\"async\" width=\"382\" height=\"310\" src=\"https:\/\/www.tourdesuisse.ch\/wp-content\/uploads\/TDS_IMHOF-98-von-205-382x310.jpg\" class=\"attachment-news-box-image size-news-box-image wp-post-image\" alt=\"\" srcset=\"https:\/\/www.tourdesuisse.ch\/wp-content\/uploads\/TDS_IMHOF-98-von-205-382x310.jpg 382w, https:\/\/www.tourdesuisse.ch\/wp-content\/uploads\/TDS_IMHOF-98-von-205-764x620.jpg 764w\" sizes=\"auto, (max-width: 382px) 100vw, 382px\" \/><\/div>\n\t\t<div class=\"box-inner\">\n\t\t\t\t\t<time class=\"news-time h6\" datetime=\"2026-03-30T13:59:43+02:00\">\n\t\t\t\t\t\t30. Mar\n\t\t\t\t\t<\/time>\n\t\t\t\t\t<h4 class=\"news-title\">Tour de Suisse: classe mondiale al via e nuove solide partnership<\/h4>\n\n\t\t\t\t\t<span class=\"news-more button style-text with-arrow\">\n\t\t\t\t\t\tScopri di pi\u00f9\n\t\t\t\t\t<\/span>\n\t\t<\/div>\n\t<\/a>\n\n\n\n\n\n\n\t<a class=\"box news-box can-hover\" href=\"https:\/\/www.tourdesuisse.ch\/it\/sedi-di-tappa-partnership-e-stelle-del-ciclismo\/\"\n\t>\n\t\t<div class=\"box-image\"><img loading=\"lazy\" decoding=\"async\" width=\"382\" height=\"310\" src=\"https:\/\/www.tourdesuisse.ch\/wp-content\/uploads\/Buchli_Fotografie_Tour-de-Suisse-Men-2025-3.-Etappe-Aarau-Heiden_80729-382x310.jpg\" class=\"attachment-news-box-image size-news-box-image wp-post-image\" alt=\"\" srcset=\"https:\/\/www.tourdesuisse.ch\/wp-content\/uploads\/Buchli_Fotografie_Tour-de-Suisse-Men-2025-3.-Etappe-Aarau-Heiden_80729-382x310.jpg 382w, https:\/\/www.tourdesuisse.ch\/wp-content\/uploads\/Buchli_Fotografie_Tour-de-Suisse-Men-2025-3.-Etappe-Aarau-Heiden_80729-764x620.jpg 764w\" sizes=\"auto, (max-width: 382px) 100vw, 382px\" \/><\/div>\n\t\t<div class=\"box-inner\">\n\t\t\t\t\t<time class=\"news-time h6\" datetime=\"2026-03-05T11:00:18+01:00\">\n\t\t\t\t\t\t05. Mar\n\t\t\t\t\t<\/time>\n\t\t\t\t\t<h4 class=\"news-title\">Sedi di tappa, partnership e stelle del ciclismo<\/h4>\n\n\t\t\t\t\t<span class=\"news-more button style-text with-arrow\">\n\t\t\t\t\t\tScopri di pi\u00f9\n\t\t\t\t\t<\/span>\n\t\t<\/div>\n\t<\/a>\n\n\n\n\n\n\n\t<a class=\"box news-box can-hover\" href=\"https:\/\/www.tourdesuisse.ch\/it\/un-nuovo-inizio-e-le-citta-di-tappa-2026\/\"\n\t>\n\t\t<div class=\"box-image\"><img loading=\"lazy\" decoding=\"async\" width=\"382\" height=\"310\" src=\"https:\/\/www.tourdesuisse.ch\/wp-content\/uploads\/Buchli_Fotografie_Tour-de-Suisse-Team-Presentation-_64530-382x310.jpg\" class=\"attachment-news-box-image size-news-box-image wp-post-image\" alt=\"Dorfplatz voller Menschen, sammeln sich um eine B\u00fchne, auf der die Fahrer sich pr\u00e4sentieren\" srcset=\"https:\/\/www.tourdesuisse.ch\/wp-content\/uploads\/Buchli_Fotografie_Tour-de-Suisse-Team-Presentation-_64530-382x310.jpg 382w, https:\/\/www.tourdesuisse.ch\/wp-content\/uploads\/Buchli_Fotografie_Tour-de-Suisse-Team-Presentation-_64530-764x620.jpg 764w\" sizes=\"auto, (max-width: 382px) 100vw, 382px\" \/><\/div>\n\t\t<div class=\"box-inner\">\n\t\t\t\t\t<time class=\"news-time h6\" datetime=\"2026-02-03T08:59:55+01:00\">\n\t\t\t\t\t\t03. Feb\n\t\t\t\t\t<\/time>\n\t\t\t\t\t<h4 class=\"news-title\">Un nuovo inizio e le citt\u00e0 di tappa 2026<\/h4>\n\n\t\t\t\t\t<span class=\"news-more button style-text with-arrow\">\n\t\t\t\t\t\tScopri di pi\u00f9\n\t\t\t\t\t<\/span>\n\t\t<\/div>\n\t<\/a>\n\n\n\n\n\n\n\t<a class=\"box news-box can-hover\" href=\"https:\/\/www.tourdesuisse.ch\/it\/pogacar-e-reusser-al-via-del-tour-de-suisse-2026\/\"\n\t>\n\t\t<div class=\"box-image\"><img loading=\"lazy\" decoding=\"async\" width=\"382\" height=\"310\" src=\"https:\/\/www.tourdesuisse.ch\/wp-content\/uploads\/TDS_IMHOF-80-von-189-382x310.jpg\" class=\"attachment-news-box-image size-news-box-image wp-post-image\" alt=\"\" srcset=\"https:\/\/www.tourdesuisse.ch\/wp-content\/uploads\/TDS_IMHOF-80-von-189-382x310.jpg 382w, https:\/\/www.tourdesuisse.ch\/wp-content\/uploads\/TDS_IMHOF-80-von-189-764x620.jpg 764w\" sizes=\"auto, (max-width: 382px) 100vw, 382px\" \/><\/div>\n\t\t<div class=\"box-inner\">\n\t\t\t\t\t<time class=\"news-time h6\" datetime=\"2025-12-15T11:56:26+01:00\">\n\t\t\t\t\t\t15. Dic 2025\n\t\t\t\t\t<\/time>\n\t\t\t\t\t<h4 class=\"news-title\">Poga\u010dar e Reusser al via del Tour de Suisse 2026<\/h4>\n\n\t\t\t\t\t<span class=\"news-more button style-text with-arrow\">\n\t\t\t\t\t\tScopri di pi\u00f9\n\t\t\t\t\t<\/span>\n\t\t<\/div>\n\t<\/a>\n\n\n\n\n\n\n\t<a class=\"box news-box can-hover\" href=\"https:\/\/www.tourdesuisse.ch\/it\/primeo-energie-rimane-partner-principale-del-tour-de-suisse\/\"\n\t>\n\t\t<div class=\"box-image\"><img loading=\"lazy\" decoding=\"async\" width=\"382\" height=\"310\" src=\"https:\/\/www.tourdesuisse.ch\/wp-content\/uploads\/TDS_IMHOF-39-von-130-382x310.jpg\" class=\"attachment-news-box-image size-news-box-image wp-post-image\" alt=\"\" srcset=\"https:\/\/www.tourdesuisse.ch\/wp-content\/uploads\/TDS_IMHOF-39-von-130-382x310.jpg 382w, https:\/\/www.tourdesuisse.ch\/wp-content\/uploads\/TDS_IMHOF-39-von-130-764x620.jpg 764w\" sizes=\"auto, (max-width: 382px) 100vw, 382px\" \/><\/div>\n\t\t<div class=\"box-inner\">\n\t\t\t\t\t<time class=\"news-time h6\" datetime=\"2025-11-13T11:10:58+01:00\">\n\t\t\t\t\t\t13. Nov 2025\n\t\t\t\t\t<\/time>\n\t\t\t\t\t<h4 class=\"news-title\">Primeo Energie rimane partner principale del Tour de Suisse<\/h4>\n\n\t\t\t\t\t<span class=\"news-more button style-text with-arrow\">\n\t\t\t\t\t\tScopri di pi\u00f9\n\t\t\t\t\t<\/span>\n\t\t<\/div>\n\t<\/a>\n\n\n\n\n\n\n\t<a class=\"box news-box can-hover\" href=\"https:\/\/www.tourdesuisse.ch\/it\/il-tour-de-suisse-si-reinventa\/\"\n\t>\n\t\t<div class=\"box-image\"><img loading=\"lazy\" decoding=\"async\" width=\"382\" height=\"310\" src=\"https:\/\/www.tourdesuisse.ch\/wp-content\/uploads\/Buchli_Fotografie_Tour-de-Suisse-Men-2025-3.-Etappe-Aarau-Heiden_80729-382x310.jpg\" class=\"attachment-news-box-image size-news-box-image wp-post-image\" alt=\"\" srcset=\"https:\/\/www.tourdesuisse.ch\/wp-content\/uploads\/Buchli_Fotografie_Tour-de-Suisse-Men-2025-3.-Etappe-Aarau-Heiden_80729-382x310.jpg 382w, https:\/\/www.tourdesuisse.ch\/wp-content\/uploads\/Buchli_Fotografie_Tour-de-Suisse-Men-2025-3.-Etappe-Aarau-Heiden_80729-764x620.jpg 764w\" sizes=\"auto, (max-width: 382px) 100vw, 382px\" \/><\/div>\n\t\t<div class=\"box-inner\">\n\t\t\t\t\t<time class=\"news-time h6\" datetime=\"2025-09-25T10:58:02+02:00\">\n\t\t\t\t\t\t25. Set 2025\n\t\t\t\t\t<\/time>\n\t\t\t\t\t<h4 class=\"news-title\">Il Tour de Suisse si reinventa<\/h4>\n\n\t\t\t\t\t<span class=\"news-more button style-text with-arrow\">\n\t\t\t\t\t\tScopri di pi\u00f9\n\t\t\t\t\t<\/span>\n\t\t<\/div>\n\t<\/a>\n\n\n\n\n\n\n\t<a class=\"box news-box can-hover\" href=\"https:\/\/www.tourdesuisse.ch\/it\/il-weekend-finale-a-vaduz-rinviato-al-2027\/\"\n\t>\n\t\t<div class=\"box-image\"><img loading=\"lazy\" decoding=\"async\" width=\"382\" height=\"310\" src=\"https:\/\/www.tourdesuisse.ch\/wp-content\/uploads\/53779754826_3d075ddfcb_b-382x310.jpg\" class=\"attachment-news-box-image size-news-box-image wp-post-image\" alt=\"\" srcset=\"https:\/\/www.tourdesuisse.ch\/wp-content\/uploads\/53779754826_3d075ddfcb_b-382x310.jpg 382w, https:\/\/www.tourdesuisse.ch\/wp-content\/uploads\/53779754826_3d075ddfcb_b-764x620.jpg 764w\" sizes=\"auto, (max-width: 382px) 100vw, 382px\" \/><\/div>\n\t\t<div class=\"box-inner\">\n\t\t\t\t\t<time class=\"news-time h6\" datetime=\"2025-07-22T13:17:56+02:00\">\n\t\t\t\t\t\t22. Lug 2025\n\t\t\t\t\t<\/time>\n\t\t\t\t\t<h4 class=\"news-title\">Il weekend finale a Vaduz rinviato al 2027<\/h4>\n\n\t\t\t\t\t<span class=\"news-more button style-text with-arrow\">\n\t\t\t\t\t\tScopri di pi\u00f9\n\t\t\t\t\t<\/span>\n\t\t<\/div>\n\t<\/a>\n\n\n\n\n\n\n\t<a class=\"box news-box can-hover\" href=\"https:\/\/www.tourdesuisse.ch\/it\/i-piu-grandi-miti-sullenergia-nel-ciclismo\/\"\n\t>\n\t\t<div class=\"box-image\"><img loading=\"lazy\" decoding=\"async\" width=\"382\" height=\"310\" src=\"https:\/\/www.tourdesuisse.ch\/wp-content\/uploads\/4-9-382x310.png\" class=\"attachment-news-box-image size-news-box-image wp-post-image\" alt=\"\" srcset=\"https:\/\/www.tourdesuisse.ch\/wp-content\/uploads\/4-9-382x310.png 382w, https:\/\/www.tourdesuisse.ch\/wp-content\/uploads\/4-9-764x620.png 764w\" sizes=\"auto, (max-width: 382px) 100vw, 382px\" \/><\/div>\n\t\t<div class=\"box-inner\">\n\t\t\t\t\t<time class=\"news-time h6\" datetime=\"2025-06-17T08:23:25+02:00\">\n\t\t\t\t\t\t17. Giu 2025\n\t\t\t\t\t<\/time>\n\t\t\t\t\t<h4 class=\"news-title\">I pi\u00f9 grandi miti sull&#8217;energia nel ciclismo<\/h4>\n\n\t\t\t\t\t<span class=\"news-more button style-text with-arrow\">\n\t\t\t\t\t\tScopri di pi\u00f9\n\t\t\t\t\t<\/span>\n\t\t<\/div>\n\t<\/a>\n\n\t<\/div>\n\n\t<div class=\"news-grid-controls\">\n<div class=\"page-nav\"><\/div>\t<\/div>\n<\/div>\n\n<div  id class=\"page-section style-default layout-default align-default\">\n\t<div class=\"section-grid grid-layout container\"><div  style=\"--grid-layout-index: 1; --col-xs: 12; --col-sm: 12; --col-md: 12; --col-lg: 12; --col-xl: 12\" class=\"section-item layout-default layout-margin-default\"><style>\n#tdsads-wrapper-5a7f25df-7f5f-446c-8125-e9934a8c2f9c {\n\tcontainer: tdsads-outer \/ inline-size;\n}\n\t\n#tdsads-iframe-5a7f25df-7f5f-446c-8125-e9934a8c2f9c {\n\taspect-ratio: 800 \/ 800;\n\twidth: 800px;\n\theight: auto;\n\tmax-width: 100%;\n}\n\n@container tdsads-outer (min-width: 800px) {\n\t#tdsads-iframe-5a7f25df-7f5f-446c-8125-e9934a8c2f9c {\n\t\taspect-ratio: 1425 \/ 400;\n\t\twidth: 1425px;\n\t}\n}\n<\/style>\n<div id=\"tdsads-wrapper-5a7f25df-7f5f-446c-8125-e9934a8c2f9c\">\n\t<iframe\n\t\tsrc=\"https:\/\/www.tourdesuisse.ch\/wp-content\/tdsads\/1102e9ac-a5c0-4715-ad17-9640b1d75558\/index.php\"\n\t\tid=\"tdsads-iframe-5a7f25df-7f5f-446c-8125-e9934a8c2f9c\"\n\t\twidth=\"800\"\n\t\theight=\"800\"\n\t\tframeborder=\"0\"\n\t\tloading=\"lazy\"\n\t\taria-hidden=\"true\"\n\t\tonload=\"(window.dataLayer = window.dataLayer || []).push({ event: 'tds-ad-load', ad: this.contentDocument.documentElement.dataset.ad })\"\n\t><\/iframe>\n<\/div>\n<\/div><\/div>\n<\/div><\/div><\/div>\n<\/div><\/div>","protected":false},"excerpt":{"rendered":"<p>Pagina iniziale News Novit\u00e0 Filtra notizie Tutto Contributi dei partner News Women-News 30. Mar Tour de Suisse: classe mondiale al via e nuove solide partnership Scopri di pi\u00f9 05. Mar Sedi di tappa, partnership e stelle del ciclismo Scopri di pi\u00f9 03. Feb Un nuovo inizio e le citt\u00e0 di tappa 2026 Scopri di pi\u00f9 [&hellip;]<\/p>\n","protected":false},"author":8,"featured_media":0,"parent":0,"menu_order":0,"comment_status":"closed","ping_status":"closed","template":"","meta":{"_acf_changed":false,"inline_featured_image":false,"footnotes":""},"class_list":["post-70043","page","type-page","status-publish","hentry"],"acf":[],"_links":{"self":[{"href":"https:\/\/www.tourdesuisse.ch\/it\/wp-json\/wp\/v2\/pages\/70043","targetHints":{"allow":["GET"]}}],"collection":[{"href":"https:\/\/www.tourdesuisse.ch\/it\/wp-json\/wp\/v2\/pages"}],"about":[{"href":"https:\/\/www.tourdesuisse.ch\/it\/wp-json\/wp\/v2\/types\/page"}],"author":[{"embeddable":true,"href":"https:\/\/www.tourdesuisse.ch\/it\/wp-json\/wp\/v2\/users\/8"}],"replies":[{"embeddable":true,"href":"https:\/\/www.tourdesuisse.ch\/it\/wp-json\/wp\/v2\/comments?post=70043"}],"version-history":[{"count":3,"href":"https:\/\/www.tourdesuisse.ch\/it\/wp-json\/wp\/v2\/pages\/70043\/revisions"}],"predecessor-version":[{"id":70233,"href":"https:\/\/www.tourdesuisse.ch\/it\/wp-json\/wp\/v2\/pages\/70043\/revisions\/70233"}],"wp:attachment":[{"href":"https:\/\/www.tourdesuisse.ch\/it\/wp-json\/wp\/v2\/media?parent=70043"}],"curies":[{"name":"wp","href":"https:\/\/api.w.org\/{rel}","templated":true}]}}