{"id":70073,"date":"2024-05-03T07:15:45","date_gmt":"2024-05-03T05:15:45","guid":{"rendered":"https:\/\/www.tourdesuisse.ch\/?page_id=70073"},"modified":"2026-01-23T16:14:45","modified_gmt":"2026-01-23T15:14:45","slug":"sustainability","status":"publish","type":"page","link":"https:\/\/www.tourdesuisse.ch\/it\/sustainability\/","title":{"rendered":"Sustainability"},"content":{"rendered":"\n<div class=\"background style-pattern\">\n\n<div class=\"intro-section page-section style-default layout-default align-default with-content\">\n\t<div class=\"section-grid grid-layout container\">\n\t\t<div style=\"--grid-layout-index: 1; --col-xs: 12; --col-sm: 12; --col-md: 12; --col-lg: 12; --col-xl: 12\" class=\"section-item layout-default layout-margin-default\">\n\t\t\t<div class=\"intro-background-title\" data-content=\"TdS\">TdS<\/div>\n\t\t\t<div class=\"intro-title-wrapper\">\n\t\t\t\t<h1 class=\"intro-title\">Sustainability<\/h1>\n\t\t\t<\/div>\n\t\t\t<div class=\"intro-content lead-text\">\n\t\t\t\t<p>Noi del Tour de Suisse vogliamo dare il nostro contributo alla protezione del clima. Lo scorso anno abbiamo effettuato un\u2019analisi delle emissioni della corsa e stiamo lavorando a diverse iniziative per ridurle.<\/p>\n\n\t\t\t<\/div>\n\t\t<\/div>\n\t<\/div>\n<\/div>\n\n<\/div><div  class=\"page-section style-default layout-default align-default\">\n\t<div class=\"section-grid grid-layout container\"><div  style=\"--grid-layout-index: 1\" class=\"section-item layout-default layout-margin-default\"><p>Ci siamo impegnati a ridurre le nostre emissioni del 50% nei prossimi 5 anni e a raggiungere il Net Zero entro questo decennio. Intendiamo riuscirci innanzitutto riducendo le emissioni laddove possibile.<\/p>\n<p>Per rafforzare il nostro impegno, nel 2020 abbiamo aderito ai principi del quadro \u201cSports for Climate Action\u201d (S4CA) delle Nazioni Unite. Di seguito scoprirete di pi\u00f9 sulle questioni climatiche legate al ciclismo, sulle nostre attivit\u00e0 e su quelle del nostro ecosistema. Contattateci qui se avete domande.<\/p>\n\n<div class=\"et_pb_module et_pb_text et_pb_text_3 et_pb_text_align_left et_pb_bg_layout_light\">\n<div class=\"et_pb_text_inner\">\n<h2>CRONOLOGIA<\/h2>\n<\/div>\n<\/div>\n<div class=\"et_pb_module et_pb_text et_pb_text_4 et_pb_text_align_left et_pb_bg_layout_light\"><\/div>\n<div>Nei cinque anni trascorsi da quando abbiamo assunto il patrocinio del Tour de Suisse, abbiamo ulteriormente ampliato la nostra strategia di sostenibilit\u00e0. Ecco alcune delle misure pi\u00f9 importanti adottate fino ad oggi.<\/div>\n\n\n<div class=\"timeline-wrapper\">\n\t<div class=\"timeline\" role=\"log\" aria-live=\"off\">\n\t\t<article class=\"timeline-item\">\n\t\t\t<div role=\"heading\" aria-level=\"3\" class=\"timeline-year\">2019<\/div>\n\t\t\t<div class=\"content\"><p>Cycling Unlimited assume l\u2019organizzazione del Tour de Suisse (il primo evento viene organizzato nel 2020)<\/p>\n<\/div>\n\t\t<\/article>\n\t\t<article class=\"timeline-item\">\n\t\t\t<div role=\"heading\" aria-level=\"3\" class=\"timeline-year\">2020<\/div>\n\t\t\t<div class=\"content\"><p>Siamo entrati a far parte del quadro \u201cSports for Climate Action\u201d (S4CA) delle Nazioni Unite.<\/p>\n<\/div>\n\t\t<\/article>\n\t\t<article class=\"timeline-item\">\n\t\t\t<div role=\"heading\" aria-level=\"3\" class=\"timeline-year\">2021<\/div>\n\t\t\t<div class=\"content\"><p>In collaborazione con l\u2019azienda svizzera Quambio con sede a Neuch\u00e2tel, abbiamo effettuato la nostra prima valutazione delle emissioni della corsa. Abbiamo compensato quasi 100 tonnellate di emissioni, corrispondenti a una parte significativa delle nostre emissioni Scope 1 e 2.<\/p>\n<\/div>\n\t\t<\/article>\n\t\t<article class=\"timeline-item\">\n\t\t\t<div role=\"heading\" aria-level=\"3\" class=\"timeline-year\">2022<\/div>\n\t\t\t<div class=\"content\"><p>Siamo entrati a far parte dell\u2019UCI Sustainability Working Group, un sottogruppo della S4CA dedicato specificamente al ciclismo. Abbiamo organizzato il nostro primo concorso di mobilit\u00e0 per gli spettatori, per promuovere il trasporto pubblico.<\/p>\n<\/div>\n\t\t<\/article>\n\t\t<article class=\"timeline-item\">\n\t\t\t<div role=\"heading\" aria-level=\"3\" class=\"timeline-year\">2023<\/div>\n\t\t\t<div class=\"content\"><p>Sulla base della valutazione delle emissioni del 2022, abbiamo avviato diverse iniziative per intraprendere il nostro percorso di riduzione delle emissioni. Abbiamo organizzato nuovamente un concorso di mobilit\u00e0 per i nostri fan e spettatori. Abbiamo collaborato con i team partecipanti al Tour de Suisse per creare la prima sintesi delle strategie di sostenibilit\u00e0 delle squadre. Abbiamo interpellato i nostri comitati organizzativi locali per capire quali sfide affrontano in relazione alla sostenibilit\u00e0. Inoltre, abbiamo collaborato pi\u00f9 attivamente con i nostri sponsor per allineare la nostra visione e le nostre misure su questo tema importante.<\/p>\n<\/div>\n\t\t<\/article>\n\t\t<article class=\"timeline-item\">\n\t\t\t<div role=\"heading\" aria-level=\"3\" class=\"timeline-year\">2024<\/div>\n\t\t\t<div class=\"content\"><p>L\u2019esperienza raccolta lo scorso anno \u00e8 stata utilizzata per affinare il nostro orientamento strategico e ottimizzare le nostre attivit\u00e0. Tra i risultati figurano un concorso di mobilit\u00e0 ampliato per gli spettatori nella Tour de Suisse Fan Zone, ulteriori misure per sensibilizzare i comitati organizzativi locali sulle questioni climatiche, uno scambio attivo con UCI, Swiss Cycling e i comitati UN Sports4Climate Action sul trasferimento di know-how e sui nostri sforzi per ridurre l\u2019impronta di gas serra. Inoltre, abbiamo assegnato il nostro primo premio di sostenibilit\u00e0.<\/p>\n<p><strong>Innovazione: Tour de Suisse Sustainability Award 2024<\/strong><\/p>\n<p>Il team Movistar ha vinto il primo premio di sostenibilit\u00e0 del Tour de Suisse \u2013 il primo premio di sostenibilit\u00e0 al mondo assegnato da un organizzatore di un tour a un team WorldTour.<\/p>\n<p>Determinanti per la selezione sono stati lo storico dei risultati, strategie di riduzione definite e il coinvolgimento dell\u2019intero team nel piano d\u2019azione. La squadra ha ricevuto un premio simbolico a favore di un\u2019organizzazione senza scopo di lucro a sua scelta. Gli atleti hanno indossato durante la corsa di quest\u2019anno un numero di partenza speciale blu.<\/p>\n<\/div>\n\t\t<\/article>\n\t\t<article class=\"timeline-item\">\n\t\t\t<div role=\"heading\" aria-level=\"3\" class=\"timeline-year\">2025<\/div>\n\t\t\t<div class=\"content\"><p>Nel 2025 abbiamo organizzato la seconda edizione del Tour de Suisse Sustainability Award. Il premio \u00e8 stato assegnato al team Cofidis, che tra il 2024 e il 2025 ha compiuto i maggiori progressi in materia di sostenibilit\u00e0.<\/p>\n<p>Abbiamo avviato un nuovo programma di mobilit\u00e0 per i fan del ciclismo tra i nostri sostenitori, incentrato sulle citt\u00e0 ospitanti. Nell\u2019arco di sei mesi, i partecipanti hanno potuto accumulare punti e premi recandosi in bicicletta alle sedi di tappa del Tour de Suisse 2026.<\/p>\n<p>Inoltre, abbiamo inserito domande sulla sostenibilit\u00e0 nella nostra indagine generale tra i fan. I risultati sono stati incoraggianti. Grazie ai nostri sforzi degli ultimi tre anni, oggi oltre il 70% dei nostri fan \u00e8 a conoscenza delle nostre misure di protezione del clima, con un aumento significativo. L\u2019indagine ha fornito anche ulteriori indicazioni su come gli spettatori raggiungono l\u2019evento e sulle distanze che percorrono.<\/p>\n<\/div>\n\t\t<\/article>\n\t\t<article class=\"timeline-item\">\n\t\t\t<div role=\"heading\" aria-level=\"3\" class=\"timeline-year\">2026<\/div>\n\t\t\t<div class=\"content\"><p>Nei prossimi mesi prevediamo di concentrare le nostre attivit\u00e0 sulla struttura della corsa, sui programmi per i fan e su una maggiore sensibilizzazione del pubblico. Alla fine dello scorso anno abbiamo annunciato il nuovo formato del Tour de Suisse, in particolare l\u2019intenzione di disputare in parallelo e nello stesso giorno le corse maschile e femminile. Anche se la sostenibilit\u00e0 non \u00e8 la motivazione principale del nuovo formato, siamo curiosi di vedere come questo nuovo approccio ci aiuter\u00e0 a ridurre le nostre emissioni e il nostro impatto nella prossima edizione.<\/p>\n<\/div>\n\t\t<\/article>\n\t<\/div>\n<\/div>\n\n\t<div class=\"downloads-grid grid-layout\">\n\n\n\t\t\t<div\n\t\t\t\tclass=\"download-wrapper\"\n\t\t\t\tx-data=\"{\n\t\t\t\t\twrapper: $el,\n\t\t\t\t\tleadEndpoint: &quot;https:\\\/\\\/www.tourdesuisse.ch\\\/it\\\/wp-json\\\/tds\\\/lead&quot;,\n\t\t\t\t\tleadGenerated: localStorage.getItem('leadGeneratedEmail'),\n\t\t\t\t\thidePopup() {\n\t\t\t\t\t\tif (!location.hash.startsWith('#file-')) return\n\t\t\t\t\t\tlet url = location.pathname\n\t\t\t\t\t\thistory.replaceState(null, null, url)\n\t\t\t\t\t\twindow.dispatchEvent(new HashChangeEvent('hashchange'))\n\t\t\t\t\t},\n\t\t\t\t\tgenerateLead(event) {\n\t\t\t\t\t\tevent.preventDefault()\n\t\t\t\t\t\tif (!event.target.checkValidity()) {\n\t\t\t\t\t\t\tevent.target.reportValidity()\n\t\t\t\t\t\t\treturn\n\t\t\t\t\t\t}\n\n\t\t\t\t\t\tconst data = Object.fromEntries(new FormData(event.target).entries())\n\n\t\t\t\t\t\tlocalStorage.setItem('leadGeneratedEmail', data.email)\n\t\t\t\t\t\tthis.leadGenerated = true\n\n\t\t\t\t\t\t$nextTick(() =&gt; {\n\t\t\t\t\t\t\tthis.wrapper\n\t\t\t\t\t\t\t\t.querySelector('a[data-file-id=&quot;' + event.target.dataset.fileId + '&quot;]')\n\t\t\t\t\t\t\t\t?.click()\n\t\t\t\t\t\t})\n\n\t\t\t\t\t\tthis.hidePopup()\n\n\t\t\t\t\t\tfetch(this.leadEndpoint, {\n\t\t\t\t\t\t\tmethod: 'POST',\n\t\t\t\t\t\t\theaders: {\n\t\t\t\t\t\t\t\t'Content-Type': 'application\/json',\n\t\t\t\t\t\t\t},\n\t\t\t\t\t\t\tbody: JSON.stringify(data),\n\t\t\t\t\t\t})\n\t\t\t\t\t},\n\t\t\t\t\tnotificationEndpoint: &quot;https:\\\/\\\/www.tourdesuisse.ch\\\/it\\\/wp-json\\\/tds\\\/notify-download&quot;,\n\t\t\t\t\tonDownload(event) {\n\t\t\t\t\t\tif (event.currentTarget.getAttribute('href').startsWith('#')) return\n\t\t\t\t\t\tconst email = localStorage.getItem('leadGeneratedEmail')\n\t\t\t\t\t\tif (!email) return\n\n\t\t\t\t\t\tfetch(this.notificationEndpoint, {\n\t\t\t\t\t\t\tmethod: 'POST',\n\t\t\t\t\t\t\theaders: {\n\t\t\t\t\t\t\t\t'Content-Type': 'application\/json',\n\t\t\t\t\t\t\t},\n\t\t\t\t\t\t\tbody: JSON.stringify({ email, file: &quot;TdS Climate Transition Plan&quot; }),\n\t\t\t\t\t\t})\n\t\t\t\t\t},\n\t\t\t\t}\"\n\t\t\t\tx-init=\"if (leadGenerated) hidePopup()\"\n\t\t\t>\n\n\n<div class=\"box-wrapper\">\n\t<a class=\"box download-box can-hover with-preview\" href=\"https:\/\/www.tourdesuisse.ch\/wp-content\/uploads\/Tour-de-Suisse-Climate-Transition-Plan-FY-2025.pdf\" data-file-id=\"70064\" download\n\t>\n\t\t<div class=\"box-inner\">\n\t\t\t\t\t\t<div class=\"preview\">\n\t\t\t\t\t\t\t\t<div class=\"extension-badge\">\n\t\t\t\t\t\t\t\t\tPDF\n\t\t\t\t\t\t\t\t<\/div>\n\t\t\t\t\t\t\t\t<img loading=\"lazy\" decoding=\"async\" width=\"445\" height=\"250\" src=\"https:\/\/www.tourdesuisse.ch\/wp-content\/uploads\/fbcd8ac-2019-06-19_9132_sambuchli-1-445x250.jpg\" class=\"attachment-download-preview size-download-preview\" alt=\"\" srcset=\"https:\/\/www.tourdesuisse.ch\/wp-content\/uploads\/fbcd8ac-2019-06-19_9132_sambuchli-1-445x250.jpg 445w, https:\/\/www.tourdesuisse.ch\/wp-content\/uploads\/fbcd8ac-2019-06-19_9132_sambuchli-1-1984x1116.jpg 1984w, https:\/\/www.tourdesuisse.ch\/wp-content\/uploads\/fbcd8ac-2019-06-19_9132_sambuchli-1-992x558.jpg 992w, https:\/\/www.tourdesuisse.ch\/wp-content\/uploads\/fbcd8ac-2019-06-19_9132_sambuchli-1-2400x1350.jpg 2400w, https:\/\/www.tourdesuisse.ch\/wp-content\/uploads\/fbcd8ac-2019-06-19_9132_sambuchli-1-1200x675.jpg 1200w, https:\/\/www.tourdesuisse.ch\/wp-content\/uploads\/fbcd8ac-2019-06-19_9132_sambuchli-1-2850x1604.jpg 2850w, https:\/\/www.tourdesuisse.ch\/wp-content\/uploads\/fbcd8ac-2019-06-19_9132_sambuchli-1-1425x802.jpg 1425w, https:\/\/www.tourdesuisse.ch\/wp-content\/uploads\/fbcd8ac-2019-06-19_9132_sambuchli-1-890x500.jpg 890w\" sizes=\"auto, (max-width: 445px) 100vw, 445px\" \/>\n\t\t\t\t\t\t<\/div>\n\t\t\t\t\t\t<div class=\"download-label\">\n\t\t\t\t\t\t\t<div class=\"h5\">TdS Climate Transition Plan<\/div>\n\t\t\t\t\t\t\t<span class=\"button style-text with-arrow\">Download<\/span>\n\t\t\t\t\t\t<\/div>\n\t\t<\/div>\n\t<\/a>\n<\/div>\n\t\t\t<\/div>\n\t<\/div>\n\n\n<div class=\"news-grid-wrapper\" x-data x-intercept=\"{&quot;guid&quot;:&quot;da1ef9f3-73f3-411b-b2ee-7622d061ca2a&quot;}\"\n\t@after-intercept=\"\n\tif ($el.getBoundingClientRect().top < 0) $el.scrollIntoView({\n\t\tbehavior: 'smooth'\n\t})\n\t\"\n>\n\t<div class=\"news-grid-header\">\n\t\t<div>\n\t\t\t<h2>Beitr\u00e4ge<\/h2>\n\t\t<\/div>\n\n\t<\/div>\n\n\t<div class=\"grid-layout news-grid\">\n\n\n\n\n\n\n\n\n\n\t<a class=\"box news-box can-hover\" href=\"https:\/\/www.tourdesuisse.ch\/it\/tour-de-suisse-classe-mondiale-al-via-e-nuove-solide-partnership\/\"\n\t>\n\t\t<div class=\"box-image\"><img loading=\"lazy\" decoding=\"async\" width=\"382\" height=\"310\" src=\"https:\/\/www.tourdesuisse.ch\/wp-content\/uploads\/TDS_IMHOF-98-von-205-382x310.jpg\" class=\"attachment-news-box-image size-news-box-image wp-post-image\" alt=\"\" srcset=\"https:\/\/www.tourdesuisse.ch\/wp-content\/uploads\/TDS_IMHOF-98-von-205-382x310.jpg 382w, https:\/\/www.tourdesuisse.ch\/wp-content\/uploads\/TDS_IMHOF-98-von-205-764x620.jpg 764w\" sizes=\"auto, (max-width: 382px) 100vw, 382px\" \/><\/div>\n\t\t<div class=\"box-inner\">\n\t\t\t\t\t<time class=\"news-time h6\" datetime=\"2026-03-30T13:59:43+02:00\">\n\t\t\t\t\t\t30. Mar\n\t\t\t\t\t<\/time>\n\t\t\t\t\t<h4 class=\"news-title\">Tour de Suisse: classe mondiale al via e nuove solide partnership<\/h4>\n\n\t\t\t\t\t<span class=\"news-more button style-text with-arrow\">\n\t\t\t\t\t\tScopri di pi\u00f9\n\t\t\t\t\t<\/span>\n\t\t<\/div>\n\t<\/a>\n\n\n\n\n\n\n\t<a class=\"box news-box can-hover\" href=\"https:\/\/www.tourdesuisse.ch\/it\/sedi-di-tappa-partnership-e-stelle-del-ciclismo\/\"\n\t>\n\t\t<div class=\"box-image\"><img loading=\"lazy\" decoding=\"async\" width=\"382\" height=\"310\" src=\"https:\/\/www.tourdesuisse.ch\/wp-content\/uploads\/Buchli_Fotografie_Tour-de-Suisse-Men-2025-3.-Etappe-Aarau-Heiden_80729-382x310.jpg\" class=\"attachment-news-box-image size-news-box-image wp-post-image\" alt=\"\" srcset=\"https:\/\/www.tourdesuisse.ch\/wp-content\/uploads\/Buchli_Fotografie_Tour-de-Suisse-Men-2025-3.-Etappe-Aarau-Heiden_80729-382x310.jpg 382w, https:\/\/www.tourdesuisse.ch\/wp-content\/uploads\/Buchli_Fotografie_Tour-de-Suisse-Men-2025-3.-Etappe-Aarau-Heiden_80729-764x620.jpg 764w\" sizes=\"auto, (max-width: 382px) 100vw, 382px\" \/><\/div>\n\t\t<div class=\"box-inner\">\n\t\t\t\t\t<time class=\"news-time h6\" datetime=\"2026-03-05T11:00:18+01:00\">\n\t\t\t\t\t\t05. Mar\n\t\t\t\t\t<\/time>\n\t\t\t\t\t<h4 class=\"news-title\">Sedi di tappa, partnership e stelle del ciclismo<\/h4>\n\n\t\t\t\t\t<span class=\"news-more button style-text with-arrow\">\n\t\t\t\t\t\tScopri di pi\u00f9\n\t\t\t\t\t<\/span>\n\t\t<\/div>\n\t<\/a>\n\n\n\n\n\n\n\t<a class=\"box news-box can-hover\" href=\"https:\/\/www.tourdesuisse.ch\/it\/un-nuovo-inizio-e-le-citta-di-tappa-2026\/\"\n\t>\n\t\t<div class=\"box-image\"><img loading=\"lazy\" decoding=\"async\" width=\"382\" height=\"310\" src=\"https:\/\/www.tourdesuisse.ch\/wp-content\/uploads\/Buchli_Fotografie_Tour-de-Suisse-Team-Presentation-_64530-382x310.jpg\" class=\"attachment-news-box-image size-news-box-image wp-post-image\" alt=\"Dorfplatz voller Menschen, sammeln sich um eine B\u00fchne, auf der die Fahrer sich pr\u00e4sentieren\" srcset=\"https:\/\/www.tourdesuisse.ch\/wp-content\/uploads\/Buchli_Fotografie_Tour-de-Suisse-Team-Presentation-_64530-382x310.jpg 382w, https:\/\/www.tourdesuisse.ch\/wp-content\/uploads\/Buchli_Fotografie_Tour-de-Suisse-Team-Presentation-_64530-764x620.jpg 764w\" sizes=\"auto, (max-width: 382px) 100vw, 382px\" \/><\/div>\n\t\t<div class=\"box-inner\">\n\t\t\t\t\t<time class=\"news-time h6\" datetime=\"2026-02-03T08:59:55+01:00\">\n\t\t\t\t\t\t03. Feb\n\t\t\t\t\t<\/time>\n\t\t\t\t\t<h4 class=\"news-title\">Un nuovo inizio e le citt\u00e0 di tappa 2026<\/h4>\n\n\t\t\t\t\t<span class=\"news-more button style-text with-arrow\">\n\t\t\t\t\t\tScopri di pi\u00f9\n\t\t\t\t\t<\/span>\n\t\t<\/div>\n\t<\/a>\n\n\n\n\n\n\n\t<a class=\"box news-box can-hover\" href=\"https:\/\/www.tourdesuisse.ch\/it\/pogacar-e-reusser-al-via-del-tour-de-suisse-2026\/\"\n\t>\n\t\t<div class=\"box-image\"><img loading=\"lazy\" decoding=\"async\" width=\"382\" height=\"310\" src=\"https:\/\/www.tourdesuisse.ch\/wp-content\/uploads\/TDS_IMHOF-80-von-189-382x310.jpg\" class=\"attachment-news-box-image size-news-box-image wp-post-image\" alt=\"\" srcset=\"https:\/\/www.tourdesuisse.ch\/wp-content\/uploads\/TDS_IMHOF-80-von-189-382x310.jpg 382w, https:\/\/www.tourdesuisse.ch\/wp-content\/uploads\/TDS_IMHOF-80-von-189-764x620.jpg 764w\" sizes=\"auto, (max-width: 382px) 100vw, 382px\" \/><\/div>\n\t\t<div class=\"box-inner\">\n\t\t\t\t\t<time class=\"news-time h6\" datetime=\"2025-12-15T11:56:26+01:00\">\n\t\t\t\t\t\t15. Dic 2025\n\t\t\t\t\t<\/time>\n\t\t\t\t\t<h4 class=\"news-title\">Poga\u010dar e Reusser al via del Tour de Suisse 2026<\/h4>\n\n\t\t\t\t\t<span class=\"news-more button style-text with-arrow\">\n\t\t\t\t\t\tScopri di pi\u00f9\n\t\t\t\t\t<\/span>\n\t\t<\/div>\n\t<\/a>\n\n\n\n\n\n\n\t<a class=\"box news-box can-hover\" href=\"https:\/\/www.tourdesuisse.ch\/it\/primeo-energie-rimane-partner-principale-del-tour-de-suisse\/\"\n\t>\n\t\t<div class=\"box-image\"><img loading=\"lazy\" decoding=\"async\" width=\"382\" height=\"310\" src=\"https:\/\/www.tourdesuisse.ch\/wp-content\/uploads\/TDS_IMHOF-39-von-130-382x310.jpg\" class=\"attachment-news-box-image size-news-box-image wp-post-image\" alt=\"\" srcset=\"https:\/\/www.tourdesuisse.ch\/wp-content\/uploads\/TDS_IMHOF-39-von-130-382x310.jpg 382w, https:\/\/www.tourdesuisse.ch\/wp-content\/uploads\/TDS_IMHOF-39-von-130-764x620.jpg 764w\" sizes=\"auto, (max-width: 382px) 100vw, 382px\" \/><\/div>\n\t\t<div class=\"box-inner\">\n\t\t\t\t\t<time class=\"news-time h6\" datetime=\"2025-11-13T11:10:58+01:00\">\n\t\t\t\t\t\t13. Nov 2025\n\t\t\t\t\t<\/time>\n\t\t\t\t\t<h4 class=\"news-title\">Primeo Energie rimane partner principale del Tour de Suisse<\/h4>\n\n\t\t\t\t\t<span class=\"news-more button style-text with-arrow\">\n\t\t\t\t\t\tScopri di pi\u00f9\n\t\t\t\t\t<\/span>\n\t\t<\/div>\n\t<\/a>\n\n\n\n\n\n\n\t<a class=\"box news-box can-hover\" href=\"https:\/\/www.tourdesuisse.ch\/it\/il-tour-de-suisse-si-reinventa\/\"\n\t>\n\t\t<div class=\"box-image\"><img loading=\"lazy\" decoding=\"async\" width=\"382\" height=\"310\" src=\"https:\/\/www.tourdesuisse.ch\/wp-content\/uploads\/Buchli_Fotografie_Tour-de-Suisse-Men-2025-3.-Etappe-Aarau-Heiden_80729-382x310.jpg\" class=\"attachment-news-box-image size-news-box-image wp-post-image\" alt=\"\" srcset=\"https:\/\/www.tourdesuisse.ch\/wp-content\/uploads\/Buchli_Fotografie_Tour-de-Suisse-Men-2025-3.-Etappe-Aarau-Heiden_80729-382x310.jpg 382w, https:\/\/www.tourdesuisse.ch\/wp-content\/uploads\/Buchli_Fotografie_Tour-de-Suisse-Men-2025-3.-Etappe-Aarau-Heiden_80729-764x620.jpg 764w\" sizes=\"auto, (max-width: 382px) 100vw, 382px\" \/><\/div>\n\t\t<div class=\"box-inner\">\n\t\t\t\t\t<time class=\"news-time h6\" datetime=\"2025-09-25T10:58:02+02:00\">\n\t\t\t\t\t\t25. Set 2025\n\t\t\t\t\t<\/time>\n\t\t\t\t\t<h4 class=\"news-title\">Il Tour de Suisse si reinventa<\/h4>\n\n\t\t\t\t\t<span class=\"news-more button style-text with-arrow\">\n\t\t\t\t\t\tScopri di pi\u00f9\n\t\t\t\t\t<\/span>\n\t\t<\/div>\n\t<\/a>\n\n\n\n\n\n\n\t<a class=\"box news-box can-hover\" href=\"https:\/\/www.tourdesuisse.ch\/it\/il-weekend-finale-a-vaduz-rinviato-al-2027\/\"\n\t>\n\t\t<div class=\"box-image\"><img loading=\"lazy\" decoding=\"async\" width=\"382\" height=\"310\" src=\"https:\/\/www.tourdesuisse.ch\/wp-content\/uploads\/53779754826_3d075ddfcb_b-382x310.jpg\" class=\"attachment-news-box-image size-news-box-image wp-post-image\" alt=\"\" srcset=\"https:\/\/www.tourdesuisse.ch\/wp-content\/uploads\/53779754826_3d075ddfcb_b-382x310.jpg 382w, https:\/\/www.tourdesuisse.ch\/wp-content\/uploads\/53779754826_3d075ddfcb_b-764x620.jpg 764w\" sizes=\"auto, (max-width: 382px) 100vw, 382px\" \/><\/div>\n\t\t<div class=\"box-inner\">\n\t\t\t\t\t<time class=\"news-time h6\" datetime=\"2025-07-22T13:17:56+02:00\">\n\t\t\t\t\t\t22. Lug 2025\n\t\t\t\t\t<\/time>\n\t\t\t\t\t<h4 class=\"news-title\">Il weekend finale a Vaduz rinviato al 2027<\/h4>\n\n\t\t\t\t\t<span class=\"news-more button style-text with-arrow\">\n\t\t\t\t\t\tScopri di pi\u00f9\n\t\t\t\t\t<\/span>\n\t\t<\/div>\n\t<\/a>\n\n\n\n\n\n\n\t<a class=\"box news-box can-hover\" href=\"https:\/\/www.tourdesuisse.ch\/it\/i-piu-grandi-miti-sullenergia-nel-ciclismo\/\"\n\t>\n\t\t<div class=\"box-image\"><img loading=\"lazy\" decoding=\"async\" width=\"382\" height=\"310\" src=\"https:\/\/www.tourdesuisse.ch\/wp-content\/uploads\/4-9-382x310.png\" class=\"attachment-news-box-image size-news-box-image wp-post-image\" alt=\"\" srcset=\"https:\/\/www.tourdesuisse.ch\/wp-content\/uploads\/4-9-382x310.png 382w, https:\/\/www.tourdesuisse.ch\/wp-content\/uploads\/4-9-764x620.png 764w\" sizes=\"auto, (max-width: 382px) 100vw, 382px\" \/><\/div>\n\t\t<div class=\"box-inner\">\n\t\t\t\t\t<time class=\"news-time h6\" datetime=\"2025-06-17T08:23:25+02:00\">\n\t\t\t\t\t\t17. Giu 2025\n\t\t\t\t\t<\/time>\n\t\t\t\t\t<h4 class=\"news-title\">I pi\u00f9 grandi miti sull&#8217;energia nel ciclismo<\/h4>\n\n\t\t\t\t\t<span class=\"news-more button style-text with-arrow\">\n\t\t\t\t\t\tScopri di pi\u00f9\n\t\t\t\t\t<\/span>\n\t\t<\/div>\n\t<\/a>\n\n\t<\/div>\n\n\t<div class=\"news-grid-controls\">\n<div class=\"page-nav\"><\/div>\t<\/div>\n<\/div>\n<\/div><\/div>\n<\/div>","protected":false},"excerpt":{"rendered":"<p>TdS Sustainability Noi del Tour de Suisse vogliamo dare il nostro contributo alla protezione del clima. Lo scorso anno abbiamo effettuato un\u2019analisi delle emissioni della corsa e stiamo lavorando a diverse iniziative per ridurle. Ci siamo impegnati a ridurre le nostre emissioni del 50% nei prossimi 5 anni e a raggiungere il Net Zero entro [&hellip;]<\/p>\n","protected":false},"author":8,"featured_media":6452,"parent":0,"menu_order":0,"comment_status":"closed","ping_status":"closed","template":"","meta":{"_acf_changed":false,"inline_featured_image":false,"footnotes":""},"class_list":["post-70073","page","type-page","status-publish","has-post-thumbnail","hentry"],"acf":[],"_links":{"self":[{"href":"https:\/\/www.tourdesuisse.ch\/it\/wp-json\/wp\/v2\/pages\/70073","targetHints":{"allow":["GET"]}}],"collection":[{"href":"https:\/\/www.tourdesuisse.ch\/it\/wp-json\/wp\/v2\/pages"}],"about":[{"href":"https:\/\/www.tourdesuisse.ch\/it\/wp-json\/wp\/v2\/types\/page"}],"author":[{"embeddable":true,"href":"https:\/\/www.tourdesuisse.ch\/it\/wp-json\/wp\/v2\/users\/8"}],"replies":[{"embeddable":true,"href":"https:\/\/www.tourdesuisse.ch\/it\/wp-json\/wp\/v2\/comments?post=70073"}],"version-history":[{"count":3,"href":"https:\/\/www.tourdesuisse.ch\/it\/wp-json\/wp\/v2\/pages\/70073\/revisions"}],"predecessor-version":[{"id":70078,"href":"https:\/\/www.tourdesuisse.ch\/it\/wp-json\/wp\/v2\/pages\/70073\/revisions\/70078"}],"wp:featuredmedia":[{"embeddable":true,"href":"https:\/\/www.tourdesuisse.ch\/it\/wp-json\/wp\/v2\/media\/6452"}],"wp:attachment":[{"href":"https:\/\/www.tourdesuisse.ch\/it\/wp-json\/wp\/v2\/media?parent=70073"}],"curies":[{"name":"wp","href":"https:\/\/api.w.org\/{rel}","templated":true}]}}