{"id":70131,"date":"2024-04-05T07:30:30","date_gmt":"2024-04-05T05:30:30","guid":{"rendered":"https:\/\/www.tourdesuisse.ch\/?page_id=70131"},"modified":"2026-01-16T14:25:26","modified_gmt":"2026-01-16T13:25:26","slug":"storia","status":"publish","type":"page","link":"https:\/\/www.tourdesuisse.ch\/it\/storia\/","title":{"rendered":"Storia"},"content":{"rendered":"\n<div class=\"background style-pattern\">\n\n<div class=\"intro-section page-section style-default layout-default align-default with-content\">\n\t<div class=\"section-grid grid-layout container\">\n\t\t<div style=\"--grid-layout-index: 1; --col-xs: 12; --col-sm: 12; --col-md: 12; --col-lg: 12; --col-xl: 12\" class=\"section-item layout-default layout-margin-default\">\n\t\t\t<div class=\"intro-background-title\" data-content=\"TdS\">TdS<\/div>\n\t\t\t<div class=\"intro-title-wrapper\">\n\t\t\t\t<h1 class=\"intro-title\">Storia<\/h1>\n\t\t\t<\/div>\n\t\t\t<div class=\"intro-content lead-text\">\n\t\t\t\t<p>Dalla sua prima edizione nel 1933, il Tour de Suisse \u00e8 stato teatro di innumerevoli storie. Passione, speranza, delusione, orgoglio, umiliazione e gioia \u2013 drammi e imprese eroiche sono stati scritti lungo il percorso del Tour de Suisse. Alcuni momenti salienti di oltre 80 anni:<\/p>\n\n\t\t\t<\/div>\n\t\t<\/div>\n\t<\/div>\n<\/div>\n\n\n<div  id class=\"page-section style-default layout-default align-default\">\n\t<div class=\"section-grid grid-layout container\"><div  style=\"--grid-layout-index: 1; --col-xs: 12; --col-sm: 12; --col-md: 12; --col-lg: 12; --col-xl: 12\" class=\"section-item layout-hcenter layout-margin-default\"><h2>Cronache<\/h2>\n\n\n\t<div class=\"downloads-grid grid-layout\">\n\n\n\t\t\t<div\n\t\t\t\tclass=\"download-wrapper\"\n\t\t\t\tx-data=\"{\n\t\t\t\t\twrapper: $el,\n\t\t\t\t\tleadEndpoint: &quot;https:\\\/\\\/www.tourdesuisse.ch\\\/it\\\/wp-json\\\/tds\\\/lead&quot;,\n\t\t\t\t\tleadGenerated: localStorage.getItem('leadGeneratedEmail'),\n\t\t\t\t\thidePopup() {\n\t\t\t\t\t\tif (!location.hash.startsWith('#file-')) return\n\t\t\t\t\t\tlet url = location.pathname\n\t\t\t\t\t\thistory.replaceState(null, null, url)\n\t\t\t\t\t\twindow.dispatchEvent(new HashChangeEvent('hashchange'))\n\t\t\t\t\t},\n\t\t\t\t\tgenerateLead(event) {\n\t\t\t\t\t\tevent.preventDefault()\n\t\t\t\t\t\tif (!event.target.checkValidity()) {\n\t\t\t\t\t\t\tevent.target.reportValidity()\n\t\t\t\t\t\t\treturn\n\t\t\t\t\t\t}\n\n\t\t\t\t\t\tconst data = Object.fromEntries(new FormData(event.target).entries())\n\n\t\t\t\t\t\tlocalStorage.setItem('leadGeneratedEmail', data.email)\n\t\t\t\t\t\tthis.leadGenerated = true\n\n\t\t\t\t\t\t$nextTick(() =&gt; {\n\t\t\t\t\t\t\tthis.wrapper\n\t\t\t\t\t\t\t\t.querySelector('a[data-file-id=&quot;' + event.target.dataset.fileId + '&quot;]')\n\t\t\t\t\t\t\t\t?.click()\n\t\t\t\t\t\t})\n\n\t\t\t\t\t\tthis.hidePopup()\n\n\t\t\t\t\t\tfetch(this.leadEndpoint, {\n\t\t\t\t\t\t\tmethod: 'POST',\n\t\t\t\t\t\t\theaders: {\n\t\t\t\t\t\t\t\t'Content-Type': 'application\/json',\n\t\t\t\t\t\t\t},\n\t\t\t\t\t\t\tbody: JSON.stringify(data),\n\t\t\t\t\t\t})\n\t\t\t\t\t},\n\t\t\t\t\tnotificationEndpoint: &quot;https:\\\/\\\/www.tourdesuisse.ch\\\/it\\\/wp-json\\\/tds\\\/notify-download&quot;,\n\t\t\t\t\tonDownload(event) {\n\t\t\t\t\t\tif (event.currentTarget.getAttribute('href').startsWith('#')) return\n\t\t\t\t\t\tconst email = localStorage.getItem('leadGeneratedEmail')\n\t\t\t\t\t\tif (!email) return\n\n\t\t\t\t\t\tfetch(this.notificationEndpoint, {\n\t\t\t\t\t\t\tmethod: 'POST',\n\t\t\t\t\t\t\theaders: {\n\t\t\t\t\t\t\t\t'Content-Type': 'application\/json',\n\t\t\t\t\t\t\t},\n\t\t\t\t\t\t\tbody: JSON.stringify({ email, file: &quot;Statistiche uomini&quot; }),\n\t\t\t\t\t\t})\n\t\t\t\t\t},\n\t\t\t\t}\"\n\t\t\t\tx-init=\"if (leadGenerated) hidePopup()\"\n\t\t\t>\n\n\n<div class=\"box-wrapper\">\n\t<a class=\"box download-box can-hover with-preview\" href=\"https:\/\/www.tourdesuisse.ch\/wp-content\/uploads\/TdS_Statistik_Maenner_2025-1.pdf\" data-file-id=\"69215\" download\n\t>\n\t\t<div class=\"box-inner\">\n\t\t\t\t\t\t<div class=\"preview\">\n\t\t\t\t\t\t\t\t<div class=\"extension-badge\">\n\t\t\t\t\t\t\t\t\tPDF\n\t\t\t\t\t\t\t\t<\/div>\n\t\t\t\t\t\t\t\t<img loading=\"lazy\" decoding=\"async\" width=\"445\" height=\"250\" src=\"https:\/\/www.tourdesuisse.ch\/wp-content\/uploads\/TDS_IMHOF-5-von-5-445x250.jpg\" class=\"attachment-download-preview size-download-preview\" alt=\"\" srcset=\"https:\/\/www.tourdesuisse.ch\/wp-content\/uploads\/TDS_IMHOF-5-von-5-445x250.jpg 445w, https:\/\/www.tourdesuisse.ch\/wp-content\/uploads\/TDS_IMHOF-5-von-5-890x500.jpg 890w\" sizes=\"auto, (max-width: 445px) 100vw, 445px\" \/>\n\t\t\t\t\t\t<\/div>\n\t\t\t\t\t\t<div class=\"download-label\">\n\t\t\t\t\t\t\t<div class=\"h5\">Statistiche uomini<\/div>\n\t\t\t\t\t\t\t<span class=\"button style-text with-arrow\">Download<\/span>\n\t\t\t\t\t\t<\/div>\n\t\t<\/div>\n\t<\/a>\n<\/div>\n\t\t\t<\/div>\n\n\n\t\t\t<div\n\t\t\t\tclass=\"download-wrapper\"\n\t\t\t\tx-data=\"{\n\t\t\t\t\twrapper: $el,\n\t\t\t\t\tleadEndpoint: &quot;https:\\\/\\\/www.tourdesuisse.ch\\\/it\\\/wp-json\\\/tds\\\/lead&quot;,\n\t\t\t\t\tleadGenerated: localStorage.getItem('leadGeneratedEmail'),\n\t\t\t\t\thidePopup() {\n\t\t\t\t\t\tif (!location.hash.startsWith('#file-')) return\n\t\t\t\t\t\tlet url = location.pathname\n\t\t\t\t\t\thistory.replaceState(null, null, url)\n\t\t\t\t\t\twindow.dispatchEvent(new HashChangeEvent('hashchange'))\n\t\t\t\t\t},\n\t\t\t\t\tgenerateLead(event) {\n\t\t\t\t\t\tevent.preventDefault()\n\t\t\t\t\t\tif (!event.target.checkValidity()) {\n\t\t\t\t\t\t\tevent.target.reportValidity()\n\t\t\t\t\t\t\treturn\n\t\t\t\t\t\t}\n\n\t\t\t\t\t\tconst data = Object.fromEntries(new FormData(event.target).entries())\n\n\t\t\t\t\t\tlocalStorage.setItem('leadGeneratedEmail', data.email)\n\t\t\t\t\t\tthis.leadGenerated = true\n\n\t\t\t\t\t\t$nextTick(() =&gt; {\n\t\t\t\t\t\t\tthis.wrapper\n\t\t\t\t\t\t\t\t.querySelector('a[data-file-id=&quot;' + event.target.dataset.fileId + '&quot;]')\n\t\t\t\t\t\t\t\t?.click()\n\t\t\t\t\t\t})\n\n\t\t\t\t\t\tthis.hidePopup()\n\n\t\t\t\t\t\tfetch(this.leadEndpoint, {\n\t\t\t\t\t\t\tmethod: 'POST',\n\t\t\t\t\t\t\theaders: {\n\t\t\t\t\t\t\t\t'Content-Type': 'application\/json',\n\t\t\t\t\t\t\t},\n\t\t\t\t\t\t\tbody: JSON.stringify(data),\n\t\t\t\t\t\t})\n\t\t\t\t\t},\n\t\t\t\t\tnotificationEndpoint: &quot;https:\\\/\\\/www.tourdesuisse.ch\\\/it\\\/wp-json\\\/tds\\\/notify-download&quot;,\n\t\t\t\t\tonDownload(event) {\n\t\t\t\t\t\tif (event.currentTarget.getAttribute('href').startsWith('#')) return\n\t\t\t\t\t\tconst email = localStorage.getItem('leadGeneratedEmail')\n\t\t\t\t\t\tif (!email) return\n\n\t\t\t\t\t\tfetch(this.notificationEndpoint, {\n\t\t\t\t\t\t\tmethod: 'POST',\n\t\t\t\t\t\t\theaders: {\n\t\t\t\t\t\t\t\t'Content-Type': 'application\/json',\n\t\t\t\t\t\t\t},\n\t\t\t\t\t\t\tbody: JSON.stringify({ email, file: &quot;Statistiche donne&quot; }),\n\t\t\t\t\t\t})\n\t\t\t\t\t},\n\t\t\t\t}\"\n\t\t\t\tx-init=\"if (leadGenerated) hidePopup()\"\n\t\t\t>\n\n\n<div class=\"box-wrapper\">\n\t<a class=\"box download-box can-hover with-preview\" href=\"https:\/\/www.tourdesuisse.ch\/wp-content\/uploads\/TdS_Statistik_Frauen_2025.pdf\" data-file-id=\"69218\" download\n\t>\n\t\t<div class=\"box-inner\">\n\t\t\t\t\t\t<div class=\"preview\">\n\t\t\t\t\t\t\t\t<div class=\"extension-badge\">\n\t\t\t\t\t\t\t\t\tPDF\n\t\t\t\t\t\t\t\t<\/div>\n\t\t\t\t\t\t\t\t<img loading=\"lazy\" decoding=\"async\" width=\"445\" height=\"250\" src=\"https:\/\/www.tourdesuisse.ch\/wp-content\/uploads\/TDS_IMHOF-156-von-205-445x250.jpg\" class=\"attachment-download-preview size-download-preview\" alt=\"\" srcset=\"https:\/\/www.tourdesuisse.ch\/wp-content\/uploads\/TDS_IMHOF-156-von-205-445x250.jpg 445w, https:\/\/www.tourdesuisse.ch\/wp-content\/uploads\/TDS_IMHOF-156-von-205-890x500.jpg 890w\" sizes=\"auto, (max-width: 445px) 100vw, 445px\" \/>\n\t\t\t\t\t\t<\/div>\n\t\t\t\t\t\t<div class=\"download-label\">\n\t\t\t\t\t\t\t<div class=\"h5\">Statistiche donne<\/div>\n\t\t\t\t\t\t\t<span class=\"button style-text with-arrow\">Download<\/span>\n\t\t\t\t\t\t<\/div>\n\t\t<\/div>\n\t<\/a>\n<\/div>\n\t\t\t<\/div>\n\t<\/div>\n\n<h2>Cronologia<\/h2>\n\n\n<div class=\"timeline-wrapper\">\n\t<div class=\"timeline\" role=\"log\" aria-live=\"off\">\n\t\t<article class=\"timeline-item\">\n\t\t\t<div role=\"heading\" aria-level=\"3\" class=\"timeline-year\">1933\n<\/div>\n\t\t\t<div class=\"content\"><h3>Bulla arriv\u00f2, vide e vinse<\/h3>\n<p>Solo un\u2019ora prima della partenza della prima tappa, Max Bulla arriv\u00f2 a Zurigo. L\u2019austriaco aveva ancora partecipato a gare ad Anversa (BE) e Troyes (FR) e viaggi\u00f2 con il treno notturno. Questo non gli imped\u00ec di lasciare il segno nella prima edizione del Tour de Suisse del 1933 con due vittorie di tappa e un vantaggio finale di 9:01 minuti su Albert B\u00fcchi. Bulla fu uno dei ciclisti professionisti pi\u00f9 vincenti dell\u2019Austria e nel 1931 vinse anche il Campionato di Zurigo.<\/p>\n<p><img loading=\"lazy\" decoding=\"async\" class=\"alignnone size-medium wp-image-4498\" src=\"https:\/\/www.tourdesuisse.ch\/wp-content\/uploads\/TdS-1936.jpg-300x218.webp\" alt=\"\" width=\"300\" height=\"218\" srcset=\"https:\/\/www.tourdesuisse.ch\/wp-content\/uploads\/TdS-1936.jpg-300x218.webp 300w, https:\/\/www.tourdesuisse.ch\/wp-content\/uploads\/TdS-1936.jpg-768x557.webp 768w, https:\/\/www.tourdesuisse.ch\/wp-content\/uploads\/TdS-1936.jpg.webp 1000w\" sizes=\"auto, (max-width: 300px) 100vw, 300px\" \/><\/p>\n<\/div>\n\t\t<\/article>\n\t\t<article class=\"timeline-item\">\n\t\t\t<div role=\"heading\" aria-level=\"3\" class=\"timeline-year\">Anni 1940\n<\/div>\n\t\t\t<div class=\"content\"><h3>Decisione allo Hallenstadion<\/h3>\n<p>Durante la Seconda Guerra Mondiale, il Giro di Svizzera pot\u00e9 svolgersi solo due volte. Nel 1942 inizi\u00f2 l\u2019ascesa di Ferdi K\u00fcbler, che dopo la seconda tappa a Bellinzona prese il comando della classifica generale dal suo mentore Paul Egli. Quest\u2019ultimo fu penalizzato con un abbuono di tempo per presunta scia dietro veicoli. K\u00fcbler port\u00f2 poi in sicurezza la vittoria finale nelle restanti tre tappe. Nel 1941, 44 professionisti si presentarono per una corsa di sole tre tappe. Dopo 606 km, Sepp Wagner e Werner Buchwalder erano a pari tempo. Uno sprint su pista doveva decidere la vittoria. A causa della pioggia e del buio imminente, la gara fu spostata dalla pista aperta di Oerlikon allo Hallenstadion. Vincitore: Sepp Wagner.<\/p>\n<\/div>\n\t\t<\/article>\n\t\t<article class=\"timeline-item\">\n\t\t\t<div role=\"heading\" aria-level=\"3\" class=\"timeline-year\">1947\n<\/div>\n\t\t\t<div class=\"content\"><h3>I \u201ccampionissimi\u201d Bartali e Coppi<\/h3>\n<p>Tra i tifosi italiani c\u2019erano sostenitori di Gino Bartali e di Fausto Coppi. Nel 1947, il franco svizzero attir\u00f2 entrambi gli italiani nel nostro Paese. Coppi si consol\u00f2 con una vittoria nella cronometro da Losanna a Ginevra (60 km). Ma in montagna Bartali fu nettamente superiore a tutti gli avversari.<\/p>\n<p>Festeggi\u00f2 cos\u00ec il suo secondo successo assoluto, dopo aver dominato anche l\u2019edizione precedente senza mai perdere la maglia di leader.<\/p>\n<p>Coppi torn\u00f2 al Tour de Suisse nel 1954 e concluse nuovamente al quinto posto.<\/p>\n<p><img loading=\"lazy\" decoding=\"async\" class=\"alignnone size-medium wp-image-4489\" src=\"https:\/\/www.tourdesuisse.ch\/wp-content\/uploads\/coppi-bartali.jpg-300x274.webp\" alt=\"\" width=\"300\" height=\"274\" srcset=\"https:\/\/www.tourdesuisse.ch\/wp-content\/uploads\/coppi-bartali.jpg-300x274.webp 300w, https:\/\/www.tourdesuisse.ch\/wp-content\/uploads\/coppi-bartali.jpg-768x701.webp 768w, https:\/\/www.tourdesuisse.ch\/wp-content\/uploads\/coppi-bartali.jpg.webp 1004w\" sizes=\"auto, (max-width: 300px) 100vw, 300px\" \/><\/p>\n<\/div>\n\t\t<\/article>\n\t\t<article class=\"timeline-item\">\n\t\t\t<div role=\"heading\" aria-level=\"3\" class=\"timeline-year\">Anni 1950\n<\/div>\n\t\t\t<div class=\"content\"><h3>I duelli dei due \u201cK\u201d<\/h3>\n<p>Con i duelli tra Ferdi K\u00fcbler e Hugo Koblet, il Tour de Suisse visse il suo periodo d\u2019oro negli anni \u201950. Tre vittorie finali, un secondo posto, undici vittorie di tappa e 14 giorni in maglia oro: questo il bilancio del \u201cChrampfer\u201d K\u00fcbler e del \u201cp\u00e9daleur de charme\u201d Koblet. L\u2019unica differenza: K\u00fcbler partecip\u00f2 otto volte, Koblet solo sette. Le fughe spettacolari e i crolli di K\u00fcbler offrirono tanto materiale di discussione quanto la supremazia di Koblet nelle prove a cronometro.<\/p>\n<p><img loading=\"lazy\" decoding=\"async\" class=\"alignnone size-medium wp-image-4492\" src=\"https:\/\/www.tourdesuisse.ch\/wp-content\/uploads\/Hugo-Koblet-Ferdy-Kuebler.jpg-300x169.webp\" alt=\"\" width=\"300\" height=\"169\" srcset=\"https:\/\/www.tourdesuisse.ch\/wp-content\/uploads\/Hugo-Koblet-Ferdy-Kuebler.jpg-300x169.webp 300w, https:\/\/www.tourdesuisse.ch\/wp-content\/uploads\/Hugo-Koblet-Ferdy-Kuebler.jpg-768x433.webp 768w, https:\/\/www.tourdesuisse.ch\/wp-content\/uploads\/Hugo-Koblet-Ferdy-Kuebler.jpg.webp 814w\" sizes=\"auto, (max-width: 300px) 100vw, 300px\" \/><\/p>\n<\/div>\n\t\t<\/article>\n\t\t<article class=\"timeline-item\">\n\t\t\t<div role=\"heading\" aria-level=\"3\" class=\"timeline-year\">1958\n<\/div>\n\t\t\t<div class=\"content\"><h3>Pasquale Fornara, il recordman<\/h3>\n<p>Come gregario di Hugo Koblet, Pasquale Fornara affront\u00f2 nel 1952 il suo terzo Tour de Suisse. Nella cronometro da Monthey a Crans-Montana, l\u2019italiano conquist\u00f2 la maglia di leader e, il penultimo giorno ad Arosa, tolse a Ferdi K\u00fcbler ogni speranza di ribaltare la situazione. Fornara si ripet\u00e9 nel 1954, quando n\u00e9 K\u00fcbler n\u00e9 Koblet parteciparono al Tour de Suisse. Con ulteriori trionfi nel 1957 e 1958, Fornara \u2013 il corridore dalla pedalata leggera \u2013 divenne il recordman del Tour de Suisse.<\/p>\n<p><img loading=\"lazy\" decoding=\"async\" class=\"alignnone size-medium wp-image-4486\" src=\"https:\/\/www.tourdesuisse.ch\/wp-content\/uploads\/Pasquale_Fornora-1.jpg-300x169.webp\" alt=\"\" width=\"300\" height=\"169\" srcset=\"https:\/\/www.tourdesuisse.ch\/wp-content\/uploads\/Pasquale_Fornora-1.jpg-300x169.webp 300w, https:\/\/www.tourdesuisse.ch\/wp-content\/uploads\/Pasquale_Fornora-1.jpg-768x432.webp 768w, https:\/\/www.tourdesuisse.ch\/wp-content\/uploads\/Pasquale_Fornora-1.jpg.webp 1020w\" sizes=\"auto, (max-width: 300px) 100vw, 300px\" \/><\/p>\n<\/div>\n\t\t<\/article>\n\t\t<article class=\"timeline-item\">\n\t\t\t<div role=\"heading\" aria-level=\"3\" class=\"timeline-year\">1967\n<\/div>\n\t\t\t<div class=\"content\"><h3>Sepp Voegeli, Monsieur Tour de Suisse<\/h3>\n<p>Con un conto non pagato di 92\u2019000 franchi, un piccolo fascicolo di documenti e un solo contratto con un organizzatore di tappa, Sepp Voegeli assunse nel 1967 la direzione del Tour de Suisse. L\u2019argoviese trasform\u00f2 una corsa in difficolt\u00e0 in un evento capace di riportare le folle lungo le strade e davanti ai televisori. Nel 1991, 25 anni dopo il suo debutto, Voegeli guid\u00f2 per l\u2019ultima volta \u201cil suo\u201d Tour de Suisse. Poco pi\u00f9 di un anno dopo, mor\u00ec all\u2019et\u00e0 di 69 anni in seguito a un\u2019operazione.<\/p>\n<p><img loading=\"lazy\" decoding=\"async\" class=\"alignnone size-medium wp-image-4477\" src=\"https:\/\/www.tourdesuisse.ch\/wp-content\/uploads\/Sepp-Voegeli.jpg-300x238.webp\" alt=\"\" width=\"300\" height=\"238\" srcset=\"https:\/\/www.tourdesuisse.ch\/wp-content\/uploads\/Sepp-Voegeli.jpg-300x238.webp 300w, https:\/\/www.tourdesuisse.ch\/wp-content\/uploads\/Sepp-Voegeli.jpg-768x610.webp 768w, https:\/\/www.tourdesuisse.ch\/wp-content\/uploads\/Sepp-Voegeli.jpg.webp 1000w\" sizes=\"auto, (max-width: 300px) 100vw, 300px\" \/><\/p>\n<\/div>\n\t\t<\/article>\n\t\t<article class=\"timeline-item\">\n\t\t\t<div role=\"heading\" aria-level=\"3\" class=\"timeline-year\">1974\n<\/div>\n\t\t\t<div class=\"content\"><h3>Il \u201cCannibale\u201d Merckx fece piazza pulita<\/h3>\n<p>La concorrenza dei Mondiali di calcio in Germania costrinse l\u2019organizzatore Sepp Voegeli a un colpo audace. Con un ingaggio generoso, port\u00f2 Eddy Merckx per la prima volta al Tour de Suisse nel 1974. Il ciclista pi\u00f9 vincente di tutti i tempi (525 vittorie) si mostr\u00f2 in grande forma pochi giorni dopo il suo quinto trionfo al Giro d\u2019Italia: maglia di leader dal prologo fino alla fine, tre vittorie di tappa e primo posto nelle classifiche della montagna, a punti e combinata. Merckx partecip\u00f2 nuovamente al Giro di Svizzera nel 1975 (2\u00b0) e nel 1977 (12\u00b0).<\/p>\n<p><img loading=\"lazy\" decoding=\"async\" class=\"alignnone size-medium wp-image-4483\" src=\"https:\/\/www.tourdesuisse.ch\/wp-content\/uploads\/Merckx.jpg-300x216.webp\" alt=\"\" width=\"300\" height=\"216\" srcset=\"https:\/\/www.tourdesuisse.ch\/wp-content\/uploads\/Merckx.jpg-300x216.webp 300w, https:\/\/www.tourdesuisse.ch\/wp-content\/uploads\/Merckx.jpg-768x552.webp 768w, https:\/\/www.tourdesuisse.ch\/wp-content\/uploads\/Merckx.jpg.webp 1000w\" sizes=\"auto, (max-width: 300px) 100vw, 300px\" \/><\/p>\n<\/div>\n\t\t<\/article>\n\t\t<article class=\"timeline-item\">\n\t\t\t<div role=\"heading\" aria-level=\"3\" class=\"timeline-year\">1981\n<\/div>\n\t\t\t<div class=\"content\"><h3>Beat Breu e le sue frasi celebri<\/h3>\n<p>Grazie alle sue battute pungenti, Beat Breu godeva di grande popolarit\u00e0. Nel 1981 conquist\u00f2 la maglia di leader nella cronoscalata Solothurn\u2013Balmberg. Due giorni dopo dovette per\u00f2 cederla al compagno di squadra Godi Schmutz, a causa di un ordine di squadra frainteso: \u201cDe Gopfried isch f\u00fcr mich gschtorbe.\u201d Nella cronoscalata da Lugano al Monte Br\u00e8, Breu riusc\u00ec infine a ribaltare la situazione. Otto anni pi\u00f9 tardi, alla sua undicesima partecipazione, festeggi\u00f2 il suo secondo trionfo al TdS: \u201cUn successo sulle strade svizzere non \u00e8 paragonabile a nulla.\u201d<\/p>\n<p><img loading=\"lazy\" decoding=\"async\" class=\"alignnone size-medium wp-image-4480\" src=\"https:\/\/www.tourdesuisse.ch\/wp-content\/uploads\/Beat-Breu.jpg-300x229.webp\" alt=\"\" width=\"300\" height=\"229\" srcset=\"https:\/\/www.tourdesuisse.ch\/wp-content\/uploads\/Beat-Breu.jpg-300x229.webp 300w, https:\/\/www.tourdesuisse.ch\/wp-content\/uploads\/Beat-Breu.jpg-768x586.webp 768w, https:\/\/www.tourdesuisse.ch\/wp-content\/uploads\/Beat-Breu.jpg.webp 1000w\" sizes=\"auto, (max-width: 300px) 100vw, 300px\" \/><\/p>\n<\/div>\n\t\t<\/article>\n\t\t<article class=\"timeline-item\">\n\t\t\t<div role=\"heading\" aria-level=\"3\" class=\"timeline-year\">2009\n<\/div>\n\t\t\t<div class=\"content\"><h3>Fabian Cancellara \u2013 Sulle orme di K\u00fcbler e Koblet<\/h3>\n<p>Dopo il cambio di millennio, nessun altro svizzero ha segnato il Tour de Suisse quanto Fabian Cancellara. Con la sua ultima vittoria di tappa nel 2016, raggiunse persino le leggendarie cifre di K\u00fcbler e Koblet e, con 11 vittorie di tappa, occupa insieme a loro il secondo posto nella classifica storica dietro a Peter Sagan. L\u2019impresa riusc\u00ec a \u201cSpartacus\u201d nel 2009, quando nella cronometro dell\u2019ultima tappa conquist\u00f2 la vittoria finale del Tour de Suisse, assicurandosi definitivamente un posto nella TdS Hall of Fame.<\/p>\n<p><img loading=\"lazy\" decoding=\"async\" class=\"alignnone size-medium wp-image-4474\" src=\"https:\/\/www.tourdesuisse.ch\/wp-content\/uploads\/Tds_Fabian_Cancellara.jpg-300x252.webp\" alt=\"\" width=\"300\" height=\"252\" srcset=\"https:\/\/www.tourdesuisse.ch\/wp-content\/uploads\/Tds_Fabian_Cancellara.jpg-300x252.webp 300w, https:\/\/www.tourdesuisse.ch\/wp-content\/uploads\/Tds_Fabian_Cancellara.jpg-768x645.webp 768w, https:\/\/www.tourdesuisse.ch\/wp-content\/uploads\/Tds_Fabian_Cancellara.jpg.webp 1000w\" sizes=\"auto, (max-width: 300px) 100vw, 300px\" \/><\/p>\n<\/div>\n\t\t<\/article>\n\t\t<article class=\"timeline-item\">\n\t\t\t<div role=\"heading\" aria-level=\"3\" class=\"timeline-year\">2015\n<\/div>\n\t\t\t<div class=\"content\"><h3>Il \u201cnuovo\u201d Tour de Suisse \u2013 una festa del ciclismo per grandi e piccoli<\/h3>\n<p>Per l\u2019edizione 2015, il nuovo organizzatore del Tour de Suisse, InfrontRingier Sports &amp; Entertainment AG, introdusse un cambiamento concettuale. Su iniziativa del nuovo direttore generale TdS Olivier Senn, il weekend di partenza e quello finale furono organizzati come HUB. La permanenza del Tour per 2\u20133 giorni nello stesso luogo mirava ad aumentare l\u2019attrattiva dell\u2019evento e a creare una vera festa del ciclismo \u2013 un approccio audace che ebbe pieno successo. Da allora, oltre alla gara professionistica, la TdS Kids World, la TdS Bike Expo e la gara popolare TdS Challenge attirano fino a 100\u2019000 spettatori negli HUB.<\/p>\n<p><img loading=\"lazy\" decoding=\"async\" class=\"alignnone size-medium wp-image-4471\" src=\"https:\/\/www.tourdesuisse.ch\/wp-content\/uploads\/TdS-2015-Olivier-Senn.jpg-300x200.webp\" alt=\"\" width=\"300\" height=\"200\" srcset=\"https:\/\/www.tourdesuisse.ch\/wp-content\/uploads\/TdS-2015-Olivier-Senn.jpg-300x200.webp 300w, https:\/\/www.tourdesuisse.ch\/wp-content\/uploads\/TdS-2015-Olivier-Senn.jpg-768x512.webp 768w, https:\/\/www.tourdesuisse.ch\/wp-content\/uploads\/TdS-2015-Olivier-Senn.jpg.webp 1000w\" sizes=\"auto, (max-width: 300px) 100vw, 300px\" \/><\/p>\n<\/div>\n\t\t<\/article>\n\t\t<article class=\"timeline-item\">\n\t\t\t<div role=\"heading\" aria-level=\"3\" class=\"timeline-year\">2020\n<\/div>\n\t\t\t<div class=\"content\"><h3>La pandemia di Covid-19 porta al primo Tour de Suisse digitale<\/h3>\n<p>Dopo edizioni di successo, l\u2019euforia fu frenata nel 2020 dalla pandemia di Covid-19 e dall\u2019annullamento del Tour de Suisse 2020. Il mondo intero si ferm\u00f2, cos\u00ec come il ciclismo. In modo innovativo e coraggioso, il nuovo organizzatore Cycling Unlimited AG mise in piedi in poche settimane una Tour de Suisse digitale chiamata \u201cThe Digital Swiss 5\u201d. Uno sforzo che venne premiato: in cinque tappe digitali, i professionisti, distribuiti in tutto il mondo, pedalavano sulla piattaforma di realt\u00e0 virtuale ROUVY per la vittoria. Come unico evento sportivo durante il lockdown, il Tour de Suisse digitale ottenne grande attenzione.<\/p>\n<p><img loading=\"lazy\" decoding=\"async\" class=\"alignnone size-medium wp-image-4468\" src=\"https:\/\/www.tourdesuisse.ch\/wp-content\/uploads\/DS5-Race4-Finish-300x170.jpg\" alt=\"\" width=\"300\" height=\"170\" srcset=\"https:\/\/www.tourdesuisse.ch\/wp-content\/uploads\/DS5-Race4-Finish-300x170.jpg 300w, https:\/\/www.tourdesuisse.ch\/wp-content\/uploads\/DS5-Race4-Finish-1024x579.jpg 1024w, https:\/\/www.tourdesuisse.ch\/wp-content\/uploads\/DS5-Race4-Finish-768x434.jpg 768w, https:\/\/www.tourdesuisse.ch\/wp-content\/uploads\/DS5-Race4-Finish-1536x868.jpg 1536w, https:\/\/www.tourdesuisse.ch\/wp-content\/uploads\/DS5-Race4-Finish.jpg 1564w\" sizes=\"auto, (max-width: 300px) 100vw, 300px\" \/><\/p>\n<\/div>\n\t\t<\/article>\n\t\t<article class=\"timeline-item\">\n\t\t\t<div role=\"heading\" aria-level=\"3\" class=\"timeline-year\">2021\n<\/div>\n\t\t\t<div class=\"content\"><h3>50 anni di suffragio femminile come nascita del Tour de Suisse Women<\/h3>\n<p>All\u2019inizio del 2021, la federazione nazionale Swiss Cycling, diversi parlamentari e gli organizzatori del Tour de Suisse si impegnarono per la prima edizione del Tour de Suisse Women. Nonostante le difficolt\u00e0 finanziarie, il 5 giugno 2021 part\u00ec da Frauenfeld un gruppo di 96 atlete per il Tour de Suisse Women. Gi\u00e0 un anno dopo, invece di due tappe, ne furono disputate quattro. Quando nel 2023 la corsa di quattro giorni entr\u00f2 per la prima volta nel calendario UCI Women\u2019s World Tour, una svizzera vinse immediatamente la classifica generale: Marlen Reusser conquist\u00f2 il successo finale a Ebnat-Kappel.<\/p>\n<p><img loading=\"lazy\" decoding=\"async\" class=\"alignnone size-medium wp-image-4465\" src=\"https:\/\/www.tourdesuisse.ch\/wp-content\/uploads\/tour-de-suisse-women-2023-4-etappe-ebnat-kappel-ebnat-kappel_52989222436_o-300x200.jpg\" alt=\"\" width=\"300\" height=\"200\" srcset=\"https:\/\/www.tourdesuisse.ch\/wp-content\/uploads\/tour-de-suisse-women-2023-4-etappe-ebnat-kappel-ebnat-kappel_52989222436_o-300x200.jpg 300w, https:\/\/www.tourdesuisse.ch\/wp-content\/uploads\/tour-de-suisse-women-2023-4-etappe-ebnat-kappel-ebnat-kappel_52989222436_o-1024x682.jpg 1024w, https:\/\/www.tourdesuisse.ch\/wp-content\/uploads\/tour-de-suisse-women-2023-4-etappe-ebnat-kappel-ebnat-kappel_52989222436_o-768x512.jpg 768w, https:\/\/www.tourdesuisse.ch\/wp-content\/uploads\/tour-de-suisse-women-2023-4-etappe-ebnat-kappel-ebnat-kappel_52989222436_o-1536x1024.jpg 1536w, https:\/\/www.tourdesuisse.ch\/wp-content\/uploads\/tour-de-suisse-women-2023-4-etappe-ebnat-kappel-ebnat-kappel_52989222436_o.jpg 1598w\" sizes=\"auto, (max-width: 300px) 100vw, 300px\" \/><\/p>\n<\/div>\n\t\t<\/article>\n\t<\/div>\n<\/div><\/div><\/div>\n<\/div><\/div>","protected":false},"excerpt":{"rendered":"<p>TdS Storia Dalla sua prima edizione nel 1933, il Tour de Suisse \u00e8 stato teatro di innumerevoli storie. Passione, speranza, delusione, orgoglio, umiliazione e gioia \u2013 drammi e imprese eroiche sono stati scritti lungo il percorso del Tour de Suisse. Alcuni momenti salienti di oltre 80 anni: Cronache PDF Statistiche uomini Download PDF Statistiche donne [&hellip;]<\/p>\n","protected":false},"author":8,"featured_media":0,"parent":0,"menu_order":0,"comment_status":"closed","ping_status":"closed","template":"","meta":{"_acf_changed":false,"inline_featured_image":false,"footnotes":""},"class_list":["post-70131","page","type-page","status-publish","hentry"],"acf":[],"_links":{"self":[{"href":"https:\/\/www.tourdesuisse.ch\/it\/wp-json\/wp\/v2\/pages\/70131","targetHints":{"allow":["GET"]}}],"collection":[{"href":"https:\/\/www.tourdesuisse.ch\/it\/wp-json\/wp\/v2\/pages"}],"about":[{"href":"https:\/\/www.tourdesuisse.ch\/it\/wp-json\/wp\/v2\/types\/page"}],"author":[{"embeddable":true,"href":"https:\/\/www.tourdesuisse.ch\/it\/wp-json\/wp\/v2\/users\/8"}],"replies":[{"embeddable":true,"href":"https:\/\/www.tourdesuisse.ch\/it\/wp-json\/wp\/v2\/comments?post=70131"}],"version-history":[{"count":3,"href":"https:\/\/www.tourdesuisse.ch\/it\/wp-json\/wp\/v2\/pages\/70131\/revisions"}],"predecessor-version":[{"id":70142,"href":"https:\/\/www.tourdesuisse.ch\/it\/wp-json\/wp\/v2\/pages\/70131\/revisions\/70142"}],"wp:attachment":[{"href":"https:\/\/www.tourdesuisse.ch\/it\/wp-json\/wp\/v2\/media?parent=70131"}],"curies":[{"name":"wp","href":"https:\/\/api.w.org\/{rel}","templated":true}]}}