{"id":70145,"date":"2023-12-04T14:51:45","date_gmt":"2023-12-04T13:51:45","guid":{"rendered":"https:\/\/www.tourdesuisse.ch\/?page_id=70145"},"modified":"2026-03-17T15:49:15","modified_gmt":"2026-03-17T14:49:15","slug":"media","status":"publish","type":"page","link":"https:\/\/www.tourdesuisse.ch\/it\/media\/","title":{"rendered":"Media"},"content":{"rendered":"\n<div class=\"intro-section page-section style-default layout-default align-default with-content\">\n\t<div class=\"section-grid grid-layout container\">\n\t\t<div style=\"--grid-layout-index: 1; --col-xs: 12; --col-sm: 12; --col-md: 12; --col-lg: 12; --col-xl: 12\" class=\"section-item layout-default layout-margin-default\">\n\t\t\t<div class=\"intro-background-title\" data-content=\"2026\">2026<\/div>\n\t\t\t<div class=\"intro-title-wrapper\">\n\t\t\t\t<h1 class=\"intro-title\">Media<\/h1>\n\t\t\t<\/div>\n\t\t\t<div class=\"intro-content lead-text\">\n\t\t\t\t<p>Radio, stampa, TV, web: il lavoro giornalistico prende molte forme. I professionisti con telecamera, microfono e taccuino devono poter contare su contenuti e tecnologia affidabili in tempi ristretti. A tal fine, come team media della TdS, collaboriamo strettamente con i responsabili dei media delle localit\u00e0 di tappa.<\/p>\n\n\t\t\t<\/div>\n\t\t<\/div>\n\t<\/div>\n<\/div>\n\n<div  class=\"page-section style-default layout-default align-default\">\n\t<div class=\"section-grid grid-layout container\"><div  style=\"--grid-layout-index: 1\" class=\"section-item layout-default layout-margin-default\"><h2>Informazioni<\/h2>\n\n\n<div class=\"buttons\">\n\t<div class=\"button-group\">\n\n\t\t\t<a\n\t\t\t\thref=\"https:\/\/www.tourdesuisse.ch\/medien\/dokumente\/\" class=\"button style-default with-arrow\"\n\t\t\t>\n\t\t\t\tDocumenti media TdS\n\t\t\t<\/a>\n\n\t\t\t<a\n\t\t\t\thref=\"https:\/\/www.tourdesuisse.ch\/medien\/bilder\/\" class=\"button style-default with-arrow\"\n\t\t\t>\n\t\t\t\tImmagini media\n\t\t\t<\/a>\n\t<\/div>\n<\/div>\n<div class=\"accordion-wrapper\">\n\t<div class=\"accordion-group\">\n\n\n\n\n<div class=\"wpce-accordion accordion\" id=\"mediaguide\">\n\t<div class=\"accordion-heading-wrapper\" role=\"heading\" aria-level=\"3\">\n\t\t<button\n\t\t\ttype=\"button\"\n\t\t\tclass=\"accordion-heading\"\n\t\t\tid=\"accordion-header-c8724618-0316-4214-9e45-ce763e5604a1\"\n\t\t\taria-controls=\"accordion-content-c8724618-0316-4214-9e45-ce763e5604a1\"\n\t\t>\n\t\t\tTour de Suisse Media Guide\n\n\t\t\t<div class=\"accordion-icon-wrapper toggle-wrapper\">\n\t\t\t\t<svg class=\"toggle-icon\" width=\"22\" height=\"22\" viewBox=\"0 0 22 22\" xmlns=\"http:\/\/www.w3.org\/2000\/svg\">\n\t\t\t\t\t<g fill=\"currentColor\" fill-rule=\"evenodd\">\n\t\t\t\t\t\t<rect y=\"10\" width=\"22\" height=\"2\"><\/rect>\n\t\t\t\t\t\t<polygon class=\"toggle-icon-vertical\" points=\"12 0 12 22 10 22 10 0\"><\/polygon>\n\t\t\t\t\t<\/g>\n\t\t\t\t<\/svg>\n\t\t\t<\/div>\n\t\t<\/button>\n\t<\/div>\n\t<div\n\t\tclass=\"accordion-inner\"\n\t\tid=\"accordion-content-c8724618-0316-4214-9e45-ce763e5604a1\"\n\t\trole=\"region\"\n\t\taria-labelledby=\"accordion-header-c8724618-0316-4214-9e45-ce763e5604a1\"\n\t>\n<p>Aggiornato al 07 maggio 2025<\/p>\n<h5>1.    Accreditamento<\/h5>\n<p>L\u2019accreditamento \u00e8 obbligatorio per tutti gli operatori dei media. L\u2019accesso alle aree di partenza\/arrivo, Mixed Zone, centro media e parcheggi media \u00e8 consentito solo con il badge valido. Per l\u2019accreditamento media collaboriamo con Cycling Service.<\/p>\n<ol>\n<li>Seguite il link su <a href=\"http:\/\/www.tds.ch\/media\">tds.ch\/media<\/a>. Se siete gi\u00e0 registrati su <strong>Cycling Service<\/strong>, selezionate la Tour de Suisse sotto \u00ab Races \u00bb \u2013 e il gioco \u00e8 fatto. In caso contrario, create prima il vostro profilo. Tenete a portata di mano una foto ritratto e un\u2019immagine del vostro tesserino stampa.<\/li>\n<li>Se accreditate pi\u00f9 persone (ad es. driver, troupe camera), potete inserire il vostro team nella sezione \u00ab Staff \u00bb e assegnare a ciascuna persona il relativo ruolo.<\/li>\n<li>Il veicolo, inclusa la targa, pu\u00f2 essere inserito nel profilo del driver. L\u2019opzione \u00ab Parking \u00bb pu\u00f2 essere ignorata per la Tour de Suisse.<\/li>\n<li>I media accreditati ricevono una conferma via e-mail. Portate questa conferma alla Permanence. L\u00ec riceverete il vostro badge personale.<\/li>\n<li>Gli adesivi di accreditamento per i veicoli (auto, moto, ecc.) vengono consegnati anch\u2019essi alla Permanence. Si prega di fare riferimento al punto 4 \u00ab Accesso al percorso \u00bb.<\/li>\n<li>La decisione di rilasciare un accreditamento spetta all\u2019organizzatrice. Un tesserino media\/foto non d\u00e0 automaticamente diritto all\u2019accreditamento.<\/li>\n<li>L\u2019accreditamento deve essere indossato in modo ben visibile.<\/li>\n<li>Senza un accreditamento valido, l\u2019accesso alle rispettive zone viene rifiutato senza eccezioni.<\/li>\n<li>Ogni persona accreditata pu\u00f2 accedere solo alle zone indicate sull\u2019accreditamento.<\/li>\n<li>Ogni persona accreditata deve attenersi alle istruzioni del personale della Tour de Suisse.<\/li>\n<li>L\u2019organizzazione della Tour de Suisse e i suoi collaboratori hanno il diritto di negare l\u2019accesso a tutte le zone a qualsiasi rappresentante dei media accreditato in caso di comportamento scorretto e\/o di revocare il suo accreditamento.<\/li>\n<li>L\u2019accreditamento non \u00e8 trasferibile.<\/li>\n<\/ol>\n<h5>2.    Autorizzazione alle riprese TV e online<\/h5>\n<p>SRG SSR, in qualit\u00e0 di Host Broadcaster della Tour de Suisse, detiene il diritto esclusivo di produzione in tutte le zone accreditate e produce un segnale TV secondo standard internazionali. \u00c8 vietato, senza previo consenso scritto della titolare dei diritti SRG SSR, effettuare e diffondere riprese audiovisive della gara e della cerimonia di premiazione. Ci\u00f2 vale anche per la diffusione di video live o non live della gara e della premiazione tramite app di social media come Periscope, Snapchat, Twitter, Facebook e altri servizi online.<\/p>\n<p><strong>Richieste scritte media nazionali:<\/strong> Le richieste di un\u2019autorizzazione\/licenza di ripresa a pagamento devono essere inoltrate per iscritto a SRG SSR almeno 72 ore prima dell\u2019inizio dell\u2019evento\/tappa (<a href=\"mailto:stefan.rohrer@bus.srg.ch\">stefan.rohrer@bus.srg.ch<\/a>).<\/p>\n<p>Per le emittenti TV regionali valgono le condizioni concordate nel contratto di licenza sportiva tra SRG e l\u2019emittente TV regionale. I media online possono richiedere direttamente a SRG il foglio informativo con le condizioni (<a href=\"mailto:stefan.rohrer@bus.srg.ch\">stefan.rohrer@bus.srg.ch<\/a>).<\/p>\n<p><strong>Mixed Zone:<\/strong> Dopo il rilascio dell\u2019autorizzazione di ripresa\/sublicenza da parte di SRG SSR, \u00e8 consentito realizzare riprese audiovisive proprie (interviste) esclusivamente nella Mixed Zone designata (Physical Access). Prima della conclusione della cerimonia di premiazione non \u00e8 consentito realizzare immagini proprie dalle zone accreditate.<\/p>\n<p><strong>Altre zone accreditate \/ area di arrivo:<\/strong> A causa delle ristrettezze tecniche e di spazio, non \u00e8 consentito effettuare e pubblicare riprese audiovisive proprie dalle altre zone accreditate\/nell\u2019area di arrivo. Queste immagini (gara, premiazione ecc.) possono essere acquistate esclusivamente presso SRG SSR (Signal Access \u2013 richiesta a <a href=\"mailto:stefan.rohrer@bus.srg.ch\">stefan.rohrer@bus.srg.ch<\/a>).<\/p>\n<p><strong>Le emittenti TV internazionali<\/strong> possono acquistare le immagini della TdS tramite un contratto di licenza con Infront Sports &amp; Media AG (<a href=\"mailto:cycling_ops@infrontsports.com\">cycling_ops@infrontsports.com<\/a>).<\/p>\n<p><strong>Accesso senza camera:<\/strong> Senza camera, previa dichiarazione esplicita di rinuncia, pu\u00f2 essere rilasciato un accreditamento stampa.<\/p>\n<h5>3.   Arrivo\/parcheggi<\/h5>\n<p>Per i media accreditati sono disponibili parcheggi media segnalati in ogni localit\u00e0 di tappa. Il parcheggio al di fuori delle aree assegnate pu\u00f2 comportare la perdita dell\u2019accreditamento.<\/p>\n<h5>4.   Accesso al percorso<\/h5>\n<p>L\u2019accesso al percorso \u00e8 consentito solo ai veicoli appositamente contrassegnati. La richiesta deve essere presentata prima della Tour de Suisse. L\u2019autorizzazione viene rilasciata solo in casi particolari. L\u2019accesso al percorso non \u00e8 possibile con gli adesivi descritti al punto 1.5.<\/p>\n<h5>5.   Permanence<\/h5>\n<p>La Permanence si trova nell\u2019area di partenza o di arrivo di ogni tappa. Qui dovete ritirare il vostro accreditamento. Accreditamenti last minute sono possibili in numero limitato, ma non vi \u00e8 alcun diritto; gli accreditamenti annunciati in anticipo hanno in ogni caso la precedenza. La posizione esatta della Permanence \u00e8 indicata nel Technical Guide della Tour de Suisse. Attenzione: da 30 minuti prima dell\u2019arrivo a 30 minuti dopo l\u2019arrivo, la Permanence \u00e8 chiusa.<\/p>\n<h5>6.   Centro media<\/h5>\n<p>In ogni localit\u00e0 di arrivo \u00e8 presente un centro media. La posizione esatta \u00e8 segnalata con cartelli (vicino alla Permanence). Per i media accreditati sono disponibili postazioni di lavoro con alimentazione elettrica e internet (WLAN) gratuiti. In Svizzera sono generalmente installate prese di tipo J. La spina europea (tipo C) \u00e8 compatibile. Per dispositivi con altre spine \u00e8 necessario un adattatore da viaggio.<\/p>\n<p><strong>Trasmissione TV:<\/strong> Nel centro media la Tour de Suisse viene trasmessa su un proiettore o televisore. Su un secondo schermo \u00e8 visualizzata la statistica della tappa in corso (fonte Swiss Timing). Non vi \u00e8 alcun diritto alla ricezione di altri programmi.<\/p>\n<p><strong>Conferenza stampa:<\/strong> Nel centro media si svolge, dopo ogni tappa, la conferenza stampa quotidiana con il vincitore di tappa e, eventualmente, altri protagonisti. In situazioni eccezionali la conferenza stampa viene effettuata via video da uno studio esterno (distanza dall\u2019area di arrivo, misure di protezione pandemica, ecc.). L\u2019orario della conferenza stampa di bilancio viene comunicato durante la Tour de Suisse nel quadro del bollettino di tappa quotidiano.<\/p>\n<p><strong>Orari di apertura:<\/strong> Vedi informazioni dettagliate nel Technical Guide della Tour de Suisse. Attenzione: gli orari di apertura di Permanence e centro media non sono identici.<\/p>\n<p><strong>Ristoro:<\/strong> Durante gli orari di apertura \u00e8 disponibile una semplice offerta di ristoro per i media accreditati.<\/p>\n<h5>7.   Mixed Zones alla partenza e all\u2019arrivo<\/h5>\n<p>Le Mixed Zones alla partenza e all\u2019arrivo di ogni tappa vengono adattate alle condizioni locali (spazio, tempo, meteo). \u00c8 necessario seguire le istruzioni del personale di sicurezza e dell\u2019organizzazione TdS.<\/p>\n<h5>8.   Linee guida per fotografi e cameraman<\/h5>\n<p>Tutti i fotografi e cameraman devono indossare, lungo il percorso e nelle zone di partenza e arrivo, oltre al badge personale, la <strong>gilet fotografico ufficiale TdS<\/strong>, obbligatorio e ben visibile. Questo viene consegnato insieme all\u2019accreditamento contro deposito. Dietro la linea d\u2019arrivo di ogni tappa \u00e8 segnata una zona fotografi. Prima e durante l\u2019arrivo, i fotografi possono sostare solo in questa zona. L\u2019assegnazione esatta dei posti \u00e8 a discrezione dell\u2019organizzatore.<\/p>\n<h5>9.   Voli con droni<\/h5>\n<p>I voli con droni sono consentiti solo previo accordo con l\u2019organizzazione della Tour de Suisse. Inoltre, sono soggetti alle prescrizioni dell\u2019Ufficio federale dell\u2019aviazione civile (UFAC\/BAZL).<\/p>\n<p>Informazioni sui voli con droni durante eventi sportivi sono disponibili <a href=\"https:\/\/www.bazl.admin.ch\/bazl\/de\/home\/drohnen.html\" target=\"_blank\" rel=\"noopener\">qui<\/a>. Inoltre, l\u2019Ufficio federale dell\u2019aviazione civile (BAZL) offre una <a href=\"https:\/\/map.geo.admin.ch\/index.html?lang=de&amp;topic=aviation&amp;bgLayer=ch.swisstopo.pixelkarte-grau&amp;layers=ch.bazl.luftfahrthindernis-klein,ch.bazl.luftfahrthindernis,ch.bazl.einschraenkungen-drohnen&amp;catalogNodes=1379,15159&amp;layers_visibility=false,false,true&amp;layers_opacity=1,1,0.6&amp;E=2661312.17&amp;N=1192726.60&amp;zoom=1\" target=\"_blank\" rel=\"noopener\">panoramica delle zone di divieto di volo<\/a>. Importante: non \u00e8 consentito volare sopra assembramenti di persone (ad es. nell\u2019area di partenza o arrivo).<\/p>\n<h5>10.   Informazioni ufficiali<\/h5>\n<p><strong>Radiotour:<\/strong> Per tutta la durata della gara, Radiotour \u00e8 accessibile tramite il seguente link: <a href=\"https:\/\/radiotour.swisscom.com\/public\/tds_radiotour\" target=\"_blank\" rel=\"noopener\">Radiotour Tour de Suisse 2025<\/a><\/p>\n<p><strong>Liveticker:<\/strong> Durante la gara, il team media gestisce un liveticker sul sito web. L\u00ec vengono documentati in modo continuo gli sviluppi della corsa, inclusi i distacchi.<\/p>\n<p><strong>Technical Guide:<\/strong> Nel Technical Guide ufficiale della Tour de Suisse trovi tutte le informazioni su tappe, team e organizzazione. La pubblicazione sar\u00e0 disponibile sul sito poco prima della Tour de Suisse.<\/p>\n<p><strong>Bulletin:<\/strong> Il bollettino della tappa successiva viene inviato ogni sera via e-mail a tutti gli accreditati. Vi trovi anche posizione e indirizzo del centro media del giorno seguente. Per domande, inviare un\u2019e-mail a: <a href=\"mailto:bulletin@tds.ch\">bulletin@tds.ch<\/a>.<\/p>\n<h5>11.   Sanzioni<\/h5>\n<p>In caso di mancato rispetto delle regole e delle istruzioni, l\u2019organizzazione della Tour \u00e8 autorizzata a revocare l\u2019accreditamento agli operatori dei media inadempienti e a escluderli dalla Tour de Suisse.<\/p>\n<h5>12.   Contatto<\/h5>\n<p><strong>Business Unit Sport SRG:<\/strong> Stefan Rohrer, <a href=\"mailto:stefan.rohrer@bus.srg.ch\">stefan.rohrer@bus.srg.ch<\/a>, +41 58 135 07 39<br \/>\n<strong>Infront Sports &amp; Media AG:<\/strong> Media Sales &amp; Operations Team, <a href=\"mailto:cycling_ops@infrontsports.com\">cycling_ops@infrontsports.com<\/a>, +41 41 723 15 15<br \/>\n<strong>Responsabile area media TdS:<\/strong> Ueli Anken, <a href=\"mailto:media@tds.ch\">media@tds.ch<\/a>, +41 79 638 18 18 <strong>(per favore sempre in cc)<\/strong><\/p>\n\t<\/div>\n<\/div>\t<\/div>\n<\/div>\n\n<h2 class=\"bodytext\">ACCREDITAMENTO 2026<\/h2>\n<div class=\"et_pb_row et_pb_row_2 et_pb_gutters2\">\n<div class=\"et_pb_column et_pb_column_4_4 et_pb_column_2 et_pb_css_mix_blend_mode_passthrough et-last-child\">\n<div class=\"et_pb_module et_pb_text et_pb_text_1 et_pb_text_align_left et_pb_bg_layout_light\">\n<div class=\"et_pb_text_inner\">\n<p>L\u2019accreditamento media per la Tour de Suisse 2026 \u00e8 da subito aperto. Su Cycling Service le due gare Tour de Suisse Men e Women sono elencate separatamente. \u00c8 sufficiente accreditarsi una sola volta. Per richieste particolari contattateci via e-mail: media@tds.ch.<\/p>\n<\/div>\n<\/div>\n<\/div>\n<\/div>\n\n\n<div class=\"buttons\">\n\t<div class=\"button-group\">\n\n\t\t\t<a\n\t\t\t\thref=\"https:\/\/app.cyclingservice.com\/account\" target=\"_blank\" rel=\"noopener\" class=\"button style-default with-arrow\"\n\t\t\t>\n\t\t\t\tAccreditamento media\n\t\t\t<\/a>\n\t<\/div>\n<\/div>\n<h2>Date 2026<\/h2>\n<p>1\u00b0 trimestre 2026: comunicazione dettagliata del percorso<\/p>\n<p>17\u201321 giugno 2026: Tour de Suisse<\/p>\n\n\n<h2>Domande? Richieste?<\/h2>\n<p class=\"bodytext\">Comunicaci le tue esigenze. Ti supporteremo al meglio delle nostre possibilit\u00e0. E se una richiesta supera ci\u00f2 che \u00e8 umanamente possibile, troveremo una soluzione.<\/p>\n<p class=\"bodytext\"><strong>Contatto:<\/strong> Ueli Anken | +41 79 638 18 18 | <a href=\"mailto:media@tds.ch\" target=\"_blank\" rel=\"noopener\">media@tds.ch<\/a><\/p>\n<\/div><\/div>\n<\/div>","protected":false},"excerpt":{"rendered":"<p>2026 Media Radio, stampa, TV, web: il lavoro giornalistico prende molte forme. I professionisti con telecamera, microfono e taccuino devono poter contare su contenuti e tecnologia affidabili in tempi ristretti. A tal fine, come team media della TdS, collaboriamo strettamente con i responsabili dei media delle localit\u00e0 di tappa. Informazioni Documenti media TdS Immagini media [&hellip;]<\/p>\n","protected":false},"author":8,"featured_media":0,"parent":0,"menu_order":0,"comment_status":"closed","ping_status":"closed","template":"","meta":{"_acf_changed":false,"inline_featured_image":false,"footnotes":""},"class_list":["post-70145","page","type-page","status-publish","hentry"],"acf":[],"_links":{"self":[{"href":"https:\/\/www.tourdesuisse.ch\/it\/wp-json\/wp\/v2\/pages\/70145","targetHints":{"allow":["GET"]}}],"collection":[{"href":"https:\/\/www.tourdesuisse.ch\/it\/wp-json\/wp\/v2\/pages"}],"about":[{"href":"https:\/\/www.tourdesuisse.ch\/it\/wp-json\/wp\/v2\/types\/page"}],"author":[{"embeddable":true,"href":"https:\/\/www.tourdesuisse.ch\/it\/wp-json\/wp\/v2\/users\/8"}],"replies":[{"embeddable":true,"href":"https:\/\/www.tourdesuisse.ch\/it\/wp-json\/wp\/v2\/comments?post=70145"}],"version-history":[{"count":3,"href":"https:\/\/www.tourdesuisse.ch\/it\/wp-json\/wp\/v2\/pages\/70145\/revisions"}],"predecessor-version":[{"id":71321,"href":"https:\/\/www.tourdesuisse.ch\/it\/wp-json\/wp\/v2\/pages\/70145\/revisions\/71321"}],"wp:attachment":[{"href":"https:\/\/www.tourdesuisse.ch\/it\/wp-json\/wp\/v2\/media?parent=70145"}],"curies":[{"name":"wp","href":"https:\/\/api.w.org\/{rel}","templated":true}]}}