{"id":70177,"date":"2024-02-03T18:41:23","date_gmt":"2024-02-03T17:41:23","guid":{"rendered":"https:\/\/www.tourdesuisse.ch\/?page_id=70177"},"modified":"2026-02-03T10:20:39","modified_gmt":"2026-02-03T09:20:39","slug":"attivita","status":"publish","type":"page","link":"https:\/\/www.tourdesuisse.ch\/it\/visitatori\/attivita\/","title":{"rendered":"Attivit\u00e0"},"content":{"rendered":"\n<div class=\"background style-pattern\">\n\n<div class=\"intro-section page-section style-default layout-default align-default with-content\">\n\t<div class=\"section-grid grid-layout container\">\n\t\t<div style=\"--grid-layout-index: 1; --col-xs: 12; --col-sm: 12; --col-md: 12; --col-lg: 12; --col-xl: 12\" class=\"section-item layout-default layout-margin-default\">\n\t\t\t<div class=\"intro-background-title\" data-content=\"2026\">2026<\/div>\n\t\t\t<div class=\"intro-title-wrapper\">\n\t\t\t\t<h1 class=\"intro-title\">Attivit\u00e0<\/h1>\n\t\t\t<\/div>\n\t\t\t<div class=\"intro-content lead-text\">\n\t\t\t\t<p>Il Tour de Suisse \u00e8 molto pi\u00f9 di una semplice gara ciclistica professionistica. Il suo concetto globale mira a renderlo una festa del ciclismo per tutti. Gli HUB nei fine settimana invitano gli spettatori a soffermarsi, con la FanZone, la Bike Expo e il Kids World che offrono numerose attrazioni. L&#8217;offerta di ospitalit\u00e0 consente di essere ancora pi\u00f9 vicini all&#8217;azione della gara. Ma anche tutti gli appassionati di ciclismo ai bordi della strada avranno di che divertirsi. Il FanConvoy passa davanti ai professionisti e distribuisce omaggi agli spettatori.<\/p>\n\n\t\t\t<\/div>\n\t\t<\/div>\n\t<\/div>\n<\/div>\n\n\n<div  id=\"container-images\" class=\"page-section style-default layout-default align-default\">\n\t<div class=\"section-grid grid-layout container\"><div  style=\"--grid-layout-index: 1; --col-xs: 12; --col-sm: 12; --col-md: 12; --col-lg: 12; --col-xl: 12\" class=\"section-item layout-default layout-margin-default\">\n<div class=\"image-grid grid-layout\">\n\n\n\n\n<a class=\"reveal-box image-grid-item image-grid-item-large mobile-always-hover\" href=\"https:\/\/www.tourdesuisse.ch\/besucher\/aktivitaeten\/vip-hospitality\/\"\n>\n\t\t\t\t<img loading=\"lazy\" decoding=\"async\" width=\"664\" height=\"390\" src=\"https:\/\/www.tourdesuisse.ch\/wp-content\/uploads\/TDS_IMHOF-88-von-174-664x390.jpg\" class=\"attachment-image-grid-large size-image-grid-large\" alt=\"\" srcset=\"https:\/\/www.tourdesuisse.ch\/wp-content\/uploads\/TDS_IMHOF-88-von-174-664x390.jpg 664w, https:\/\/www.tourdesuisse.ch\/wp-content\/uploads\/TDS_IMHOF-88-von-174-1328x780.jpg 1328w\" sizes=\"auto, (max-width: 664px) 100vw, 664px\" \/>\n\t\t\t\t<img loading=\"lazy\" decoding=\"async\" width=\"316\" height=\"390\" src=\"https:\/\/www.tourdesuisse.ch\/wp-content\/uploads\/TDS_IMHOF-88-von-174-316x390.jpg\" class=\"attachment-image-grid-small size-image-grid-small\" alt=\"\" srcset=\"https:\/\/www.tourdesuisse.ch\/wp-content\/uploads\/TDS_IMHOF-88-von-174-316x390.jpg 316w, https:\/\/www.tourdesuisse.ch\/wp-content\/uploads\/TDS_IMHOF-88-von-174-632x780.jpg 632w\" sizes=\"auto, (max-width: 316px) 100vw, 316px\" \/>\n\n\n\t<div class=\"reveal-box-title\">\n\t\t<div class=\"h4\">\n\t\t\t\tVIP Hospitality\n\t\t<\/div>\n\t<\/div>\n\t<div class=\"reveal-box-subtitle button style-text with-arrow\">\n\t\t\t\tScopri di pi\u00f9\n\t<\/div>\n<\/a>\n\n\n\n<a class=\"reveal-box image-grid-item image-grid-item-small mobile-always-hover\" href=\"https:\/\/www.tourdesuisse.ch\/it\/visitatori\/attivita\/fanzone\/\"\n>\n\t\t\t\t<img loading=\"lazy\" decoding=\"async\" width=\"664\" height=\"390\" src=\"https:\/\/www.tourdesuisse.ch\/wp-content\/uploads\/TDS_IMHOF-33-von-189-2-664x390.jpg\" class=\"attachment-image-grid-large size-image-grid-large\" alt=\"\" srcset=\"https:\/\/www.tourdesuisse.ch\/wp-content\/uploads\/TDS_IMHOF-33-von-189-2-664x390.jpg 664w, https:\/\/www.tourdesuisse.ch\/wp-content\/uploads\/TDS_IMHOF-33-von-189-2-1328x780.jpg 1328w\" sizes=\"auto, (max-width: 664px) 100vw, 664px\" \/>\n\t\t\t\t<img loading=\"lazy\" decoding=\"async\" width=\"316\" height=\"390\" src=\"https:\/\/www.tourdesuisse.ch\/wp-content\/uploads\/TDS_IMHOF-33-von-189-2-316x390.jpg\" class=\"attachment-image-grid-small size-image-grid-small\" alt=\"\" srcset=\"https:\/\/www.tourdesuisse.ch\/wp-content\/uploads\/TDS_IMHOF-33-von-189-2-316x390.jpg 316w, https:\/\/www.tourdesuisse.ch\/wp-content\/uploads\/TDS_IMHOF-33-von-189-2-632x780.jpg 632w\" sizes=\"auto, (max-width: 316px) 100vw, 316px\" \/>\n\n\n\t<div class=\"reveal-box-title\">\n\t\t<div class=\"h4\">\n\t\t\t\tFanZone\n\t\t<\/div>\n\t<\/div>\n\t<div class=\"reveal-box-subtitle button style-text with-arrow\">\n\t\t\t\tScopri di pi\u00f9\n\t<\/div>\n<\/a>\n\n\n\n<a class=\"reveal-box image-grid-item image-grid-item-small mobile-always-hover\" href=\"https:\/\/www.tourdesuisse.ch\/it\/visitatori\/attivita\/kids-world\/\"\n>\n\t\t\t\t<img loading=\"lazy\" decoding=\"async\" width=\"664\" height=\"390\" src=\"https:\/\/www.tourdesuisse.ch\/wp-content\/uploads\/TDS_IMHOF-61-von-205-664x390.jpg\" class=\"attachment-image-grid-large size-image-grid-large\" alt=\"\" srcset=\"https:\/\/www.tourdesuisse.ch\/wp-content\/uploads\/TDS_IMHOF-61-von-205-664x390.jpg 664w, https:\/\/www.tourdesuisse.ch\/wp-content\/uploads\/TDS_IMHOF-61-von-205-1328x780.jpg 1328w\" sizes=\"auto, (max-width: 664px) 100vw, 664px\" \/>\n\t\t\t\t<img loading=\"lazy\" decoding=\"async\" width=\"316\" height=\"390\" src=\"https:\/\/www.tourdesuisse.ch\/wp-content\/uploads\/TDS_IMHOF-61-von-205-316x390.jpg\" class=\"attachment-image-grid-small size-image-grid-small\" alt=\"\" srcset=\"https:\/\/www.tourdesuisse.ch\/wp-content\/uploads\/TDS_IMHOF-61-von-205-316x390.jpg 316w, https:\/\/www.tourdesuisse.ch\/wp-content\/uploads\/TDS_IMHOF-61-von-205-632x780.jpg 632w\" sizes=\"auto, (max-width: 316px) 100vw, 316px\" \/>\n\n\n\t<div class=\"reveal-box-title\">\n\t\t<div class=\"h4\">\n\t\t\t\tKids World\n\t\t<\/div>\n\t<\/div>\n\t<div class=\"reveal-box-subtitle button style-text with-arrow\">\n\t\t\t\tScopri di pi\u00f9\n\t<\/div>\n<\/a>\n\n\n\n<a class=\"reveal-box image-grid-item image-grid-item-small mobile-always-hover\" href=\"https:\/\/www.tourdesuisse.ch\/it\/visitatori\/attivita\/kids-race\/\"\n>\n\t\t\t\t<img loading=\"lazy\" decoding=\"async\" width=\"664\" height=\"390\" src=\"https:\/\/www.tourdesuisse.ch\/wp-content\/uploads\/TDS_IMHOF-41-von-189-1-664x390.jpg\" class=\"attachment-image-grid-large size-image-grid-large\" alt=\"\" srcset=\"https:\/\/www.tourdesuisse.ch\/wp-content\/uploads\/TDS_IMHOF-41-von-189-1-664x390.jpg 664w, https:\/\/www.tourdesuisse.ch\/wp-content\/uploads\/TDS_IMHOF-41-von-189-1-1328x780.jpg 1328w\" sizes=\"auto, (max-width: 664px) 100vw, 664px\" \/>\n\t\t\t\t<img loading=\"lazy\" decoding=\"async\" width=\"316\" height=\"390\" src=\"https:\/\/www.tourdesuisse.ch\/wp-content\/uploads\/TDS_IMHOF-41-von-189-1-316x390.jpg\" class=\"attachment-image-grid-small size-image-grid-small\" alt=\"\" srcset=\"https:\/\/www.tourdesuisse.ch\/wp-content\/uploads\/TDS_IMHOF-41-von-189-1-316x390.jpg 316w, https:\/\/www.tourdesuisse.ch\/wp-content\/uploads\/TDS_IMHOF-41-von-189-1-632x780.jpg 632w\" sizes=\"auto, (max-width: 316px) 100vw, 316px\" \/>\n\n\n\t<div class=\"reveal-box-title\">\n\t\t<div class=\"h4\">\n\t\t\t\tKids Race\n\t\t<\/div>\n\t<\/div>\n\t<div class=\"reveal-box-subtitle button style-text with-arrow\">\n\t\t\t\tScopri di pi\u00f9\n\t<\/div>\n<\/a>\n\n\n\n<a class=\"reveal-box image-grid-item image-grid-item-small mobile-always-hover\" href=\"https:\/\/www.tourdesuisse.ch\/besucher\/aktivitaeten\/werbekolonne\/\"\n>\n\t\t\t\t<img loading=\"lazy\" decoding=\"async\" width=\"664\" height=\"390\" src=\"https:\/\/www.tourdesuisse.ch\/wp-content\/uploads\/Buchli_Fotografie_Tour-de-Suisse-2025-1.-Etappe-Gstaad-Gstaad_53323-664x390.jpg\" class=\"attachment-image-grid-large size-image-grid-large\" alt=\"\" srcset=\"https:\/\/www.tourdesuisse.ch\/wp-content\/uploads\/Buchli_Fotografie_Tour-de-Suisse-2025-1.-Etappe-Gstaad-Gstaad_53323-664x390.jpg 664w, https:\/\/www.tourdesuisse.ch\/wp-content\/uploads\/Buchli_Fotografie_Tour-de-Suisse-2025-1.-Etappe-Gstaad-Gstaad_53323-1328x780.jpg 1328w\" sizes=\"auto, (max-width: 664px) 100vw, 664px\" \/>\n\t\t\t\t<img loading=\"lazy\" decoding=\"async\" width=\"316\" height=\"390\" src=\"https:\/\/www.tourdesuisse.ch\/wp-content\/uploads\/Buchli_Fotografie_Tour-de-Suisse-2025-1.-Etappe-Gstaad-Gstaad_53323-316x390.jpg\" class=\"attachment-image-grid-small size-image-grid-small\" alt=\"\" srcset=\"https:\/\/www.tourdesuisse.ch\/wp-content\/uploads\/Buchli_Fotografie_Tour-de-Suisse-2025-1.-Etappe-Gstaad-Gstaad_53323-316x390.jpg 316w, https:\/\/www.tourdesuisse.ch\/wp-content\/uploads\/Buchli_Fotografie_Tour-de-Suisse-2025-1.-Etappe-Gstaad-Gstaad_53323-632x780.jpg 632w\" sizes=\"auto, (max-width: 316px) 100vw, 316px\" \/>\n\n\n\t<div class=\"reveal-box-title\">\n\t\t<div class=\"h4\">\n\t\t\t\tFanConvoy\n\t\t<\/div>\n\t<\/div>\n\t<div class=\"reveal-box-subtitle button style-text with-arrow\">\n\t\t\t\tScopri di pi\u00f9\n\t<\/div>\n<\/a>\n\n\n\n<a class=\"reveal-box image-grid-item image-grid-item-large mobile-always-hover\" href=\"https:\/\/www.tourdesuisse.ch\/besucher\/aktivitaeten\/bike-expo-2\/\"\n>\n\t\t\t\t<img loading=\"lazy\" decoding=\"async\" width=\"664\" height=\"390\" src=\"https:\/\/www.tourdesuisse.ch\/wp-content\/uploads\/TDS_IMHOF-5-von-189-1-664x390.jpg\" class=\"attachment-image-grid-large size-image-grid-large\" alt=\"\" srcset=\"https:\/\/www.tourdesuisse.ch\/wp-content\/uploads\/TDS_IMHOF-5-von-189-1-664x390.jpg 664w, https:\/\/www.tourdesuisse.ch\/wp-content\/uploads\/TDS_IMHOF-5-von-189-1-1328x780.jpg 1328w\" sizes=\"auto, (max-width: 664px) 100vw, 664px\" \/>\n\t\t\t\t<img loading=\"lazy\" decoding=\"async\" width=\"316\" height=\"390\" src=\"https:\/\/www.tourdesuisse.ch\/wp-content\/uploads\/TDS_IMHOF-5-von-189-1-316x390.jpg\" class=\"attachment-image-grid-small size-image-grid-small\" alt=\"\" srcset=\"https:\/\/www.tourdesuisse.ch\/wp-content\/uploads\/TDS_IMHOF-5-von-189-1-316x390.jpg 316w, https:\/\/www.tourdesuisse.ch\/wp-content\/uploads\/TDS_IMHOF-5-von-189-1-632x780.jpg 632w\" sizes=\"auto, (max-width: 316px) 100vw, 316px\" \/>\n\n\n\t<div class=\"reveal-box-title\">\n\t\t<div class=\"h4\">\n\t\t\t\tBike Expo\n\t\t<\/div>\n\t<\/div>\n\t<div class=\"reveal-box-subtitle button style-text with-arrow\">\n\t\t\t\tScopri di pi\u00f9\n\t<\/div>\n<\/a>\n\n\n\n<a class=\"reveal-box image-grid-item image-grid-item-large mobile-always-hover\" href=\"https:\/\/www.tourdesuisse.ch\/besucher\/aktivitaeten\/teampraesentation\/\"\n>\n\t\t\t\t<img loading=\"lazy\" decoding=\"async\" width=\"664\" height=\"390\" src=\"https:\/\/www.tourdesuisse.ch\/wp-content\/uploads\/Buchli_Fotografie_Tour-de-Suisse-Team-Presentation-_64851-1-664x390.jpg\" class=\"attachment-image-grid-large size-image-grid-large\" alt=\"\" srcset=\"https:\/\/www.tourdesuisse.ch\/wp-content\/uploads\/Buchli_Fotografie_Tour-de-Suisse-Team-Presentation-_64851-1-664x390.jpg 664w, https:\/\/www.tourdesuisse.ch\/wp-content\/uploads\/Buchli_Fotografie_Tour-de-Suisse-Team-Presentation-_64851-1-1328x780.jpg 1328w\" sizes=\"auto, (max-width: 664px) 100vw, 664px\" \/>\n\t\t\t\t<img loading=\"lazy\" decoding=\"async\" width=\"316\" height=\"390\" src=\"https:\/\/www.tourdesuisse.ch\/wp-content\/uploads\/Buchli_Fotografie_Tour-de-Suisse-Team-Presentation-_64851-1-316x390.jpg\" class=\"attachment-image-grid-small size-image-grid-small\" alt=\"\" srcset=\"https:\/\/www.tourdesuisse.ch\/wp-content\/uploads\/Buchli_Fotografie_Tour-de-Suisse-Team-Presentation-_64851-1-316x390.jpg 316w, https:\/\/www.tourdesuisse.ch\/wp-content\/uploads\/Buchli_Fotografie_Tour-de-Suisse-Team-Presentation-_64851-1-632x780.jpg 632w\" sizes=\"auto, (max-width: 316px) 100vw, 316px\" \/>\n\n\n\t<div class=\"reveal-box-title\">\n\t\t<div class=\"h4\">\n\t\t\t\tPresentazione della squadra\n\t\t<\/div>\n\t<\/div>\n\t<div class=\"reveal-box-subtitle button style-text with-arrow\">\n\t\t\t\tScopri di pi\u00f9\n\t<\/div>\n<\/a>\n\n\n\n<a class=\"reveal-box image-grid-item image-grid-item-small mobile-always-hover\" href=\"https:\/\/www.tourdesuisse.ch\/it\/visitatori\/attivita\/lezione-scolastica\/\"\n>\n\t\t\t\t<img loading=\"lazy\" decoding=\"async\" width=\"664\" height=\"390\" src=\"https:\/\/www.tourdesuisse.ch\/wp-content\/uploads\/TDS_IMHOF-33-von-205-664x390.jpg\" class=\"attachment-image-grid-large size-image-grid-large\" alt=\"\" srcset=\"https:\/\/www.tourdesuisse.ch\/wp-content\/uploads\/TDS_IMHOF-33-von-205-664x390.jpg 664w, https:\/\/www.tourdesuisse.ch\/wp-content\/uploads\/TDS_IMHOF-33-von-205-1328x780.jpg 1328w\" sizes=\"auto, (max-width: 664px) 100vw, 664px\" \/>\n\t\t\t\t<img loading=\"lazy\" decoding=\"async\" width=\"316\" height=\"390\" src=\"https:\/\/www.tourdesuisse.ch\/wp-content\/uploads\/TDS_IMHOF-33-von-205-316x390.jpg\" class=\"attachment-image-grid-small size-image-grid-small\" alt=\"\" srcset=\"https:\/\/www.tourdesuisse.ch\/wp-content\/uploads\/TDS_IMHOF-33-von-205-316x390.jpg 316w, https:\/\/www.tourdesuisse.ch\/wp-content\/uploads\/TDS_IMHOF-33-von-205-632x780.jpg 632w\" sizes=\"auto, (max-width: 316px) 100vw, 316px\" \/>\n\n\n\t<div class=\"reveal-box-title\">\n\t\t<div class=\"h4\">\n\t\t\t\tLezioni scolastiche\n\t\t<\/div>\n\t<\/div>\n\t<div class=\"reveal-box-subtitle button style-text with-arrow\">\n\t\t\t\tScopri di pi\u00f9\n\t<\/div>\n<\/a><\/div>\n<\/div><\/div>\n<\/div><\/div>","protected":false},"excerpt":{"rendered":"<p>2026 Attivit\u00e0 Il Tour de Suisse \u00e8 molto pi\u00f9 di una semplice gara ciclistica professionistica. Il suo concetto globale mira a renderlo una festa del ciclismo per tutti. Gli HUB nei fine settimana invitano gli spettatori a soffermarsi, con la FanZone, la Bike Expo e il Kids World che offrono numerose attrazioni. L&#8217;offerta di ospitalit\u00e0 [&hellip;]<\/p>\n","protected":false},"author":8,"featured_media":0,"parent":70178,"menu_order":0,"comment_status":"closed","ping_status":"closed","template":"","meta":{"_acf_changed":false,"inline_featured_image":false,"footnotes":""},"class_list":["post-70177","page","type-page","status-publish","hentry"],"acf":[],"_links":{"self":[{"href":"https:\/\/www.tourdesuisse.ch\/it\/wp-json\/wp\/v2\/pages\/70177","targetHints":{"allow":["GET"]}}],"collection":[{"href":"https:\/\/www.tourdesuisse.ch\/it\/wp-json\/wp\/v2\/pages"}],"about":[{"href":"https:\/\/www.tourdesuisse.ch\/it\/wp-json\/wp\/v2\/types\/page"}],"author":[{"embeddable":true,"href":"https:\/\/www.tourdesuisse.ch\/it\/wp-json\/wp\/v2\/users\/8"}],"replies":[{"embeddable":true,"href":"https:\/\/www.tourdesuisse.ch\/it\/wp-json\/wp\/v2\/comments?post=70177"}],"version-history":[{"count":7,"href":"https:\/\/www.tourdesuisse.ch\/it\/wp-json\/wp\/v2\/pages\/70177\/revisions"}],"predecessor-version":[{"id":70456,"href":"https:\/\/www.tourdesuisse.ch\/it\/wp-json\/wp\/v2\/pages\/70177\/revisions\/70456"}],"up":[{"embeddable":true,"href":"https:\/\/www.tourdesuisse.ch\/it\/wp-json\/wp\/v2\/pages\/70178"}],"wp:attachment":[{"href":"https:\/\/www.tourdesuisse.ch\/it\/wp-json\/wp\/v2\/media?parent=70177"}],"curies":[{"name":"wp","href":"https:\/\/api.w.org\/{rel}","templated":true}]}}