{"id":70204,"date":"2024-02-06T11:28:33","date_gmt":"2024-02-06T10:28:33","guid":{"rendered":"https:\/\/www.tourdesuisse.ch\/?page_id=70204"},"modified":"2026-01-23T15:34:28","modified_gmt":"2026-01-23T14:34:28","slug":"lezione-scolastica","status":"publish","type":"page","link":"https:\/\/www.tourdesuisse.ch\/it\/visitatori\/attivita\/lezione-scolastica\/","title":{"rendered":"Lezione scolastica"},"content":{"rendered":"<link data-name=\"until-s\" rel=\"preload\" as=\"style\" href=\"https:\/\/www.tourdesuisse.ch\/wp-content\/uploads\/Buchli_Fotografie_Tour-de-Suisse-Men-2025-7.-Etappe-Neuhausen-am-Rheinfall-Emmetten_102177-1-540x960.jpg\" media=\"(max-width: 539px) and (max-height: 303.75px) and (max-resolution: 1.999dppx)\">\n<link data-name=\"until-s@2x\" rel=\"preload\" as=\"style\" href=\"https:\/\/www.tourdesuisse.ch\/wp-content\/uploads\/Buchli_Fotografie_Tour-de-Suisse-Men-2025-7.-Etappe-Neuhausen-am-Rheinfall-Emmetten_102177-1-1080x1920.jpg\" media=\"(max-width: 539px) and (max-height: 303.75px) and (min-resolution: 2dppx)\">\n<link data-name=\"until-sm\" rel=\"preload\" as=\"style\" href=\"https:\/\/www.tourdesuisse.ch\/wp-content\/uploads\/Buchli_Fotografie_Tour-de-Suisse-Men-2025-7.-Etappe-Neuhausen-am-Rheinfall-Emmetten_102177-1.jpg\" media=\"(max-width: 767px) and (max-height: 432px) and (max-resolution: 1.999dppx)\">\n<link data-name=\"until-sm@2x\" rel=\"preload\" as=\"style\" href=\"https:\/\/www.tourdesuisse.ch\/wp-content\/uploads\/Buchli_Fotografie_Tour-de-Suisse-Men-2025-7.-Etappe-Neuhausen-am-Rheinfall-Emmetten_102177-1.jpg\" media=\"(max-width: 767px) and (max-height: 432px) and (min-resolution: 2dppx)\">\n<link data-name=\"until-md\" rel=\"preload\" as=\"style\" href=\"https:\/\/www.tourdesuisse.ch\/wp-content\/uploads\/Buchli_Fotografie_Tour-de-Suisse-Men-2025-7.-Etappe-Neuhausen-am-Rheinfall-Emmetten_102177-1-992x558.jpg\" media=\"(max-width: 991px) and (max-height: 558px) and (max-resolution: 1.999dppx)\">\n<link data-name=\"until-md@2x\" rel=\"preload\" as=\"style\" href=\"https:\/\/www.tourdesuisse.ch\/wp-content\/uploads\/Buchli_Fotografie_Tour-de-Suisse-Men-2025-7.-Etappe-Neuhausen-am-Rheinfall-Emmetten_102177-1-1984x1116.jpg\" media=\"(max-width: 991px) and (max-height: 558px) and (min-resolution: 2dppx)\">\n<link data-name=\"until-lg\" rel=\"preload\" as=\"style\" href=\"https:\/\/www.tourdesuisse.ch\/wp-content\/uploads\/Buchli_Fotografie_Tour-de-Suisse-Men-2025-7.-Etappe-Neuhausen-am-Rheinfall-Emmetten_102177-1-1200x675.jpg\" media=\"(max-width: 1199px) and (max-height: 675px) and (max-resolution: 1.999dppx)\">\n<link data-name=\"until-lg@2x\" rel=\"preload\" as=\"style\" href=\"https:\/\/www.tourdesuisse.ch\/wp-content\/uploads\/Buchli_Fotografie_Tour-de-Suisse-Men-2025-7.-Etappe-Neuhausen-am-Rheinfall-Emmetten_102177-1-2400x1350.jpg\" media=\"(max-width: 1199px) and (max-height: 675px) and (min-resolution: 2dppx)\">\n<link data-name=\"until-xl\" rel=\"preload\" as=\"style\" href=\"https:\/\/www.tourdesuisse.ch\/wp-content\/uploads\/Buchli_Fotografie_Tour-de-Suisse-Men-2025-7.-Etappe-Neuhausen-am-Rheinfall-Emmetten_102177-1-1425x802.jpg\" media=\"(max-width: 1424px) and (max-height: 801.5625px) and (max-resolution: 1.999dppx)\">\n<link data-name=\"until-xl@2x\" rel=\"preload\" as=\"style\" href=\"https:\/\/www.tourdesuisse.ch\/wp-content\/uploads\/Buchli_Fotografie_Tour-de-Suisse-Men-2025-7.-Etappe-Neuhausen-am-Rheinfall-Emmetten_102177-1-2850x1604.jpg\" media=\"(max-width: 1424px) and (max-height: 801.5625px) and (min-resolution: 2dppx)\">\n<link data-name=\"full\" rel=\"preload\" as=\"style\" href=\"https:\/\/www.tourdesuisse.ch\/wp-content\/uploads\/Buchli_Fotografie_Tour-de-Suisse-Men-2025-7.-Etappe-Neuhausen-am-Rheinfall-Emmetten_102177-1.jpg\" media=\"(min-width: 1425px)\">\n<div class=\"hero-section hero-is-image hero-align-end hero-size-narrow\" style=\"--hero-image-full: url('https:\/\/www.tourdesuisse.ch\/wp-content\/uploads\/Buchli_Fotografie_Tour-de-Suisse-Men-2025-7.-Etappe-Neuhausen-am-Rheinfall-Emmetten_102177-1.jpg'); --hero-image-aspect-ratio: 1.500442086649; --hero-image-until-s: url('https:\/\/www.tourdesuisse.ch\/wp-content\/uploads\/Buchli_Fotografie_Tour-de-Suisse-Men-2025-7.-Etappe-Neuhausen-am-Rheinfall-Emmetten_102177-1-540x960.jpg'); --hero-image-until-s-2x: url('https:\/\/www.tourdesuisse.ch\/wp-content\/uploads\/Buchli_Fotografie_Tour-de-Suisse-Men-2025-7.-Etappe-Neuhausen-am-Rheinfall-Emmetten_102177-1-1080x1920.jpg'); --hero-image-until-sm: url('https:\/\/www.tourdesuisse.ch\/wp-content\/uploads\/Buchli_Fotografie_Tour-de-Suisse-Men-2025-7.-Etappe-Neuhausen-am-Rheinfall-Emmetten_102177-1.jpg'); --hero-image-until-sm-2x: url('https:\/\/www.tourdesuisse.ch\/wp-content\/uploads\/Buchli_Fotografie_Tour-de-Suisse-Men-2025-7.-Etappe-Neuhausen-am-Rheinfall-Emmetten_102177-1.jpg'); --hero-image-until-md: url('https:\/\/www.tourdesuisse.ch\/wp-content\/uploads\/Buchli_Fotografie_Tour-de-Suisse-Men-2025-7.-Etappe-Neuhausen-am-Rheinfall-Emmetten_102177-1-992x558.jpg'); --hero-image-until-md-2x: url('https:\/\/www.tourdesuisse.ch\/wp-content\/uploads\/Buchli_Fotografie_Tour-de-Suisse-Men-2025-7.-Etappe-Neuhausen-am-Rheinfall-Emmetten_102177-1-1984x1116.jpg'); --hero-image-until-lg: url('https:\/\/www.tourdesuisse.ch\/wp-content\/uploads\/Buchli_Fotografie_Tour-de-Suisse-Men-2025-7.-Etappe-Neuhausen-am-Rheinfall-Emmetten_102177-1-1200x675.jpg'); --hero-image-until-lg-2x: url('https:\/\/www.tourdesuisse.ch\/wp-content\/uploads\/Buchli_Fotografie_Tour-de-Suisse-Men-2025-7.-Etappe-Neuhausen-am-Rheinfall-Emmetten_102177-1-2400x1350.jpg'); --hero-image-until-xl: url('https:\/\/www.tourdesuisse.ch\/wp-content\/uploads\/Buchli_Fotografie_Tour-de-Suisse-Men-2025-7.-Etappe-Neuhausen-am-Rheinfall-Emmetten_102177-1-1425x802.jpg'); --hero-image-until-xl-2x: url('https:\/\/www.tourdesuisse.ch\/wp-content\/uploads\/Buchli_Fotografie_Tour-de-Suisse-Men-2025-7.-Etappe-Neuhausen-am-Rheinfall-Emmetten_102177-1-2850x1604.jpg'); --hero-image-position: 50% 50%\"\n>\n\t<div class=\"hero-media\">\n\t\t<div class=\"hero-media-overlay\"><\/div>\n\t\t<div class=\"hero-content-wrapper\">\n\t\t\t<div class=\"hero-content\">\n\t\t\t\t<div class=\"overhead-line\">\n<h3>Attivit\u00e0<\/h3>\n<\/div>\n<h1>Lezione scolastica<\/h1>\n\n\t\t\t<\/div>\n\t\t<\/div>\n\t<\/div>\n<\/div>\n<div class=\"background style-gradient\">\n<nav class=\"breadcrumb\" aria-label=\"Percorso di navigazione\">\n\t<ol>\n\t\t<li>\n\t\t\t<a href=\"https:\/\/www.tourdesuisse.ch\/it\/\" class=\"breadcrumb-link\">Pagina iniziale<\/a>\n\t\t<\/li>\n\t\t<li>\n\t\t\t<a href=\"https:\/\/www.tourdesuisse.ch\/it\/visitatori\/\" class=\"breadcrumb-link\">Visitatori<\/a>\n\t\t<\/li>\n\t\t<li>\n\t\t\t<a href=\"https:\/\/www.tourdesuisse.ch\/it\/visitatori\/attivita\/\" class=\"breadcrumb-link\">Attivit\u00e0<\/a>\n\t\t<\/li>\n\t\t<li>\n\t\t\t<a href=\"https:\/\/www.tourdesuisse.ch\/it\/visitatori\/attivita\/lezione-scolastica\/\" class=\"breadcrumb-link\" aria-current=\"page\">Lezione scolastica<\/a>\n\t\t<\/li>\n\t<\/ol>\n<\/nav>\n<div  id class=\"page-section style-default layout-default align-default\">\n\t<div class=\"section-grid grid-layout container\"><div  style=\"--grid-layout-index: 1; --col-xs: 12; --col-sm: 12; --col-md: 4; --col-lg: 4; --col-xl: 4\" class=\"section-item layout-default layout-margin-default\"><h3>Pedalata dopo pedalata, sempre pi\u00f9 esperti \u2013 il mondo del ciclismo ti aspetta!<\/h3>\n<\/div><div  style=\"--grid-layout-index: 2; --col-xs: 12; --col-sm: 12; --col-md: 8; --col-lg: 8; --col-xl: 8\" class=\"section-item layout-default layout-margin-default\"><p>Partite insieme ai vostri allievi e alle vostre allieve alla scoperta del mondo del ciclismo.<\/p>\n<p>Attraverso il tema attuale del Tour de Suisse, le studentesse e gli studenti acquisiscono nuove conoscenze non solo in ambito sportivo, ma sviluppano anche competenze secondo il Piano di studio 21 nei settori NMG, lingua tedesca e media e informatica.<\/p>\n<p>I lavori di gruppo sono pensati per le classi di 5\u00aa\/6\u00aa, ma possono essere svolti anche in forma collettiva in classe per la 3\u00aa\/4\u00aa.<\/p>\n<p>Qui potete accedere alle lezioni scolastiche in formato PDF. Pi\u00f9 in basso trovate anche i singoli moduli.<\/p>\n\n\n<div class=\"buttons\">\n\t<div class=\"button-group\">\n\n\t\t\t<a\n\t\t\t\thref=\"https:\/\/www.tourdesuisse.ch\/wp-content\/uploads\/TdS_Schullektionen_2024.pdf\" target=\"_blank\" rel=\"noopener\" class=\"button style-text with-arrow\"\n\t\t\t>\n\t\t\t\tAlle lezioni scolastiche\n\t\t\t<\/a>\n\t<\/div>\n<\/div><\/div><\/div>\n<\/div>\n<div  id class=\"page-section style-default layout-default align-default\">\n\t<div class=\"section-grid grid-layout container\"><div  style=\"--grid-layout-index: 1\" class=\"section-item layout-default layout-margin-default\"><h3>Vincete ora una visita guidata al Tour de Suisse 2026 per la vostra classe<\/h3>\n<\/div><div  style=\"--grid-layout-index: 2; --col-xs: 12; --col-sm: 12; --col-md: 4; --col-lg: 4; --col-xl: 4\" class=\"section-item layout-default layout-margin-default\">\n\t\t<img loading=\"lazy\" decoding=\"async\" width=\"768\" height=\"512\" src=\"https:\/\/www.tourdesuisse.ch\/wp-content\/uploads\/TDS_2024_Etappe-6-Blatten-12-von-153-1-768x512.jpg\" class=\"wpce-image\" alt=\"\" data-css-locator=\"\" srcset=\"https:\/\/www.tourdesuisse.ch\/wp-content\/uploads\/TDS_2024_Etappe-6-Blatten-12-von-153-1-768x512.jpg 768w, https:\/\/www.tourdesuisse.ch\/wp-content\/uploads\/TDS_2024_Etappe-6-Blatten-12-von-153-1-300x200.jpg 300w, https:\/\/www.tourdesuisse.ch\/wp-content\/uploads\/TDS_2024_Etappe-6-Blatten-12-von-153-1-1024x683.jpg 1024w, https:\/\/www.tourdesuisse.ch\/wp-content\/uploads\/TDS_2024_Etappe-6-Blatten-12-von-153-1-1536x1024.jpg 1536w, https:\/\/www.tourdesuisse.ch\/wp-content\/uploads\/TDS_2024_Etappe-6-Blatten-12-von-153-1-2048x1365.jpg 2048w, https:\/\/www.tourdesuisse.ch\/wp-content\/uploads\/TDS_2024_Etappe-6-Blatten-12-von-153-1.jpg 2051w\" sizes=\"auto, (max-width: 768px) 100vw, 768px\" \/>\n<\/div><div  style=\"--grid-layout-index: 3; --col-xs: 12; --col-sm: 12; --col-md: 8; --col-lg: 8; --col-xl: 8\" class=\"section-item layout-default layout-margin-default\"><p>Pianificate la vostra tappa del Tour de Suisse o una gita in bicicletta e, con un po\u2019 di fortuna, vincete una delle due visite guidate al Tour de Suisse!<\/p>\n<ul>\n<li>Quale equipaggiamento \u00e8 necessario per affrontare una gita in bicicletta in sicurezza?<\/li>\n<li>Da dove a dove si snoda il vostro percorso ideale?<\/li>\n<li>Quali provviste (cibo e bevande) portate con voi per il tragitto?<\/li>\n<\/ul>\n<p>Ci sono molti aspetti da considerare quando si pianifica una gita in bicicletta. Riflettete sulle domande sopra elencate e <strong>create la vostra tappa personale<\/strong>. Presentatela in modo creativo \u2013 come poster, collage fotografico o video \u2013 e <strong>inviatela entro il 30 aprile 2026.<\/strong><\/p>\n<p>Tra tutti i progetti inviati sorteggeremo una visita guidata con uno sguardo dietro le quinte del Tour de Suisse 2025. La localit\u00e0 di tappa pu\u00f2 essere scelta liberamente.<\/p>\n<p>Il concorso \u00e8 aperto a tutte le classi dalla 1\u00aa alla 6\u00aa ed \u00e8 ispirato alla nostra lezione scolastica 8 \u201cLa nostra tappa\u201d. A seconda del livello scolastico pu\u00f2 essere pianificata una tappa completa, come nella lezione, oppure una gita in bicicletta semplificata.<\/p>\n<p>Attendiamo con piacere la vostra partecipazione!<\/p>\n\n\n<div class=\"buttons\">\n\t<div class=\"button-group\">\n\n\t\t\t<a\n\t\t\t\thref=\"mailto:info@tds.ch\" target=\"_blank\" rel=\"noopener\" class=\"button style-text with-arrow\"\n\t\t\t>\n\t\t\t\tE-mail per domande e partecipazione\n\t\t\t<\/a>\n\t<\/div>\n<\/div><\/div><\/div>\n<\/div>\n<div  id class=\"page-section style-default layout-default align-default\">\n\t<div class=\"section-grid grid-layout container\"><div  style=\"--grid-layout-index: 1; --col-xs: 12; --col-sm: 6; --col-md: 6; --col-lg: 3; --col-xl: 3\" class=\"section-item layout-default layout-margin-default\"><a href=\"https:\/\/www.tourdesuisse.ch\/wp-content\/uploads\/Schweizer-Geografie-mit-der-TdS_Schwierigkeitsgrad-2.pdf\" target=\"_blank\" rel=\"noopener\">\n\t\t<img loading=\"lazy\" decoding=\"async\" width=\"768\" height=\"628\" src=\"https:\/\/www.tourdesuisse.ch\/wp-content\/uploads\/Schullektion-1-1-768x628.png\" class=\"wpce-image\" alt=\"\" data-css-locator=\"\" srcset=\"https:\/\/www.tourdesuisse.ch\/wp-content\/uploads\/Schullektion-1-1-768x628.png 768w, https:\/\/www.tourdesuisse.ch\/wp-content\/uploads\/Schullektion-1-1-300x245.png 300w, https:\/\/www.tourdesuisse.ch\/wp-content\/uploads\/Schullektion-1-1-1024x838.png 1024w, https:\/\/www.tourdesuisse.ch\/wp-content\/uploads\/Schullektion-1-1.png 1237w\" sizes=\"auto, (max-width: 768px) 100vw, 768px\" \/>\n<\/a><\/div><div  style=\"--grid-layout-index: 2; --col-xs: 12; --col-sm: 6; --col-md: 6; --col-lg: 3; --col-xl: 3\" class=\"section-item layout-default layout-margin-default\"><a href=\"https:\/\/www.tourdesuisse.ch\/wp-content\/uploads\/Verschiedene-Radsporttypen_Schwierigkeitsgrad-2.pdf\" target=\"_blank\" rel=\"noopener\">\n\t\t<img loading=\"lazy\" decoding=\"async\" width=\"768\" height=\"631\" src=\"https:\/\/www.tourdesuisse.ch\/wp-content\/uploads\/Schullektion-2-1-768x631.png\" class=\"wpce-image\" alt=\"\" data-css-locator=\"\" srcset=\"https:\/\/www.tourdesuisse.ch\/wp-content\/uploads\/Schullektion-2-1-768x631.png 768w, https:\/\/www.tourdesuisse.ch\/wp-content\/uploads\/Schullektion-2-1-300x246.png 300w, https:\/\/www.tourdesuisse.ch\/wp-content\/uploads\/Schullektion-2-1-1024x841.png 1024w, https:\/\/www.tourdesuisse.ch\/wp-content\/uploads\/Schullektion-2-1.png 1232w\" sizes=\"auto, (max-width: 768px) 100vw, 768px\" \/>\n<\/a><\/div><div  style=\"--grid-layout-index: 3; --col-xs: 12; --col-sm: 6; --col-md: 6; --col-lg: 3; --col-xl: 3\" class=\"section-item layout-default layout-margin-default\"><a href=\"https:\/\/www.tourdesuisse.ch\/wp-content\/uploads\/TdS_Schullektionen_2024_Schweizer-RennfahrerInnen.pdf\" target=\"_blank\" rel=\"noopener\">\n\t\t<img loading=\"lazy\" decoding=\"async\" width=\"768\" height=\"635\" src=\"https:\/\/www.tourdesuisse.ch\/wp-content\/uploads\/Schullektion-3-1-768x635.png\" class=\"wpce-image\" alt=\"\" data-css-locator=\"\" srcset=\"https:\/\/www.tourdesuisse.ch\/wp-content\/uploads\/Schullektion-3-1-768x635.png 768w, https:\/\/www.tourdesuisse.ch\/wp-content\/uploads\/Schullektion-3-1-300x248.png 300w, https:\/\/www.tourdesuisse.ch\/wp-content\/uploads\/Schullektion-3-1-1024x847.png 1024w, https:\/\/www.tourdesuisse.ch\/wp-content\/uploads\/Schullektion-3-1.png 1223w\" sizes=\"auto, (max-width: 768px) 100vw, 768px\" \/>\n<\/a><\/div><div  style=\"--grid-layout-index: 4; --col-xs: 12; --col-sm: 6; --col-md: 6; --col-lg: 3; --col-xl: 3\" class=\"section-item layout-default layout-margin-default\"><a href=\"https:\/\/www.tourdesuisse.ch\/wp-content\/uploads\/Rund-um-die-TdS_Schwierigkeitsgrad-1.pdf\" target=\"_blank\" rel=\"noopener\">\n\t\t<img loading=\"lazy\" decoding=\"async\" width=\"768\" height=\"635\" src=\"https:\/\/www.tourdesuisse.ch\/wp-content\/uploads\/Schullektion-4-1-768x635.png\" class=\"wpce-image\" alt=\"\" data-css-locator=\"\" srcset=\"https:\/\/www.tourdesuisse.ch\/wp-content\/uploads\/Schullektion-4-1-768x635.png 768w, https:\/\/www.tourdesuisse.ch\/wp-content\/uploads\/Schullektion-4-1-300x248.png 300w, https:\/\/www.tourdesuisse.ch\/wp-content\/uploads\/Schullektion-4-1-1024x847.png 1024w, https:\/\/www.tourdesuisse.ch\/wp-content\/uploads\/Schullektion-4-1.png 1223w\" sizes=\"auto, (max-width: 768px) 100vw, 768px\" \/>\n<\/a><\/div><\/div>\n<\/div>\n<div  id class=\"page-section style-default layout-default align-default\">\n\t<div class=\"section-grid grid-layout container\"><div  style=\"--grid-layout-index: 1; --col-xs: 12; --col-sm: 6; --col-md: 6; --col-lg: 3; --col-xl: 3\" class=\"section-item layout-default layout-margin-default\"><a href=\"https:\/\/www.tourdesuisse.ch\/wp-content\/uploads\/Helferinnen-im-Radsport_Schwierigkeitsgrad-2.pdf\" target=\"_blank\" rel=\"noopener\">\n\t\t<img loading=\"lazy\" decoding=\"async\" width=\"768\" height=\"635\" src=\"https:\/\/www.tourdesuisse.ch\/wp-content\/uploads\/Schullektion-5-1-768x635.png\" class=\"wpce-image\" alt=\"\" data-css-locator=\"\" srcset=\"https:\/\/www.tourdesuisse.ch\/wp-content\/uploads\/Schullektion-5-1-768x635.png 768w, https:\/\/www.tourdesuisse.ch\/wp-content\/uploads\/Schullektion-5-1-300x248.png 300w, https:\/\/www.tourdesuisse.ch\/wp-content\/uploads\/Schullektion-5-1-1024x847.png 1024w, https:\/\/www.tourdesuisse.ch\/wp-content\/uploads\/Schullektion-5-1.png 1223w\" sizes=\"auto, (max-width: 768px) 100vw, 768px\" \/>\n<\/a><\/div><div  style=\"--grid-layout-index: 2; --col-xs: 12; --col-sm: 6; --col-md: 6; --col-lg: 3; --col-xl: 3\" class=\"section-item layout-default layout-margin-default\"><a href=\"https:\/\/www.tourdesuisse.ch\/wp-content\/uploads\/Besondere-Etappen_Schwierigkeitsgrad-1.pdf\" target=\"_blank\" rel=\"noopener\">\n\t\t<img loading=\"lazy\" decoding=\"async\" width=\"768\" height=\"635\" src=\"https:\/\/www.tourdesuisse.ch\/wp-content\/uploads\/Schullektion-6-1-768x635.png\" class=\"wpce-image\" alt=\"\" data-css-locator=\"\" srcset=\"https:\/\/www.tourdesuisse.ch\/wp-content\/uploads\/Schullektion-6-1-768x635.png 768w, https:\/\/www.tourdesuisse.ch\/wp-content\/uploads\/Schullektion-6-1-300x248.png 300w, https:\/\/www.tourdesuisse.ch\/wp-content\/uploads\/Schullektion-6-1-1024x847.png 1024w, https:\/\/www.tourdesuisse.ch\/wp-content\/uploads\/Schullektion-6-1.png 1223w\" sizes=\"auto, (max-width: 768px) 100vw, 768px\" \/>\n<\/a><\/div><div  style=\"--grid-layout-index: 3; --col-xs: 12; --col-sm: 6; --col-md: 6; --col-lg: 3; --col-xl: 3\" class=\"section-item layout-default layout-margin-default\"><a href=\"https:\/\/www.tourdesuisse.ch\/wp-content\/uploads\/Ernaehrung-im-Radsport_Schwierigkeitsgrad-3.pdf\" target=\"_blank\" rel=\"noopener\">\n\t\t<img loading=\"lazy\" decoding=\"async\" width=\"768\" height=\"635\" src=\"https:\/\/www.tourdesuisse.ch\/wp-content\/uploads\/Schullektion-7-768x635.png\" class=\"wpce-image\" alt=\"\" data-css-locator=\"\" srcset=\"https:\/\/www.tourdesuisse.ch\/wp-content\/uploads\/Schullektion-7-768x635.png 768w, https:\/\/www.tourdesuisse.ch\/wp-content\/uploads\/Schullektion-7-300x248.png 300w, https:\/\/www.tourdesuisse.ch\/wp-content\/uploads\/Schullektion-7-1024x847.png 1024w, https:\/\/www.tourdesuisse.ch\/wp-content\/uploads\/Schullektion-7.png 1223w\" sizes=\"auto, (max-width: 768px) 100vw, 768px\" \/>\n<\/a><\/div><div  style=\"--grid-layout-index: 4; --col-xs: 12; --col-sm: 6; --col-md: 6; --col-lg: 3; --col-xl: 3\" class=\"section-item layout-default layout-margin-default\"><a href=\"https:\/\/www.tourdesuisse.ch\/wp-content\/uploads\/Unsere-eigene-Etappe_Schwierigkeitsgrad-3.pdf\" target=\"_blank\" rel=\"noopener\">\n\t\t<img loading=\"lazy\" decoding=\"async\" width=\"768\" height=\"635\" src=\"https:\/\/www.tourdesuisse.ch\/wp-content\/uploads\/Schullektion-8-1-1-768x635.png\" class=\"wpce-image\" alt=\"\" data-css-locator=\"\" srcset=\"https:\/\/www.tourdesuisse.ch\/wp-content\/uploads\/Schullektion-8-1-1-768x635.png 768w, https:\/\/www.tourdesuisse.ch\/wp-content\/uploads\/Schullektion-8-1-1-300x248.png 300w, https:\/\/www.tourdesuisse.ch\/wp-content\/uploads\/Schullektion-8-1-1-1024x847.png 1024w, https:\/\/www.tourdesuisse.ch\/wp-content\/uploads\/Schullektion-8-1-1.png 1223w\" sizes=\"auto, (max-width: 768px) 100vw, 768px\" \/>\n<\/a><\/div><\/div>\n<\/div>\n<div  id=\"container-images\" class=\"page-section style-default layout-default align-default\">\n\t<div class=\"section-grid grid-layout container\"><div  style=\"--grid-layout-index: 1; --col-xs: 12; --col-sm: 12; --col-md: 10; --col-lg: 8; --col-xl: 8\" class=\"section-item layout-default layout-margin-default\"><h2>Impressioni<\/h2>\n\n\n<div class=\"youtube-video\">\n\t<iframe loading=\"lazy\" title=\"TdS Schullektion mit der 5. Klasse aus Rudolfstetten\" width=\"500\" height=\"281\" src=\"https:\/\/www.youtube.com\/embed\/ePdc2LEP8h8?feature=oembed\" frameborder=\"0\" allow=\"accelerometer; autoplay; clipboard-write; encrypted-media; gyroscope; picture-in-picture; web-share\" referrerpolicy=\"strict-origin-when-cross-origin\" allowfullscreen><\/iframe>\n<\/div><\/div><\/div>\n<\/div><\/div>","protected":false},"excerpt":{"rendered":"<p>Attivit\u00e0 Lezione scolastica Pagina iniziale Visitatori Attivit\u00e0 Lezione scolastica Pedalata dopo pedalata, sempre pi\u00f9 esperti \u2013 il mondo del ciclismo ti aspetta! Partite insieme ai vostri allievi e alle vostre allieve alla scoperta del mondo del ciclismo. Attraverso il tema attuale del Tour de Suisse, le studentesse e gli studenti acquisiscono nuove conoscenze non solo [&hellip;]<\/p>\n","protected":false},"author":8,"featured_media":0,"parent":70177,"menu_order":0,"comment_status":"closed","ping_status":"closed","template":"","meta":{"_acf_changed":false,"inline_featured_image":false,"footnotes":""},"class_list":["post-70204","page","type-page","status-publish","hentry"],"acf":[],"_links":{"self":[{"href":"https:\/\/www.tourdesuisse.ch\/it\/wp-json\/wp\/v2\/pages\/70204","targetHints":{"allow":["GET"]}}],"collection":[{"href":"https:\/\/www.tourdesuisse.ch\/it\/wp-json\/wp\/v2\/pages"}],"about":[{"href":"https:\/\/www.tourdesuisse.ch\/it\/wp-json\/wp\/v2\/types\/page"}],"author":[{"embeddable":true,"href":"https:\/\/www.tourdesuisse.ch\/it\/wp-json\/wp\/v2\/users\/8"}],"replies":[{"embeddable":true,"href":"https:\/\/www.tourdesuisse.ch\/it\/wp-json\/wp\/v2\/comments?post=70204"}],"version-history":[{"count":2,"href":"https:\/\/www.tourdesuisse.ch\/it\/wp-json\/wp\/v2\/pages\/70204\/revisions"}],"predecessor-version":[{"id":70206,"href":"https:\/\/www.tourdesuisse.ch\/it\/wp-json\/wp\/v2\/pages\/70204\/revisions\/70206"}],"up":[{"embeddable":true,"href":"https:\/\/www.tourdesuisse.ch\/it\/wp-json\/wp\/v2\/pages\/70177"}],"wp:attachment":[{"href":"https:\/\/www.tourdesuisse.ch\/it\/wp-json\/wp\/v2\/media?parent=70204"}],"curies":[{"name":"wp","href":"https:\/\/api.w.org\/{rel}","templated":true}]}}