{"id":70235,"date":"2023-12-04T14:50:38","date_gmt":"2023-12-04T13:50:38","guid":{"rendered":"https:\/\/www.tourdesuisse.ch\/?page_id=70235"},"modified":"2026-01-30T11:02:39","modified_gmt":"2026-01-30T10:02:39","slug":"news","status":"publish","type":"page","link":"https:\/\/www.tourdesuisse.ch\/it\/women\/news\/","title":{"rendered":"News"},"content":{"rendered":"\n<div class=\"background style-pattern\">\n<div  class=\"page-section style-default layout-default align-default\">\n\t<div class=\"section-grid grid-layout container\"><div  style=\"--grid-layout-index: 1\" class=\"section-item layout-default layout-margin-default\">\n<div class=\"news-grid-wrapper\" x-data x-intercept=\"{&quot;guid&quot;:&quot;d488da75-b4ca-4e24-90dc-1e57bd538563&quot;}\"\n\t@after-intercept=\"\n\tif ($el.getBoundingClientRect().top < 0) $el.scrollIntoView({\n\t\tbehavior: 'smooth'\n\t})\n\t\"\n>\n\t<div class=\"news-grid-header\">\n\t\t<div>\n<nav class=\"breadcrumb\" aria-label=\"Percorso di navigazione\">\n\t<ol>\n\t\t<li>\n\t\t\t<a href=\"https:\/\/www.tourdesuisse.ch\/it\/women\/\" class=\"breadcrumb-link\">Pagina iniziale Women<\/a>\n\t\t<\/li>\n\t\t<li>\n\t\t\t<a href=\"https:\/\/www.tourdesuisse.ch\/it\/women\/news\/\" class=\"breadcrumb-link\" aria-current=\"page\">News<\/a>\n\t\t<\/li>\n\t<\/ol>\n<\/nav>\t\t\t<h1>Novit\u00e0<\/h1>\n\t\t<\/div>\n\n\t\t<div class=\"news-filter-options\">\n\n<div\n\tx-data=\"{\n\t\talignment: &quot;left&quot;,\n\t\tattachment: &quot;bottom&quot;,\n\t\talignmentOffset: 0,\n\t\tattachmentOffset: 0,\n\t\tget visible() {\n\t\t\treturn $data.isVisible()\n\t\t},\n\t\t...transition({\n\t\t\tcss: () =&gt; ({\n\t\t\t\topacity: 0,\n\t\t\t\ttransform: ($data.attachment === 'top' ? 'translateY(1rem)' : 'translateY(-1rem)') + ' scale(0.98)',\n\t\t\t}),\n\t\t\tduration: 125,\n\t\t})\n\t}\" class=\"popover-container news-filter-popover-category\"\n\t:class=\"['align-' + alignment, 'attach-' + attachment]\"\n\t:style=\"{\n\t\t'--alignment-offset': alignmentOffset + 'px',\n\t\t'--attachment-offset': attachmentOffset + 'px'\n\t}\"\n\t@click.outside=\"hide()\"\n\t@keydown.escape=\"hide()\"\n\t@before-intercept.document=\"hide()\"\n>\n\t<button\n\t\tx-init=\"\n\t\t$watch('$data.visible', value =&gt; {\n\t\t\tif (!value) return\n\n\t\t\tlet rect = $el.getBoundingClientRect()\n\t\t\tlet offsetLeft = rect.left\n\t\t\tlet offsetRight = window.innerWidth - rect.right\n\t\t\tlet offsetTop = rect.top\n\t\t\tlet offsetBottom = window.innerHeight - rect.bottom\n\n\t\t\tif (&quot;auto&quot; === 'auto') {\n\t\t\t\t$data.alignment = offsetLeft &gt; offsetRight ? 'right' : 'left'\n\t\t\t\t$data.alignmentOffset = offsetLeft &gt; offsetRight ? offsetRight : offsetLeft\n\t\t\t}\n\n\t\t\tif (&quot;auto&quot; === 'auto') {\n\t\t\t\t$data.attachment = offsetTop &gt; offsetBottom ? 'top' : 'bottom'\n\t\t\t\t$data.attachmentOffset = offsetTop &gt; offsetBottom ? offsetBottom : offsetTop\n\t\t\t}\n\t\t})\n\t\t\" class=\"news-filter-popover-trigger box can-hover\"\n\t\ttype=\"button\"\n\t\taria-controls=\"popover-69e7adb9727ab\"\n\t\t:aria-expanded=\"String(isVisible())\"\n\t\t@click=\"toggle()\"\n\t\tdisabled\n\t\t:disabled=\"false\"\n\t>Filtra notizie<\/button>\n\t<div class=\"popover-panel\" id=\"popover-69e7adb9727ab\" x-bind=\"target\" style=\"display: none\">\n\t\t<div class=\"popover-panel-content\">\n\t\t\t\t\t<ul class=\"news-filter-list\">\n\t\t\t\t\t\t<li>\n\t\t\t\t\t\t\t<a\n\t\t\t\t\t\t\t\thref=\"https:\/\/www.tourdesuisse.ch\/it\/women\/news\/\" aria-current=\"page\"\n\t\t\t\t\t\t\t>\n\t\t\t\t\t\t\t\tTutto\n\t\t\t\t\t\t\t<\/a>\n\t\t\t\t\t\t<\/li>\n\t\t\t\t\t\t\t<li>\n\t\t\t\t\t\t\t\t<a\n\t\t\t\t\t\t\t\t\thref=\"https:\/\/www.tourdesuisse.ch\/it\/women\/news\/?c=women-news-it\"\n\t\t\t\t\t\t\t\t>\n\t\t\t\t\t\t\t\t\tWomen-News\n\t\t\t\t\t\t\t\t<\/a>\n\t\t\t\t\t\t\t<\/li>\n\t\t\t\t\t\t\t<li>\n\t\t\t\t\t\t\t\t<a\n\t\t\t\t\t\t\t\t\thref=\"https:\/\/www.tourdesuisse.ch\/it\/women\/news\/?c=contributi-dei-partner\"\n\t\t\t\t\t\t\t\t>\n\t\t\t\t\t\t\t\t\tContributi dei partner\n\t\t\t\t\t\t\t\t<\/a>\n\t\t\t\t\t\t\t<\/li>\n\t\t\t\t\t<\/ul>\n\t\t<\/div>\n\t<\/div>\n<\/div>\t\t<\/div>\n\t<\/div>\n\n\t<div class=\"grid-layout news-grid\">\n\n\n\n\n\n\n\n\n\n\t<a class=\"box news-box can-hover\" href=\"https:\/\/www.tourdesuisse.ch\/it\/women\/post\/s\/il-tour-de-suisse-si-reinventa\/\"\n\t>\n\t\t<div class=\"box-image\"><img loading=\"lazy\" decoding=\"async\" width=\"382\" height=\"310\" src=\"https:\/\/www.tourdesuisse.ch\/wp-content\/uploads\/Buchli_Fotografie_Tour-de-Suisse-Men-2025-3.-Etappe-Aarau-Heiden_80729-382x310.jpg\" class=\"attachment-news-box-image size-news-box-image wp-post-image\" alt=\"\" srcset=\"https:\/\/www.tourdesuisse.ch\/wp-content\/uploads\/Buchli_Fotografie_Tour-de-Suisse-Men-2025-3.-Etappe-Aarau-Heiden_80729-382x310.jpg 382w, https:\/\/www.tourdesuisse.ch\/wp-content\/uploads\/Buchli_Fotografie_Tour-de-Suisse-Men-2025-3.-Etappe-Aarau-Heiden_80729-764x620.jpg 764w\" sizes=\"auto, (max-width: 382px) 100vw, 382px\" \/><\/div>\n\t\t<div class=\"box-inner\">\n\t\t\t\t\t<time class=\"news-time h6\" datetime=\"2025-09-25T10:58:02+02:00\">\n\t\t\t\t\t\t25. Set 2025\n\t\t\t\t\t<\/time>\n\t\t\t\t\t<h4 class=\"news-title\">Il Tour de Suisse si reinventa<\/h4>\n\n\t\t\t\t\t<span class=\"news-more button style-text with-arrow\">\n\t\t\t\t\t\tScopri di pi\u00f9\n\t\t\t\t\t<\/span>\n\t\t<\/div>\n\t<\/a>\n\n\n\n\n\n\n\t<a class=\"box news-box can-hover\" href=\"https:\/\/www.tourdesuisse.ch\/it\/women\/post\/s\/il-weekend-finale-a-vaduz-rinviato-al-2027\/\"\n\t>\n\t\t<div class=\"box-image\"><img loading=\"lazy\" decoding=\"async\" width=\"382\" height=\"310\" src=\"https:\/\/www.tourdesuisse.ch\/wp-content\/uploads\/53779754826_3d075ddfcb_b-382x310.jpg\" class=\"attachment-news-box-image size-news-box-image wp-post-image\" alt=\"\" srcset=\"https:\/\/www.tourdesuisse.ch\/wp-content\/uploads\/53779754826_3d075ddfcb_b-382x310.jpg 382w, https:\/\/www.tourdesuisse.ch\/wp-content\/uploads\/53779754826_3d075ddfcb_b-764x620.jpg 764w\" sizes=\"auto, (max-width: 382px) 100vw, 382px\" \/><\/div>\n\t\t<div class=\"box-inner\">\n\t\t\t\t\t<time class=\"news-time h6\" datetime=\"2025-07-22T13:17:56+02:00\">\n\t\t\t\t\t\t22. Lug 2025\n\t\t\t\t\t<\/time>\n\t\t\t\t\t<h4 class=\"news-title\">Il weekend finale a Vaduz rinviato al 2027<\/h4>\n\n\t\t\t\t\t<span class=\"news-more button style-text with-arrow\">\n\t\t\t\t\t\tScopri di pi\u00f9\n\t\t\t\t\t<\/span>\n\t\t<\/div>\n\t<\/a>\n\n\n\n\n\n\n\t<a class=\"box news-box can-hover\" href=\"https:\/\/www.tourdesuisse.ch\/it\/women\/post\/s\/i-piu-grandi-miti-sullenergia-nel-ciclismo\/\"\n\t>\n\t\t<div class=\"box-image\"><img loading=\"lazy\" decoding=\"async\" width=\"382\" height=\"310\" src=\"https:\/\/www.tourdesuisse.ch\/wp-content\/uploads\/4-9-382x310.png\" class=\"attachment-news-box-image size-news-box-image wp-post-image\" alt=\"\" srcset=\"https:\/\/www.tourdesuisse.ch\/wp-content\/uploads\/4-9-382x310.png 382w, https:\/\/www.tourdesuisse.ch\/wp-content\/uploads\/4-9-764x620.png 764w\" sizes=\"auto, (max-width: 382px) 100vw, 382px\" \/><\/div>\n\t\t<div class=\"box-inner\">\n\t\t\t\t\t<time class=\"news-time h6\" datetime=\"2025-06-17T08:23:25+02:00\">\n\t\t\t\t\t\t17. Giu 2025\n\t\t\t\t\t<\/time>\n\t\t\t\t\t<h4 class=\"news-title\">I pi\u00f9 grandi miti sull&#8217;energia nel ciclismo<\/h4>\n\n\t\t\t\t\t<span class=\"news-more button style-text with-arrow\">\n\t\t\t\t\t\tScopri di pi\u00f9\n\t\t\t\t\t<\/span>\n\t\t<\/div>\n\t<\/a>\n\n\t<\/div>\n\n\t<div class=\"news-grid-controls\">\n<div class=\"page-nav\"><\/div>\t<\/div>\n<\/div>\n<\/div><\/div>\n<\/div><\/div>","protected":false},"excerpt":{"rendered":"<p>Pagina iniziale Women News Novit\u00e0 Filtra notizie Tutto Women-News Contributi dei partner 25. Set 2025 Il Tour de Suisse si reinventa Scopri di pi\u00f9 22. Lug 2025 Il weekend finale a Vaduz rinviato al 2027 Scopri di pi\u00f9 17. Giu 2025 I pi\u00f9 grandi miti sull&#8217;energia nel ciclismo Scopri di pi\u00f9<\/p>\n","protected":false},"author":8,"featured_media":0,"parent":70237,"menu_order":0,"comment_status":"closed","ping_status":"closed","template":"","meta":{"_acf_changed":false,"inline_featured_image":false,"footnotes":""},"class_list":["post-70235","page","type-page","status-publish","hentry"],"acf":[],"_links":{"self":[{"href":"https:\/\/www.tourdesuisse.ch\/it\/wp-json\/wp\/v2\/pages\/70235","targetHints":{"allow":["GET"]}}],"collection":[{"href":"https:\/\/www.tourdesuisse.ch\/it\/wp-json\/wp\/v2\/pages"}],"about":[{"href":"https:\/\/www.tourdesuisse.ch\/it\/wp-json\/wp\/v2\/types\/page"}],"author":[{"embeddable":true,"href":"https:\/\/www.tourdesuisse.ch\/it\/wp-json\/wp\/v2\/users\/8"}],"replies":[{"embeddable":true,"href":"https:\/\/www.tourdesuisse.ch\/it\/wp-json\/wp\/v2\/comments?post=70235"}],"version-history":[{"count":1,"href":"https:\/\/www.tourdesuisse.ch\/it\/wp-json\/wp\/v2\/pages\/70235\/revisions"}],"predecessor-version":[{"id":70236,"href":"https:\/\/www.tourdesuisse.ch\/it\/wp-json\/wp\/v2\/pages\/70235\/revisions\/70236"}],"up":[{"embeddable":true,"href":"https:\/\/www.tourdesuisse.ch\/it\/wp-json\/wp\/v2\/pages\/70237"}],"wp:attachment":[{"href":"https:\/\/www.tourdesuisse.ch\/it\/wp-json\/wp\/v2\/media?parent=70235"}],"curies":[{"name":"wp","href":"https:\/\/api.w.org\/{rel}","templated":true}]}}