{"id":70256,"date":"2023-12-04T14:52:03","date_gmt":"2023-12-04T13:52:03","guid":{"rendered":"https:\/\/www.tourdesuisse.ch\/?page_id=70256"},"modified":"2026-04-20T15:43:47","modified_gmt":"2026-04-20T13:43:47","slug":"piano-per-fasi","status":"publish","type":"page","link":"https:\/\/www.tourdesuisse.ch\/it\/piano-per-fasi\/","title":{"rendered":"Piano delle tappe"},"content":{"rendered":"\n<div class=\"intro-section page-section style-default layout-default align-default with-content\">\n\t<div class=\"section-grid grid-layout container\">\n\t\t<div style=\"--grid-layout-index: 1; --col-xs: 12; --col-sm: 12; --col-md: 12; --col-lg: 12; --col-xl: 12\" class=\"section-item layout-default layout-margin-default\">\n\t\t\t<div class=\"intro-background-title\" data-content=\"2026\">2026<\/div>\n\t\t\t<div class=\"intro-title-wrapper\">\n\t\t\t\t<h1 class=\"intro-title\">Piano delle tappe<\/h1>\n\t\t\t\t<a href=\"#karte\" class=\"button style-text with-arrow\">Karte ansehen<\/a>\n\t\t\t<\/div>\n\t\t\t<div class=\"intro-content lead-text\">\n\t\t\t\t<p>Il percorso dell&#8217;edizione 2026 sar\u00e0 reso noto nei prossimi giorni.<\/p>\n\n\t\t\t<\/div>\n\t\t<\/div>\n\t<\/div>\n<\/div>\n\n<div  id class=\"page-section style-default layout-default align-default\">\n\t<div class=\"section-grid grid-layout container\"><div  style=\"--grid-layout-index: 1; --col-xs: 12; --col-sm: 12; --col-md: 12; --col-lg: 4; --col-xl: 4\" class=\"section-item layout-default layout-margin-default\">\n<div class=\"youtube-video\">\n\t<iframe loading=\"lazy\" title=\"Final Route - Tour de Suisse Men 2025\" width=\"500\" height=\"281\" src=\"https:\/\/www.youtube.com\/embed\/Lkke9PCX73Q?feature=oembed\" frameborder=\"0\" allow=\"accelerometer; autoplay; clipboard-write; encrypted-media; gyroscope; picture-in-picture; web-share\" referrerpolicy=\"strict-origin-when-cross-origin\" allowfullscreen><\/iframe>\n<\/div><\/div><\/div>\n<\/div><div  id=\"karte\" class=\"page-section style-default layout-default align-default\">\n\t<div class=\"section-grid grid-layout container\"><div  style=\"--grid-layout-index: 1; --col-xs: 12; --col-sm: 12; --col-md: 12; --col-lg: 12; --col-xl: 12\" class=\"section-item layout-default layout-margin-default\"><h2>Scopri le localit\u00e0 di tappa 2026<\/h2>\n\n\n<div class=\"buttons\">\n\t<div class=\"button-group\">\n\n\t\t\t<a\n\t\t\t\thref=\"https:\/\/www.tourdesuisse.ch\/etappenorte-men\/\" class=\"button style-default with-arrow\"\n\t\t\t>\n\t\t\t\tVisualizza le localit\u00e0 di tappa\n\t\t\t<\/a>\n\t<\/div>\n<\/div>\n\n\t\t<img loading=\"lazy\" decoding=\"async\" width=\"1024\" height=\"724\" src=\"https:\/\/www.tourdesuisse.ch\/wp-content\/uploads\/TdS2026_Karte_Strecke_LY02-1024x724.png\" class=\"wpce-image\" alt=\"\" data-css-locator=\"\" srcset=\"https:\/\/www.tourdesuisse.ch\/wp-content\/uploads\/TdS2026_Karte_Strecke_LY02-1024x724.png 1024w, https:\/\/www.tourdesuisse.ch\/wp-content\/uploads\/TdS2026_Karte_Strecke_LY02-300x212.png 300w, https:\/\/www.tourdesuisse.ch\/wp-content\/uploads\/TdS2026_Karte_Strecke_LY02-768x543.png 768w, https:\/\/www.tourdesuisse.ch\/wp-content\/uploads\/TdS2026_Karte_Strecke_LY02-1536x1086.png 1536w, https:\/\/www.tourdesuisse.ch\/wp-content\/uploads\/TdS2026_Karte_Strecke_LY02-2048x1448.png 2048w, https:\/\/www.tourdesuisse.ch\/wp-content\/uploads\/TdS2026_Karte_Strecke_LY02.png 2560w\" sizes=\"auto, (max-width: 1024px) 100vw, 1024px\" \/>\n<\/div><\/div>\n<\/div>","protected":false},"excerpt":{"rendered":"<p>2026 Piano delle tappe Karte ansehen Il percorso dell&#8217;edizione 2026 sar\u00e0 reso noto nei prossimi giorni. Scopri le localit\u00e0 di tappa 2026 Visualizza le localit\u00e0 di tappa<\/p>\n","protected":false},"author":8,"featured_media":0,"parent":0,"menu_order":0,"comment_status":"closed","ping_status":"closed","template":"","meta":{"_acf_changed":false,"inline_featured_image":false,"footnotes":""},"class_list":["post-70256","page","type-page","status-publish","hentry"],"acf":[],"_links":{"self":[{"href":"https:\/\/www.tourdesuisse.ch\/it\/wp-json\/wp\/v2\/pages\/70256","targetHints":{"allow":["GET"]}}],"collection":[{"href":"https:\/\/www.tourdesuisse.ch\/it\/wp-json\/wp\/v2\/pages"}],"about":[{"href":"https:\/\/www.tourdesuisse.ch\/it\/wp-json\/wp\/v2\/types\/page"}],"author":[{"embeddable":true,"href":"https:\/\/www.tourdesuisse.ch\/it\/wp-json\/wp\/v2\/users\/8"}],"replies":[{"embeddable":true,"href":"https:\/\/www.tourdesuisse.ch\/it\/wp-json\/wp\/v2\/comments?post=70256"}],"version-history":[{"count":10,"href":"https:\/\/www.tourdesuisse.ch\/it\/wp-json\/wp\/v2\/pages\/70256\/revisions"}],"predecessor-version":[{"id":72978,"href":"https:\/\/www.tourdesuisse.ch\/it\/wp-json\/wp\/v2\/pages\/70256\/revisions\/72978"}],"wp:attachment":[{"href":"https:\/\/www.tourdesuisse.ch\/it\/wp-json\/wp\/v2\/media?parent=70256"}],"curies":[{"name":"wp","href":"https:\/\/api.w.org\/{rel}","templated":true}]}}