{"id":70315,"date":"2024-12-19T09:58:26","date_gmt":"2024-12-19T08:58:26","guid":{"rendered":"https:\/\/www.tourdesuisse.ch\/?page_id=70315"},"modified":"2026-01-30T15:16:56","modified_gmt":"2026-01-30T14:16:56","slug":"diventare-citta-di-tappa","status":"publish","type":"page","link":"https:\/\/www.tourdesuisse.ch\/it\/diventare-citta-di-tappa\/","title":{"rendered":"Diventare citt\u00e0 di tappa"},"content":{"rendered":"\n<div class=\"background style-pattern\">\n\n<div class=\"intro-section page-section style-default layout-default align-default with-content\">\n\t<div class=\"section-grid grid-layout container\">\n\t\t<div style=\"--grid-layout-index: 1; --col-xs: 12; --col-sm: 12; --col-md: 12; --col-lg: 12; --col-xl: 12\" class=\"section-item layout-default layout-margin-default\">\n\t\t\t<div class=\"intro-background-title\" data-content=\"TDS\">TDS<\/div>\n\t\t\t<div class=\"intro-title-wrapper\">\n\t\t\t\t<h1 class=\"intro-title\">Diventare citt\u00e0 di tappa<\/h1>\n\t\t\t<\/div>\n\t\t\t<div class=\"intro-content lead-text\">\n\t\t\t\t<p>Il Tour de Suisse \u00e8 il pi\u00f9 grande evento ciclistico della Svizzera e rappresenta un momento di grande prestigio con un\u2019ampia risonanza nazionale e internazionale.<\/p>\n\n\t\t\t<\/div>\n\t\t<\/div>\n\t<\/div>\n<\/div>\n\n\n<div  id class=\"page-section style-default layout-default align-default\">\n\t<div class=\"section-grid grid-layout container\"><div  style=\"--grid-layout-index: 1; --col-xs: 12; --col-sm: 12; --col-md: 6; --col-lg: 6; --col-xl: 6\" class=\"section-item layout-default layout-margin-default\"><h3>Portate con orgoglio il vostro comune, la vostra citt\u00e0 e la vostra regione sotto i riflettori<\/h3>\n<ul class=\"styled-list\">\n<li>Offrite una festa entusiasmante e aggregante per tutti<\/li>\n<li>Raccogliete entusiasmo, emozioni e applausi<\/li>\n<li>Posizionatevi come capitale sportiva svizzera<\/li>\n<li>Diventate ospiti della scena ciclistica internazionale<\/li>\n<li>Approfittate di una copertura mediatica nazionale e internazionale<\/li>\n<\/ul>\n\n<\/div><div  style=\"--grid-layout-index: 2; --col-xs: 12; --col-sm: 12; --col-md: 6; --col-lg: 6; --col-xl: 6\" class=\"section-item layout-default layout-margin-default\">\n<div class=\"youtube-video\">\n\t<iframe loading=\"lazy\" title=\"Highlights der Tour de Suisse 2024\" width=\"500\" height=\"281\" src=\"https:\/\/www.youtube.com\/embed\/TIV6w98ccZg?feature=oembed\" frameborder=\"0\" allow=\"accelerometer; autoplay; clipboard-write; encrypted-media; gyroscope; picture-in-picture; web-share\" referrerpolicy=\"strict-origin-when-cross-origin\" allowfullscreen><\/iframe>\n<\/div><\/div><\/div>\n<\/div>\n<div  id class=\"page-section style-default layout-default align-default\" data-css-locator=\"75e208b8-81c5-4bf3-98df-0f2482121262\">\n\t<div class=\"section-grid grid-layout container\"><div  style=\"--grid-layout-index: 1; --col-xs: 12; --col-sm: 12; --col-md: 12; --col-lg: 12; --col-xl: 12\" class=\"section-item layout-default layout-margin-default\"><h3>\u00abASSOLUTAMENTE FANTASTICO, EMOZIONANTE, INTERESSANTE \u2013 LO RIFAREI SENZA ESITARE\u00bb, \u00ab2000 PERNOTTAMENTI PER LA REGIONE\u00bb, \u00abUNA FESTA PER TUTTA LA REGIONE\u00bb<\/h3>\n<\/div><\/div>\n<\/div>\n<div  id class=\"page-section style-default layout-default align-default\">\n\t<div class=\"section-grid grid-layout container\"><div  style=\"--grid-layout-index: 1; --col-xs: 12; --col-sm: 12; --col-md: 6; --col-lg: 4; --col-xl: 4\" class=\"section-item layout-default layout-margin-default\"><div><div style=\"width: 640px;\" class=\"wp-video\"><video class=\"wp-video-shortcode\" id=\"video-70315-1\" width=\"640\" height=\"360\" preload=\"metadata\" controls=\"controls\"><source type=\"video\/mp4\" src=\"https:\/\/www.tourdesuisse.ch\/wp-content\/uploads\/Andy_Neuenschwander_Neuhausen_V2.mp4?_=1\" \/><a href=\"https:\/\/www.tourdesuisse.ch\/wp-content\/uploads\/Andy_Neuenschwander_Neuhausen_V2.mp4\">https:\/\/www.tourdesuisse.ch\/wp-content\/uploads\/Andy_Neuenschwander_Neuhausen_V2.mp4<\/a><\/video><\/div><\/div>\n\n<p><strong>Andy Neuenschwander<\/strong>, Presidente del comitato organizzatore della citt\u00e0 di tappa Neuhausen am Rheinfall (2025)<\/p>\n<\/div><div  style=\"--grid-layout-index: 2; --col-xs: 12; --col-sm: 12; --col-md: 6; --col-lg: 4; --col-xl: 4\" class=\"section-item layout-default layout-margin-default\"><div><div style=\"width: 640px;\" class=\"wp-video\"><video class=\"wp-video-shortcode\" id=\"video-70315-2\" width=\"640\" height=\"360\" preload=\"metadata\" controls=\"controls\"><source type=\"video\/mp4\" src=\"https:\/\/www.tourdesuisse.ch\/wp-content\/uploads\/Harry-Huwyler-16x9-1.mp4?_=2\" \/><a href=\"https:\/\/www.tourdesuisse.ch\/wp-content\/uploads\/Harry-Huwyler-16x9-1.mp4\">https:\/\/www.tourdesuisse.ch\/wp-content\/uploads\/Harry-Huwyler-16x9-1.mp4<\/a><\/video><\/div><\/div>\n\n<p><strong>Harry Huwyler<\/strong>, OK-Pr\u00e4sident des Etappenorts Gemeinde Regensdorf<\/p>\n<\/div><div  style=\"--grid-layout-index: 3; --col-xs: 12; --col-sm: 12; --col-md: 6; --col-lg: 4; --col-xl: 4\" class=\"section-item layout-default layout-margin-default\"><div><div style=\"width: 640px;\" class=\"wp-video\"><video class=\"wp-video-shortcode\" id=\"video-70315-3\" width=\"640\" height=\"360\" preload=\"metadata\" controls=\"controls\"><source type=\"video\/mp4\" src=\"https:\/\/www.tourdesuisse.ch\/wp-content\/uploads\/Stefan-Naef.mp4?_=3\" \/><a href=\"https:\/\/www.tourdesuisse.ch\/wp-content\/uploads\/Stefan-Naef.mp4\">https:\/\/www.tourdesuisse.ch\/wp-content\/uploads\/Stefan-Naef.mp4<\/a><\/video><\/div><\/div>\n\n<p><strong>Stefan N\u00e4f<\/strong>, Responsabile del Project Management Office Einsiedeln-Ybrig-Z\u00fcrichsee AG<\/p>\n<\/div><\/div>\n<\/div>\n<div  id class=\"page-section style-default layout-default align-default\">\n\t<div class=\"section-grid grid-layout container\"><div  style=\"--grid-layout-index: 1; --col-xs: 12; --col-sm: 12; --col-md: 6; --col-lg: 6; --col-xl: 6\" class=\"section-item layout-default layout-margin-default\"><h3>Saremo lieti di consigliarvi!<\/h3>\n<ul class=\"styled-list\">\n<li>Siete interessati? Oppure non siete sicuri se una tappa del Tour de Suisse sia possibile nel vostro comune?<\/li>\n<li>Avete una festa di paese, un anniversario o un altro evento nei prossimi anni che potrebbe essere combinato con il Tour de Suisse?<\/li>\n<\/ul>\n<p>Contattateci senza impegno per domande o per manifestare il vostro interesse. Vi invieremo immediatamente ulteriori informazioni e vi contatteremo direttamente.<\/p>\n<\/div><div  style=\"--grid-layout-index: 2; --col-xs: 12; --col-sm: 12; --col-md: 6; --col-lg: 6; --col-xl: 6\" class=\"section-item layout-default layout-margin-default\">\n\n\n\n<div class=\"box-wrapper\">\n\t<div class=\"box employee-box\"\n\t>\n\t\t<div class=\"box-image\"><img loading=\"lazy\" decoding=\"async\" width=\"395\" height=\"295\" src=\"https:\/\/www.tourdesuisse.ch\/wp-content\/uploads\/Olivier-Senn-1-395x295.jpg\" class=\"attachment-employee-box-image size-employee-box-image wp-post-image\" alt=\"Portrait Olivier Senn\" srcset=\"https:\/\/www.tourdesuisse.ch\/wp-content\/uploads\/Olivier-Senn-1-395x295.jpg 395w, https:\/\/www.tourdesuisse.ch\/wp-content\/uploads\/Olivier-Senn-1-790x590.jpg 790w\" sizes=\"auto, (max-width: 395px) 100vw, 395px\" \/><\/div>\n\t\t<div class=\"box-inner\">\n\t\t\t<h4 class=\"employee-name\">Olivier Senn<\/h4>\n\n\t\t\t<ul class=\"employee-contact-list\">\n\t\t\t\t<li class=\"employee-email\">\n\n<a href=\"mailto:olivier@cycling-unlimited.ch\" class=\"contact-button\" style=\"--icon: url(&#039;https:\/\/www.tourdesuisse.ch\/wp-content\/themes\/tourdesuisse.ch\/elements\/contact-button\/contact-button-email.svg&#039;)\">\n\t<span class=\"sr-only\">\n\t\tIndirizzo email:\n\t<\/span>\n\tolivier@cycling-unlimited.ch\n<\/a>\t\t\t\t<\/li>\n\t\t\t\t<li class=\"employee-phone\">\n\n<a href=\"tel:+41795284160\" class=\"contact-button\" style=\"--icon: url(&#039;https:\/\/www.tourdesuisse.ch\/wp-content\/themes\/tourdesuisse.ch\/elements\/contact-button\/contact-button-phone.svg&#039;)\">\n\t<span class=\"sr-only\">\n\t\tNumero di telefono:\n\t<\/span>\n\t+41 79 528 41 60\n<\/a>\t\t\t\t<\/li>\n\t\t\t<\/ul>\n\t\t<\/div>\n\t<\/div>\n<\/div>\n<\/div><\/div>\n<\/div>\n<div  class=\"page-section style-default layout-default align-default\">\n\t<div class=\"section-grid grid-layout container\"><div  style=\"--grid-layout-index: 1\" class=\"section-item layout-default layout-margin-default\"><h1>Modulo di richiesta per citt\u00e0 di tappa<\/h1>\n<p>Siamo lieti di ricevere la vostra richiesta e vi contatteremo il prima possibile.<\/p>\n\n\t<div>\n\t\t<div class=\"wpforms-container \" id=\"wpforms-14610\"><form id=\"wpforms-form-14610\" class=\"wpforms-validate wpforms-form wpforms-ajax-form\" data-formid=\"14610\" method=\"post\" enctype=\"multipart\/form-data\" action=\"\/it\/wp-json\/wp\/v2\/pages\/70315\" data-token=\"c9a026160da84fe814c86db4606cc784\" data-token-time=\"1776797383\"><noscript class=\"wpforms-error-noscript\">Abilita JavaScript nel browser per completare questo modulo.<\/noscript><div class=\"wpforms-field-container\"><div id=\"wpforms-14610-field_3-container\" class=\"wpforms-field wpforms-field-name\" data-field-id=\"3\"><label class=\"wpforms-field-label\">Name <span class=\"wpforms-required-label\">*<\/span><\/label><div class=\"wpforms-field-row wpforms-field-large\"><div class=\"wpforms-field-row-block wpforms-first wpforms-one-half\"><input type=\"text\" id=\"wpforms-14610-field_3\" class=\"wpforms-field-name-first wpforms-field-required\" name=\"wpforms[fields][3][first]\" required><label for=\"wpforms-14610-field_3\" class=\"wpforms-field-sublabel after\">Nome<\/label><\/div><div class=\"wpforms-field-row-block wpforms-one-half\"><input type=\"text\" id=\"wpforms-14610-field_3-last\" class=\"wpforms-field-name-last wpforms-field-required\" name=\"wpforms[fields][3][last]\" required><label for=\"wpforms-14610-field_3-last\" class=\"wpforms-field-sublabel after\">Cognome<\/label><\/div><\/div><\/div><div id=\"wpforms-14610-field_7-container\" class=\"wpforms-field wpforms-field-text\" data-field-id=\"7\"><label class=\"wpforms-field-label\" for=\"wpforms-14610-field_7\">Gew\u00fcnschte Gemeinde\/Stadt <span class=\"wpforms-required-label\">*<\/span><\/label><input type=\"text\" id=\"wpforms-14610-field_7\" class=\"wpforms-field-large wpforms-field-required\" name=\"wpforms[fields][7]\" required><\/div><div id=\"wpforms-14610-field_4-container\" class=\"wpforms-field wpforms-field-text\" data-field-id=\"4\"><label class=\"wpforms-field-label\" for=\"wpforms-14610-field_4\">Funktion <span class=\"wpforms-required-label\">*<\/span><\/label><input type=\"text\" id=\"wpforms-14610-field_4\" class=\"wpforms-field-large wpforms-field-required\" name=\"wpforms[fields][4]\" required><\/div><div id=\"wpforms-14610-field_5-container\" class=\"wpforms-field wpforms-field-email\" data-field-id=\"5\"><label class=\"wpforms-field-label\" for=\"wpforms-14610-field_5\">E-Mail <span class=\"wpforms-required-label\">*<\/span><\/label><input type=\"email\" id=\"wpforms-14610-field_5\" class=\"wpforms-field-large wpforms-field-required\" name=\"wpforms[fields][5]\" spellcheck=\"false\" required><\/div><div id=\"wpforms-14610-field_6-container\" class=\"wpforms-field wpforms-field-phone\" data-field-id=\"6\"><label class=\"wpforms-field-label\" for=\"wpforms-14610-field_6\">Telefonnummer<\/label><input type=\"tel\" id=\"wpforms-14610-field_6\" class=\"wpforms-field-large wpforms-smart-phone-field\" data-rule-smart-phone-field=\"true\" name=\"wpforms[fields][6]\" placeholder=\"123 456 7890\" aria-label=\"Telefonnummer\" ><\/div>\t\t<div id=\"wpforms-14610-field_8-container\"\n\t\t\tclass=\"wpforms-field wpforms-field-text\"\n\t\t\tdata-field-type=\"text\"\n\t\t\tdata-field-id=\"8\"\n\t\t\t>\n\t\t\t<label class=\"wpforms-field-label\" for=\"wpforms-14610-field_8\" >f\u00fcr Telefonnummer E-Mail<\/label>\n\t\t\t<input type=\"text\" id=\"wpforms-14610-field_8\" class=\"wpforms-field-medium\" name=\"wpforms[fields][8]\" >\n\t\t<\/div>\n\t\t<div id=\"wpforms-14610-field_1-container\" class=\"wpforms-field wpforms-field-radio\" data-field-id=\"1\"><label class=\"wpforms-field-label\">Interesse an TdS-Etappe in den kommenden Jahren<\/label><ul id=\"wpforms-14610-field_1\"><li class=\"choice-1 depth-1\"><input type=\"radio\" id=\"wpforms-14610-field_1_1\" name=\"wpforms[fields][1]\" value=\"Ja\"  ><label class=\"wpforms-field-label-inline\" for=\"wpforms-14610-field_1_1\">Ja<\/label><\/li><li class=\"choice-2 depth-1\"><input type=\"radio\" id=\"wpforms-14610-field_1_2\" name=\"wpforms[fields][1]\" value=\"Nein\"  ><label class=\"wpforms-field-label-inline\" for=\"wpforms-14610-field_1_2\">Nein<\/label><\/li><\/ul><\/div><div id=\"wpforms-14610-field_2-container\" class=\"wpforms-field wpforms-field-checkbox\" data-field-id=\"2\"><label class=\"wpforms-field-label\">Interesse f\u00fcr folgendes Jahr<\/label><ul id=\"wpforms-14610-field_2\"><li class=\"choice-1 depth-1\"><input type=\"checkbox\" id=\"wpforms-14610-field_2_1\" name=\"wpforms[fields][2][]\" value=\"2027\"  ><label class=\"wpforms-field-label-inline\" for=\"wpforms-14610-field_2_1\">2027<\/label><\/li><li class=\"choice-2 depth-1\"><input type=\"checkbox\" id=\"wpforms-14610-field_2_2\" name=\"wpforms[fields][2][]\" value=\"2028\"  ><label class=\"wpforms-field-label-inline\" for=\"wpforms-14610-field_2_2\">2028<\/label><\/li><li class=\"choice-3 depth-1\"><input type=\"checkbox\" id=\"wpforms-14610-field_2_3\" name=\"wpforms[fields][2][]\" value=\"2029\"  ><label class=\"wpforms-field-label-inline\" for=\"wpforms-14610-field_2_3\">2029<\/label><\/li><li class=\"choice-4 depth-1\"><input type=\"checkbox\" id=\"wpforms-14610-field_2_4\" name=\"wpforms[fields][2][]\" value=\"2030\"  ><label class=\"wpforms-field-label-inline\" for=\"wpforms-14610-field_2_4\">2030<\/label><\/li><li class=\"choice-5 depth-1\"><input type=\"checkbox\" id=\"wpforms-14610-field_2_5\" name=\"wpforms[fields][2][]\" value=\"sp\u00e4ter\"  ><label class=\"wpforms-field-label-inline\" for=\"wpforms-14610-field_2_5\">sp\u00e4ter<\/label><\/li><\/ul><\/div><script>\n\t\t\t\t( function() {\n\t\t\t\t\tconst style = document.createElement( 'style' );\n\t\t\t\t\tstyle.appendChild( document.createTextNode( '#wpforms-14610-field_8-container { position: absolute !important; overflow: hidden !important; display: inline !important; height: 1px !important; width: 1px !important; z-index: -1000 !important; padding: 0 !important; } #wpforms-14610-field_8-container input { visibility: hidden; } #wpforms-conversational-form-page #wpforms-14610-field_8-container label { counter-increment: none; }' ) );\n\t\t\t\t\tdocument.head.appendChild( style );\n\t\t\t\t\tdocument.currentScript?.remove();\n\t\t\t\t} )();\n\t\t\t<\/script><\/div><!-- .wpforms-field-container --><div class=\"wpforms-submit-container\" ><input type=\"hidden\" name=\"wpforms[id]\" value=\"14610\"><input type=\"hidden\" name=\"page_title\" value=\"\"><input type=\"hidden\" name=\"page_url\" value=\"https:\/\/www.tourdesuisse.ch\/it\/wp-json\/wp\/v2\/pages\/70315\"><input type=\"hidden\" name=\"url_referer\" value=\"\"><button type=\"submit\" name=\"wpforms[submit]\" id=\"wpforms-submit-14610\" class=\"wpforms-submit\" data-alt-text=\"Wird gesendet\u00a0\u2026\" data-submit-text=\"Absenden\" aria-live=\"assertive\" value=\"wpforms-submit\">Absenden<\/button><img loading=\"lazy\" decoding=\"async\" src=\"https:\/\/www.tourdesuisse.ch\/wp-content\/plugins\/wpforms\/assets\/images\/submit-spin.svg\" class=\"wpforms-submit-spinner\" style=\"display: none;\" width=\"26\" height=\"26\" alt=\"Caricamento\"><\/div><\/form><\/div>  <!-- .wpforms-container -->\n\t<\/div>\n<\/div><\/div>\n<\/div><\/div>","protected":false},"excerpt":{"rendered":"<p>TDS Diventare citt\u00e0 di tappa Il Tour de Suisse \u00e8 il pi\u00f9 grande evento ciclistico della Svizzera e rappresenta un momento di grande prestigio con un\u2019ampia risonanza nazionale e internazionale. Portate con orgoglio il vostro comune, la vostra citt\u00e0 e la vostra regione sotto i riflettori Offrite una festa entusiasmante e aggregante per tutti Raccogliete [&hellip;]<\/p>\n","protected":false},"author":8,"featured_media":0,"parent":0,"menu_order":0,"comment_status":"closed","ping_status":"closed","template":"","meta":{"_acf_changed":false,"inline_featured_image":false,"footnotes":""},"class_list":["post-70315","page","type-page","status-publish","hentry"],"acf":[],"_links":{"self":[{"href":"https:\/\/www.tourdesuisse.ch\/it\/wp-json\/wp\/v2\/pages\/70315","targetHints":{"allow":["GET"]}}],"collection":[{"href":"https:\/\/www.tourdesuisse.ch\/it\/wp-json\/wp\/v2\/pages"}],"about":[{"href":"https:\/\/www.tourdesuisse.ch\/it\/wp-json\/wp\/v2\/types\/page"}],"author":[{"embeddable":true,"href":"https:\/\/www.tourdesuisse.ch\/it\/wp-json\/wp\/v2\/users\/8"}],"replies":[{"embeddable":true,"href":"https:\/\/www.tourdesuisse.ch\/it\/wp-json\/wp\/v2\/comments?post=70315"}],"version-history":[{"count":1,"href":"https:\/\/www.tourdesuisse.ch\/it\/wp-json\/wp\/v2\/pages\/70315\/revisions"}],"predecessor-version":[{"id":70316,"href":"https:\/\/www.tourdesuisse.ch\/it\/wp-json\/wp\/v2\/pages\/70315\/revisions\/70316"}],"wp:attachment":[{"href":"https:\/\/www.tourdesuisse.ch\/it\/wp-json\/wp\/v2\/media?parent=70315"}],"curies":[{"name":"wp","href":"https:\/\/api.w.org\/{rel}","templated":true}]}}