{"id":70342,"date":"2024-02-05T15:18:17","date_gmt":"2024-02-05T14:18:17","guid":{"rendered":"https:\/\/www.tourdesuisse.ch\/?page_id=70342"},"modified":"2026-01-30T16:33:35","modified_gmt":"2026-01-30T15:33:35","slug":"organisation","status":"publish","type":"page","link":"https:\/\/www.tourdesuisse.ch\/it\/organisation\/","title":{"rendered":"Organisation"},"content":{"rendered":"\n<div class=\"intro-section page-section style-default layout-default align-default with-content\">\n\t<div class=\"section-grid grid-layout container\">\n\t\t<div style=\"--grid-layout-index: 1; --col-xs: 12; --col-sm: 12; --col-md: 12; --col-lg: 12; --col-xl: 12\" class=\"section-item layout-default layout-margin-default\">\n\t\t\t<div class=\"intro-background-title\" data-content=\"2026\">2026<\/div>\n\t\t\t<div class=\"intro-title-wrapper\">\n\t\t\t\t<h1 class=\"intro-title\">Organizzazione<\/h1>\n\t\t\t<\/div>\n\t\t\t<div class=\"intro-content lead-text\">\n\t\t\t\t<p>Dal 1\u00b0 luglio 2019 il Tour de Suisse \u00e8 organizzato da CYCLING UNLIMITED AG sotto la direzione di Olivier Senn, mentre Hans-Peter Zurbr\u00fcgg, Senior Vice President Personal &amp; Corporate Fitness presso Infront Sports &amp; Media AG, \u00e8 presidente del Consiglio di amministrazione.<\/p>\n\n\t\t\t<\/div>\n\t\t<\/div>\n\t<\/div>\n<\/div>\n\n<div  class=\"page-section style-default layout-default align-default\">\n\t<div class=\"section-grid grid-layout container\"><div  style=\"--grid-layout-index: 1\" class=\"section-item layout-default layout-margin-default\"><div class=\"et_pb_module et_pb_text et_pb_text_1 et_pb_text_align_justified et_pb_bg_layout_light\">\n<div class=\"et_pb_text_inner\">\n<p>Il team operativo del Tour de Suisse, composto da C\u00e9lina Rovescala e Anne Stahel (direzione commerciale), Jonas Leib (direzione tecnica) e David Loosli (direzione sportiva), vanta un&#8217;esperienza pluriennale. Il team centrale \u00e8 supportato da numerosi responsabili di settore, tutti professionisti assoluti nei rispettivi ambiti.<\/p>\n<\/div>\n<\/div>\n\n<div class=\"et_pb_module et_pb_text et_pb_text_1 et_pb_text_align_justified et_pb_bg_layout_light\">\n<div class=\"et_pb_text_inner\">\n<h2>DIREZIONE<\/h2>\n<\/div>\n<\/div>\n\n\n<div class=\"employees\">\n\t<div class=\"grid-layout employee-grid\">\n\t<\/div>\n<\/div>\n<h2>Responsabile di settore<\/h2>\n\n\n<div class=\"employees\">\n\t<div class=\"grid-layout employee-grid\">\n\t<\/div>\n<\/div><\/div><\/div>\n<\/div>","protected":false},"excerpt":{"rendered":"<p>2026 Organizzazione Dal 1\u00b0 luglio 2019 il Tour de Suisse \u00e8 organizzato da CYCLING UNLIMITED AG sotto la direzione di Olivier Senn, mentre Hans-Peter Zurbr\u00fcgg, Senior Vice President Personal &amp; Corporate Fitness presso Infront Sports &amp; Media AG, \u00e8 presidente del Consiglio di amministrazione. Il team operativo del Tour de Suisse, composto da C\u00e9lina Rovescala [&hellip;]<\/p>\n","protected":false},"author":8,"featured_media":0,"parent":0,"menu_order":0,"comment_status":"closed","ping_status":"closed","template":"","meta":{"_acf_changed":false,"inline_featured_image":false,"footnotes":""},"class_list":["post-70342","page","type-page","status-publish","hentry"],"acf":[],"_links":{"self":[{"href":"https:\/\/www.tourdesuisse.ch\/it\/wp-json\/wp\/v2\/pages\/70342","targetHints":{"allow":["GET"]}}],"collection":[{"href":"https:\/\/www.tourdesuisse.ch\/it\/wp-json\/wp\/v2\/pages"}],"about":[{"href":"https:\/\/www.tourdesuisse.ch\/it\/wp-json\/wp\/v2\/types\/page"}],"author":[{"embeddable":true,"href":"https:\/\/www.tourdesuisse.ch\/it\/wp-json\/wp\/v2\/users\/8"}],"replies":[{"embeddable":true,"href":"https:\/\/www.tourdesuisse.ch\/it\/wp-json\/wp\/v2\/comments?post=70342"}],"version-history":[{"count":1,"href":"https:\/\/www.tourdesuisse.ch\/it\/wp-json\/wp\/v2\/pages\/70342\/revisions"}],"predecessor-version":[{"id":70343,"href":"https:\/\/www.tourdesuisse.ch\/it\/wp-json\/wp\/v2\/pages\/70342\/revisions\/70343"}],"wp:attachment":[{"href":"https:\/\/www.tourdesuisse.ch\/it\/wp-json\/wp\/v2\/media?parent=70342"}],"curies":[{"name":"wp","href":"https:\/\/api.w.org\/{rel}","templated":true}]}}