{"id":70585,"date":"2025-02-12T13:29:33","date_gmt":"2025-02-12T12:29:33","guid":{"rendered":"https:\/\/www.tourdesuisse.ch\/?page_id=70585"},"modified":"2026-02-13T14:43:49","modified_gmt":"2026-02-13T13:43:49","slug":"checkpoints","status":"publish","type":"page","link":"https:\/\/www.tourdesuisse.ch\/it\/explorer\/checkpoints\/","title":{"rendered":"Checkpoints"},"content":{"rendered":"\n<div class=\"background style-default\">\n<link data-name=\"until-s\" rel=\"preload\" as=\"style\" href=\"https:\/\/www.tourdesuisse.ch\/wp-content\/uploads\/ST_3x2_Gstaad-e-Bike-Group_87464-1-540x960.jpg\" media=\"(max-width: 539px) and (max-height: 303.75px) and (max-resolution: 1.999dppx)\">\n<link data-name=\"until-s@2x\" rel=\"preload\" as=\"style\" href=\"https:\/\/www.tourdesuisse.ch\/wp-content\/uploads\/ST_3x2_Gstaad-e-Bike-Group_87464-1-1080x1920.jpg\" media=\"(max-width: 539px) and (max-height: 303.75px) and (min-resolution: 2dppx)\">\n<link data-name=\"until-sm\" rel=\"preload\" as=\"style\" href=\"https:\/\/www.tourdesuisse.ch\/wp-content\/uploads\/ST_3x2_Gstaad-e-Bike-Group_87464-1-768x1365.jpg\" media=\"(max-width: 767px) and (max-height: 432px) and (max-resolution: 1.999dppx)\">\n<link data-name=\"until-sm@2x\" rel=\"preload\" as=\"style\" href=\"https:\/\/www.tourdesuisse.ch\/wp-content\/uploads\/ST_3x2_Gstaad-e-Bike-Group_87464-1-1536x2730.jpg\" media=\"(max-width: 767px) and (max-height: 432px) and (min-resolution: 2dppx)\">\n<link data-name=\"until-md\" rel=\"preload\" as=\"style\" href=\"https:\/\/www.tourdesuisse.ch\/wp-content\/uploads\/ST_3x2_Gstaad-e-Bike-Group_87464-1-992x558.jpg\" media=\"(max-width: 991px) and (max-height: 558px) and (max-resolution: 1.999dppx)\">\n<link data-name=\"until-md@2x\" rel=\"preload\" as=\"style\" href=\"https:\/\/www.tourdesuisse.ch\/wp-content\/uploads\/ST_3x2_Gstaad-e-Bike-Group_87464-1-1984x1116.jpg\" media=\"(max-width: 991px) and (max-height: 558px) and (min-resolution: 2dppx)\">\n<link data-name=\"until-lg\" rel=\"preload\" as=\"style\" href=\"https:\/\/www.tourdesuisse.ch\/wp-content\/uploads\/ST_3x2_Gstaad-e-Bike-Group_87464-1-1200x675.jpg\" media=\"(max-width: 1199px) and (max-height: 675px) and (max-resolution: 1.999dppx)\">\n<link data-name=\"until-lg@2x\" rel=\"preload\" as=\"style\" href=\"https:\/\/www.tourdesuisse.ch\/wp-content\/uploads\/ST_3x2_Gstaad-e-Bike-Group_87464-1-2400x1350.jpg\" media=\"(max-width: 1199px) and (max-height: 675px) and (min-resolution: 2dppx)\">\n<link data-name=\"until-xl\" rel=\"preload\" as=\"style\" href=\"https:\/\/www.tourdesuisse.ch\/wp-content\/uploads\/ST_3x2_Gstaad-e-Bike-Group_87464-1-1425x802.jpg\" media=\"(max-width: 1424px) and (max-height: 801.5625px) and (max-resolution: 1.999dppx)\">\n<link data-name=\"until-xl@2x\" rel=\"preload\" as=\"style\" href=\"https:\/\/www.tourdesuisse.ch\/wp-content\/uploads\/ST_3x2_Gstaad-e-Bike-Group_87464-1-2850x1604.jpg\" media=\"(max-width: 1424px) and (max-height: 801.5625px) and (min-resolution: 2dppx)\">\n<link data-name=\"full\" rel=\"preload\" as=\"style\" href=\"https:\/\/www.tourdesuisse.ch\/wp-content\/uploads\/ST_3x2_Gstaad-e-Bike-Group_87464-1.jpg\" media=\"(min-width: 1425px)\">\n<div class=\"hero-section hero-is-image hero-align-end hero-size-narrow\" style=\"--hero-image-full: url('https:\/\/www.tourdesuisse.ch\/wp-content\/uploads\/ST_3x2_Gstaad-e-Bike-Group_87464-1.jpg'); --hero-image-aspect-ratio: 1.4997070884593; --hero-image-until-s: url('https:\/\/www.tourdesuisse.ch\/wp-content\/uploads\/ST_3x2_Gstaad-e-Bike-Group_87464-1-540x960.jpg'); --hero-image-until-s-2x: url('https:\/\/www.tourdesuisse.ch\/wp-content\/uploads\/ST_3x2_Gstaad-e-Bike-Group_87464-1-1080x1920.jpg'); --hero-image-until-sm: url('https:\/\/www.tourdesuisse.ch\/wp-content\/uploads\/ST_3x2_Gstaad-e-Bike-Group_87464-1-768x1365.jpg'); --hero-image-until-sm-2x: url('https:\/\/www.tourdesuisse.ch\/wp-content\/uploads\/ST_3x2_Gstaad-e-Bike-Group_87464-1-1536x2730.jpg'); --hero-image-until-md: url('https:\/\/www.tourdesuisse.ch\/wp-content\/uploads\/ST_3x2_Gstaad-e-Bike-Group_87464-1-992x558.jpg'); --hero-image-until-md-2x: url('https:\/\/www.tourdesuisse.ch\/wp-content\/uploads\/ST_3x2_Gstaad-e-Bike-Group_87464-1-1984x1116.jpg'); --hero-image-until-lg: url('https:\/\/www.tourdesuisse.ch\/wp-content\/uploads\/ST_3x2_Gstaad-e-Bike-Group_87464-1-1200x675.jpg'); --hero-image-until-lg-2x: url('https:\/\/www.tourdesuisse.ch\/wp-content\/uploads\/ST_3x2_Gstaad-e-Bike-Group_87464-1-2400x1350.jpg'); --hero-image-until-xl: url('https:\/\/www.tourdesuisse.ch\/wp-content\/uploads\/ST_3x2_Gstaad-e-Bike-Group_87464-1-1425x802.jpg'); --hero-image-until-xl-2x: url('https:\/\/www.tourdesuisse.ch\/wp-content\/uploads\/ST_3x2_Gstaad-e-Bike-Group_87464-1-2850x1604.jpg'); --hero-image-position: 52.594123048669% 57.575757575758%\"\n>\n\t<div class=\"hero-media\">\n\t\t<div class=\"hero-media-overlay\"><\/div>\n\t\t<div class=\"hero-content-wrapper\">\n\t\t\t<div class=\"hero-content\">\n\t\t\t\t<h1>I checkpoint<\/h1>\n\n\t\t\t<\/div>\n\t\t<\/div>\n\t<\/div>\n<\/div>\n<div  id class=\"page-section style-default layout-default align-default\">\n\t<div class=\"section-grid grid-layout container\"><div  style=\"--grid-layout-index: 1\" class=\"section-item layout-default layout-margin-default\"><h2>Mappa<\/h2>\n<p>Le posizioni dei checkpoint sulla mappa servono come riferimento. Per una localit\u00e0 di tappa \u00e8 sufficiente entrare nel territorio comunale corrispondente affinch\u00e9 il checkpoint venga considerato completato. \u00c8 importante soltanto che il tuo fitness tracker registri la tua attivit\u00e0.<\/p>\n\n<!--START INTEGRATION-->\n<script src=\"https:\/\/trackmaxx.ch\/maps\/loadjs.ashx\"><\/script>\n<div id=\"map\" style=\"width:100%;height: 500px;max-height: 100%;margin-bottom: 20px;\"><\/div>\n<script>\n     var m = new map();\n     m.mapoid = \"86901fd0-dd39-4d66-aebd-9c29b0c617be\";\n     m.center = \"47.081478, 8.441351\";\n     m.legend = \"none\";\n     m.elevationprofile = \"none\";\n     m.zoom = -13;\n     m.init();\n<\/script>\n<!--ENDE INTEGRATION-->\n\n<div class=\"stages\">\n\n\t\t<div class=\"stage\">\n\t\t\t<div>\n\t\t\t\t<div class=\"stage-head\">\n\n\t\t\t\t<\/div>\n\n<div class=\"stage-title\">\n\n\t\tAarburg\n<\/div>\n\n\n\n\t\t\t\t<a href=\"https:\/\/www.tourdesuisse.ch\/it\/explorer\/stage\/s\/aarburg\/\" class=\"stage-link button style-text with-arrow\">Checkpoint ansehen<\/a>\n\t\t\t<\/div>\n\n<img loading=\"lazy\" decoding=\"async\" width=\"496\" height=\"272\" src=\"https:\/\/www.tourdesuisse.ch\/wp-content\/uploads\/Aarburg-3-Luftbild-Kirche-nah-496x272.jpg\" class=\"stage-image wp-post-image\" alt=\"\" srcset=\"https:\/\/www.tourdesuisse.ch\/wp-content\/uploads\/Aarburg-3-Luftbild-Kirche-nah-496x272.jpg 496w, https:\/\/www.tourdesuisse.ch\/wp-content\/uploads\/Aarburg-3-Luftbild-Kirche-nah-992x544.jpg 992w\" sizes=\"auto, (max-width: 496px) 100vw, 496px\" \/>\t\t<\/div>\n\n\t\t<div class=\"stage\">\n\t\t\t<div>\n\t\t\t\t<div class=\"stage-head\">\n\n\t\t\t\t<\/div>\n\n<div class=\"stage-title\">\n\n\t\tVillars-sur-Ollon\n<\/div>\n\n\n\n\t\t\t\t<a href=\"https:\/\/www.tourdesuisse.ch\/it\/explorer\/stage\/s\/villars-sur-ollon\/\" class=\"stage-link button style-text with-arrow\">Checkpoint ansehen<\/a>\n\t\t\t<\/div>\n\n<img loading=\"lazy\" decoding=\"async\" width=\"496\" height=\"272\" src=\"https:\/\/www.tourdesuisse.ch\/wp-content\/uploads\/ort-villars-sur-ollon-496x272.jpg\" class=\"stage-image wp-post-image\" alt=\"\" srcset=\"https:\/\/www.tourdesuisse.ch\/wp-content\/uploads\/ort-villars-sur-ollon-496x272.jpg 496w, https:\/\/www.tourdesuisse.ch\/wp-content\/uploads\/ort-villars-sur-ollon-992x544.jpg 992w\" sizes=\"auto, (max-width: 496px) 100vw, 496px\" \/>\t\t<\/div>\n\n\t\t<div class=\"stage\">\n\t\t\t<div>\n\t\t\t\t<div class=\"stage-head\">\n\n\t\t\t\t<\/div>\n\n<div class=\"stage-title\">\n\n\t\tSondrio\n<\/div>\n\n\n\n\t\t\t\t<a href=\"https:\/\/www.tourdesuisse.ch\/it\/explorer\/stage\/s\/sondrio\/\" class=\"stage-link button style-text with-arrow\">Checkpoint ansehen<\/a>\n\t\t\t<\/div>\n\n<img loading=\"lazy\" decoding=\"async\" width=\"496\" height=\"272\" src=\"https:\/\/www.tourdesuisse.ch\/wp-content\/uploads\/passerella-cassandre-1400x788-1-496x272.webp\" class=\"stage-image wp-post-image\" alt=\"\" srcset=\"https:\/\/www.tourdesuisse.ch\/wp-content\/uploads\/passerella-cassandre-1400x788-1-496x272.webp 496w, https:\/\/www.tourdesuisse.ch\/wp-content\/uploads\/passerella-cassandre-1400x788-1-992x544.webp 992w\" sizes=\"auto, (max-width: 496px) 100vw, 496px\" \/>\t\t<\/div>\n\n\t\t<div class=\"stage\">\n\t\t\t<div>\n\t\t\t\t<div class=\"stage-head\">\n\n\t\t\t\t<\/div>\n\n<div class=\"stage-title\">\n\n\t\tLocarno\n<\/div>\n\n\n\n\t\t\t\t<a href=\"https:\/\/www.tourdesuisse.ch\/it\/explorer\/stage\/s\/locarno\/\" class=\"stage-link button style-text with-arrow\">Checkpoint ansehen<\/a>\n\t\t\t<\/div>\n\n<img loading=\"lazy\" decoding=\"async\" width=\"496\" height=\"272\" src=\"https:\/\/www.tourdesuisse.ch\/wp-content\/uploads\/9e10866-Piazza-Grande-Locarno-2-\u00a9-Ascona-Locarno-Tourism-foto-Alessio-Pizzicannella-scaled-1-496x272.jpg\" class=\"stage-image wp-post-image\" alt=\"\" srcset=\"https:\/\/www.tourdesuisse.ch\/wp-content\/uploads\/9e10866-Piazza-Grande-Locarno-2-\u00a9-Ascona-Locarno-Tourism-foto-Alessio-Pizzicannella-scaled-1-496x272.jpg 496w, https:\/\/www.tourdesuisse.ch\/wp-content\/uploads\/9e10866-Piazza-Grande-Locarno-2-\u00a9-Ascona-Locarno-Tourism-foto-Alessio-Pizzicannella-scaled-1-992x544.jpg 992w\" sizes=\"auto, (max-width: 496px) 100vw, 496px\" \/>\t\t<\/div>\n\n\t\t<div class=\"stage\">\n\t\t\t<div>\n\t\t\t\t<div class=\"stage-head\">\n\n\t\t\t\t<\/div>\n\n<div class=\"stage-title\">\n\n\t\tBad-Ragaz\n<\/div>\n\n\n\n\t\t\t\t<a href=\"https:\/\/www.tourdesuisse.ch\/it\/explorer\/stage\/s\/bad-ragaz\/\" class=\"stage-link button style-text with-arrow\">Checkpoint ansehen<\/a>\n\t\t\t<\/div>\n\n<img loading=\"lazy\" decoding=\"async\" width=\"496\" height=\"272\" src=\"https:\/\/www.tourdesuisse.ch\/wp-content\/uploads\/Golfclub-Bad-Ragaz_2-5n31rzg8sxdx37k-496x272.jpg\" class=\"stage-image wp-post-image\" alt=\"\" srcset=\"https:\/\/www.tourdesuisse.ch\/wp-content\/uploads\/Golfclub-Bad-Ragaz_2-5n31rzg8sxdx37k-496x272.jpg 496w, https:\/\/www.tourdesuisse.ch\/wp-content\/uploads\/Golfclub-Bad-Ragaz_2-5n31rzg8sxdx37k-992x544.jpg 992w\" sizes=\"auto, (max-width: 496px) 100vw, 496px\" \/>\t\t<\/div>\n\n\t\t<div class=\"stage\">\n\t\t\t<div>\n\t\t\t\t<div class=\"stage-head\">\n\n\t\t\t\t<\/div>\n\n<div class=\"stage-title\">\n\n\t\tBonus-Checkpoint Live-Event\n<\/div>\n\n\n\n\t\t\t\t<a href=\"https:\/\/www.tourdesuisse.ch\/it\/explorer\/stage\/s\/bonus-checkpoint-live-event\/\" class=\"stage-link button style-text with-arrow\">Checkpoint ansehen<\/a>\n\t\t\t<\/div>\n\n<img loading=\"lazy\" decoding=\"async\" width=\"496\" height=\"272\" src=\"https:\/\/www.tourdesuisse.ch\/wp-content\/uploads\/Buchli_Fotografie_Tour-de-Suisse-Women-2025-4.-Etappe-Kuessnacht-Kuessnacht_64948-1-496x272.jpg\" class=\"stage-image wp-post-image\" alt=\"\" srcset=\"https:\/\/www.tourdesuisse.ch\/wp-content\/uploads\/Buchli_Fotografie_Tour-de-Suisse-Women-2025-4.-Etappe-Kuessnacht-Kuessnacht_64948-1-496x272.jpg 496w, https:\/\/www.tourdesuisse.ch\/wp-content\/uploads\/Buchli_Fotografie_Tour-de-Suisse-Women-2025-4.-Etappe-Kuessnacht-Kuessnacht_64948-1-992x544.jpg 992w\" sizes=\"auto, (max-width: 496px) 100vw, 496px\" \/>\t\t<\/div>\n\n\t\t<div class=\"stage\">\n\t\t\t<div>\n\t\t\t\t<div class=\"stage-head\">\n\n\t\t\t\t<\/div>\n\n<div class=\"stage-title\">\n\n\t\tBonus-Checkpoint Chur\n<\/div>\n\n\n\n\t\t\t\t<a href=\"https:\/\/www.tourdesuisse.ch\/it\/explorer\/stage\/s\/bonus-checkpoint-chur-3\/\" class=\"stage-link button style-text with-arrow\">Checkpoint ansehen<\/a>\n\t\t\t<\/div>\n\n<img loading=\"lazy\" decoding=\"async\" width=\"496\" height=\"272\" src=\"https:\/\/www.tourdesuisse.ch\/wp-content\/uploads\/CT-Altstadt-Shooting-August-2023-18-1-496x272.jpg\" class=\"stage-image wp-post-image\" alt=\"\" srcset=\"https:\/\/www.tourdesuisse.ch\/wp-content\/uploads\/CT-Altstadt-Shooting-August-2023-18-1-496x272.jpg 496w, https:\/\/www.tourdesuisse.ch\/wp-content\/uploads\/CT-Altstadt-Shooting-August-2023-18-1-992x544.jpg 992w\" sizes=\"auto, (max-width: 496px) 100vw, 496px\" \/>\t\t<\/div>\n\n\t\t<div class=\"stage\">\n\t\t\t<div>\n\t\t\t\t<div class=\"stage-head\">\n\n\t\t\t\t<\/div>\n\n<div class=\"stage-title\">\n\n\t\tBonus-Checkpoint Landquart Fashion Outlet\n<\/div>\n\n\n\n\t\t\t\t<a href=\"https:\/\/www.tourdesuisse.ch\/it\/explorer\/stage\/s\/bonus-checkpoint-landquart-fashion-outlet\/\" class=\"stage-link button style-text with-arrow\">Checkpoint ansehen<\/a>\n\t\t\t<\/div>\n\n<img loading=\"lazy\" decoding=\"async\" width=\"496\" height=\"272\" src=\"https:\/\/www.tourdesuisse.ch\/wp-content\/uploads\/LFO_BUSY-MALL_11_HR-496x272.png\" class=\"stage-image wp-post-image\" alt=\"\" srcset=\"https:\/\/www.tourdesuisse.ch\/wp-content\/uploads\/LFO_BUSY-MALL_11_HR-496x272.png 496w, https:\/\/www.tourdesuisse.ch\/wp-content\/uploads\/LFO_BUSY-MALL_11_HR-992x544.png 992w\" sizes=\"auto, (max-width: 496px) 100vw, 496px\" \/>\t\t<\/div>\n<\/div>\n<\/div><\/div>\n<\/div><\/div>","protected":false},"excerpt":{"rendered":"<p>I checkpoint Mappa Le posizioni dei checkpoint sulla mappa servono come riferimento. Per una localit\u00e0 di tappa \u00e8 sufficiente entrare nel territorio comunale corrispondente affinch\u00e9 il checkpoint venga considerato completato. \u00c8 importante soltanto che il tuo fitness tracker registri la tua attivit\u00e0. Aarburg Checkpoint ansehen Villars-sur-Ollon Checkpoint ansehen Sondrio Checkpoint ansehen Locarno Checkpoint ansehen Bad-Ragaz [&hellip;]<\/p>\n","protected":false},"author":8,"featured_media":0,"parent":70579,"menu_order":0,"comment_status":"closed","ping_status":"closed","template":"","meta":{"_acf_changed":false,"inline_featured_image":false,"footnotes":""},"class_list":["post-70585","page","type-page","status-publish","hentry"],"acf":[],"_links":{"self":[{"href":"https:\/\/www.tourdesuisse.ch\/it\/wp-json\/wp\/v2\/pages\/70585","targetHints":{"allow":["GET"]}}],"collection":[{"href":"https:\/\/www.tourdesuisse.ch\/it\/wp-json\/wp\/v2\/pages"}],"about":[{"href":"https:\/\/www.tourdesuisse.ch\/it\/wp-json\/wp\/v2\/types\/page"}],"author":[{"embeddable":true,"href":"https:\/\/www.tourdesuisse.ch\/it\/wp-json\/wp\/v2\/users\/8"}],"replies":[{"embeddable":true,"href":"https:\/\/www.tourdesuisse.ch\/it\/wp-json\/wp\/v2\/comments?post=70585"}],"version-history":[{"count":1,"href":"https:\/\/www.tourdesuisse.ch\/it\/wp-json\/wp\/v2\/pages\/70585\/revisions"}],"predecessor-version":[{"id":70586,"href":"https:\/\/www.tourdesuisse.ch\/it\/wp-json\/wp\/v2\/pages\/70585\/revisions\/70586"}],"up":[{"embeddable":true,"href":"https:\/\/www.tourdesuisse.ch\/it\/wp-json\/wp\/v2\/pages\/70579"}],"wp:attachment":[{"href":"https:\/\/www.tourdesuisse.ch\/it\/wp-json\/wp\/v2\/media?parent=70585"}],"curies":[{"name":"wp","href":"https:\/\/api.w.org\/{rel}","templated":true}]}}